{"id":163813,"date":"2026-02-13T22:38:10","date_gmt":"2026-02-13T22:38:10","guid":{"rendered":"https:\/\/freeseedsonline.com\/?p=163813"},"modified":"2026-02-13T22:38:10","modified_gmt":"2026-02-13T22:38:10","slug":"semi-di-cannabis-ak-47-confezione-da-25","status":"publish","type":"product","link":"https:\/\/freeseedsonline.com\/it\/prodotti\/semi-di-cannabis-ak-47-confezione-da-25\/","title":{"rendered":"Semi di cannabis AK 47 confezione da 25"},"content":{"rendered":"<h1>Semi di AK 47<\/h1>\n<p>sono una scelta eccellente sia per i coltivatori principianti che per gli esperti. Questi semi di cannabis facili da coltivare producono rese elevate di bellissime cime, perfette per ogni fumatore. Con un periodo di fioritura breve di sole 8 settimane, l&#8217;AK 47 \u00e8 una variet\u00e0 ideale per chi cerca risultati rapidi.<\/p>\n<p>Se stai cercando un fumo potente e saporito, allora l&#8217;AK 47 \u00e8 la scelta migliore. Questi semi producono cime incredibilmente potenti, con un contenuto di THC fino al 19%. Il fumo \u00e8 morbido e gustoso, con note di citronella e agrumi. L&#8217;AK 47 soddisfer\u00e0 sicuramente ogni fumatore alla ricerca di un ottimo sballo.<\/p>\n<h6><span style=\"font-size: 160%;\">Quali sono le caratteristiche della marijuana AK 47?<\/span><\/h6>\n<p>L&#8217;AK 47 \u00e8 un ibrido a dominanza indica creato incrociando variet\u00e0 colombiane, messicane, tailandesi e afghane. Questa miscela unica di genetica conferisce all&#8217;AK 47 il suo aspetto e sapore distintivi.<\/p>\n<p>Le cime dell&#8217;AK 47 sono grandi e dense, di un colore verde intenso. Sono ricoperte di peli arancioni e risultano incredibilmente appiccicose al tatto. Il fumo \u00e8 morbido e saporito, con un effetto potente che \u00e8 perfetto per ogni fumatore.<\/p>\n<h6><span style=\"font-size: 140%;\">Quali sono gli effetti della cannabis AK 47?<\/span><\/h6>\n<p>L&#8217;AK 47 \u00e8 una variet\u00e0 molto potente, con un contenuto di THC fino al 19%. L&#8217;effetto \u00e8 cerebrale e introspettivo, perfetto per ogni fumatore che desidera rilassarsi e riflettere sulla giornata. L&#8217;AK 47 \u00e8 anche nota per i suoi effetti &#8220;couch-locking&#8221;, rendendola un&#8217;ottima scelta per chi vuole rilassarsi e distendersi.<\/p>\n<p>L&#8217;AK 47 \u00e8 perfetta per qualsiasi momento della giornata o della notte. Che tu stia cercando una spinta al mattino o una serata di relax, questa variet\u00e0 \u00e8 sicuramente consigliata.<\/p>\n<h6><span style=\"font-size: 150%;\">Perch\u00e9 acquistare semi di cannabis AK 47?<\/span><\/h6>\n<p>L&#8217;AK 47 \u00e8 una variet\u00e0 fantastica per chiunque cerchi rese elevate e cime potenti. Questi semi facili da coltivare producono piante splendide, perfette per ogni fumatore. Con un periodo di fioritura breve di sole 8 settimane, l&#8217;AK 47 \u00e8 una variet\u00e0 ideale per chi cerca risultati rapidi. Ordina i tuoi semi da noi e ricevi il 4\u00b0 GRATIS!<\/p>\n<h3>I principali vantaggi dei nostri semi di marijuana AK 47 femminizzati<\/h3>\n<p>Come gi\u00e0 indicato, questi semi di marijuana AK 47 hanno un altissimo contenuto di Indica e THC. Per i fumatori che preferiscono uno sballo di grande impatto, questa \u00e8 una buona notizia. L&#8217;effetto potente dovuto all&#8217;elevata percentuale di THC non \u00e8 l&#8217;unico motivo per cui questi semi di marijuana AK 47 sono adatti alla coltivazione casalinga. I semi di cannabis AK fioriscono naturalmente in modo rapido e questi semi AK 47 non fanno eccezione. Inoltre, i semi non sono particolarmente esigenti in termini di ambiente. Questi <a href=\"https:\/\/freeseedsonline.com\/it\/prodotti\/semi-di-cannabis-ak-47-autoflower\" target=\"_blank\" rel=\"noopener noreferrer\">AK 47<\/a> semi di marijuana sono, per i motivi citati, molto adatti anche ai coltivatori meno esperti. Le piante possono crescere su qualsiasi substrato, che si tratti di terra, idroponica o cocco, e la temperatura non ha un grande impatto sulla qualit\u00e0 della pianta. Assicurati per\u00f2 di dare a ogni pianta abbastanza spazio per crescere. Infine, le piante derivate da questi semi sono resistenti alle muffe. In breve, semi di marijuana di alta qualit\u00e0 con un altissimo tasso di successo per un buon raccolto.<\/p>\n<h5><span style=\"font-size: 130%;\">Il sapore e gli effetti dei nostri semi di marijuana AK 47<\/span><\/h5>\n<p>I nostri semi di cannabis AK 47 presentano un genotipo molto variegato e derivano il loro DNA dai semi di marijuana Colombian Gold, Highland Thai, Mexican, Afghania #1 e NL Special. Questo ha ovviamente un grande impatto sul sapore e sull&#8217;esperienza di fumo del prodotto finale. Fumando la pianta che germoglia da questi semi di marijuana, si sprigiona un forte aroma che pu\u00f2 essere paragonato al profumo di incenso. Inalando questo aroma, si percepisce anche una leggera nota di legno. Si tratta di una miscela morbida e speziata, tipica di questa pianta. Fumare questa pianta ha anche un effetto benefico sul corpo grazie a una rilassante bodystone. Allo stesso tempo, questa pianta offre uno sballo relativamente potente, garantendo comunque una piacevole scarica di energia.<\/p>\n<h6><span style=\"font-size: 150%;\">Valore medicinale dell&#8217;AK 47 autofiorente?<\/span><\/h6>\n<p>Le propriet\u00e0 dei semi di marijuana AK 47 rendono il fumo della pianta un&#8217;ottima soluzione omeopatica per disturbi come dolori muscolari e articolari, PMS, depressione, sclerosi multipla, disturbi nervosi e insonnia.<\/p>\n","protected":false},"excerpt":{"rendered":"<p><span style=\"color: #50b848;\"><strong>Quantit\u00e0:<\/strong><\/span> 25 semi<span style=\"color: #ed1c24;\">(senza semi gratuiti inclusi)<\/span><\/p>\n<p><strong><span style=\"color: #00a859;\">Genere:<\/span><\/strong> Femminizzati<\/p>\n<p><span style=\"color: #00a859;\"><strong>THC:<\/strong><\/span> <strong>19%<\/strong><\/p>\n<p><span style=\"color: #00a859;\"><strong>Tipo:<\/strong><\/span> 30% <strong>Sativa<\/strong> 70% <strong>Indica<\/strong><\/p>\n<p><span style=\"color: #00a859;\"><strong>Incrocio:<\/strong><\/span> Colombiana x Messicana x Tailandese x Afghana<\/p>\n<p><span style=\"color: #00a859;\"><strong>Altezza media indoor:<\/strong><\/span> 40cm a 80cm<\/p>\n<p><span style=\"color: #00a859;\"><strong>Altezza media outdoor:<\/strong> <\/span> 80cm a 120cm<\/p>\n<p><span style=\"color: #00a859;\"><strong>Resa media indoor fino a:<\/strong><\/span> 500 grammi\/m2<\/p>\n<p><strong><span style=\"color: #00a859;\">Resa media outdoor:<\/span><\/strong> 300 grammi per pianta<\/p>\n<p><span style=\"color: #00a859;\"><strong>Periodo di fioritura indoor:<\/strong><\/span> 7-8 settimane<\/p>\n<p><span style=\"color: #50b848;\"><strong>Periodo di fioritura outdoor:<\/strong><\/span> settembre\/ottobre<\/p>\n<p>&nbsp;<\/p>\n","protected":false},"featured_media":192324,"comment_status":"closed","ping_status":"closed","template":"","meta":[],"product_brand":[],"product_cat":[980,842,847,828,869,893,900,887,880,875,823,817,852,918],"product_tag":[],"class_list":{"0":"post-163813","1":"product","2":"type-product","3":"status-publish","4":"has-post-thumbnail","6":"product_cat-acquista-semi-di-cannabis-in-grandi-quantita","7":"product_cat-alto-rendimento","8":"product_cat-alto-thc","9":"product_cat-semi-di-cannabis-economici","10":"product_cat-semi-di-cannabis-femminizzati","11":"product_cat-semi-di-cannabis-indica","12":"product_cat-semi-di-cannabis-medicinali","13":"product_cat-semi-di-cannabis-per-esterno","14":"product_cat-semi-di-cannabis-per-interni","15":"product_cat-semi-di-cannabis-per-principianti","16":"product_cat-semi-fso","17":"product_cat-tutti-i-tipi","18":"product_cat-varieta-per-principianti","19":"product_cat-varieta-piccole","21":"first","22":"instock","23":"taxable","24":"shipping-taxable","25":"purchasable","26":"product-type-simple"},"_links":{"self":[{"href":"https:\/\/freeseedsonline.com\/it\/wp-json\/wp\/v2\/product\/163813","targetHints":{"allow":["GET"]}}],"collection":[{"href":"https:\/\/freeseedsonline.com\/it\/wp-json\/wp\/v2\/product"}],"about":[{"href":"https:\/\/freeseedsonline.com\/it\/wp-json\/wp\/v2\/types\/product"}],"replies":[{"embeddable":true,"href":"https:\/\/freeseedsonline.com\/it\/wp-json\/wp\/v2\/comments?post=163813"}],"wp:featuredmedia":[{"embeddable":true,"href":"https:\/\/freeseedsonline.com\/it\/wp-json\/wp\/v2\/media\/192324"}],"wp:attachment":[{"href":"https:\/\/freeseedsonline.com\/it\/wp-json\/wp\/v2\/media?parent=163813"}],"wp:term":[{"taxonomy":"product_brand","embeddable":true,"href":"https:\/\/freeseedsonline.com\/it\/wp-json\/wp\/v2\/product_brand?post=163813"},{"taxonomy":"product_cat","embeddable":true,"href":"https:\/\/freeseedsonline.com\/it\/wp-json\/wp\/v2\/product_cat?post=163813"},{"taxonomy":"product_tag","embeddable":true,"href":"https:\/\/freeseedsonline.com\/it\/wp-json\/wp\/v2\/product_tag?post=163813"}],"curies":[{"name":"wp","href":"https:\/\/api.w.org\/{rel}","templated":true}]}}