{"id":163800,"date":"2026-02-13T22:35:59","date_gmt":"2026-02-13T22:35:59","guid":{"rendered":"https:\/\/freeseedsonline.com\/?p=163800"},"modified":"2026-02-13T22:35:59","modified_gmt":"2026-02-13T22:35:59","slug":"do-si-do-gold-autoflower-25-confezione","status":"publish","type":"product","link":"https:\/\/freeseedsonline.com\/it\/prodotti\/do-si-do-gold-autoflower-25-confezione\/","title":{"rendered":"Do si do gold autoflower 25 Confezione"},"content":{"rendered":"<h2>Do Si Dos Gold Autoflower<\/h2>\n<p><strong>Do Si Dos Gold Autoflower<\/strong> \u00e8 una variet\u00e0 eccezionale per coltivatori di tutti i livelli, dai principianti agli esperti. Si tratta di un ibrido a predominanza Indica che produce grandi raccolti con poco sforzo. Le cime sono dense e ricoperte di tricomi, conferendo alla pianta un aroma leggermente dolce e terroso. Questa variet\u00e0 \u00e8 particolarmente indicata per chi desidera rilassarsi dopo una lunga giornata o ha bisogno di alleviare stress e ansia.<\/p>\n<h2>Qual \u00e8 l&#8217;effetto di Do Si Dos Gold Autoflower?<\/h2>\n<p>Do Si Dos Gold Autoflower ha un forte effetto fisico con una sensazione di rilassamento che si diffonde nel corpo, rendendola ideale per chi soffre di dolore cronico o insonnia. Per chi desidera coltivare questa variet\u00e0, \u00e8 molto facile da gestire e richiede cure minime.<\/p>\n<h3>Coltivare Dosidos Automatic? Resiste bene a diverse condizioni climatiche<\/h3>\n<p>Reagisce bene a diversi ambienti di coltivazione, rendendola una scelta eccellente sia per la coltivazione indoor che outdoor. Do Si Dos Gold Autoflower \u00e8 una variet\u00e0 fantastica da gustare con gli amici o da soli, ed \u00e8 una delle variet\u00e0 pi\u00f9 popolari sul mercato attuale. Quindi, se stai cercando un&#8217;esperienza rilassante e piacevole, questa potrebbe essere la variet\u00e0 giusta per te!<\/p>\n<h4><strong>Quali sono le caratteristiche di Do Si Dos?<\/strong><\/h4>\n<p>Do Si Dos Gold Autoflower \u00e8 una variet\u00e0 ibrida a predominanza Indica con un forte effetto fisico. Ha cime dense ed \u00e8 ricoperta di tricomi, il che le conferisce un aroma dolce e terroso. Per quanto riguarda gli effetti, produce una sensazione di rilassamento che pu\u00f2 essere utilizzata per ridurre stress o ansia. Aiuta anche chi soffre di dolore cronico o insonnia a trovare sollievo. Inoltre, Do Si Dos Gold Autoflower \u00e8 ottima per scopi ricreativi, poich\u00e9 offre un&#8217;esperienza rilassante e piacevole. \u00c8 facile da coltivare, sia indoor che outdoor, rendendola una scelta ideale per coltivatori di tutti i livelli. In sintesi, Do Si Dos Gold Autoflower \u00e8 una variet\u00e0 eccellente per chi desidera rilassarsi e godersi un&#8217;esperienza piacevole.<\/p>\n","protected":false},"excerpt":{"rendered":"<p><span style=\"color: #50b848;\"><strong>Quantit\u00e0:<\/strong><\/span> 25 semi<span style=\"color: #ed1c24;\">(nessun seme gratuito incluso)<\/span><\/p>\n<p><strong><span style=\"color: #00a859;\">Genere:<\/span><\/strong> Femminile autofiorente<\/p>\n<p><span style=\"color: #00a859;\"><strong>THC:<\/strong><\/span> <strong>20%<\/strong><\/p>\n<p><span style=\"color: #50b848;\"><strong>CBD:<\/strong><\/span> Basso<\/p>\n<p><span style=\"color: #00a859;\"><strong>Tipo:<\/strong><\/span> 35% <strong>Sativa<\/strong> 60% <strong>Indica<\/strong> 5% <strong>Ruderalis<\/strong><\/p>\n<p><span style=\"color: #00a859;\"><strong>Altezza media indoor:<\/strong><\/span> 0.80-120 cm<\/p>\n<p><span style=\"color: #00a859;\"><strong>Altezza media outdoor:<\/strong> <\/span> 1.00-140 cm<\/p>\n<p><span style=\"color: #00a859;\"><strong>Resa media indoor fino a:<\/strong><\/span> 350-400 grammi\/m2<\/p>\n<p><strong><span style=\"color: #00a859;\">Resa media outdoor:<\/span><\/strong> 100-150 grammi per pianta<\/p>\n<p><span style=\"color: #00a859;\"><strong>Periodo di fioritura indoor:<\/strong><\/span> 7-8 settimane<\/p>\n<p><span style=\"color: #50b848;\"><strong>Periodo di fioritura outdoor:<\/strong><\/span> 7-8 settimane<\/p>\n<p><span style=\"color: #00a859;\"><span style=\"font-weight: bold; color: #00a859;\">Sapore: <\/span><span style=\"color: #000000;\">Agrumi, Caramella<\/span><\/span><\/p>\n<p><span style=\"color: #50b848;\"><strong>Effetto:<\/strong><span style=\"color: #50b848;\"> <span style=\"color: #000000;\">Rilassante<\/span><\/span><\/span><\/p>\n","protected":false},"featured_media":193449,"comment_status":"closed","ping_status":"closed","template":"","meta":[],"product_brand":[],"product_cat":[980,842,847,974,944,864,905,970,976,869,941,893,887,880,875,910,823,817,852],"product_tag":[],"class_list":{"0":"post-163800","1":"product","2":"type-product","3":"status-publish","4":"has-post-thumbnail","6":"product_cat-acquista-semi-di-cannabis-in-grandi-quantita","7":"product_cat-alto-rendimento","8":"product_cat-alto-thc","9":"product_cat-goldline","10":"product_cat-nuove-varieta-di-semi-di-cannabis","11":"product_cat-raccolta-rapida","12":"product_cat-semi-autofiorenti","13":"product_cat-semi-di-cannabis-americani","14":"product_cat-semi-di-cannabis-autofiorenti-goldline-xxl","15":"product_cat-semi-di-cannabis-femminizzati","16":"product_cat-semi-di-cannabis-in-offerta","17":"product_cat-semi-di-cannabis-indica","18":"product_cat-semi-di-cannabis-per-esterno","19":"product_cat-semi-di-cannabis-per-interni","20":"product_cat-semi-di-cannabis-per-principianti","21":"product_cat-semi-di-cannabis-piu-venduti","22":"product_cat-semi-fso","23":"product_cat-tutti-i-tipi","24":"product_cat-varieta-per-principianti","26":"first","27":"instock","28":"taxable","29":"shipping-taxable","30":"purchasable","31":"product-type-simple"},"_links":{"self":[{"href":"https:\/\/freeseedsonline.com\/it\/wp-json\/wp\/v2\/product\/163800","targetHints":{"allow":["GET"]}}],"collection":[{"href":"https:\/\/freeseedsonline.com\/it\/wp-json\/wp\/v2\/product"}],"about":[{"href":"https:\/\/freeseedsonline.com\/it\/wp-json\/wp\/v2\/types\/product"}],"replies":[{"embeddable":true,"href":"https:\/\/freeseedsonline.com\/it\/wp-json\/wp\/v2\/comments?post=163800"}],"wp:featuredmedia":[{"embeddable":true,"href":"https:\/\/freeseedsonline.com\/it\/wp-json\/wp\/v2\/media\/193449"}],"wp:attachment":[{"href":"https:\/\/freeseedsonline.com\/it\/wp-json\/wp\/v2\/media?parent=163800"}],"wp:term":[{"taxonomy":"product_brand","embeddable":true,"href":"https:\/\/freeseedsonline.com\/it\/wp-json\/wp\/v2\/product_brand?post=163800"},{"taxonomy":"product_cat","embeddable":true,"href":"https:\/\/freeseedsonline.com\/it\/wp-json\/wp\/v2\/product_cat?post=163800"},{"taxonomy":"product_tag","embeddable":true,"href":"https:\/\/freeseedsonline.com\/it\/wp-json\/wp\/v2\/product_tag?post=163800"}],"curies":[{"name":"wp","href":"https:\/\/api.w.org\/{rel}","templated":true}]}}