{"id":163707,"date":"2026-02-13T22:18:02","date_gmt":"2026-02-13T22:18:02","guid":{"rendered":"https:\/\/freeseedsonline.com\/?p=163707"},"modified":"2026-02-13T22:18:02","modified_gmt":"2026-02-13T22:18:02","slug":"25-semi-di-bubble-kush-in-bulk-di-cannabis","status":"publish","type":"product","link":"https:\/\/freeseedsonline.com\/it\/prodotti\/25-semi-di-bubble-kush-in-bulk-di-cannabis\/","title":{"rendered":"25 Semi di Bubble Kush in Bulk di Cannabis"},"content":{"rendered":"<h2>Bubble Kush<\/h2>\n<p>Bubble Kush di Royal Queen Seeds \u00e8 disponibile in una confezione bulk da 25 semi. Questi semi sono ideali per i coltivatori che cercano la migliore variet\u00e0 di Bubble Kush al miglior prezzo. Bubble Kush \u00e8 una variet\u00e0 di cannabis ibrida fortemente influenzata da geni indica. Bubble Kush ha un sapore e un aroma unici di bubblegum, che rendono questa variet\u00e0 di cannabis molto popolare tra gli appassionati di marijuana. Bubble Kush offre un effetto calmante e rilassante, rendendola una variet\u00e0 perfetta per l&#8217;uso a fine giornata o la sera. I semi bulk di Bubble Kush sono disponibili a 130 euro. I semi Bubble Kush RQS sono anche disponibili in confezioni singole da 3 o 5 semi.<\/p>\n<h1>Semi bulk di Bubble Kush<\/h1>\n<p>Semi Bubble Kush RQS, semi di cannabis Bubble Kush. Bubble Kush di Royal Queen Seeds \u00e8 disponibile in una confezione bulk da 25 semi. Questi semi sono ideali per i coltivatori che cercano la migliore variet\u00e0 di Bubble Kush al miglior prezzo. Bubble Kush \u00e8 una variet\u00e0 di cannabis ibrida fortemente influenzata da geni indica. Bubble Kush ha un sapore e un aroma unici di bubblegum, che rendono questa variet\u00e0 di cannabis molto popolare tra gli appassionati di marijuana. <a href=\"https:\/\/freeseedsonline.com\/it\/prodotti\/semi-di-bubble-kush\">Bubble Kush<\/a> offre un effetto calmante e rilassante, rendendola una variet\u00e0 perfetta per l&#8217;uso a fine giornata o la sera.<\/p>\n","protected":false},"excerpt":{"rendered":"<p><strong><span style=\"color: #00a859;\">Genere:<\/span><\/strong> Femminizzati<\/p>\n<p><span style=\"color: #00a859;\"><strong>THC:<\/strong><\/span> <strong>19%<\/strong><\/p>\n<p><span style=\"color: #50b848;\"><strong>CBD:<\/strong><\/span> Basso<\/p>\n<p><span style=\"color: #00a859;\"><strong>Tipo:<\/strong><\/span> 20% <strong>Sativa<\/strong> 80% <strong>Indica<\/strong><\/p>\n<p><span class=\"feture-value\"><span style=\"color: #00a859;\"><strong>Incrocio: <\/strong><\/span>Bubble Gum x O.G. Kush<\/span><\/p>\n<p><span style=\"color: #00a859;\"><strong>Altezza media indoor:<\/strong><\/span> <span class=\"feture-value\">80 &#8211; 140 cm<\/span><\/p>\n<p><span style=\"color: #00a859;\"><strong>Altezza media outdoor: <\/strong><\/span><span class=\"feture-value\">160 &#8211; 200 cm<\/span><\/p>\n<p><span style=\"color: #00a859;\"><strong>Resa media indoor fino a:<\/strong><\/span> <span class=\"feture-value\">550 &#8211; 600 gr\/m2<\/span><\/p>\n<p><strong><span style=\"color: #00a859;\">Resa media outdoor: <\/span><\/strong><span class=\"feture-value\">600-650 gr\/pianta<\/span><\/p>\n<p><span style=\"color: #00a859;\"><strong>Periodo di fioritura indoor:<\/strong><\/span> 7-8 settimane<\/p>\n<p><span style=\"color: #50b848;\"><strong>Periodo di fioritura outdoor:<\/strong><\/span> <span class=\"feture-value\">settembre<\/span><\/p>\n<p><span style=\"color: #00a859;\"><span style=\"font-weight: bold; color: #00a859;\">Sapore: <\/span><\/span><span class=\"feture-value\">Terroso, Dolce, Legnoso<\/span><\/p>\n<p><span style=\"color: #50b848;\"><strong>Effetto:<\/strong><\/span> <span class=\"feture-value\">Stoned, fisico e mentale<\/span><\/p>\n<p>&nbsp;<\/p>\n<h3>Attenzione: questo \u00e8 un pacchetto da 25 semi di cannabis (non riceverai semi di cannabis gratuiti)<\/h3>\n","protected":false},"featured_media":193014,"comment_status":"closed","ping_status":"closed","template":"","meta":[],"product_brand":[],"product_cat":[980,842,847,923,864,966,869,928,887,880,875,910,817,852],"product_tag":[],"class_list":{"0":"post-163707","1":"product","2":"type-product","3":"status-publish","4":"has-post-thumbnail","6":"product_cat-acquista-semi-di-cannabis-in-grandi-quantita","7":"product_cat-alto-rendimento","8":"product_cat-alto-thc","9":"product_cat-coltivazione-scrog","10":"product_cat-raccolta-rapida","11":"product_cat-royal-queen-seeds","12":"product_cat-semi-di-cannabis-femminizzati","13":"product_cat-semi-di-cannabis-kush","14":"product_cat-semi-di-cannabis-per-esterno","15":"product_cat-semi-di-cannabis-per-interni","16":"product_cat-semi-di-cannabis-per-principianti","17":"product_cat-semi-di-cannabis-piu-venduti","18":"product_cat-tutti-i-tipi","19":"product_cat-varieta-per-principianti","21":"first","22":"instock","23":"taxable","24":"shipping-taxable","25":"purchasable","26":"product-type-simple"},"_links":{"self":[{"href":"https:\/\/freeseedsonline.com\/it\/wp-json\/wp\/v2\/product\/163707","targetHints":{"allow":["GET"]}}],"collection":[{"href":"https:\/\/freeseedsonline.com\/it\/wp-json\/wp\/v2\/product"}],"about":[{"href":"https:\/\/freeseedsonline.com\/it\/wp-json\/wp\/v2\/types\/product"}],"replies":[{"embeddable":true,"href":"https:\/\/freeseedsonline.com\/it\/wp-json\/wp\/v2\/comments?post=163707"}],"wp:featuredmedia":[{"embeddable":true,"href":"https:\/\/freeseedsonline.com\/it\/wp-json\/wp\/v2\/media\/193014"}],"wp:attachment":[{"href":"https:\/\/freeseedsonline.com\/it\/wp-json\/wp\/v2\/media?parent=163707"}],"wp:term":[{"taxonomy":"product_brand","embeddable":true,"href":"https:\/\/freeseedsonline.com\/it\/wp-json\/wp\/v2\/product_brand?post=163707"},{"taxonomy":"product_cat","embeddable":true,"href":"https:\/\/freeseedsonline.com\/it\/wp-json\/wp\/v2\/product_cat?post=163707"},{"taxonomy":"product_tag","embeddable":true,"href":"https:\/\/freeseedsonline.com\/it\/wp-json\/wp\/v2\/product_tag?post=163707"}],"curies":[{"name":"wp","href":"https:\/\/api.w.org\/{rel}","templated":true}]}}