{"id":163702,"date":"2026-02-13T22:17:18","date_gmt":"2026-02-13T22:17:18","guid":{"rendered":"https:\/\/freeseedsonline.com\/?p=163702"},"modified":"2026-02-13T22:17:18","modified_gmt":"2026-02-13T22:17:18","slug":"25-semi-di-gorilla-gold-autoflower-in-bulk","status":"publish","type":"product","link":"https:\/\/freeseedsonline.com\/it\/prodotti\/25-semi-di-gorilla-gold-autoflower-in-bulk\/","title":{"rendered":"25 Semi di Gorilla Gold Autoflower in Bulk"},"content":{"rendered":"<h2><span style=\"font-weight: 400;\">Gorilla Gold autoflower<\/span><\/h2>\n<p><span style=\"font-weight: 400;\">Questo seme Autoflower proviene direttamente dalla giungla con un\u2019esperienza di THC che ti far\u00e0 tremare. Incrociando due pesi massimi della giungla della cannabis, ovvero Gorilla Gold e Cookies Gold con genetica Ruderalis, \u00e8 nato il Gorilla Gold autoflower. Questa \u00e8 una nuova generazione di semi ibridi Autoflower che pu\u00f2 battere la concorrenza su quasi tutti i fronti. Se sei scettico sui risultati di un seme Autoflower, non hai ancora conosciuto il Gorilla Gold autoflower.<\/span><\/p>\n<p>&nbsp;<\/p>\n<h2><span style=\"font-weight: 400;\">Coltivazione e raccolta<\/span><\/h2>\n<p><span style=\"font-weight: 400;\">Quando coltivi i semi di Gorilla Gold autoflower al chiuso, puoi aspettarti un\u2019altezza compresa tra 60 e 120 centimetri. Si tratta di piante robuste che produrranno cime di alta qualit\u00e0. Queste cime sono allungate, con rami laterali solidi che si sviluppano in condizioni ottimali. Puoi ottenere un raccolto fino a circa 400 grammi per metro quadrato. Fortunatamente, il Gorilla Gold autoflower \u00e8 una pianta facile da mantenere, che non richiede molto tempo, ed \u00e8 anche un candidato ideale per il metodo SOG (Sea Of Green). Puoi passare dal seme germogliato al raccolto in non pi\u00f9 di 8-10 settimane, momento in cui potrai raccogliere cime ricche di cristalli e compatte con un aroma di Kush e Diesel. Se coltivi il Gorilla Gold autoflower all\u2019aperto, le piante possono raggiungere un\u2019altezza di 140 centimetri con un raccolto abbondante tra 120 e 170 grammi per pianta. Poich\u00e9 questi semi Autoflower non dipendono dalla luce solare, puoi ottenere pi\u00f9 raccolti per stagione, dalla primavera all\u2019autunno. Assicurati di utilizzare contenitori spaziosi, abbastanza sole, terreno ben drenante e il giusto equilibrio di nutrienti, cos\u00ec cresceranno magnificamente all\u2019aperto.<\/span><\/p>\n<p>&nbsp;<\/p>\n<h2><span style=\"font-weight: 400;\">Effetto<\/span><\/h2>\n<p><span style=\"font-weight: 400;\">Il Gorilla Gold autoflower ha un effetto psicoattivo enorme, con valori di THC fino al 20% e un contenuto minimo di CBD. La miscela genetica di Sativa, Indica e Ruderalis offre un effetto fisico e un\u2019esperienza cerebrale. Questo gorilla somiglia pi\u00f9 a King Kong, con un inizio euforico e un ronzio cerebrale che si trasforma in un \u201ccouch lock\u201d di cui godrai intensamente. Questa cannabis \u00e8 piena di sapore, con note di Diesel, e pu\u00f2 competere facilmente con i semi regolari. Se vuoi scoprire la potenza dei semi Autoflower, devi assolutamente provare il Gorilla Gold autoflower.<\/span><\/p>\n","protected":false},"excerpt":{"rendered":"<ul id=\"idTab2\" class=\"bullet product-features-list\">\n<li class=\"feature-wrapper\"><strong><span class=\"feature-name\">THC:<\/span><\/strong>\u00a0<span class=\"feture-value\">20<\/span><\/li>\n<li class=\"feature-wrapper\"><strong><span class=\"feature-name\">Resa Indoor:<\/span><\/strong>\u00a0<span class=\"feture-value\">325 &#8211; 400 gr\/m2<\/span><\/li>\n<li class=\"feature-wrapper\"><strong><span class=\"feature-name\">Resa Outdoor:<\/span><\/strong>\u00a0<span class=\"feture-value\">120-170 grammi per pianta essiccata<\/span><\/li>\n<li class=\"feature-wrapper\"><strong><span class=\"feature-name\">Altezza Indoor:<\/span><\/strong>\u00a0<span class=\"feture-value\">60-120cm<\/span><\/li>\n<li class=\"feature-wrapper\"><strong><span class=\"feature-name\">Altezza Outdoor:<\/span><\/strong>\u00a0<span class=\"feture-value\">60-140cm<\/span><\/li>\n<li class=\"feature-wrapper\"><strong><span class=\"feature-name\">Fioritura:<\/span><\/strong>\u00a0<span class=\"feture-value\">5-7 settimane<\/span><\/li>\n<li class=\"feature-wrapper\"><strong><span class=\"feature-name\">Mese di Raccolta:<\/span><\/strong>\u00a0<span class=\"feture-value\">11-12 settimane dopo la germinazione<\/span><\/li>\n<li class=\"feature-wrapper\"><strong><span class=\"feature-name\">Incrocio:<\/span>\u00a0<\/strong><span class=\"feture-value\">Gorilla gold x Cookies gold x Ruderalis<\/span><\/li>\n<li class=\"feature-wrapper\"><span class=\"feture-value\"><strong>Tipo:<\/strong> Sativa 30% Indica 50% Ruderalis 20%<\/span><\/li>\n<\/ul>\n<h3>Attenzione: questo \u00e8 un pacchetto da 25 semi di cannabis (non riceverai semi di cannabis gratuiti)<\/h3>\n","protected":false},"featured_media":193154,"comment_status":"closed","ping_status":"closed","template":"","meta":[],"product_brand":[],"product_cat":[980,842,847,974,944,970,869,875,817,852],"product_tag":[],"class_list":{"0":"post-163702","1":"product","2":"type-product","3":"status-publish","4":"has-post-thumbnail","6":"product_cat-acquista-semi-di-cannabis-in-grandi-quantita","7":"product_cat-alto-rendimento","8":"product_cat-alto-thc","9":"product_cat-goldline","10":"product_cat-nuove-varieta-di-semi-di-cannabis","11":"product_cat-semi-di-cannabis-americani","12":"product_cat-semi-di-cannabis-femminizzati","13":"product_cat-semi-di-cannabis-per-principianti","14":"product_cat-tutti-i-tipi","15":"product_cat-varieta-per-principianti","17":"first","18":"instock","19":"taxable","20":"shipping-taxable","21":"purchasable","22":"product-type-simple"},"_links":{"self":[{"href":"https:\/\/freeseedsonline.com\/it\/wp-json\/wp\/v2\/product\/163702","targetHints":{"allow":["GET"]}}],"collection":[{"href":"https:\/\/freeseedsonline.com\/it\/wp-json\/wp\/v2\/product"}],"about":[{"href":"https:\/\/freeseedsonline.com\/it\/wp-json\/wp\/v2\/types\/product"}],"replies":[{"embeddable":true,"href":"https:\/\/freeseedsonline.com\/it\/wp-json\/wp\/v2\/comments?post=163702"}],"wp:featuredmedia":[{"embeddable":true,"href":"https:\/\/freeseedsonline.com\/it\/wp-json\/wp\/v2\/media\/193154"}],"wp:attachment":[{"href":"https:\/\/freeseedsonline.com\/it\/wp-json\/wp\/v2\/media?parent=163702"}],"wp:term":[{"taxonomy":"product_brand","embeddable":true,"href":"https:\/\/freeseedsonline.com\/it\/wp-json\/wp\/v2\/product_brand?post=163702"},{"taxonomy":"product_cat","embeddable":true,"href":"https:\/\/freeseedsonline.com\/it\/wp-json\/wp\/v2\/product_cat?post=163702"},{"taxonomy":"product_tag","embeddable":true,"href":"https:\/\/freeseedsonline.com\/it\/wp-json\/wp\/v2\/product_tag?post=163702"}],"curies":[{"name":"wp","href":"https:\/\/api.w.org\/{rel}","templated":true}]}}