{"id":163701,"date":"2026-02-13T22:16:56","date_gmt":"2026-02-13T22:16:56","guid":{"rendered":"https:\/\/freeseedsonline.com\/?p=163701"},"modified":"2026-02-13T22:16:56","modified_gmt":"2026-02-13T22:16:56","slug":"25-cookie-gold-autoflower-bulk-semi-di-cannabis","status":"publish","type":"product","link":"https:\/\/freeseedsonline.com\/it\/prodotti\/25-cookie-gold-autoflower-bulk-semi-di-cannabis\/","title":{"rendered":"25 Cookie Gold Autoflower Bulk semi di cannabis"},"content":{"rendered":"<h2><span style=\"font-weight: 400;\">Cookie Gold Automatic<\/span><\/h2>\n<p><span style=\"font-weight: 400;\">Attenzione a non scottarti le dita, questi biscotti sono appena usciti dal forno! Cookie Gold Autoflower \u00e8 un nuovo seme Autoflower di Freeseedsonline, nato dalla genetica Ruderalis combinata con la superstar mondiale Girl Scout Cookies. Ora \u00e8 pi\u00f9 facile che mai coltivare questo sapore ricco da soli, e ci vuole molta meno pazienza!<\/span><\/p>\n<p>&nbsp;<\/p>\n<h2><span style=\"font-weight: 400;\">Coltivazione e raccolta<\/span><\/h2>\n<p><span style=\"font-weight: 400;\">Vuoi essere \u201ccotto\u201d o preferisci \u201cinfornato\u201d? La Cookie Gold Autoflower \u00e8 un ibrido speciale, ottenuto incrociando Cookie Gold con la genetica Ruderalis. I semi Autoflower cresceranno pi\u00f9 alti di quanto ci si aspetterebbe normalmente da semi Autoflower, raggiungendo un\u2019altezza tra i 60 e i 120 centimetri in coltivazione indoor. Non si tratta di semplici biscottini da sgranocchiare, ma di roba seria! Per gli amanti della tecnica Screen of Green (SOG), i semi di Cookie Gold Autoflower saranno una vera gioia. Nelle condizioni giuste, la resa per metro quadrato pu\u00f2 arrivare fino a 500 grammi. Questo risultato si ottiene in un periodo di otto-dieci settimane dalla fase di seme. All\u2019esterno, \u00e8 una vera festa per i veri mostri dei biscotti. Quando i semi vengono coltivati in un clima caldo, vedrai crescere piante enormi anche durante un\u2019estate breve. Poich\u00e9 non dipendi pi\u00f9 dalla quantit\u00e0 di luce solare, puoi ottenere pi\u00f9 raccolti tra la primavera e l\u2019autunno. Le piante possono crescere fino a 140 centimetri all\u2019esterno, con una resa di 130-180 grammi per pianta. Anche se sei un principiante nella coltivazione, con i semi Royal Cookies Automatic puoi ottenere ottimi risultati. Questi potenti semi crescono e fioriscono rapidamente, con un contenuto di THC fino al 18% in non pi\u00f9 di otto settimane.<\/span><\/p>\n<p>&nbsp;<\/p>\n<h2><span style=\"font-weight: 400;\">Effetto<\/span><\/h2>\n<p><span style=\"font-weight: 400;\">Cookie Gold Autoflower \u00e8 uno spuntino post-cena di cui godrai intensamente. Produce cime dense ricoperte abbondantemente di resina. Percepirai un aroma di biscotti, mentre il sapore di menta che persiste \u00e8 stato tramandato dai genitori. Prepara gi\u00e0 un bel piatto di biscotti accanto al divano, perch\u00e9 gli effetti si manifesteranno rapidamente e dureranno a lungo. Il contenuto di THC \u00e8 del 18%, mentre il valore di CBD \u00e8 molto basso, rendendo la Cookie Gold Autoflower un\u2019esperienza intensa ma deliziosa.<\/span><\/p>\n","protected":false},"excerpt":{"rendered":"<ul id=\"idTab2\" class=\"bullet product-features-list\"><\/ul>\n<p><strong><span style=\"color: #00a859;\">Genere:<\/span><\/strong> Femminile autofiorente<\/p>\n<p><span style=\"color: #00a859;\"><strong>THC:<\/strong><\/span> <strong>18%<\/strong><\/p>\n<p><span style=\"color: #00a859;\"><strong>Tipo:<\/strong><\/span> <span class=\"feture-value\"><strong>Sativa<\/strong> 30% <strong>Indica<\/strong> 50% <strong>Ruderalis<\/strong> 20%<\/span><\/p>\n<p><span style=\"color: #00a859;\"><strong>Altezza media indoor:<\/strong><\/span> <span class=\"feture-value\">60-120cm<\/span><\/p>\n<p><span style=\"color: #00a859;\"><strong>Altezza media outdoor:<\/strong> <\/span> <span class=\"feture-value\">60-160cm<\/span><\/p>\n<p><span style=\"color: #00a859;\"><strong>Resa media indoor fino a:<\/strong><\/span> <span class=\"feture-value\">450 &#8211; 500 gr\/m2<\/span><\/p>\n<p><strong><span style=\"color: #00a859;\">Resa media outdoor:<\/span><\/strong> <span class=\"feture-value\">130 &#8211; 180 gr\/pianta<\/span><\/p>\n<p><span style=\"color: #00a859;\"><strong>Periodo di fioritura indoor:<\/strong><\/span> <span class=\"feture-value\">6-7 settimane<\/span><\/p>\n<p><span style=\"color: #50b848;\"><strong>Periodo di fioritura outdoor:<\/strong><\/span> <span class=\"feture-value\">6-7 settimane<\/span><\/p>\n<h3>Attenzione: questo \u00e8 un pacchetto da 25 semi di cannabis (non riceverai semi di cannabis gratuiti)<\/h3>\n","protected":false},"featured_media":193104,"comment_status":"closed","ping_status":"closed","template":"","meta":[],"product_brand":[],"product_cat":[980,974,944,970,941,887,875,817],"product_tag":[],"class_list":{"0":"post-163701","1":"product","2":"type-product","3":"status-publish","4":"has-post-thumbnail","6":"product_cat-acquista-semi-di-cannabis-in-grandi-quantita","7":"product_cat-goldline","8":"product_cat-nuove-varieta-di-semi-di-cannabis","9":"product_cat-semi-di-cannabis-americani","10":"product_cat-semi-di-cannabis-in-offerta","11":"product_cat-semi-di-cannabis-per-esterno","12":"product_cat-semi-di-cannabis-per-principianti","13":"product_cat-tutti-i-tipi","15":"first","16":"instock","17":"taxable","18":"shipping-taxable","19":"purchasable","20":"product-type-simple"},"_links":{"self":[{"href":"https:\/\/freeseedsonline.com\/it\/wp-json\/wp\/v2\/product\/163701","targetHints":{"allow":["GET"]}}],"collection":[{"href":"https:\/\/freeseedsonline.com\/it\/wp-json\/wp\/v2\/product"}],"about":[{"href":"https:\/\/freeseedsonline.com\/it\/wp-json\/wp\/v2\/types\/product"}],"replies":[{"embeddable":true,"href":"https:\/\/freeseedsonline.com\/it\/wp-json\/wp\/v2\/comments?post=163701"}],"wp:featuredmedia":[{"embeddable":true,"href":"https:\/\/freeseedsonline.com\/it\/wp-json\/wp\/v2\/media\/193104"}],"wp:attachment":[{"href":"https:\/\/freeseedsonline.com\/it\/wp-json\/wp\/v2\/media?parent=163701"}],"wp:term":[{"taxonomy":"product_brand","embeddable":true,"href":"https:\/\/freeseedsonline.com\/it\/wp-json\/wp\/v2\/product_brand?post=163701"},{"taxonomy":"product_cat","embeddable":true,"href":"https:\/\/freeseedsonline.com\/it\/wp-json\/wp\/v2\/product_cat?post=163701"},{"taxonomy":"product_tag","embeddable":true,"href":"https:\/\/freeseedsonline.com\/it\/wp-json\/wp\/v2\/product_tag?post=163701"}],"curies":[{"name":"wp","href":"https:\/\/api.w.org\/{rel}","templated":true}]}}