{"id":163672,"date":"2026-02-13T22:11:20","date_gmt":"2026-02-13T22:11:20","guid":{"rendered":"https:\/\/freeseedsonline.com\/?p=163672"},"modified":"2026-02-13T22:11:20","modified_gmt":"2026-02-13T22:11:20","slug":"semi-di-cannabis-fast-eddy-automatic-cbd","status":"publish","type":"product","link":"https:\/\/freeseedsonline.com\/it\/prodotti\/semi-di-cannabis-fast-eddy-automatic-cbd\/","title":{"rendered":"Semi di cannabis Fast Eddy Automatic CBD"},"content":{"rendered":"<h2>Fast Eddy Automatic CBD semi di cannabis<\/h2>\n<p>Stai cercando di <strong>acquistare semi di cannabis<\/strong> di alta qualit\u00e0, perfetti per principianti e scopi medicinali? I semi di cannabis Fast Eddy Automatic CBD di Royal Queen Seeds sono un\u2019ottima scelta, con un impressionante contenuto di CBD e un ciclo di coltivazione rapido e senza problemi. Questa variante autofiorente combina le migliori caratteristiche di Ruderalis, Cheese e Juanita la Lagrimosa, offrendoti un effetto lieve e funzionale e un raccolto in sole 8-9 settimane, ideale sia per la coltivazione indoor che outdoor.<\/p>\n<h3>Caratteristiche e specifiche<\/h3>\n<p>I semi di cannabis Fast Eddy Automatic CBD sono noti per la loro genetica affidabile e le propriet\u00e0 user-friendly, che li rendono popolari tra i coltivatori che desiderano <strong>ordinare semi di cannabis<\/strong> per scopi medicinali o ricreativi. Diamo un\u2019occhiata alle principali caratteristiche e specifiche di questa variet\u00e0, che la rendono un\u2019opzione versatile nel mondo dei <strong>semi di cannabis<\/strong>.<\/p>\n<ul>\n<li><strong>Genetica<\/strong>: Un incrocio tra Ruderalis, Cheese e Juanita la Lagrimosa, che risulta in una robusta pianta autofiorente con un alto contenuto di CBD e caratteristiche indica-dominanti per un\u2019esperienza rilassante.<\/li>\n<li><strong>Livelli di THC e CBD<\/strong>: Con un contenuto di THC di circa il 10-15% e un contenuto di CBD che pu\u00f2 raggiungere il 15-20%, questa variet\u00e0 offre un effetto equilibrato e non travolgente, perfetto per gli utenti medicinali.<\/li>\n<li><strong>Dimensioni<\/strong>: Indoor la pianta raggiunge un\u2019altezza di 60-100 cm, mentre outdoor cresce fino a 80-120 cm, rendendola adatta a ambienti di coltivazione discreti.<\/li>\n<li><strong>Tempo di fioritura e raccolta<\/strong>: Essendo una variet\u00e0 autofiorente, il ciclo completo dal seme alla raccolta \u00e8 di sole 8-9 settimane, rendendola una delle opzioni pi\u00f9 veloci per i coltivatori che desiderano risultati rapidi.<\/li>\n<li><strong>Resa<\/strong>: Indoor puoi aspettarti fino a 450 grammi per metro quadrato, mentre outdoor da 80 a 130 grammi per pianta, a seconda delle condizioni di coltivazione e delle cure.<\/li>\n<li><strong>Difficolt\u00e0<\/strong>: Adatta ai principianti, con bassi requisiti di manutenzione e un\u2019alta tolleranza agli errori, ideale per i primi progetti di coltivazione.<\/li>\n<\/ul>\n<p>Queste specifiche rendono i semi di cannabis Fast Eddy Automatic CBD una scelta affidabile per chi desidera <strong>ordinare semi di cannabis<\/strong> con un focus su qualit\u00e0 e facilit\u00e0. Per ulteriori consigli su come iniziare a coltivare, consulta il nostro articolo sul blog <a href=\"https:\/\/freeseedsonline.com\/it\/coltivare-cannabis-per-principianti\">coltivazione di cannabis per principianti<\/a>.<\/p>\n<h3>Informazioni dettagliate sulla coltivazione<\/h3>\n<p>I semi di cannabis Fast Eddy Automatic CBD sono progettati per una coltivazione semplice, con un focus su stabilit\u00e0 e rese elevate, rendendoli perfetti sia per la coltivazione indoor che outdoor. Essendo una variet\u00e0 autofiorente, non devi preoccuparti dei cicli di luce, il che semplifica la coltivazione per i principianti. La difficolt\u00e0 \u00e8 bassa, con una pianta che si adatta bene a condizioni variabili, ma per ottenere risultati ottimali consigliamo di iniziare con un terreno di qualit\u00e0 e un ambiente stabile.<\/p>\n<p>Per la coltivazione indoor, come in una tenda da coltivazione, questa variet\u00e0 prospera meglio a temperature tra 20-25\u00b0C e un\u2019umidit\u00e0 relativa del 40-60%. Usa un vaso ben drenante, come descritto nel nostro articolo su <a href=\"https:\/\/freeseedsonline.com\/it\/vasi-di-coltivazione\">acquistare vasi da coltivazione<\/a>, e assicurati una ventilazione adeguata per prevenire muffe, un problema comune di cui parliamo in <a href=\"https:\/\/freeseedsonline.com\/it\/muffe-sulle-piante-di-cannabis\">muffe sulla pianta di cannabis<\/a>. Per la coltivazione outdoor, Fast Eddy Automatic CBD \u00e8 ideale in climi temperati, dove beneficia del pieno sole. Piantala in un terreno fertile, preferibilmente in una posizione protetta, e considera tecniche di coltivazione guerrilla come spiegato in <a href=\"https:\/\/freeseedsonline.com\/it\/luoghi-popolari-per-una-coltivazione-guerilla\">luoghi popolari per una coltivazione guerrilla<\/a>.<\/p>\n<p>Consigli specifici per questo prodotto: Inizia con la germinazione dei semi seguendo il metodo descritto in <a href=\"https:\/\/freeseedsonline.com\/it\/germinazione-di-semi-di-cannabis\">germinazione dei semi di cannabis<\/a>, e utilizza tecniche di training come il fimming per ottimizzare la crescita, come discusso in <a href=\"https:\/\/freeseedsonline.com\/it\/fimming-pianta-di-cannabis\">fimming di una pianta di cannabis<\/a>. La pianta richiede poca manutenzione, ma fai attenzione al controllo biologico dei parassiti, come spiegato in <a href=\"https:\/\/freeseedsonline.com\/it\/combattere-naturalmente-muffa-e-parassiti\">controllo biologico di muffe e parassiti<\/a>. Con le giuste cure, puoi aspettarti un raccolto abbondante, anche se sei nuovo alla coltivazione.<\/p>\n<h3>Effetti, sapore e aroma<\/h3>\n<p>I semi di cannabis Fast Eddy Automatic CBD offrono un\u2019esperienza unica, con effetti principalmente orientati al rilassamento e alla funzionalit\u00e0, grazie all\u2019alto contenuto di CBD. L\u2019effetto \u00e8 chiaro e lieve, senza l\u2019euforia travolgente delle variet\u00e0 ad alto THC, rendendola popolare per l\u2019uso quotidiano o per applicazioni medicinali come il sollievo dal dolore e la riduzione dello stress. Gli utenti riportano un effetto calmante che rilassa il corpo senza causare sonnolenza, ideale per attivit\u00e0 come yoga o lavoro creativo.<\/p>\n<p>Per quanto riguarda sapore e aroma, questa variet\u00e0 ha un profilo ricco e terroso con note di formaggio derivanti dalla genetica Cheese, combinate con tonalit\u00e0 dolci e speziate di Juanita la Lagrimosa. L\u2019aroma \u00e8 sottile e fresco, con una leggera sfumatura skunk che emerge durante la fioritura. Per gli utenti medicinali, questa \u00e8 un\u2019ottima opzione; l\u2019alto contenuto di CBD aiuta con condizioni come ansia e infiammazioni, come ulteriormente spiegato in <a href=\"https:\/\/freeseedsonline.com\/it\/cannabis-cbd-e-thc\">cannabis CBD e THC<\/a>. Che tu stia cercando una variet\u00e0 per il rilassamento o per benefici terapeutici, Fast Eddy Automatic CBD offre un\u2019esperienza equilibrata e piacevole.<\/p>\n<h3>Confronto con variet\u00e0 simili<\/h3>\n<p>Mentre Fast Eddy Automatic CBD eccelle in velocit\u00e0 e valore medicinale, \u00e8 utile confrontarla con altre variet\u00e0 popolari per fare la scelta giusta quando vuoi <strong>acquistare semi di cannabis<\/strong>. Ad esempio, i <a href=\"https:\/\/freeseedsonline.com\/it\/prodotti\/semi-di-cannabis-royal-highness-cbd\">semi di cannabis Royal Highness CBD<\/a> offrono un contenuto di CBD altrettanto elevato, ma con un tempo di fioritura pi\u00f9 lungo, rendendo Fast Eddy pi\u00f9 adatta ai coltivatori con fretta. Rispetto ai <a href=\"https:\/\/freeseedsonline.com\/it\/prodotti\/semi-di-cannabis-somango-xl\">semi di cannabis Somango XL<\/a>, pi\u00f9 orientati a un sapore fruttato e livelli di THC pi\u00f9 alti, Fast Eddy \u00e8 pi\u00f9 delicata e migliore per i principianti.<\/p>\n<p>Per un\u2019opzione sativa-dominante, puoi dare un\u2019occhiata ai <a href=\"https:\/\/freeseedsonline.com\/it\/prodotti\/semi-di-cannabis-kali-dog\">semi di cannabis Kali Dog<\/a>, che offrono un effetto energizzante, al contrario degli effetti rilassanti di Fast Eddy. In breve, se la tua priorit\u00e0 \u00e8 una coltivazione veloce e ricca di CBD, Fast Eddy vince, ma per una variet\u00e0 di effetti, queste alternative sono opzioni valide nel nostro assortimento.<\/p>\n<h3>Domande frequenti sui semi di cannabis Fast Eddy Automatic CBD<\/h3>\n<p>Di seguito trovi le risposte ad alcune domande frequenti su questa variet\u00e0, basate sulle esperienze dei coltivatori e sulla nostra competenza in <strong>semi di cannabis<\/strong>.<\/p>\n<p><strong>D:<\/strong> Qual \u00e8 l\u2019ambiente di coltivazione ideale per i semi di cannabis Fast Eddy Automatic CBD?<br \/>\n<strong>R:<\/strong> Questi semi si comportano bene sia indoor che outdoor, ma per risultati ottimali scegli una temperatura di 20-25\u00b0C e una buona ventilazione indoor. Outdoor prosperano in luoghi soleggiati e protetti, rendendoli ideali per i principianti che iniziano a <strong>ordinare semi di cannabis<\/strong> per la loro prima coltivazione.<\/p>\n<p><strong>D:<\/strong> Quanto \u00e8 alto il contenuto di CBD rispetto ad altre variet\u00e0 medicinali?<br \/>\n<strong>R:<\/strong> Con un contenuto di CBD del 15-20%, Fast Eddy Automatic CBD \u00e8 pi\u00f9 alto di molte variet\u00e0 ricreative, ma paragonabile a opzioni specializzate come Royal Highness. Questo la rende eccellente per il sollievo dal dolore, mentre l\u2019effetto lieve favorisce l\u2019uso quotidiano senza effetti collaterali.<\/p>\n<p><strong>D:<\/strong> Questa variet\u00e0 \u00e8 adatta ai principianti nella coltivazione?<br \/>\n<strong>R:<\/strong> S\u00ec, grazie alle propriet\u00e0 autofiorenti e ai bassi requisiti di manutenzione, Fast Eddy Automatic CBD \u00e8 perfetta per i principianti. Tollera bene gli errori e offre risultati rapidi, come discusso nel nostro articolo su <a href=\"https:\/\/freeseedsonline.com\/it\/scelta-ideale-per-principianti\">scelta ideale per principianti<\/a>, ma assicurati di fornire cure di base come un\u2019irrigazione corretta.<\/p>\n<p><strong>D:<\/strong> Quali sono le rese possibili nella coltivazione outdoor?<br \/>\n<strong>R:<\/strong> Nella coltivazione outdoor puoi aspettarti fino a 130 grammi per pianta, a seconda della luce solare e della qualit\u00e0 del terreno. Questo \u00e8 pi\u00f9 alto rispetto a molte altre autofiorenti, ma combina questi risultati con i consigli di <a href=\"https:\/\/freeseedsonline.com\/it\/quali-sono-le-migliori-piante-di-cannabis-da-esterno-per-principianti\">migliori piante di cannabis outdoor per principianti<\/a> per una resa massima.<\/p>\n<h3>Perch\u00e9 ordinare da noi<\/h3>\n<p>Su freeseedsonline.com puoi contare su un servizio sicuro e discreto quando vuoi <strong>acquistare semi di cannabis<\/strong> o <strong>ordinare semi di cannabis<\/strong>. Offriamo un vasto assortimento di <strong>semi di cannabis<\/strong>, incluse offerte esclusive come la nostra popolare promozione &#8220;prendi 4, paghi 3&#8221;, che ti d\u00e0 pi\u00f9 valore per i tuoi soldi. Il nostro team \u00e8 pronto con consigli esperti e consegne rapide, cos\u00ec puoi coltivare con fiducia e goderti semi della migliore qualit\u00e0. Scegli noi e scopri perch\u00e9 siamo il negozio online preferito dai coltivatori, con clienti soddisfatti e un impegno per qualit\u00e0 e innovazione.<\/p>\n","protected":false},"excerpt":{"rendered":"<p><strong><span style=\"color: #00a859;\">Genere:<\/span><\/strong> Femminile autofiorente<\/p>\n<p><span style=\"color: #00a859;\"><strong>THC:<\/strong><\/span> 9<strong>%<\/strong><\/p>\n<p><span style=\"color: #50b848;\"><strong>CBD:<\/strong><\/span> Alto<\/p>\n<p><span style=\"color: #00a859;\"><strong>Tipo:<\/strong><\/span><span style=\"font-size: 14.4px;\"> 50% <\/span><strong style=\"font-size: 14.4px;\">Sativa<\/strong><span style=\"font-size: 14.4px;\"> 40% <\/span><strong style=\"font-size: 14.4px;\">Indica <\/strong>10%<strong style=\"font-size: 14.4px;\"> Ruderalis<\/strong><\/p>\n<p><span style=\"color: #00a859;\"><strong>Incrocio: <\/strong><\/span><span class=\"feture-value\">Cheese x Juanita la Lagrimosa x Ruderalis<\/span><\/p>\n<p><span style=\"color: #00a859;\"><strong>Altezza media indoor: <\/strong><\/span><span class=\"feture-value\">60 &#8211; 100 cm<\/span><\/p>\n<p><span style=\"color: #00a859;\"><strong>Altezza media outdoor:<\/strong> <\/span><span class=\"feture-value\">80 &#8211; 120 cm<\/span><\/p>\n<p><span style=\"color: #00a859;\"><strong>Resa media indoor fino a:<\/strong><\/span> <span class=\"feture-value\">400 &#8211; 450 gr\/m2<\/span><\/p>\n<p><strong><span style=\"color: #00a859;\">Resa media outdoor: <\/span><\/strong><span class=\"feture-value\">80 &#8211; 130 gr\/pianta<\/span><\/p>\n<p><span style=\"color: #00a859;\"><strong>Periodo di fioritura indoor:<\/strong><\/span> 6-7 settimane<\/p>\n<p><span style=\"color: #50b848;\"><strong>Periodo di fioritura outdoor:<\/strong><\/span> 6-7 settimane<\/p>\n<p><span style=\"color: #00a859;\"><span style=\"font-weight: bold; color: #00a859;\">Sapore: <\/span><span style=\"color: #000000;\"><span class=\"feture-value\">Agrumi<\/span><\/span><\/span><\/p>\n<p><span style=\"color: #50b848;\"><strong>Effetto:<\/strong><span style=\"color: #50b848;\"> <span style=\"color: #000000;\"><span class=\"feture-value\">Chiaro, Sollievo dal dolore<\/span><\/span><\/span><\/span><\/p>\n<p>&nbsp;<\/p>\n","protected":false},"featured_media":193079,"comment_status":"closed","ping_status":"closed","template":"","meta":[],"product_brand":[],"product_cat":[864,966,905,931,869,900,887,880,875,910,817],"product_tag":[],"class_list":{"0":"post-163672","1":"product","2":"type-product","3":"status-publish","4":"has-post-thumbnail","6":"product_cat-raccolta-rapida","7":"product_cat-royal-queen-seeds","8":"product_cat-semi-autofiorenti","9":"product_cat-semi-di-cannabis-ad-alto-contenuto-di-cbd","10":"product_cat-semi-di-cannabis-femminizzati","11":"product_cat-semi-di-cannabis-medicinali","12":"product_cat-semi-di-cannabis-per-esterno","13":"product_cat-semi-di-cannabis-per-interni","14":"product_cat-semi-di-cannabis-per-principianti","15":"product_cat-semi-di-cannabis-piu-venduti","16":"product_cat-tutti-i-tipi","18":"first","19":"instock","20":"taxable","21":"shipping-taxable","22":"purchasable","23":"product-type-simple"},"_links":{"self":[{"href":"https:\/\/freeseedsonline.com\/it\/wp-json\/wp\/v2\/product\/163672","targetHints":{"allow":["GET"]}}],"collection":[{"href":"https:\/\/freeseedsonline.com\/it\/wp-json\/wp\/v2\/product"}],"about":[{"href":"https:\/\/freeseedsonline.com\/it\/wp-json\/wp\/v2\/types\/product"}],"replies":[{"embeddable":true,"href":"https:\/\/freeseedsonline.com\/it\/wp-json\/wp\/v2\/comments?post=163672"}],"wp:featuredmedia":[{"embeddable":true,"href":"https:\/\/freeseedsonline.com\/it\/wp-json\/wp\/v2\/media\/193079"}],"wp:attachment":[{"href":"https:\/\/freeseedsonline.com\/it\/wp-json\/wp\/v2\/media?parent=163672"}],"wp:term":[{"taxonomy":"product_brand","embeddable":true,"href":"https:\/\/freeseedsonline.com\/it\/wp-json\/wp\/v2\/product_brand?post=163672"},{"taxonomy":"product_cat","embeddable":true,"href":"https:\/\/freeseedsonline.com\/it\/wp-json\/wp\/v2\/product_cat?post=163672"},{"taxonomy":"product_tag","embeddable":true,"href":"https:\/\/freeseedsonline.com\/it\/wp-json\/wp\/v2\/product_tag?post=163672"}],"curies":[{"name":"wp","href":"https:\/\/api.w.org\/{rel}","templated":true}]}}