{"id":163512,"date":"2026-02-13T21:39:22","date_gmt":"2026-02-13T21:39:22","guid":{"rendered":"https:\/\/freeseedsonline.com\/?p=163512"},"modified":"2026-02-13T21:39:22","modified_gmt":"2026-02-13T21:39:22","slug":"white-moscow-autoflower-10-pack","status":"publish","type":"product","link":"https:\/\/freeseedsonline.com\/it\/prodotti\/white-moscow-autoflower-10-pack\/","title":{"rendered":"White Moscow Autoflower 10 Pack"},"content":{"rendered":"<h2><strong>White Moscow Autoflower<\/strong><\/h2>\n<p>La White Moscow Autoflower \u00e8 una variet\u00e0 di cannabis sviluppata incrociando una Lowryder #2 con una White Russian. Le piante di cannabis che ne derivano presentano un mix di genetica Sativa e Indica. I semi offrono ottimi risultati nella coltivazione indoor, ma possono essere coltivati anche all&#8217;aperto o in serra. Tuttavia, \u00e8 importante assicurarsi che l&#8217;aria sia ben ventilata durante la coltivazione della White Moscow Autoflower, poich\u00e9 questa variet\u00e0 di cannabis produce un odore piuttosto forte.<\/p>\n<p>&nbsp;<\/p>\n<h3><strong><em>Le principali caratteristiche dei semi di cannabis<\/em><\/strong><\/h3>\n<p>Per darti un quadro chiaro della variet\u00e0 di cannabis White Moscow Autoflower, elenchiamo alcune caratteristiche importanti di questi semi:<\/p>\n<ul>\n<li>La White Moscow Autoflower \u00e8 facile da coltivare.<\/li>\n<li>La variet\u00e0 ha un alto contenuto di CBD.<\/li>\n<li>La variet\u00e0 pu\u00f2 essere coltivata indoor, ma anche all&#8217;aperto o in serra.<\/li>\n<li>La pianta di cannabis pu\u00f2 raggiungere un&#8217;altezza di circa 50-100 centimetri.<\/li>\n<li>La popolare variet\u00e0 contiene sia genetica Sativa che Indica.<\/li>\n<\/ul>\n<p>&nbsp;<\/p>\n<p>Si tratta di una variet\u00e0 50\/50 Sativa\/Indica del tipo Feminised Autoflower. Il periodo di fioritura della pianta \u00e8 di circa otto-nove settimane e ci vogliono nove-dieci settimane prima di poter raccogliere i tuoi semi. All&#8217;aperto, i semi di cannabis vengono raccolti nei mesi da maggio ad agosto.<\/p>\n<p>Se desideri ordinare i semi di cannabis singolarmente, puoi farlo tramite questo link:<\/p>\n<blockquote class=\"wp-embedded-content\" data-secret=\"IpL4oLZCJ8\"><p><a href=\"https:\/\/freeseedsonline.com\/it\/prodotti\/white-moscow-autofiorente\/\">White Moscow Autofiorente<\/a><\/p><\/blockquote>\n<p><iframe loading=\"lazy\" class=\"wp-embedded-content\" sandbox=\"allow-scripts\" security=\"restricted\" style=\"position: absolute; visibility: hidden;\" title=\"&#8220;White Moscow Autofiorente&#8221; &#8212; Acquista semi di cannabis - Per esterno o interno | 4 PRENDI, 3 PAGHI\" src=\"https:\/\/freeseedsonline.com\/it\/prodotti\/white-moscow-autofiorente\/embed\/#?secret=ynDQsQrrA1#?secret=IpL4oLZCJ8\" data-secret=\"IpL4oLZCJ8\" width=\"500\" height=\"282\" frameborder=\"0\" marginwidth=\"0\" marginheight=\"0\" scrolling=\"no\"><\/iframe><\/p>\n<p>&nbsp;<\/p>\n","protected":false},"excerpt":{"rendered":"<p><strong><span style=\"color: #00a859;\">Genere:<\/span><\/strong> Femminile autofiorente<\/p>\n<p><span style=\"color: #00a859;\"><strong>THC:<\/strong><\/span> <strong>14%<\/strong><\/p>\n<p><span style=\"color: #50b848;\"><strong>CBD:<\/strong><\/span> Alto<\/p>\n<p><span style=\"color: #00a859;\"><strong>Tipo:<\/strong><\/span> <strong>Indica \/ Sativa<\/strong><\/p>\n<p><span style=\"color: #00a859;\"><strong>Altezza media indoor:<\/strong><\/span> 50 cm fino a 100 cm<\/p>\n<p><span style=\"color: #00a859;\"><strong>Altezza media outdoor:<\/strong> <\/span> 80 cm fino a 100 cm<\/p>\n<p><span style=\"color: #00a859;\"><strong>Resa media indoor fino a:<\/strong><\/span> 500 grammi\/m2<\/p>\n<p><strong><span style=\"color: #00a859;\">Resa media outdoor:<\/span><\/strong> 80 gr fino a 120 gr<\/p>\n<p><span style=\"color: #00a859;\"><strong>Periodo di fioritura indoor:<\/strong><\/span> 9 fino a 10 settimane<\/p>\n<p><span style=\"color: #50b848;\"><strong>Periodo di fioritura outdoor:<\/strong><\/span> 9 fino a 10 settimane<\/p>\n<p><span style=\"font-size: 14.4px;\"><br \/>\nATTENZIONE! Con questo prodotto non riceverai semi di cannabis gratuiti.<\/span><\/p>\n","protected":false},"featured_media":192734,"comment_status":"closed","ping_status":"closed","template":"","meta":[],"product_brand":[],"product_cat":[953,931,869,941,887,880,875,817,852],"product_tag":[],"class_list":{"0":"post-163512","1":"product","2":"type-product","3":"status-publish","4":"has-post-thumbnail","6":"product_cat-10-confezioni","7":"product_cat-semi-di-cannabis-ad-alto-contenuto-di-cbd","8":"product_cat-semi-di-cannabis-femminizzati","9":"product_cat-semi-di-cannabis-in-offerta","10":"product_cat-semi-di-cannabis-per-esterno","11":"product_cat-semi-di-cannabis-per-interni","12":"product_cat-semi-di-cannabis-per-principianti","13":"product_cat-tutti-i-tipi","14":"product_cat-varieta-per-principianti","16":"first","17":"instock","18":"taxable","19":"shipping-taxable","20":"purchasable","21":"product-type-simple"},"_links":{"self":[{"href":"https:\/\/freeseedsonline.com\/it\/wp-json\/wp\/v2\/product\/163512","targetHints":{"allow":["GET"]}}],"collection":[{"href":"https:\/\/freeseedsonline.com\/it\/wp-json\/wp\/v2\/product"}],"about":[{"href":"https:\/\/freeseedsonline.com\/it\/wp-json\/wp\/v2\/types\/product"}],"replies":[{"embeddable":true,"href":"https:\/\/freeseedsonline.com\/it\/wp-json\/wp\/v2\/comments?post=163512"}],"wp:featuredmedia":[{"embeddable":true,"href":"https:\/\/freeseedsonline.com\/it\/wp-json\/wp\/v2\/media\/192734"}],"wp:attachment":[{"href":"https:\/\/freeseedsonline.com\/it\/wp-json\/wp\/v2\/media?parent=163512"}],"wp:term":[{"taxonomy":"product_brand","embeddable":true,"href":"https:\/\/freeseedsonline.com\/it\/wp-json\/wp\/v2\/product_brand?post=163512"},{"taxonomy":"product_cat","embeddable":true,"href":"https:\/\/freeseedsonline.com\/it\/wp-json\/wp\/v2\/product_cat?post=163512"},{"taxonomy":"product_tag","embeddable":true,"href":"https:\/\/freeseedsonline.com\/it\/wp-json\/wp\/v2\/product_tag?post=163512"}],"curies":[{"name":"wp","href":"https:\/\/api.w.org\/{rel}","templated":true}]}}