{"id":163506,"date":"2026-02-13T21:38:33","date_gmt":"2026-02-13T21:38:33","guid":{"rendered":"https:\/\/freeseedsonline.com\/?p=163506"},"modified":"2026-02-13T21:38:33","modified_gmt":"2026-02-13T21:38:33","slug":"semi-di-hindu-kush-autoflower-10-pezzi","status":"publish","type":"product","link":"https:\/\/freeseedsonline.com\/it\/prodotti\/semi-di-hindu-kush-autoflower-10-pezzi\/","title":{"rendered":"Semi di Hindu Kush Autoflower 10 Pezzi"},"content":{"rendered":"<h2>Hindu Kush Autoflower semi di cannabis 10 PACK<\/h2>\n<p>I semi di cannabis Hindu Kush autoflower sono una straordinaria pianta a predominanza Indica che non occupa molto spazio. I geni sono una combinazione di Hindu Kush, Master Kush e Lowryder, rendendola una delle variet\u00e0 pi\u00f9 piccole sul mercato. Nonostante la sua statura ridotta, i boccioli che produce sono spessi ed \u00e8 una delle variet\u00e0 di FSO con il pi\u00f9 alto contenuto di resina. Oltre all&#8217;altezza miniaturizzata, l&#8217;Hindu Kush Automatica non richiede una grande quantit\u00e0 di spazio per le radici, ad esempio in 1 metro quadrato.<\/p>\n<h3>Il tempo di fioritura estremamente breve dell&#8217;Hindu Kush autoflower ti sorprender\u00e0<\/h3>\n<p>Pu\u00f2 essere coltivata in una variet\u00e0 di luoghi, sia al chiuso che all&#8217;aperto, e in serre, con un tempo di fioritura di sole 8 settimane, pronta per essere raccolta dopo 56 giorni dall&#8217;inizio della fioritura. Inoltre, grazie alle sue qualit\u00e0 Indica, il prodotto finale \u00e8 particolarmente utile per numerose condizioni mediche come ansia e insonnia.<\/p>\n","protected":false},"excerpt":{"rendered":"<p><strong><span style=\"color: #00a859;\">Genere:<\/span><\/strong> Femminile autofiorente<\/p>\n<p><span style=\"color: #00a859;\"><strong>THC:<\/strong><\/span> <strong>13%<\/strong><\/p>\n<p><span style=\"color: #00a859;\"><strong>Tipo:<\/strong><\/span> <strong>Sativa<\/strong> \/ <strong>Indica<\/strong><\/p>\n<p><span style=\"color: #00a859;\"><strong>Incrocio:<\/strong><\/span> Hindu Kush x Master Kush x Lowryder<\/p>\n<p><span style=\"color: #00a859;\"><strong>Altezza media indoor:<\/strong><\/span> 0.80-120 cm<\/p>\n<p><span style=\"color: #00a859;\"><strong>Altezza media outdoor:<\/strong> <\/span> 0.80-120 cm<\/p>\n<p><span style=\"color: #00a859;\"><strong>Resa media indoor fino a:<\/strong><\/span> 450 grammi\/m2<\/p>\n<p><strong><span style=\"color: #00a859;\">Resa media outdoor:<\/span><\/strong> 100 fino a 160 grammi per pianta<\/p>\n<p><span style=\"color: #00a859;\"><strong>Periodo di fioritura indoor:<\/strong><\/span> 7 fino a 8 settimane<\/p>\n<p><span style=\"color: #50b848;\"><strong>Periodo di fioritura outdoor:<\/strong><\/span> 7 fino a 8 settimane<\/p>\n<p>&nbsp;<\/p>\n<p>ATTENZIONE! Con questo prodotto non riceverai semi di cannabis gratuiti<\/p>\n","protected":false},"featured_media":192404,"comment_status":"closed","ping_status":"closed","template":"","meta":[],"product_brand":[],"product_cat":[953,869,941,928,887,880,875,817,852],"product_tag":[],"class_list":{"0":"post-163506","1":"product","2":"type-product","3":"status-publish","4":"has-post-thumbnail","6":"product_cat-10-confezioni","7":"product_cat-semi-di-cannabis-femminizzati","8":"product_cat-semi-di-cannabis-in-offerta","9":"product_cat-semi-di-cannabis-kush","10":"product_cat-semi-di-cannabis-per-esterno","11":"product_cat-semi-di-cannabis-per-interni","12":"product_cat-semi-di-cannabis-per-principianti","13":"product_cat-tutti-i-tipi","14":"product_cat-varieta-per-principianti","16":"first","17":"instock","18":"taxable","19":"shipping-taxable","20":"purchasable","21":"product-type-simple"},"_links":{"self":[{"href":"https:\/\/freeseedsonline.com\/it\/wp-json\/wp\/v2\/product\/163506","targetHints":{"allow":["GET"]}}],"collection":[{"href":"https:\/\/freeseedsonline.com\/it\/wp-json\/wp\/v2\/product"}],"about":[{"href":"https:\/\/freeseedsonline.com\/it\/wp-json\/wp\/v2\/types\/product"}],"replies":[{"embeddable":true,"href":"https:\/\/freeseedsonline.com\/it\/wp-json\/wp\/v2\/comments?post=163506"}],"wp:featuredmedia":[{"embeddable":true,"href":"https:\/\/freeseedsonline.com\/it\/wp-json\/wp\/v2\/media\/192404"}],"wp:attachment":[{"href":"https:\/\/freeseedsonline.com\/it\/wp-json\/wp\/v2\/media?parent=163506"}],"wp:term":[{"taxonomy":"product_brand","embeddable":true,"href":"https:\/\/freeseedsonline.com\/it\/wp-json\/wp\/v2\/product_brand?post=163506"},{"taxonomy":"product_cat","embeddable":true,"href":"https:\/\/freeseedsonline.com\/it\/wp-json\/wp\/v2\/product_cat?post=163506"},{"taxonomy":"product_tag","embeddable":true,"href":"https:\/\/freeseedsonline.com\/it\/wp-json\/wp\/v2\/product_tag?post=163506"}],"curies":[{"name":"wp","href":"https:\/\/api.w.org\/{rel}","templated":true}]}}