{"id":163500,"date":"2026-02-13T21:37:41","date_gmt":"2026-02-13T21:37:41","guid":{"rendered":"https:\/\/freeseedsonline.com\/?p=163500"},"modified":"2026-02-13T21:37:41","modified_gmt":"2026-02-13T21:37:41","slug":"sweet-tooth-autoflower-10-pack","status":"publish","type":"product","link":"https:\/\/freeseedsonline.com\/it\/prodotti\/sweet-tooth-autoflower-10-pack\/","title":{"rendered":"Sweet Tooth Autoflower 10-pack"},"content":{"rendered":"<h2><strong>Sweet Tooth Autoflower 10 pack<br \/>\n<\/strong><\/h2>\n<p>Sweet Tooth Autoflower (white tooth autoflower) semi di cannabis 10 pack sono semi di cannabis femminizzati che derivano principalmente da genetica Indica. Questa variet\u00e0 di cannabis \u00e8 molto resistente a parassiti e varie malattie, rendendo i semi ideali per la coltivazione all&#8217;aperto. La variet\u00e0 \u00e8 stata creata incrociando Sweet Tooth con Ruderalis.<\/p>\n<h2>Fino a quando si pu\u00f2 piantare questa autofiorente<\/h2>\n<p>Questa Sweet Tooth Autoflower pu\u00f2 essere piantata fino a met\u00e0 agosto e sar\u00e0 pronta per la raccolta a fine ottobre.<br \/>\nLeggi la descrizione completa di <a href=\"https:\/\/freeseedsonline.com\/it\/prodotti\/sweet-tooth-autofiorente\">Sweet Tooth qui<\/a><\/p>\n<p>&nbsp;<\/p>\n<p>&nbsp;<\/p>\n<p>&nbsp;<\/p>\n","protected":false},"excerpt":{"rendered":"<p><strong><span style=\"color: #00a859;\">Genere:<\/span><\/strong> Femminile autofiorente<\/p>\n<p><span style=\"color: #00a859;\"><strong>THC:<\/strong><\/span> <strong>15%<\/strong><\/p>\n<p><span style=\"color: #00a859;\"><strong>Tipo:<\/strong><\/span> <strong>Sativa<\/strong> \/ <strong>Indica<\/strong><\/p>\n<p><span style=\"color: #00a859;\"><strong>Altezza media indoor:<\/strong><\/span> 50 cm a 100 cm<\/p>\n<p><span style=\"color: #00a859;\"><strong>Altezza media outdoor:<\/strong> <\/span> <strong>\u00a0<\/strong>50 cm a 100 cm<\/p>\n<p><span style=\"color: #00a859;\"><strong>Resa media indoor fino a:<\/strong><\/span> 400 g\/m2<\/p>\n<p><strong><span style=\"color: #00a859;\">Resa media outdoor:<\/span><\/strong> 400 g\/m2<\/p>\n<p><span style=\"color: #00a859;\"><strong>Periodo di fioritura indoor:<\/strong><\/span> 8 a 9 settimane<\/p>\n<p>ATTENZIONE! Con questo prodotto non riceverai semi di cannabis gratuiti.<\/p>\n<p>&nbsp;<\/p>\n","protected":false},"featured_media":192739,"comment_status":"closed","ping_status":"closed","template":"","meta":[],"product_brand":[],"product_cat":[941],"product_tag":[],"class_list":{"0":"post-163500","1":"product","2":"type-product","3":"status-publish","4":"has-post-thumbnail","6":"product_cat-semi-di-cannabis-in-offerta","8":"first","9":"instock","10":"taxable","11":"shipping-taxable","12":"purchasable","13":"product-type-simple"},"_links":{"self":[{"href":"https:\/\/freeseedsonline.com\/it\/wp-json\/wp\/v2\/product\/163500","targetHints":{"allow":["GET"]}}],"collection":[{"href":"https:\/\/freeseedsonline.com\/it\/wp-json\/wp\/v2\/product"}],"about":[{"href":"https:\/\/freeseedsonline.com\/it\/wp-json\/wp\/v2\/types\/product"}],"replies":[{"embeddable":true,"href":"https:\/\/freeseedsonline.com\/it\/wp-json\/wp\/v2\/comments?post=163500"}],"wp:featuredmedia":[{"embeddable":true,"href":"https:\/\/freeseedsonline.com\/it\/wp-json\/wp\/v2\/media\/192739"}],"wp:attachment":[{"href":"https:\/\/freeseedsonline.com\/it\/wp-json\/wp\/v2\/media?parent=163500"}],"wp:term":[{"taxonomy":"product_brand","embeddable":true,"href":"https:\/\/freeseedsonline.com\/it\/wp-json\/wp\/v2\/product_brand?post=163500"},{"taxonomy":"product_cat","embeddable":true,"href":"https:\/\/freeseedsonline.com\/it\/wp-json\/wp\/v2\/product_cat?post=163500"},{"taxonomy":"product_tag","embeddable":true,"href":"https:\/\/freeseedsonline.com\/it\/wp-json\/wp\/v2\/product_tag?post=163500"}],"curies":[{"name":"wp","href":"https:\/\/api.w.org\/{rel}","templated":true}]}}