{"id":163456,"date":"2026-02-13T21:30:09","date_gmt":"2026-02-13T21:30:09","guid":{"rendered":"https:\/\/freeseedsonline.com\/?p=163456"},"modified":"2026-02-13T21:30:09","modified_gmt":"2026-02-13T21:30:09","slug":"10-pack-sour-diesel-haze-autofiorente","status":"publish","type":"product","link":"https:\/\/freeseedsonline.com\/it\/prodotti\/10-pack-sour-diesel-haze-autofiorente\/","title":{"rendered":"10 pack &#8211; Sour Diesel Haze autofiorente"},"content":{"rendered":"<h2 id=\"tw-target-text\" class=\"tw-data-text vk_txt tw-ta tw-text-small\" data-placeholder=\"Vertaling\"><span lang=\"it\">Semi di cannabis autofiorenti femminizzati Sour Diesel Haze<\/span><\/h2>\n<p class=\"tw-data-text vk_txt tw-ta tw-text-small\" dir=\"ltr\" data-placeholder=\"Vertaling\"><span lang=\"it\">Questa variet\u00e0 prevalentemente Sativa produce un rendimento Medio, Alto di 40 &#8211; 60 gr \/ pianta. Questo seme femminizzato cresce bene non solo in una serra, ma pu\u00f2 essere coltivato sia all&#8217;esterno che all&#8217;interno. Inoltre, ci si pu\u00f2 aspettare che questo seme raggiunga un&#8217;altezza di 50-80 cm. Questa variet\u00e0 ha una genetica Auto Haze x New York Diesel e presenta un alto contenuto di THC (15%).<\/span><\/p>\n<h3 class=\"tw-data-text vk_txt tw-ta tw-text-small\" data-placeholder=\"Vertaling\">Effetti medicinali di Sour Diesel Haze autofiorente:<\/h3>\n<p class=\"tw-data-text vk_txt tw-ta tw-text-small\" dir=\"ltr\" data-placeholder=\"Vertaling\"><span lang=\"it\">Il contenuto di CBD di questa variet\u00e0 \u00e8 sconosciuto.<\/span><\/p>\n","protected":false},"excerpt":{"rendered":"<p><span style=\"font-size: 115%;\"><strong>Confezione da 10<\/strong><\/span><\/p>\n<p><strong><span style=\"color: #00a859;\">Genere:<\/span><\/strong> Femminile autofiorente<\/p>\n<p><span style=\"color: #00a859;\"><strong>THC:<\/strong><\/span> <strong>19%<\/strong><\/p>\n<p><span style=\"color: #00a859;\"><strong>Tipo:<\/strong><\/span> 75% <strong>Sativa<\/strong> 25% <strong>Indica<\/strong><\/p>\n<p><span style=\"color: #00a859;\"><strong>Incrocio:<\/strong><\/span> <span lang=\"nl\">Auto Haze x New York Diesel<\/span><\/p>\n<p><span style=\"color: #00a859;\"><strong>Altezza media indoor:<\/strong><\/span> 50-90 cm<\/p>\n<p><span style=\"color: #00a859;\"><strong>Altezza media outdoor:<\/strong> <\/span> 50-90 cm<\/p>\n<p><span style=\"color: #00a859;\"><strong>Resa media indoor fino a:<\/strong><\/span> 450 grammi\/m2<\/p>\n<p><strong><span style=\"color: #00a859;\">Resa media outdoor:<\/span><\/strong> 150 grammi per pianta<\/p>\n<p><span style=\"color: #00a859;\"><strong>Periodo di fioritura indoor:<\/strong><\/span> 8-9 settimane<\/p>\n<p><span style=\"color: #50b848;\"><strong>Periodo di fioritura outdoor: <\/strong><\/span>8-9 settimane<\/p>\n<p>&nbsp;<\/p>\n<p>ATTENZIONE! Nessun seme extra gratuito incluso!<\/p>\n","protected":false},"featured_media":192704,"comment_status":"closed","ping_status":"closed","template":"","meta":[],"product_brand":[],"product_cat":[953,869,941,817,852],"product_tag":[63],"class_list":{"0":"post-163456","1":"product","2":"type-product","3":"status-publish","4":"has-post-thumbnail","6":"product_cat-10-confezioni","7":"product_cat-semi-di-cannabis-femminizzati","8":"product_cat-semi-di-cannabis-in-offerta","9":"product_cat-tutti-i-tipi","10":"product_cat-varieta-per-principianti","11":"product_tag-sour-diesel-haze-autoflower","13":"first","14":"instock","15":"taxable","16":"shipping-taxable","17":"purchasable","18":"product-type-simple"},"_links":{"self":[{"href":"https:\/\/freeseedsonline.com\/it\/wp-json\/wp\/v2\/product\/163456","targetHints":{"allow":["GET"]}}],"collection":[{"href":"https:\/\/freeseedsonline.com\/it\/wp-json\/wp\/v2\/product"}],"about":[{"href":"https:\/\/freeseedsonline.com\/it\/wp-json\/wp\/v2\/types\/product"}],"replies":[{"embeddable":true,"href":"https:\/\/freeseedsonline.com\/it\/wp-json\/wp\/v2\/comments?post=163456"}],"wp:featuredmedia":[{"embeddable":true,"href":"https:\/\/freeseedsonline.com\/it\/wp-json\/wp\/v2\/media\/192704"}],"wp:attachment":[{"href":"https:\/\/freeseedsonline.com\/it\/wp-json\/wp\/v2\/media?parent=163456"}],"wp:term":[{"taxonomy":"product_brand","embeddable":true,"href":"https:\/\/freeseedsonline.com\/it\/wp-json\/wp\/v2\/product_brand?post=163456"},{"taxonomy":"product_cat","embeddable":true,"href":"https:\/\/freeseedsonline.com\/it\/wp-json\/wp\/v2\/product_cat?post=163456"},{"taxonomy":"product_tag","embeddable":true,"href":"https:\/\/freeseedsonline.com\/it\/wp-json\/wp\/v2\/product_tag?post=163456"}],"curies":[{"name":"wp","href":"https:\/\/api.w.org\/{rel}","templated":true}]}}