{"id":162930,"date":"2024-11-07T20:14:54","date_gmt":"2024-11-07T20:14:54","guid":{"rendered":"https:\/\/freeseedsonline.com\/?p=162930"},"modified":"2026-02-13T19:00:07","modified_gmt":"2026-02-13T19:00:07","slug":"skunk-1-autofloraison","status":"publish","type":"product","link":"https:\/\/freeseedsonline.com\/fr\/produits\/skunk-1-autofloraison\/","title":{"rendered":"Skunk 1 autofloraison"},"content":{"rendered":"<h2>Graines de cannabis Skunk 1 Autoflower<\/h2>\n<p>D\u00e9couvrez les embl\u00e9matiques graines de cannabis Skunk 1 Autoflower de Sensi Seeds, une version moderne d&rsquo;une vari\u00e9t\u00e9 l\u00e9gendaire de cannabis appr\u00e9ci\u00e9e par les cultivateurs depuis des d\u00e9cennies. Ces graines autoflorissantes combinent la g\u00e9n\u00e9tique robuste de la Skunk #1 originale avec la facilit\u00e9 de la floraison automatique, ce qui les rend id\u00e9ales pour les d\u00e9butants comme pour les cultivateurs exp\u00e9riment\u00e9s \u00e0 la recherche de graines de cannabis \u00e0 acheter ou \u00e0 commander. Avec leurs performances fiables et leur rendement \u00e9lev\u00e9, ces graines de cannabis offrent un moyen simple de cultiver du cannabis de qualit\u00e9, parfait pour les jardins int\u00e9rieurs ou ext\u00e9rieurs.<\/p>\n<h3>Caract\u00e9ristiques et sp\u00e9cifications<\/h3>\n<p>La Skunk 1 Autoflower est r\u00e9put\u00e9e pour sa g\u00e9n\u00e9tique stable et sa facilit\u00e9 de culture, provenant de la c\u00e9l\u00e8bre banque de graines Sensi Seeds. Cette vari\u00e9t\u00e9 est un croisement entre la classique Skunk #1 et des g\u00e8nes autoflorissants, ce qui donne une plante \u00e0 croissance rapide et efficace sans n\u00e9cessiter de cycles lumineux complexes. Voici un aper\u00e7u des principales caract\u00e9ristiques et sp\u00e9cifications qui font de ces graines un choix de pr\u00e9dilection pour commander des graines de cannabis.<\/p>\n<ul>\n<li><strong>G\u00e9n\u00e9tique<\/strong> : Un hybride \u00e0 dominance Indica de Skunk #1 avec des g\u00e8nes Ruderalis pour des propri\u00e9t\u00e9s autoflorissantes, offrant une plante stable et robuste avec une lign\u00e9e fiable de Sensi Seeds.<\/li>\n<li><strong>Teneur en THC et CBD<\/strong> : Avec un niveau de THC d&rsquo;environ 15-20 %, cette vari\u00e9t\u00e9 offre un effet puissant et relaxant, tandis que la teneur en CBD est faible (environ 1-2 %), ce qui la rend plus adapt\u00e9e \u00e0 un usage r\u00e9cr\u00e9atif qu&rsquo;\u00e0 un usage purement m\u00e9dical.<\/li>\n<li><strong>Taille et croissance<\/strong> : Les plantes restent compactes, avec une hauteur de 60 \u00e0 100 cm, id\u00e9ales pour les petits espaces ou les cultures ext\u00e9rieures discr\u00e8tes, et elles s&rsquo;adaptent facilement \u00e0 diff\u00e9rents environnements.<\/li>\n<li><strong>Temps de floraison et rendement<\/strong> : De la graine \u00e0 la r\u00e9colte, il faut environ 8 \u00e0 10 semaines, avec un rendement moyen de 400 \u00e0 500 grammes par m\u00e8tre carr\u00e9 en int\u00e9rieur, ou jusqu&rsquo;\u00e0 150 grammes par plante en ext\u00e9rieur, gr\u00e2ce aux propri\u00e9t\u00e9s autoflorissantes efficaces.<\/li>\n<li><strong>Difficult\u00e9<\/strong> : Convient aux d\u00e9butants, avec un besoin d&rsquo;entretien minimal, ce qui en fait une excellente option pour ceux qui ach\u00e8tent des graines de cannabis pour la premi\u00e8re fois pour une culture facile.<\/li>\n<\/ul>\n<h3>Informations d\u00e9taill\u00e9es sur la culture<\/h3>\n<p>Lors de la culture des graines de cannabis Skunk 1 Autoflower, vous b\u00e9n\u00e9ficiez des avantages de l&rsquo;autofloraison, ce qui signifie que la plante passe automatiquement en phase de floraison sans que vous ayez \u00e0 ajuster le cycle lumineux. Cela en fait un choix id\u00e9al pour la culture en int\u00e9rieur comme en ext\u00e9rieur, en particulier pour les d\u00e9butants \u00e0 la recherche de r\u00e9sultats fiables. La plante est robuste et tol\u00e9rante, ce qui la rend parfaite pour diverses conditions climatiques, comme aux Pays-Bas.<\/p>\n<p>Pour la culture en int\u00e9rieur, comme d\u00e9crit dans notre guide sur <a href=\"https:\/\/freeseedsonline.com\/fr\/cultiver-du-cannabis-en-intrieur\">cultiver du cannabis en int\u00e9rieur<\/a>, vous pouvez placer ces graines dans une tente de culture avec une temp\u00e9rature de 20-25\u00b0C et une humidit\u00e9 de 40-60 %. Utilisez un sol bien drainant, comme recommand\u00e9 dans <a href=\"https:\/\/freeseedsonline.com\/fr\/top-3-des-meilleurs-sols-pour-votre-plante-de-cannabis\">quel est le meilleur sol pour une plante de cannabis<\/a>, et assurez une bonne ventilation pour \u00e9viter les moisissures. En ext\u00e9rieur, la Skunk 1 Autoflower prosp\u00e8re dans un endroit ensoleill\u00e9, avec une p\u00e9riode de r\u00e9colte en fin d&rsquo;\u00e9t\u00e9, et elle r\u00e9siste au vent l\u00e9ger et \u00e0 la pluie, comme discut\u00e9 dans <a href=\"https:\/\/freeseedsonline.com\/fr\/quelles-sont-les-meilleures-plantes-de-cannabis-dextrieur-pour-les-dbutants-\">meilleures plantes de cannabis ext\u00e9rieures pour d\u00e9butants<\/a>.<\/p>\n<p>Le niveau de difficult\u00e9 est faible, avec des astuces comme l&rsquo;utilisation de la m\u00e9thode SCROG pour de meilleurs rendements, comme expliqu\u00e9 dans <a href=\"https:\/\/freeseedsonline.com\/fr\/cultiver-du-cannabis-avec-la-mthode-scrog\">cultiver du cannabis avec la m\u00e9thode SCROG<\/a>. Commencez avec des graines dans de petits pots et entra\u00eenez la plante par la technique du fimming pour une croissance uniforme, comme dans <a href=\"https:\/\/freeseedsonline.com\/fr\/tailler-les-plantes-de-cannabis\">fimming d&rsquo;une plante de cannabis<\/a>. Prenez en compte la pr\u00e9vention des parasites, comme dans <a href=\"https:\/\/freeseedsonline.com\/fr\/combattre-les-moisissures-et-les-nuisibles-de-manire-biologique\">lutter biologiquement contre les moisissures et les parasites<\/a>, pour une culture saine.<\/p>\n<h3>Effets, go\u00fbt et ar\u00f4me<\/h3>\n<p>La Skunk 1 Autoflower offre un effet classique et relaxant typique des vari\u00e9t\u00e9s \u00e0 dominance Indica, comme approfondi dans <a href=\"https:\/\/freeseedsonline.com\/fr\/cannabis-indica\">cannabis indica<\/a>. Les effets commencent par une vague euphorique, suivie d&rsquo;une profonde relaxation physique, id\u00e9ale pour une utilisation en soir\u00e9e ou pour soulager le stress, avec une dur\u00e9e de 2 \u00e0 3 heures. Cela la rend \u00e9galement pertinente pour un usage m\u00e9dical, comme pour des douleurs l\u00e9g\u00e8res ou des troubles du sommeil, bien que la teneur en CBD soit limit\u00e9e par rapport aux vari\u00e9t\u00e9s \u00e0 haute teneur en CBD dans <a href=\"https:\/\/freeseedsonline.com\/fr\/quelles-plantes-de-cannabis-contiennent-un-taux-lev-de-cbd-\">graines de cannabis \u00e0 haute teneur en CBD<\/a>.<\/p>\n<p>En termes de go\u00fbt et d&rsquo;ar\u00f4me, cette vari\u00e9t\u00e9 offre un profil distinct de skunk avec des notes terreuses et fruit\u00e9es, incluant des touches d&rsquo;agrumes et de musc sucr\u00e9. L&rsquo;ar\u00f4me est intense et reconnaissable, ce qui rend la plante populaire parmi les amateurs, tout en restant discret pendant la culture avec une ventilation ad\u00e9quate. Ces caract\u00e9ristiques font de la Skunk 1 Autoflower un choix unique pour ceux qui appr\u00e9cient les saveurs authentiques de cannabis, parfait pour des recettes cr\u00e9atives comme dans <a href=\"https:\/\/freeseedsonline.com\/fr\/cuisiner-de-manire-crative-avec-du-cannabis-recettes-varies-base-de-graines-de-cannabis\">cuisiner avec du cannabis<\/a>.<\/p>\n<h3>Comparaison avec des vari\u00e9t\u00e9s similaires<\/h3>\n<p>Compar\u00e9e \u00e0 d&rsquo;autres vari\u00e9t\u00e9s autoflorissantes, comme les graines de cannabis Bubbelgum Autoflower <a href=\"https:\/\/freeseedsonline.com\/fr\/produits\/graines-de-cannabis-bubbelgum-autoflower-pack-de-10\">Bubbelgum Autoflower<\/a>, la Skunk 1 Autoflower est plus robuste et pr\u00eate \u00e0 \u00eatre r\u00e9colt\u00e9e plus rapidement, mais elle offre une saveur plus terreuse au lieu des ar\u00f4mes sucr\u00e9s de bubblegum. Par rapport aux graines de cannabis Bubble Kush <a href=\"https:\/\/freeseedsonline.com\/fr\/produits\/graines-de-cannabis-bubble-kush\">Bubble Kush<\/a>, la Skunk 1 a un rendement plus \u00e9lev\u00e9 et est mieux adapt\u00e9e aux d\u00e9butants, bien que Bubble Kush ait des effets indica plus profonds pour une relaxation intense.<\/p>\n<p>Pour les amateurs de sativa, vous pouvez envisager les graines de cannabis Somango XL <a href=\"https:\/\/freeseedsonline.com\/fr\/produits\/graines-de-cannabis-somango-xl\">Somango XL<\/a>, qui offrent un effet plus fruit\u00e9 mais ont une floraison plus longue que la Skunk 1 autoflorissante. En r\u00e9sum\u00e9, si vous cherchez \u00e0 acheter des graines de cannabis avec un \u00e9quilibre entre facilit\u00e9 et effets classiques, la Skunk 1 Autoflower est souvent pr\u00e9f\u00e9r\u00e9e \u00e0 ces alternatives en raison de sa polyvalence.<\/p>\n<h3>Questions fr\u00e9quentes sur la Skunk 1 Autoflower<\/h3>\n<ul>\n<li><strong>Q : Quel est le temps de floraison des graines de cannabis Skunk 1 Autoflower ?<\/strong><br \/>R : Le temps de floraison de la Skunk 1 Autoflower est d&rsquo;environ 8 \u00e0 10 semaines \u00e0 partir de la germination, ce qui rend ces graines id\u00e9ales pour les cultivateurs souhaitant des r\u00e9sultats rapides. Cette caract\u00e9ristique autoflorissante simplifie la culture, surtout pour les d\u00e9butants, sans avoir \u00e0 ajuster le cycle lumineux.<\/li>\n<li><strong>Q : La Skunk 1 Autoflower convient-elle aux d\u00e9butants ?<\/strong><br \/>R : Oui, ces graines sont parfaites pour les d\u00e9butants en raison de leur faible niveau de difficult\u00e9 et de leur r\u00e9silience face aux erreurs, comme une humidit\u00e9 incorrecte. Elles offrent des rendements \u00e9lev\u00e9s avec un entretien minimal, ce qui en fait une excellente option d&rsquo;entr\u00e9e pour ceux qui commandent des graines de cannabis pour la premi\u00e8re fois.<\/li>\n<li><strong>Q : Quelles sont les conditions de culture id\u00e9ales pour ces graines ?<\/strong><br \/>R : Pour une croissance optimale, choisissez une temp\u00e9rature de 20-25\u00b0C et une humidit\u00e9 de 40-60 %, que ce soit en int\u00e9rieur ou en ext\u00e9rieur. Assurez une bonne ventilation pour \u00e9viter les moisissures et consultez nos guides pour plus de conseils sur la germination et la culture.<\/li>\n<li><strong>Q : Comment le rendement se compare-t-il \u00e0 d&rsquo;autres graines autoflorissantes ?<\/strong><br \/>R : La Skunk 1 Autoflower produit g\u00e9n\u00e9ralement 400 \u00e0 500 grammes par m\u00b2 en int\u00e9rieur, ce qui est comp\u00e9titif par rapport \u00e0 des vari\u00e9t\u00e9s similaires, mais sa stabilit\u00e9 la rend plus fiable. Cela garantit des r\u00e9sultats constants, m\u00eame dans des conditions m\u00e9t\u00e9orologiques variables.<\/li>\n<\/ul>\n<h3>Pourquoi commander chez nous<\/h3>\n<p>Chez freeseedsonline.com, vous pouvez compter sur des graines de cannabis Skunk 1 Autoflower de haute qualit\u00e9, directement de Sensi Seeds, avec un accent sur la qualit\u00e9 et la satisfaction client. Nous offrons non seulement une livraison s\u00e9curis\u00e9e et discr\u00e8te pour tous vos achats de graines de cannabis, mais aussi des avantages exclusifs comme notre promotion \u00ab\u00a04 pour le prix de 3\u00a0\u00bb, vous permettant d&rsquo;obtenir plus de valeur pour votre argent. Choisissez-nous et profitez de conseils d&rsquo;experts et d&rsquo;une large s\u00e9lection, garantissant le succ\u00e8s de votre culture.<\/p>\n","protected":false},"excerpt":{"rendered":"<p><strong>Marque :<\/strong> Sensi Seeds<\/p>\n<table class=\"data-table product-attributes\">\n<tbody>\n<tr>\n<th class=\"label\"><span class=\"label-text\">Vainqueurs de la Cannabis Cup<\/span><\/th>\n<td class=\"data\">Vainqueurs de la Cannabis Cup<\/td>\n<\/tr>\n<tr>\n<th class=\"label\"><span class=\"label-text\">Sativa \/ indica<\/span><\/th>\n<td class=\"data\">Hybride Sativa \/ Indica<\/td>\n<\/tr>\n<tr>\n<th class=\"label\"><span class=\"label-text\">Temps de floraison<\/span><\/th>\n<td class=\"data\">P\u00e9riode de floraison courte<\/td>\n<\/tr>\n<tr>\n<th class=\"label\"><span class=\"label-text\">Hauteur<\/span><\/th>\n<td class=\"data\">Plante compacte<\/td>\n<\/tr>\n<tr>\n<th class=\"label\"><span class=\"label-text\">Rendement<\/span><\/th>\n<td class=\"data\">R\u00e9colte moyenne<\/td>\n<\/tr>\n<tr>\n<th class=\"label\"><span class=\"label-text\">Zones climatiques<\/span><\/th>\n<td class=\"data\">Climat temp\u00e9r\u00e9 \/ continental<\/td>\n<\/tr>\n<\/tbody>\n<\/table>\n","protected":false},"featured_media":194177,"comment_status":"closed","ping_status":"closed","template":"","meta":[],"product_brand":[],"product_cat":[661,648,653,650,708,637],"product_tag":[],"class_list":{"0":"post-162930","1":"product","2":"type-product","3":"status-publish","4":"has-post-thumbnail","6":"product_cat-graines-autoflorissantes","7":"product_cat-graines-de-cannabis-pour-debutants","8":"product_cat-graines-de-cannabis-pour-exterieur","9":"product_cat-graines-de-cannabis-pour-interieur","10":"product_cat-sensi-seeds-groningen","11":"product_cat-varietes-pour-debutants","13":"first","14":"instock","15":"taxable","16":"shipping-taxable","17":"purchasable","18":"product-type-variable"},"_links":{"self":[{"href":"https:\/\/freeseedsonline.com\/fr\/wp-json\/wp\/v2\/product\/162930","targetHints":{"allow":["GET"]}}],"collection":[{"href":"https:\/\/freeseedsonline.com\/fr\/wp-json\/wp\/v2\/product"}],"about":[{"href":"https:\/\/freeseedsonline.com\/fr\/wp-json\/wp\/v2\/types\/product"}],"replies":[{"embeddable":true,"href":"https:\/\/freeseedsonline.com\/fr\/wp-json\/wp\/v2\/comments?post=162930"}],"wp:featuredmedia":[{"embeddable":true,"href":"https:\/\/freeseedsonline.com\/fr\/wp-json\/wp\/v2\/media\/194177"}],"wp:attachment":[{"href":"https:\/\/freeseedsonline.com\/fr\/wp-json\/wp\/v2\/media?parent=162930"}],"wp:term":[{"taxonomy":"product_brand","embeddable":true,"href":"https:\/\/freeseedsonline.com\/fr\/wp-json\/wp\/v2\/product_brand?post=162930"},{"taxonomy":"product_cat","embeddable":true,"href":"https:\/\/freeseedsonline.com\/fr\/wp-json\/wp\/v2\/product_cat?post=162930"},{"taxonomy":"product_tag","embeddable":true,"href":"https:\/\/freeseedsonline.com\/fr\/wp-json\/wp\/v2\/product_tag?post=162930"}],"curies":[{"name":"wp","href":"https:\/\/api.w.org\/{rel}","templated":true}]}}