{"id":162916,"date":"2024-11-07T20:14:44","date_gmt":"2024-11-07T20:14:44","guid":{"rendered":"https:\/\/freeseedsonline.com\/?p=162916"},"modified":"2026-02-13T18:48:25","modified_gmt":"2026-02-13T18:48:25","slug":"big-bud","status":"publish","type":"product","link":"https:\/\/freeseedsonline.com\/fr\/produits\/big-bud\/","title":{"rendered":"Big Bud"},"content":{"rendered":"<h2>Graines de Cannabis Big Bud<\/h2>\n<p>D\u00e9couvrez la puissance et l&rsquo;abondance des <strong>graines de cannabis Big Bud<\/strong>, un choix de pr\u00e9dilection de Sensi Seeds pour les cultivateurs d\u00e9butants comme exp\u00e9riment\u00e9s \u00e0 la recherche de rendements impressionnants. Si vous envisagez d\u2019<em>acheter des graines de cannabis<\/em> ou de <em>commander des graines de cannabis<\/em>, Big Bud offre une option fiable gr\u00e2ce \u00e0 sa g\u00e9n\u00e9tique robuste et sa facilit\u00e9 de culture, parfaite pour ceux qui souhaitent des <em>graines de cannabis<\/em> de haute qualit\u00e9. Ces graines sont r\u00e9put\u00e9es pour leurs \u00e9normes t\u00eates et leur productivit\u00e9 \u00e9lev\u00e9e, ce qui en fait un favori dans le monde de la culture \u00e0 domicile et professionnelle.<\/p>\n<h3>Caract\u00e9ristiques et sp\u00e9cifications<\/h3>\n<p>Les graines de cannabis Big Bud sont con\u00e7ues pour un rendement maximal et une facilit\u00e9 d\u2019utilisation, avec un ensemble de caract\u00e9ristiques impressionnantes qui s\u00e9duiront tous les cultivateurs. Voici un aper\u00e7u des principales sp\u00e9cifications, bas\u00e9es sur la g\u00e9n\u00e9tique pure de Sensi Seeds.<\/p>\n<ul>\n<li><strong>G\u00e9n\u00e9tique<\/strong> : Un hybride principalement dominant Indica, issu des lign\u00e9es Skunk et Afghani, ce qui garantit une plante robuste avec une croissance compacte.<\/li>\n<li><strong>Teneur en THC<\/strong> : Environ 15-20 %, offrant un effet puissant et relaxant sans \u00eatre trop intense, id\u00e9al pour un usage r\u00e9cr\u00e9atif et m\u00e9dicinal.<\/li>\n<li><strong>Teneur en CBD<\/strong> : Faible, environ 0,5-1 %, mais cela n\u2019enl\u00e8ve rien \u00e0 l\u2019efficacit\u00e9 de la vari\u00e9t\u00e9 pour la d\u00e9tente et le soulagement de la douleur.<\/li>\n<li><strong>Taille<\/strong> : Plantes de taille moyenne, atteignant 100-120 cm en int\u00e9rieur et pouvant facilement atteindre 150 cm en ext\u00e9rieur, selon les techniques d\u2019entra\u00eenement.<\/li>\n<li><strong>Temps de floraison<\/strong> : Environ 8-9 semaines en int\u00e9rieur, avec des r\u00e9coltes possibles en septembre-octobre en ext\u00e9rieur dans des climats temp\u00e9r\u00e9s.<\/li>\n<li><strong>Rendement<\/strong> : Excellent, avec des rendements en int\u00e9rieur allant jusqu\u2019\u00e0 600 grammes par m\u00b2 et en ext\u00e9rieur jusqu\u2019\u00e0 700 grammes par plante, gr\u00e2ce \u00e0 des t\u00eates denses et riches en r\u00e9sine.<\/li>\n<li><strong>Difficult\u00e9<\/strong> : Convient aux d\u00e9butants, avec une croissance tol\u00e9rante qui pose peu de probl\u00e8mes dans diverses conditions.<\/li>\n<\/ul>\n<h3>Informations d\u00e9taill\u00e9es sur la culture de Big Bud<\/h3>\n<p>Les graines de cannabis Big Bud sont particuli\u00e8rement polyvalentes et performent aussi bien en int\u00e9rieur qu\u2019en ext\u00e9rieur, ce qui les rend id\u00e9ales pour les cultivateurs qui souhaitent <em>commander des graines de cannabis<\/em> pour leur premier projet. Cette vari\u00e9t\u00e9 est relativement facile \u00e0 cultiver, avec un niveau de difficult\u00e9 moyen qui attire particuli\u00e8rement les d\u00e9butants, comme expliqu\u00e9 dans notre guide sur <a href=\"https:\/\/freeseedsonline.com\/fr\/cultiver-du-cannabis-pour-les-dbutants\">cultiver du cannabis pour d\u00e9butants<\/a>. Gr\u00e2ce \u00e0 sa g\u00e9n\u00e9tique robuste, Big Bud tol\u00e8re les erreurs, mais avec les bons soins, vous pouvez maximiser le potentiel de ces plantes.<\/p>\n<p>Pour la culture en int\u00e9rieur, o\u00f9 Big Bud excelle, vous pouvez utiliser une tente de culture pour un contr\u00f4le optimal de la lumi\u00e8re et de la temp\u00e9rature. Assurez un cycle lumineux de 18\/6 heures pendant la phase de croissance et passez \u00e0 12\/12 pour la floraison. Utilisez un espace bien ventil\u00e9 avec des temp\u00e9ratures comprises entre 20 et 25 \u00b0C pour \u00e9viter les moisissures, comme discut\u00e9 dans notre article sur <a href=\"https:\/\/freeseedsonline.com\/fr\/moisissures-sur-la-plante-de-cannabis-\">les moisissures sur les plantes de cannabis<\/a>. En ext\u00e9rieur, Big Bud prosp\u00e8re dans un climat ensoleill\u00e9 et chaud, id\u00e9al pour les \u00e9t\u00e9s n\u00e9erlandais, et peut \u00eatre combin\u00e9 avec des techniques de culture gu\u00e9rilla d\u00e9crites dans <a href=\"https:\/\/freeseedsonline.com\/fr\/emplacements-populaires-pour-une-culture-de-gurilla\">lieux populaires pour la culture gu\u00e9rilla<\/a>.<\/p>\n<p>Conseils sp\u00e9cifiques pour Big Bud : Commencez par faire germer les graines selon notre guide sur <a href=\"https:\/\/freeseedsonline.com\/fr\/germination-des-graines-de-cannabis\">la germination des graines de cannabis<\/a>, utilisez un sol riche et bien drain\u00e9 comme recommand\u00e9 dans <a href=\"https:\/\/freeseedsonline.com\/fr\/top-3-des-meilleurs-sols-pour-votre-plante-de-cannabis\">le meilleur sol pour les plantes de cannabis<\/a>, et nourrissez les plantes avec un engrais \u00e9quilibr\u00e9 pendant la phase de croissance. Taillez r\u00e9guli\u00e8rement pour diriger l\u2019\u00e9nergie vers les t\u00eates et envisagez des techniques d\u2019entra\u00eenement comme le LST (Low Stress Training) pour maximiser le rendement. La plante est r\u00e9sistante aux parasites, mais v\u00e9rifiez r\u00e9guli\u00e8rement comme indiqu\u00e9 dans <a href=\"https:\/\/freeseedsonline.com\/fr\/limaces-sur-la-plante-de-cannabis-que-faire-maintenant-\">les limaces sur les plantes de cannabis<\/a>. Avec de la patience et des soins de base, vous pouvez esp\u00e9rer une r\u00e9colte impressionnante en 8 \u00e0 10 semaines.<\/p>\n<h3>Effets, go\u00fbt et ar\u00f4me<\/h3>\n<p>Big Bud offre une exp\u00e9rience relaxante et euphorique, avec des effets principalement ax\u00e9s sur le corps et l\u2019esprit, gr\u00e2ce \u00e0 sa dominance Indica. Les utilisateurs rapportent une profonde d\u00e9tente qui soulage le stress et la douleur, ce qui en fait un choix populaire pour un usage m\u00e9dicinal, comme expliqu\u00e9 dans <a href=\"https:\/\/freeseedsonline.com\/fr\/cannabis-cbd-et-thc\">CBD et THC dans le cannabis<\/a>. L\u2019effet commence par un l\u00e9ger buzz c\u00e9r\u00e9bral qui \u00e9volue vers un high corporel intense, id\u00e9al pour une utilisation en soir\u00e9e ou comme analg\u00e9sique naturel.<\/p>\n<p>En termes de go\u00fbt et d\u2019ar\u00f4me, Big Bud pr\u00e9sente une saveur douce et fruit\u00e9e avec des notes de baies et de terre, qui se prolongent subtilement dans la fum\u00e9e. L\u2019ar\u00f4me est intense et sucr\u00e9 pendant la floraison, rendant la plante facilement reconnaissable. Pour ceux int\u00e9ress\u00e9s par les applications m\u00e9dicinales, comme dans <a href=\"https:\/\/freeseedsonline.com\/fr\/quelles-plantes-de-cannabis-contiennent-un-taux-lev-de-cbd-\">graines de cannabis \u00e0 haute teneur en CBD<\/a>, Big Bud est efficace contre l\u2019insomnie et la douleur chronique, bien que le taux de THC soit le principal moteur de ses effets.<\/p>\n<h3>Comparaison avec des vari\u00e9t\u00e9s similaires<\/h3>\n<p>Compar\u00e9 \u00e0 d\u2019autres vari\u00e9t\u00e9s populaires, Big Bud se distingue par son rendement exceptionnel et sa facilit\u00e9 d\u2019utilisation. Par exemple, les <a href=\"https:\/\/freeseedsonline.com\/fr\/produits\/graines-de-cannabis-skunk-xl\">graines de cannabis Skunk XL<\/a>, \u00e9galement adapt\u00e9es aux d\u00e9butants, ont un go\u00fbt plus prononc\u00e9 et skunky, mais offrent un rendement l\u00e9g\u00e8rement inf\u00e9rieur. Golden Runtz, disponible sur <a href=\"https:\/\/freeseedsonline.com\/fr\/produits\/golden-runtz\">Golden Runtz<\/a>, est plus sucr\u00e9 et a une teneur en THC plus \u00e9lev\u00e9e, mais n\u00e9cessite plus d\u2019exp\u00e9rience pour des r\u00e9sultats optimaux.<\/p>\n<p>D\u2019un autre c\u00f4t\u00e9, Big Bud ressemble \u00e0 <a href=\"https:\/\/freeseedsonline.com\/fr\/produits\/mimosa-gold-autofleurissante\">Mimosa Gold autoflower<\/a> en termes d\u2019effets relaxants, mais Big Bud l\u2019emporte en rendement et est plus adapt\u00e9 \u00e0 la culture en ext\u00e9rieur. Pour les amateurs de sativa, les <a href=\"https:\/\/freeseedsonline.com\/fr\/produits\/graines-de-cannabis-shining-silver-haze\">graines de cannabis Shining Silver Haze<\/a> sont plus \u00e9nergisantes, mais moins tol\u00e9rantes que Big Bud, qui trouve le parfait \u00e9quilibre entre facilit\u00e9 et productivit\u00e9.<\/p>\n<h3>Questions fr\u00e9quentes sur Big Bud<\/h3>\n<p>Voici les r\u00e9ponses \u00e0 quelques questions fr\u00e9quemment pos\u00e9es sur les <strong>graines de cannabis Big Bud<\/strong>, bas\u00e9es sur les exp\u00e9riences des cultivateurs et notre expertise.<\/p>\n<ul>\n<li><strong>Q :<\/strong> Quel est le temps de floraison id\u00e9al pour les graines de cannabis Big Bud ? <strong>R :<\/strong> Le temps de floraison de Big Bud est d\u2019environ 8-9 semaines en int\u00e9rieur, ce qui en fait une option rapide pour les cultivateurs, et en ext\u00e9rieur, la r\u00e9colte se fait en septembre-octobre pour une maturation optimale, selon le climat aux Pays-Bas.<\/li>\n<li><strong>Q :<\/strong> Big Bud convient-il aux d\u00e9butants pour <em>acheter des graines de cannabis<\/em> ? <strong>R :<\/strong> Oui, Big Bud est tr\u00e8s adapt\u00e9 aux d\u00e9butants gr\u00e2ce \u00e0 sa croissance tol\u00e9rante et son rendement \u00e9lev\u00e9, m\u00eame avec une exp\u00e9rience minimale, et ne n\u00e9cessite que des soins de base comme un bon \u00e9clairage et un arrosage ad\u00e9quat pour r\u00e9ussir.<\/li>\n<li><strong>Q :<\/strong> Quels sont les bienfaits pour la sant\u00e9 de Big Bud ? <strong>R :<\/strong> Big Bud aide \u00e0 la d\u00e9tente et au soulagement de la douleur gr\u00e2ce \u00e0 sa dominance Indica et sa teneur en THC, ce qui le rend utile pour le stress et les troubles du sommeil, bien qu\u2019il ne soit pas aussi orient\u00e9 CBD que certaines autres vari\u00e9t\u00e9s \u00e0 des fins m\u00e9dicinales.<\/li>\n<li><strong>Q :<\/strong> Big Bud peut-il \u00eatre cultiv\u00e9 en int\u00e9rieur et en ext\u00e9rieur ? <strong>R :<\/strong> Absolument, Big Bud performe excellemment dans les deux environnements, avec des rendements \u00e9lev\u00e9s en int\u00e9rieur dans une tente contr\u00f4l\u00e9e et une croissance robuste en ext\u00e9rieur dans un endroit ensoleill\u00e9, \u00e0 condition de pr\u00eater attention au climat et aux parasites.<\/li>\n<\/ul>\n<h3>Pourquoi commander chez nous ?<\/h3>\n<p>Chez freeseedsonline.com, vous pouvez compter sur des <em>graines de cannabis<\/em> de haute qualit\u00e9 comme Big Bud, avec une livraison rapide et des conseils d\u2019experts pour chaque \u00e9tape de la culture. Nous proposons toujours l\u2019offre attractive \u00ab 4 pour le prix de 3 \u00bb pour rendre votre achat encore plus avantageux, vous permettant d\u2019exp\u00e9rimenter davantage sans frais suppl\u00e9mentaires. Choisissez-nous pour notre exp\u00e9rience de longue date et nos clients satisfaits, et commencez d\u00e8s aujourd\u2019hui \u00e0 <em>commander des graines de cannabis<\/em> pour une culture r\u00e9ussie.<\/p>\n","protected":false},"excerpt":{"rendered":"<p><strong>Marque :<\/strong> Sensi Seeds<\/p>\n<table class=\"data-table product-attributes\">\n<tbody>\n<tr>\n<th class=\"label\"><span class=\"label-text\">Type<\/span><\/th>\n<td class=\"data\">Vari\u00e9t\u00e9 f\u00e9minis\u00e9e<\/td>\n<\/tr>\n<tr>\n<th class=\"label\"><span class=\"label-text\">Cannabis Cup Winnaars<\/span><\/th>\n<td class=\"data\">Vainqueurs de la Cannabis Cup<\/td>\n<\/tr>\n<tr>\n<th class=\"label\"><span class=\"label-text\">Sativa \/ indica<\/span><\/th>\n<td class=\"data\">Indica<\/td>\n<\/tr>\n<tr>\n<th class=\"label\"><span class=\"label-text\">Bloeitijd<\/span><\/th>\n<td class=\"data\">P\u00e9riode de floraison courte<\/td>\n<\/tr>\n<tr>\n<th class=\"label\"><span class=\"label-text\">Hoogte<\/span><\/th>\n<td class=\"data\">Croissance moyenne en hauteur<\/td>\n<\/tr>\n<tr>\n<th class=\"label\"><span class=\"label-text\">Opbrengst<\/span><\/th>\n<td class=\"data\">R\u00e9colte XXL<\/td>\n<\/tr>\n<tr>\n<th class=\"label\"><span class=\"label-text\">Klimaat zones<\/span><\/th>\n<td class=\"data\">Climat ensoleill\u00e9 \/ m\u00e9diterran\u00e9en<\/td>\n<\/tr>\n<\/tbody>\n<\/table>\n","protected":false},"featured_media":193977,"comment_status":"closed","ping_status":"closed","template":"","meta":[],"product_brand":[],"product_cat":[645,648,653,650,617,681,708,620],"product_tag":[],"class_list":{"0":"post-162916","1":"product","2":"type-product","3":"status-publish","4":"has-post-thumbnail","6":"product_cat-graines-de-cannabis-feminisees","7":"product_cat-graines-de-cannabis-pour-debutants","8":"product_cat-graines-de-cannabis-pour-exterieur","9":"product_cat-graines-de-cannabis-pour-interieur","10":"product_cat-non-classe","11":"product_cat-nouvelles-varietes-de-graines-de-cannabis","12":"product_cat-sensi-seeds-groningen","13":"product_cat-toutes-les-varietes","15":"first","16":"instock","17":"taxable","18":"shipping-taxable","19":"purchasable","20":"product-type-variable"},"_links":{"self":[{"href":"https:\/\/freeseedsonline.com\/fr\/wp-json\/wp\/v2\/product\/162916","targetHints":{"allow":["GET"]}}],"collection":[{"href":"https:\/\/freeseedsonline.com\/fr\/wp-json\/wp\/v2\/product"}],"about":[{"href":"https:\/\/freeseedsonline.com\/fr\/wp-json\/wp\/v2\/types\/product"}],"replies":[{"embeddable":true,"href":"https:\/\/freeseedsonline.com\/fr\/wp-json\/wp\/v2\/comments?post=162916"}],"wp:featuredmedia":[{"embeddable":true,"href":"https:\/\/freeseedsonline.com\/fr\/wp-json\/wp\/v2\/media\/193977"}],"wp:attachment":[{"href":"https:\/\/freeseedsonline.com\/fr\/wp-json\/wp\/v2\/media?parent=162916"}],"wp:term":[{"taxonomy":"product_brand","embeddable":true,"href":"https:\/\/freeseedsonline.com\/fr\/wp-json\/wp\/v2\/product_brand?post=162916"},{"taxonomy":"product_cat","embeddable":true,"href":"https:\/\/freeseedsonline.com\/fr\/wp-json\/wp\/v2\/product_cat?post=162916"},{"taxonomy":"product_tag","embeddable":true,"href":"https:\/\/freeseedsonline.com\/fr\/wp-json\/wp\/v2\/product_tag?post=162916"}],"curies":[{"name":"wp","href":"https:\/\/api.w.org\/{rel}","templated":true}]}}