{"id":162907,"date":"2024-11-07T20:14:36","date_gmt":"2024-11-07T20:14:36","guid":{"rendered":"https:\/\/freeseedsonline.com\/?p=162907"},"modified":"2026-02-13T18:40:43","modified_gmt":"2026-02-13T18:40:43","slug":"shiva-skunk","status":"publish","type":"product","link":"https:\/\/freeseedsonline.com\/fr\/produits\/shiva-skunk\/","title":{"rendered":"Shiva SKUNK"},"content":{"rendered":"<h2>Graines de cannabis Shiva SKUNK<\/h2>\n<p>D\u00e9couvrez les embl\u00e9matiques graines de cannabis Shiva SKUNK sur freeseedsonline.com, un hybride puissant qui reste depuis des ann\u00e9es un favori parmi les cultivateurs \u00e0 la recherche de graines de cannabis \u00e0 acheter ou \u00e0 commander. Avec sa g\u00e9n\u00e9tique robuste et ses rendements impressionnants, Shiva SKUNK est le choix id\u00e9al pour les d\u00e9butants comme pour les amateurs exp\u00e9riment\u00e9s de graines de cannabis, cherchant un \u00e9quilibre entre une culture facile et une forte puissance. Ces graines premium de Sensi Seeds Groningen promettent non seulement une qualit\u00e9 \u00e9lev\u00e9e, mais aussi une croissance fiable qui se traduit par des r\u00e9coltes abondantes.<\/p>\n<h3>Caract\u00e9ristiques et sp\u00e9cifications<\/h3>\n<p>Les graines de cannabis Shiva SKUNK sont un hybride \u00e0 dominance indica, issu de la l\u00e9gendaire g\u00e9n\u00e9tique Skunk #1, crois\u00e9e avec d&rsquo;autres vari\u00e9t\u00e9s stables pour des performances optimales. Ces graines sont reconnues pour leur fiabilit\u00e9 et leur polyvalence, ce qui les rend parfaites pour divers environnements de culture. Voici un aper\u00e7u des principales caract\u00e9ristiques et sp\u00e9cifications :<\/p>\n<ul>\n<li><strong>G\u00e9n\u00e9tique :<\/strong> Hybride \u00e0 dominance indica, d\u00e9riv\u00e9 de Skunk #1 et Northern Lights, offrant une plante robuste et r\u00e9sistante avec une croissance stable.<\/li>\n<li><strong>Teneur en THC :<\/strong> \u00c9lev\u00e9e, avec des valeurs autour de 18-22 %, procurant un effet puissant et durable pour les utilisateurs en qu\u00eate de relaxation intense.<\/li>\n<li><strong>Teneur en CBD :<\/strong> Faible, environ 0,5-1 %, ce qui rend cette vari\u00e9t\u00e9 plus orient\u00e9e vers un usage r\u00e9cr\u00e9atif, tout en restant adapt\u00e9e \u00e0 des applications m\u00e9dicinales l\u00e9g\u00e8res.<\/li>\n<li><strong>Taille de la plante :<\/strong> Croissance compacte, avec des plantes atteignant 100-120 cm en int\u00e9rieur et pouvant facilement atteindre 150 cm en ext\u00e9rieur, selon les conditions de culture.<\/li>\n<li><strong>P\u00e9riode de floraison :<\/strong> Rapide, avec une dur\u00e9e de floraison de 8-9 semaines en int\u00e9rieur, et l\u00e9g\u00e8rement plus longue en ext\u00e9rieur pour une r\u00e9colte optimale \u00e0 la fin de l&rsquo;\u00e9t\u00e9 ou au d\u00e9but de l&rsquo;automne.<\/li>\n<li><strong>Rendement :<\/strong> Excellent, avec des rendements en int\u00e9rieur allant jusqu&rsquo;\u00e0 500 grammes par m\u00b2 et en ext\u00e9rieur jusqu&rsquo;\u00e0 600 grammes par plante, gr\u00e2ce \u00e0 des t\u00eates denses et riches en r\u00e9sine.<\/li>\n<li><strong>Taux de germination :<\/strong> Excellent, avec un taux de r\u00e9ussite sup\u00e9rieur \u00e0 90 %, ce qui rend ces graines id\u00e9ales pour ceux qui souhaitent commander des graines de cannabis fiables.<\/li>\n<\/ul>\n<h3>Informations d\u00e9taill\u00e9es sur la culture de Shiva SKUNK<\/h3>\n<p>Lors de la culture des graines de cannabis Shiva SKUNK, l&rsquo;accent est mis sur la simplicit\u00e9 et la polyvalence, ce qui rend cette vari\u00e9t\u00e9 particuli\u00e8rement adapt\u00e9e aux d\u00e9butants. Avec un niveau de difficult\u00e9 moyen, elle est facile \u00e0 g\u00e9rer, m\u00eame dans des conditions moins id\u00e9ales, et performe exceptionnellement bien en int\u00e9rieur comme en ext\u00e9rieur. Pour des r\u00e9sultats optimaux, nous recommandons de commencer par une bonne m\u00e9thode de germination, comme d\u00e9crit dans notre guide sur <a href=\"https:\/\/freeseedsonline.com\/fr\/germination-des-graines-de-cannabis\">la germination des graines de cannabis<\/a>, afin de faire germer les graines rapidement et en toute s\u00e9curit\u00e9.<\/p>\n<p><strong>Culture en int\u00e9rieur :<\/strong> Shiva SKUNK prosp\u00e8re dans un environnement contr\u00f4l\u00e9, comme une tente de culture. Utilisez un substrat \u00e0 pH \u00e9quilibr\u00e9, comme recommand\u00e9 dans <a href=\"https:\/\/freeseedsonline.com\/fr\/top-3-des-meilleurs-sols-pour-votre-plante-de-cannabis\">le meilleur terreau pour les plantes de cannabis<\/a>, et maintenez la temp\u00e9rature entre 20-25\u00b0C pendant la phase de croissance. Appliquez des techniques comme le SCROG pour un rendement maximal ; plus d&rsquo;informations \u00e0 ce sujet dans notre article sur <a href=\"https:\/\/freeseedsonline.com\/fr\/cultiver-du-cannabis-avec-la-mthode-scrog\">la culture de cannabis avec la m\u00e9thode SCROG<\/a>. La plante r\u00e9pond bien aux techniques d&rsquo;entra\u00eenement comme le fimming, que vous pouvez apprendre via <a href=\"https:\/\/freeseedsonline.com\/fr\/tailler-les-plantes-de-cannabis\">le fimming des plantes de cannabis<\/a>, pour optimiser la croissance et cr\u00e9er une canop\u00e9e uniforme.<\/p>\n<p><strong>Culture en ext\u00e9rieur :<\/strong> Cette vari\u00e9t\u00e9 est robuste face aux conditions m\u00e9t\u00e9orologiques changeantes et id\u00e9ale pour une culture de type gu\u00e9rilla aux Pays-Bas. Plantez les graines au printemps et assurez-vous d&rsquo;un emplacement ensoleill\u00e9 avec un bon drainage pour \u00e9viter les moisissures, comme discut\u00e9 dans <a href=\"https:\/\/freeseedsonline.com\/fr\/moisissures-sur-la-plante-de-cannabis-\">les moisissures sur les plantes de cannabis<\/a>. Pour les d\u00e9butants, il est conseill\u00e9 de commencer avec des m\u00e9thodes de lutte biologique, comme expliqu\u00e9 dans <a href=\"https:\/\/freeseedsonline.com\/fr\/combattre-les-moisissures-et-les-nuisibles-de-manire-biologique\">la lutte biologique contre les moisissures et les nuisibles<\/a>. Tenez compte de la phase de croissance, qui dure environ 4-6 semaines avant le d\u00e9but de la floraison \u2013 des conseils \u00e0 ce sujet sont disponibles dans <a href=\"https:\/\/freeseedsonline.com\/fr\/croissance-8211-comment-fonctionne-la-priode-de-croissance-de-votre-plante-de-cannabis-\">la p\u00e9riode de croissance des plantes de cannabis<\/a>. Conseils g\u00e9n\u00e9raux : Conservez les graines dans un endroit frais et sec, et surveillez l&rsquo;apport en nutriments pour \u00e9viter la sur-fertilisation, ce qui b\u00e9n\u00e9ficie \u00e0 la saveur et au rendement.<\/p>\n<h3>Effets, go\u00fbt et ar\u00f4me de Shiva SKUNK<\/h3>\n<p>Shiva SKUNK offre un high puissant et relaxant, pr\u00e9sentant principalement des caract\u00e9ristiques indica, comme d\u00e9crit dans <a href=\"https:\/\/freeseedsonline.com\/fr\/cannabis-indica\">cannabis indica<\/a>, avec un effet corporel profond qui soulage le stress et la douleur. Les effets commencent par une vague euphorique, suivie d&rsquo;une relaxation apaisante, id\u00e9ale pour une utilisation en soir\u00e9e ou \u00e0 des fins m\u00e9dicinales comme le soulagement de la douleur et les troubles du sommeil. Cela la rend populaire aupr\u00e8s des utilisateurs int\u00e9ress\u00e9s par <a href=\"https:\/\/freeseedsonline.com\/fr\/quelles-plantes-de-cannabis-contiennent-un-taux-lev-de-cbd-\">les graines de cannabis \u00e0 haute teneur en CBD<\/a>, bien que sa dominance en THC renforce ses bienfaits m\u00e9dicinaux.<\/p>\n<p>En termes de go\u00fbt et d&rsquo;ar\u00f4me, Shiva SKUNK est inimitable : une odeur terreuse et skunky avec des notes de citron et de brandy, qui remplit l&rsquo;espace pendant la floraison. Le go\u00fbt est robuste et complexe, avec une arri\u00e8re-note d&rsquo;herbes et de fruits, ce qui la rend unique par rapport aux vari\u00e9t\u00e9s plus l\u00e9g\u00e8res. Pour en savoir plus sur les diff\u00e9rences, consultez <a href=\"https:\/\/freeseedsonline.com\/fr\/quelle-est-la-diffrence-entre-indica-et-sativa-\">la diff\u00e9rence entre indica et sativa<\/a>. Sur le plan m\u00e9dical, elle peut aider \u00e0 soulager l&rsquo;anxi\u00e9t\u00e9 et la douleur chronique, mais consultez toujours un professionnel avant de commander des graines de cannabis \u00e0 des fins th\u00e9rapeutiques.<\/p>\n<h3>Comparaison avec des vari\u00e9t\u00e9s similaires<\/h3>\n<p>Shiva SKUNK se distingue par son \u00e9quilibre entre puissance et facilit\u00e9 d&rsquo;utilisation, mais comment se compare-t-elle \u00e0 d&rsquo;autres vari\u00e9t\u00e9s populaires ? Compar\u00e9e \u00e0 <a href=\"https:\/\/freeseedsonline.com\/fr\/produits\/graines-de-cannabis-super-cheese\">les graines de cannabis Super Cheese<\/a>, qui ont un go\u00fbt fromag\u00e9 et une p\u00e9riode de floraison l\u00e9g\u00e8rement plus longue, Shiva SKUNK offre une r\u00e9colte plus rapide et un rendement plus \u00e9lev\u00e9, id\u00e9al pour les d\u00e9butants. Par rapport \u00e0 <a href=\"https:\/\/freeseedsonline.com\/fr\/produits\/pack-de-10---sour-diesel-haze-autofloraison\">Sour Diesel Haze autofleurissante<\/a>, elle est moins orient\u00e9e sativa et plus relaxante, tandis que <a href=\"https:\/\/freeseedsonline.com\/fr\/produits\/sweet-cherry-kush-\">Sweet Cherry Kush<\/a> a un go\u00fbt plus sucr\u00e9 mais est moins r\u00e9sistante aux conditions ext\u00e9rieures. En somme, si vous souhaitez acheter des graines de cannabis pour leur polyvalence, Shiva SKUNK est un choix fiable par rapport \u00e0 ces alternatives.<\/p>\n<h3>Questions fr\u00e9quentes sur les graines de cannabis Shiva SKUNK<\/h3>\n<p><strong>Q : Quelle est la p\u00e9riode de floraison des graines de cannabis Shiva SKUNK ?<\/strong><br \/><strong>R :<\/strong> La p\u00e9riode de floraison de Shiva SKUNK est relativement courte, avec 8-9 semaines en int\u00e9rieur pour une r\u00e9colte compl\u00e8te, et un peu plus longue en ext\u00e9rieur selon le climat, ce qui en fait une option efficace pour les cultivateurs souhaitant des r\u00e9sultats rapides.<\/p>\n<p><strong>Q : Shiva SKUNK convient-elle aux d\u00e9butants ?<\/strong><br \/><strong>R :<\/strong> Oui, cette vari\u00e9t\u00e9 est tr\u00e8s adapt\u00e9e aux d\u00e9butants gr\u00e2ce \u00e0 son taux de germination \u00e9lev\u00e9 et sa croissance robuste, qui performe bien m\u00eame dans des conditions moins id\u00e9ales, comme expliqu\u00e9 dans <a href=\"https:\/\/freeseedsonline.com\/fr\/cultiver-du-cannabis-pour-les-dbutants\">la culture de cannabis pour d\u00e9butants<\/a>, avec un minimum d&rsquo;entra\u00eenement requis pour des r\u00e9sultats r\u00e9ussis.<\/p>\n<p><strong>Q : Comment conserver au mieux les graines de cannabis Shiva SKUNK ?<\/strong><br \/><strong>R :<\/strong> Conservez les graines dans un endroit frais, sombre et sec, de pr\u00e9f\u00e9rence dans un emballage herm\u00e9tique \u00e0 des temp\u00e9ratures inf\u00e9rieures \u00e0 10\u00b0C, pour pr\u00e9server leur pouvoir de germination et \u00e9viter qu&rsquo;elles ne perdent leur puissance, comme recommand\u00e9 dans nos guides de culture.<\/p>\n<p><strong>Q : Quelle est la teneur en THC de Shiva SKUNK ?<\/strong><br \/><strong>R :<\/strong> La teneur en THC se situe entre 18 et 22 %, offrant un effet fort et durable, mais commencez par de petites doses si vous \u00eates novice, et combinez avec les connaissances de <a href=\"https:\/\/freeseedsonline.com\/fr\/cannabis-cbd-et-thc\">cannabis CBD et THC<\/a> pour une exp\u00e9rience s\u00e9curis\u00e9e.<\/p>\n<h3>Pourquoi commander chez nous ?<\/h3>\n<p>Chez freeseedsonline.com, vous optez pour la qualit\u00e9 et la fiabilit\u00e9 lorsque vous commandez des graines de cannabis Shiva SKUNK. Nous proposons non seulement des graines de cannabis fra\u00eeches et premium avec un taux de germination garanti, mais aussi des avantages exclusifs comme notre offre \u00ab\u00a04 pour le prix de 3\u00a0\u00bb, vous offrant plus de valeur pour votre argent. Avec une livraison rapide, des conseils d&rsquo;experts et un environnement d&rsquo;achat s\u00e9curis\u00e9, vous \u00eates assur\u00e9 d&rsquo;une exp\u00e9rience positive, soutenue par des ann\u00e9es d&rsquo;expertise dans l&rsquo;achat de graines de cannabis. Rejoignez d\u00e8s aujourd&rsquo;hui nos clients satisfaits et d\u00e9couvrez pourquoi nous sommes la source de confiance pour tous vos besoins en culture.<\/p>\n","protected":false},"excerpt":{"rendered":"<p><strong>Marque :<\/strong> Sensi Seeds<\/p>\n<table class=\"data-table product-attributes\">\n<tbody>\n<tr>\n<th class=\"label\"><span class=\"label-text\">Type<\/span><\/th>\n<td class=\"data\">Vari\u00e9t\u00e9 f\u00e9minis\u00e9e<\/td>\n<\/tr>\n<tr>\n<th class=\"label\"><span class=\"label-text\">Vainqueurs de la Cannabis Cup<\/span><\/th>\n<td class=\"data\">Vainqueurs de la Cannabis Cup<\/td>\n<\/tr>\n<tr>\n<th class=\"label\"><span class=\"label-text\"><a href=\"https:\/\/freeseedsonline.com\/wat-is-verschil-indica-en-sativa\/\" data-wpil-monitor-id=\"22\">Sativa \/ indica<\/a><\/span><\/th>\n<td class=\"data\">Indica<\/td>\n<\/tr>\n<tr>\n<th class=\"label\"><span class=\"label-text\">Temps de floraison<\/span><\/th>\n<td class=\"data\">P\u00e9riode de floraison courte<\/td>\n<\/tr>\n<tr>\n<th class=\"label\"><span class=\"label-text\">Hauteur<\/span><\/th>\n<td class=\"data\">Plante compacte<\/td>\n<\/tr>\n<tr>\n<th class=\"label\"><span class=\"label-text\">Rendement<\/span><\/th>\n<td class=\"data\">R\u00e9colte \u00e9norme<\/td>\n<\/tr>\n<tr>\n<th class=\"label\"><span class=\"label-text\">Zones climatiques<\/span><\/th>\n<td class=\"data\">Climat temp\u00e9r\u00e9 \/ continental<\/td>\n<\/tr>\n<\/tbody>\n<\/table>\n","protected":false},"featured_media":193817,"comment_status":"closed","ping_status":"closed","template":"","meta":[],"product_brand":[],"product_cat":[645,648,653,650,617,681,708,620],"product_tag":[],"class_list":{"0":"post-162907","1":"product","2":"type-product","3":"status-publish","4":"has-post-thumbnail","6":"product_cat-graines-de-cannabis-feminisees","7":"product_cat-graines-de-cannabis-pour-debutants","8":"product_cat-graines-de-cannabis-pour-exterieur","9":"product_cat-graines-de-cannabis-pour-interieur","10":"product_cat-non-classe","11":"product_cat-nouvelles-varietes-de-graines-de-cannabis","12":"product_cat-sensi-seeds-groningen","13":"product_cat-toutes-les-varietes","15":"first","16":"instock","17":"taxable","18":"shipping-taxable","19":"purchasable","20":"product-type-variable"},"_links":{"self":[{"href":"https:\/\/freeseedsonline.com\/fr\/wp-json\/wp\/v2\/product\/162907","targetHints":{"allow":["GET"]}}],"collection":[{"href":"https:\/\/freeseedsonline.com\/fr\/wp-json\/wp\/v2\/product"}],"about":[{"href":"https:\/\/freeseedsonline.com\/fr\/wp-json\/wp\/v2\/types\/product"}],"replies":[{"embeddable":true,"href":"https:\/\/freeseedsonline.com\/fr\/wp-json\/wp\/v2\/comments?post=162907"}],"wp:featuredmedia":[{"embeddable":true,"href":"https:\/\/freeseedsonline.com\/fr\/wp-json\/wp\/v2\/media\/193817"}],"wp:attachment":[{"href":"https:\/\/freeseedsonline.com\/fr\/wp-json\/wp\/v2\/media?parent=162907"}],"wp:term":[{"taxonomy":"product_brand","embeddable":true,"href":"https:\/\/freeseedsonline.com\/fr\/wp-json\/wp\/v2\/product_brand?post=162907"},{"taxonomy":"product_cat","embeddable":true,"href":"https:\/\/freeseedsonline.com\/fr\/wp-json\/wp\/v2\/product_cat?post=162907"},{"taxonomy":"product_tag","embeddable":true,"href":"https:\/\/freeseedsonline.com\/fr\/wp-json\/wp\/v2\/product_tag?post=162907"}],"curies":[{"name":"wp","href":"https:\/\/api.w.org\/{rel}","templated":true}]}}