{"id":162905,"date":"2024-11-07T20:14:36","date_gmt":"2024-11-07T20:14:36","guid":{"rendered":"https:\/\/freeseedsonline.com\/?p=162905"},"modified":"2026-02-13T18:39:06","modified_gmt":"2026-02-13T18:39:06","slug":"afghani-1","status":"publish","type":"product","link":"https:\/\/freeseedsonline.com\/fr\/produits\/afghani-1\/","title":{"rendered":"AFGHANI #1 \u00ae"},"content":{"rendered":"<h2>AFGHANI #1 \u00ae Graines de Cannabis<\/h2>\n<p>D\u00e9couvrez la puissance pure et la tradition des <strong>AFGHANI #1 \u00ae<\/strong> graines de cannabis, une vari\u00e9t\u00e9 Indica embl\u00e9matique de Sensi Seeds qui s\u00e9duit les cultivateurs depuis des g\u00e9n\u00e9rations gr\u00e2ce \u00e0 sa g\u00e9n\u00e9tique robuste et ses rendements impressionnants. Si vous cherchez \u00e0 <strong>acheter des graines de cannabis<\/strong> ou \u00e0 <strong>commander des graines de cannabis<\/strong> pour une culture simple et gratifiante, ce classique est le choix id\u00e9al pour les d\u00e9butants comme pour les cultivateurs exp\u00e9riment\u00e9s. Avec son riche h\u00e9ritage des vall\u00e9es afghanes, <strong>AFGHANI #1 \u00ae<\/strong> incarne l\u2019essence des <strong>graines de cannabis<\/strong> de qualit\u00e9 sup\u00e9rieure, produisant sans effort des t\u00eates de haute qualit\u00e9.<\/p>\n<h3>Caract\u00e9ristiques et sp\u00e9cifications<\/h3>\n<p>La <strong>AFGHANI #1 \u00ae<\/strong> est r\u00e9put\u00e9e pour sa g\u00e9n\u00e9tique Indica pure, qui donne des plantes compactes avec une croissance vigoureuse et des caract\u00e9ristiques impressionnantes. Voici un aper\u00e7u des principales caract\u00e9ristiques qui font de cette vari\u00e9t\u00e9 un choix de pr\u00e9dilection pour <strong>commander des graines de cannabis<\/strong> en France.<\/p>\n<ul>\n<li><strong>G\u00e9n\u00e9tique :<\/strong> 100 % Indica, originaire des r\u00e9gions fertiles d\u2019Afghanistan, offrant une lign\u00e9e stable et coh\u00e9rente avec une variation minimale.<\/li>\n<li><strong>Teneur en THC :<\/strong> Environ 18-22 %, offrant des effets puissants sans \u00eatre \u00e9crasants, id\u00e9al pour la d\u00e9tente et un usage r\u00e9cr\u00e9atif.<\/li>\n<li><strong>Teneur en CBD :<\/strong> Faible, environ 0,5-1 %, ce qui rend cette vari\u00e9t\u00e9 plus orient\u00e9e vers les effets psychoactifs que vers des applications m\u00e9dicinales, bien qu\u2019elle puisse soulager des douleurs l\u00e9g\u00e8res.<\/li>\n<li><strong>Taille :<\/strong> Plantes compactes de 60-100 cm, parfaites pour la culture en int\u00e9rieur comme en ext\u00e9rieur, avec une croissance buissonnante qui prend peu de place.<\/li>\n<li><strong>Temps de floraison :<\/strong> 8-9 semaines en int\u00e9rieur, ou de fin septembre \u00e0 d\u00e9but octobre en ext\u00e9rieur, ce qui la rend adapt\u00e9e \u00e0 diff\u00e9rentes saisons.<\/li>\n<li><strong>Rendement :<\/strong> Haut potentiel avec jusqu\u2019\u00e0 500 g\/m\u00b2 en int\u00e9rieur et 400-600 g par plante en ext\u00e9rieur, selon les conditions de culture et les techniques d\u00e9crites dans notre guide sur <a href=\"https:\/\/freeseedsonline.com\/fr\/cultiver-du-cannabis-pour-les-dbutants\">cultiver du cannabis pour d\u00e9butants<\/a>.<\/li>\n<li><strong>Difficult\u00e9 :<\/strong> Faible, ce qui en fait une excellente option pour les novices dans le monde des <strong>graines de cannabis<\/strong>.<\/li>\n<\/ul>\n<h3>Informations d\u00e9taill\u00e9es sur la culture<\/h3>\n<p>La <strong>AFGHANI #1 \u00ae<\/strong> est l\u2019une des vari\u00e9t\u00e9s les plus tol\u00e9rantes pour la culture, avec un niveau de difficult\u00e9 faible qui convient parfaitement aux d\u00e9butants. Ces graines prosp\u00e8rent aussi bien en int\u00e9rieur qu\u2019en ext\u00e9rieur, mais excellent dans un environnement contr\u00f4l\u00e9 o\u00f9 vous pouvez optimiser la temp\u00e9rature et l\u2019humidit\u00e9. Pour une culture r\u00e9ussie, il est essentiel de commencer par une bonne germination, comme expliqu\u00e9 dans notre article sur <a href=\"https:\/\/freeseedsonline.com\/fr\/germination-des-graines-de-cannabis\">la germination des graines de cannabis<\/a>, afin de poser des bases solides.<\/p>\n<p>En culture int\u00e9rieure, o\u00f9 <strong>AFGHANI #1 \u00ae<\/strong> excelle, vous pouvez utiliser une tente de culture pour un contr\u00f4le optimal. Maintenez la temp\u00e9rature entre 20-25\u00b0C pendant la phase de croissance et r\u00e9duisez-la l\u00e9g\u00e8rement \u00e0 18-22\u00b0C pendant la floraison pour \u00e9viter les probl\u00e8mes de moisissure \u2013 consultez nos conseils dans <a href=\"https:\/\/freeseedsonline.com\/fr\/cultiver-du-cannabis-en-intrieur\">cultiver du cannabis en int\u00e9rieur<\/a> pour plus de d\u00e9tails. En ext\u00e9rieur, cette vari\u00e9t\u00e9 performe bien dans un climat ensoleill\u00e9 et chaud, avec une pr\u00e9f\u00e9rence pour un sol bien drain\u00e9 comme d\u00e9crit dans <a href=\"https:\/\/freeseedsonline.com\/fr\/top-3-des-meilleurs-sols-pour-votre-plante-de-cannabis\">le meilleur sol pour les plantes de cannabis<\/a>. Astuces pour r\u00e9ussir : entra\u00eenez les plantes avec des techniques comme le fimming, comme discut\u00e9 dans <a href=\"https:\/\/freeseedsonline.com\/fr\/tailler-les-plantes-de-cannabis\">le fimming des plantes de cannabis<\/a>, pour maximiser le rendement et favoriser une croissance uniforme.<\/p>\n<p>Pour les d\u00e9butants, nous recommandons de commencer avec une configuration simple : utilisez des pots d\u2019au moins 10 litres et assurez-vous que le pH du sol est compris entre 6 et 7. La difficult\u00e9 est faible, mais restez vigilant face \u00e0 un arrosage excessif ou aux probl\u00e8mes de parasites ; notre guide sur <a href=\"https:\/\/freeseedsonline.com\/fr\/combattre-les-moisissures-et-les-nuisibles-de-manire-biologique\">lutter biologiquement contre les moisissures et les parasites<\/a> propose des solutions pratiques. Que vous cultiviez en int\u00e9rieur ou en ext\u00e9rieur, <strong>AFGHANI #1 \u00ae<\/strong> fait preuve de r\u00e9silience face aux conditions variables, avec une phase de croissance de 4 \u00e0 6 semaines avant le d\u00e9but de la floraison.<\/p>\n<h3>Effets, go\u00fbt et ar\u00f4me<\/h3>\n<p>La <strong>AFGHANI #1 \u00ae<\/strong> offre une exp\u00e9rience profonde et relaxante typique des vari\u00e9t\u00e9s Indica, avec des effets qui commencent par un high corporel chaleureux et \u00e9voluent vers un sommeil apaisant. Les utilisateurs rapportent souvent une forte d\u00e9tente qui aide \u00e0 soulager le stress, les tensions musculaires et les troubles du sommeil, ce qui en fait un choix populaire pour un usage m\u00e9dicinal \u2013 plus d\u2019informations sur le CBD et le THC dans <a href=\"https:\/\/freeseedsonline.com\/fr\/cannabis-cbd-et-thc\">notre article sur le cannabis CBD et THC<\/a>. Les effets durent 2 \u00e0 3 heures et sont id\u00e9aux pour une utilisation en soir\u00e9e, sans le high c\u00e9r\u00e9bral \u00e9crasant des Sativas.<\/p>\n<p>En termes de go\u00fbt et d\u2019ar\u00f4me, <strong>AFGHANI #1 \u00ae<\/strong> pr\u00e9sente un profil riche et terreux avec des notes de haschisch et de pin, inspir\u00e9 de ses racines afghanes. Le go\u00fbt est profond et noisett\u00e9, avec une touche sucr\u00e9e qui se r\u00e9v\u00e8le \u00e0 l\u2019inhalation, parfait pour les amateurs de cannabis traditionnel. L\u2019ar\u00f4me est intense et p\u00e9n\u00e9trant, ce qui en fait un favori pour les extractions ou les edibles, comme les recettes dans <a href=\"https:\/\/freeseedsonline.com\/fr\/cuisiner-de-manire-crative-avec-du-cannabis-recettes-varies-base-de-graines-de-cannabis\">cuisiner cr\u00e9ativement avec du cannabis<\/a>. Pour un usage m\u00e9dicinal, cette vari\u00e9t\u00e9 peut soulager les douleurs chroniques ou l\u2019anxi\u00e9t\u00e9 gr\u00e2ce \u00e0 son \u00e9quilibre de terp\u00e8nes.<\/p>\n<h3>Comparaison avec des vari\u00e9t\u00e9s similaires<\/h3>\n<p>Compar\u00e9e \u00e0 d\u2019autres vari\u00e9t\u00e9s \u00e0 dominance Indica, <strong>AFGHANI #1 \u00ae<\/strong> se distingue par sa g\u00e9n\u00e9tique pure et sa facilit\u00e9 de culture, mais elle partage des similitudes avec des variantes comme la <a href=\"https:\/\/freeseedsonline.com\/fr\/produits\/super-skunk\">Super Skunk<\/a>, qui offre \u00e9galement un rendement \u00e9lev\u00e9 mais avec un ar\u00f4me plus fruit\u00e9. Contrairement \u00e0 la <a href=\"https:\/\/freeseedsonline.com\/fr\/produits\/graines-de-cannabis-white-widow-autoflower-pack-de-10\">White Widow Autoflower<\/a>, qui fleurit plus rapidement, <strong>AFGHANI #1 \u00ae<\/strong> a un cycle l\u00e9g\u00e8rement plus long mais offre des r\u00e9sultats plus constants dans les climats froids. Pour ceux qui recherchent plus d\u2019influences Sativa, la <a href=\"https:\/\/freeseedsonline.com\/fr\/produits\/mexican-sativa\">Mexican Sativa\u00ae<\/a> est une bonne alternative, bien qu\u2019elle soit moins relaxante. En somme, <strong>AFGHANI #1 \u00ae<\/strong> est id\u00e9ale pour les puristes qui privil\u00e9gient la fiabilit\u00e9 \u00e0 l\u2019innovation.<\/p>\n<h3>Questions fr\u00e9quentes sur AFGHANI #1 \u00ae<\/h3>\n<p><strong>Q : AFGHANI #1 \u00ae convient-elle aux d\u00e9butants ?<\/strong><br \/>\nR : Oui, cette vari\u00e9t\u00e9 est parfaite pour les d\u00e9butants gr\u00e2ce \u00e0 sa faible difficult\u00e9 et sa croissance r\u00e9siliente, ce qui signifie qu\u2019elle performe bien m\u00eame dans des conditions moins id\u00e9ales, comme d\u00e9crit dans nos guides pour d\u00e9butants.<\/p>\n<p><strong>Q : Quelle est la meilleure fa\u00e7on de cultiver AFGHANI #1 \u00ae, en int\u00e9rieur ou en ext\u00e9rieur ?<\/strong><br \/>\nR : Les deux options fonctionnent tr\u00e8s bien, mais la culture en int\u00e9rieur offre plus de contr\u00f4le sur l\u2019environnement pour des rendements optimaux, tandis que la culture en ext\u00e9rieur b\u00e9n\u00e9ficie de la lumi\u00e8re naturelle du soleil dans les r\u00e9gions plus chaudes, avec des conseils disponibles dans nos articles sur la culture en ext\u00e9rieur.<\/p>\n<p><strong>Q : Combien de temps faut-il pour qu\u2019AFGHANI #1 \u00ae soit pr\u00eate \u00e0 \u00eatre r\u00e9colt\u00e9e ?<\/strong><br \/>\nR : Le temps de floraison est d\u2019environ 8-9 semaines en int\u00e9rieur, ou jusqu\u2019\u00e0 fin septembre en ext\u00e9rieur, ce qui en fait une option fiable pour une culture saisonni\u00e8re sans d\u00e9lais inutiles.<\/p>\n<p><strong>Q : AFGHANI #1 \u00ae peut-elle \u00eatre utilis\u00e9e \u00e0 des fins m\u00e9dicinales ?<\/strong><br \/>\nR : Absolument, ses effets relaxants sont efficaces contre le stress et la douleur, bien qu\u2019elle ait une teneur en THC plus \u00e9lev\u00e9e, ce que vous pouvez comparer avec d\u2019autres vari\u00e9t\u00e9s m\u00e9dicinales dans nos blogs li\u00e9s au CBD.<\/p>\n<h3>Pourquoi commander chez nous<\/h3>\n<p>Chez freeseedsonline.com, nous proposons non seulement des <strong>graines de cannabis AFGHANI #1 \u00ae<\/strong> de qualit\u00e9 sup\u00e9rieure de Sensi Seeds, mais aussi une exp\u00e9rience d\u2019achat s\u00e9curis\u00e9e et discr\u00e8te pour tous vos besoins en <strong>achat de graines de cannabis<\/strong>. Notre \u00e9quipe est reconnue pour son service fiable, une livraison rapide et des conseils d\u2019experts, afin que vous puissiez cultiver en toute confiance. De plus, profitez de notre offre exclusive : <strong>4 pour le prix de 3<\/strong>, ce qui ajoute une valeur suppl\u00e9mentaire \u00e0 votre achat et vous donne l\u2019opportunit\u00e9 d\u2019essayer plusieurs vari\u00e9t\u00e9s, comme la <a href=\"https:\/\/freeseedsonline.com\/fr\/produits\/sherbet-queen-gold-autofleurissante\">Sherbet Queen Gold Autoflower<\/a>.<\/p>\n","protected":false},"excerpt":{"rendered":"<p><strong>Marque :<\/strong> Sensi Seeds<\/p>\n<table class=\"data-table product-attributes\">\n<tbody>\n<tr>\n<th class=\"label\"><span class=\"label-text\">Type<\/span><\/th>\n<td class=\"data\">Vari\u00e9t\u00e9 f\u00e9minis\u00e9e<\/td>\n<\/tr>\n<tr>\n<th class=\"label\"><span class=\"label-text\"><a href=\"https:\/\/freeseedsonline.com\/wat-is-verschil-indica-en-sativa\/\" data-wpil-monitor-id=\"19\">Sativa \/ indica<\/a><\/span><\/th>\n<td class=\"data\">Indica<\/td>\n<\/tr>\n<tr>\n<th class=\"label\"><span class=\"label-text\">Temps de floraison<\/span><\/th>\n<td class=\"data\">P\u00e9riode de floraison courte<\/td>\n<\/tr>\n<tr>\n<th class=\"label\"><span class=\"label-text\">Hauteur<\/span><\/th>\n<td class=\"data\">Croissance moyenne en hauteur<\/td>\n<\/tr>\n<tr>\n<th class=\"label\"><span class=\"label-text\">Rendement<\/span><\/th>\n<td class=\"data\">R\u00e9colte \u00e9norme<\/td>\n<\/tr>\n<tr>\n<th class=\"label\"><span class=\"label-text\">Zones climatiques<\/span><\/th>\n<td class=\"data\">Climat ensoleill\u00e9 \/ m\u00e9diterran\u00e9en<\/td>\n<\/tr>\n<\/tbody>\n<\/table>\n","protected":false},"featured_media":193777,"comment_status":"closed","ping_status":"closed","template":"","meta":[],"product_brand":[],"product_cat":[645,656,648,653,650,617,681,708,620],"product_tag":[752],"class_list":{"0":"post-162905","1":"product","2":"type-product","3":"status-publish","4":"has-post-thumbnail","6":"product_cat-graines-de-cannabis-feminisees","7":"product_cat-graines-de-cannabis-indica","8":"product_cat-graines-de-cannabis-pour-debutants","9":"product_cat-graines-de-cannabis-pour-exterieur","10":"product_cat-graines-de-cannabis-pour-interieur","11":"product_cat-non-classe","12":"product_cat-nouvelles-varietes-de-graines-de-cannabis","13":"product_cat-sensi-seeds-groningen","14":"product_cat-toutes-les-varietes","15":"product_tag-afghani","17":"first","18":"instock","19":"taxable","20":"shipping-taxable","21":"purchasable","22":"product-type-variable"},"_links":{"self":[{"href":"https:\/\/freeseedsonline.com\/fr\/wp-json\/wp\/v2\/product\/162905","targetHints":{"allow":["GET"]}}],"collection":[{"href":"https:\/\/freeseedsonline.com\/fr\/wp-json\/wp\/v2\/product"}],"about":[{"href":"https:\/\/freeseedsonline.com\/fr\/wp-json\/wp\/v2\/types\/product"}],"replies":[{"embeddable":true,"href":"https:\/\/freeseedsonline.com\/fr\/wp-json\/wp\/v2\/comments?post=162905"}],"wp:featuredmedia":[{"embeddable":true,"href":"https:\/\/freeseedsonline.com\/fr\/wp-json\/wp\/v2\/media\/193777"}],"wp:attachment":[{"href":"https:\/\/freeseedsonline.com\/fr\/wp-json\/wp\/v2\/media?parent=162905"}],"wp:term":[{"taxonomy":"product_brand","embeddable":true,"href":"https:\/\/freeseedsonline.com\/fr\/wp-json\/wp\/v2\/product_brand?post=162905"},{"taxonomy":"product_cat","embeddable":true,"href":"https:\/\/freeseedsonline.com\/fr\/wp-json\/wp\/v2\/product_cat?post=162905"},{"taxonomy":"product_tag","embeddable":true,"href":"https:\/\/freeseedsonline.com\/fr\/wp-json\/wp\/v2\/product_tag?post=162905"}],"curies":[{"name":"wp","href":"https:\/\/api.w.org\/{rel}","templated":true}]}}