{"id":162904,"date":"2024-11-07T20:14:36","date_gmt":"2024-11-07T20:14:36","guid":{"rendered":"https:\/\/freeseedsonline.com\/?p=162904"},"modified":"2026-02-13T18:38:19","modified_gmt":"2026-02-13T18:38:19","slug":"sweet-cherry-kush","status":"publish","type":"product","link":"https:\/\/freeseedsonline.com\/fr\/produits\/sweet-cherry-kush\/","title":{"rendered":"Sweet Cherry Kush \u00ae"},"content":{"rendered":"<h2>Graines de Sweet Cherry Kush<\/h2>\n<p>D\u00e9couvrez le monde s\u00e9duisant des graines de Sweet Cherry Kush, un choix premium pour les amateurs \u00e0 la recherche de <em>graines de cannabis<\/em> de haute qualit\u00e9 avec une touche sucr\u00e9e unique. Ces graines de cannabis f\u00e9minis\u00e9es de Sensi Seeds Groningen ont \u00e9t\u00e9 sp\u00e9cialement d\u00e9velopp\u00e9es pour les cultivateurs d\u00e9butants comme exp\u00e9riment\u00e9s, offrant un \u00e9quilibre parfait entre une culture facile et des rendements impressionnants. Sur freeseedsonline.com, votre partenaire de confiance pour <em>acheter des graines de cannabis<\/em> et <em>commander des graines de cannabis<\/em>, vous trouverez cette vari\u00e9t\u00e9 comme une option fiable pour une culture r\u00e9ussie, que ce soit en int\u00e9rieur ou en ext\u00e9rieur.<\/p>\n<h3>Caract\u00e9ristiques et sp\u00e9cifications<\/h3>\n<p>Sweet Cherry Kush est r\u00e9put\u00e9e pour sa g\u00e9n\u00e9tique robuste, qui semble \u00eatre un croisement de souches dominantes indica avec une touche de sativa pour une vitalit\u00e9 accrue. Ces graines de cannabis sont con\u00e7ues pour des performances \u00e9lev\u00e9es, avec un taux de THC typiquement compris entre 18 et 22 %, contribuant \u00e0 des effets puissants, tandis que le niveau de CBD reste bas (environ 1-2 %), id\u00e9al pour les utilisateurs r\u00e9cr\u00e9atifs. Les plantes atteignent une hauteur moyenne de 80-120 cm en int\u00e9rieur et jusqu&rsquo;\u00e0 150 cm en ext\u00e9rieur, avec une p\u00e9riode de floraison de 8 \u00e0 9 semaines, ce qui en fait un choix efficace pour des cycles rapides.<\/p>\n<ul>\n<li><strong>Rendements \u00e9lev\u00e9s :<\/strong> Attendez-vous \u00e0 jusqu&rsquo;\u00e0 500 grammes par m\u00e8tre carr\u00e9 en int\u00e9rieur ou 600 grammes par plante en ext\u00e9rieur, gr\u00e2ce \u00e0 des t\u00eates denses et riches en r\u00e9sine.<\/li>\n<li><strong>R\u00e9sistance aux nuisibles :<\/strong> Cette vari\u00e9t\u00e9 est naturellement r\u00e9sistante aux parasites courants, ce qui facilite la culture, surtout pour les d\u00e9butants.<\/li>\n<li><strong>F\u00e9minis\u00e9es :<\/strong> Toutes les graines produisent des plantes femelles, \u00e9vitant le gaspillage et maximisant le rendement.<\/li>\n<li><strong>Difficult\u00e9 :<\/strong> Convient aux d\u00e9butants, avec une croissance indulgente qui donne de bons r\u00e9sultats m\u00eame en cas de petites erreurs.<\/li>\n<li><strong>Taille et p\u00e9riode de floraison :<\/strong> Plantes compactes \u00e0 floraison rapide, parfaites pour une installation en int\u00e9rieur comme pour une culture en ext\u00e9rieur dans des climats temp\u00e9r\u00e9s.<\/li>\n<\/ul>\n<h3>Informations d\u00e9taill\u00e9es sur la culture<\/h3>\n<p>Lors de la culture des graines de Sweet Cherry Kush, il est crucial de commencer avec une base solide, comme le bon substrat. Cette vari\u00e9t\u00e9 prosp\u00e8re mieux dans un environnement contr\u00f4l\u00e9, o\u00f9 la temp\u00e9rature et l&rsquo;humidit\u00e9 sont soigneusement surveill\u00e9es pour garantir une croissance optimale. Pour les d\u00e9butants, nous recommandons de commencer avec <a href=\"https:\/\/freeseedsonline.com\/fr\/cultiver-du-cannabis-pour-les-dbutants\">notre guide pour cultiver du cannabis pour d\u00e9butants<\/a>, qui fournit des instructions \u00e9tape par \u00e9tape pour une culture r\u00e9ussie.<\/p>\n<p>La culture en int\u00e9rieur est id\u00e9ale pour Sweet Cherry Kush, avec une pr\u00e9f\u00e9rence pour une tente de culture \u00e9quip\u00e9e d&rsquo;un \u00e9clairage LED pour acc\u00e9l\u00e9rer la p\u00e9riode de floraison. Maintenez la temp\u00e9rature entre 20-25\u00b0C pendant la phase de croissance et r\u00e9duisez-la l\u00e9g\u00e8rement \u00e0 18-22\u00b0C pendant la floraison pour une meilleure production de r\u00e9sine. En ext\u00e9rieur, cette plante excelle dans des endroits ensoleill\u00e9s et abrit\u00e9s, comme d\u00e9crit dans <a href=\"https:\/\/freeseedsonline.com\/fr\/quelles-sont-les-meilleures-plantes-de-cannabis-dextrieur-pour-les-dbutants-\">nos conseils pour les meilleures plantes de cannabis en ext\u00e9rieur pour d\u00e9butants<\/a>. La difficult\u00e9 est faible gr\u00e2ce \u00e0 sa nature robuste, mais assurez un arrosage r\u00e9gulier \u2013 environ 2 \u00e0 3 fois par semaine \u2013 pour \u00e9viter la pourriture des racines.<\/p>\n<p>Des conseils sp\u00e9cifiques pour Sweet Cherry Kush incluent l&rsquo;utilisation de terre organique, comme recommand\u00e9 dans <a href=\"https:\/\/freeseedsonline.com\/fr\/top-3-des-meilleurs-sols-pour-votre-plante-de-cannabis\">notre article sur le meilleur sol pour les plantes de cannabis<\/a>, et des techniques comme la taille pour am\u00e9liorer la circulation de l&rsquo;air. Pour la germination, qui se produit en 2 \u00e0 5 jours, suivez <a href=\"https:\/\/freeseedsonline.com\/fr\/germination-des-graines-de-cannabis\">notre guide de germination<\/a> pour de meilleurs r\u00e9sultats. Cette vari\u00e9t\u00e9 est polyvalente et peut \u00eatre cultiv\u00e9e avec des m\u00e9thodes comme SCROG pour un rendement maximal, comme expliqu\u00e9 dans <a href=\"https:\/\/freeseedsonline.com\/fr\/cultiver-du-cannabis-avec-la-mthode-scrog\">notre guide sur la m\u00e9thode SCROG<\/a>.<\/p>\n<h3>Effets, go\u00fbt et ar\u00f4me<\/h3>\n<p>Sweet Cherry Kush offre un m\u00e9lange harmonieux d&rsquo;effets \u00e0 la fois relaxants et stimulants, avec une dominance indica qui soulage efficacement le stress et l&rsquo;anxi\u00e9t\u00e9. Les utilisateurs ressentent un profond effet corporel id\u00e9al pour une d\u00e9tente en soir\u00e9e, tout en conservant une clart\u00e9 mentale subtile, parfaite pour des sessions cr\u00e9atives. \u00c0 des fins m\u00e9dicinales, comme le soulagement de la douleur ou les troubles du sommeil, cette vari\u00e9t\u00e9 est populaire gr\u00e2ce \u00e0 ses cannabino\u00efdes naturels, comme discut\u00e9 dans <a href=\"https:\/\/freeseedsonline.com\/fr\/cannabis-cbd-et-thc\">notre explication sur le CBD et le THC<\/a>.<\/p>\n<p>L&rsquo;ar\u00f4me est intense et invitant, avec des notes dominantes de cerises sucr\u00e9es m\u00e9lang\u00e9es \u00e0 des nuances terreuses et fruit\u00e9es, cr\u00e9ant une exp\u00e9rience de fumage complexe et agr\u00e9able. Le go\u00fbt suit ce sch\u00e9ma, avec une explosion sucr\u00e9e et fruit\u00e9e \u00e0 l&rsquo;inhalation, suivie d&rsquo;une subtile touche \u00e9pic\u00e9e. Cela rend Sweet Cherry Kush non seulement savoureuse, mais aussi polyvalente pour des edibles ou des teintures, comme les recettes dans <a href=\"https:\/\/freeseedsonline.com\/fr\/application-mdicale-et-recettes-articles-recettes-cannabis-mdical\">nos recettes de cannabis m\u00e9dicinal<\/a>.<\/p>\n<h3>Comparaison avec des vari\u00e9t\u00e9s similaires<\/h3>\n<p>Compar\u00e9e \u00e0 d&rsquo;autres vari\u00e9t\u00e9s populaires, Sweet Cherry Kush se distingue par son go\u00fbt sucr\u00e9 et sa facilit\u00e9 pour les d\u00e9butants, mais elle partage des similitudes avec des vari\u00e9t\u00e9s comme <a href=\"https:\/\/freeseedsonline.com\/fr\/produits\/cristal-de-cbd\">CBD Crystal<\/a>, qui offre \u00e9galement des avantages m\u00e9dicinaux avec un effet plus doux. Contrairement \u00e0 l&rsquo;\u00e9nergique <a href=\"https:\/\/freeseedsonline.com\/fr\/produits\/graines-de-cannabis-ak-47\">graines de cannabis AK 47<\/a>, plus orient\u00e9es sativa, Sweet Cherry Kush est mieux adapt\u00e9e \u00e0 la d\u00e9tente. Pour les amateurs d&rsquo;influences haze, <a href=\"https:\/\/freeseedsonline.com\/fr\/produits\/northern-lights-5-x-haze\">Northern Lights #5 x Haze<\/a> peut \u00eatre une alternative, bien qu&rsquo;elle ait une p\u00e9riode de floraison plus longue. En somme, Sweet Cherry Kush est un choix fiable pour ceux qui souhaitent <em>commander des graines de cannabis<\/em> avec un accent sur le go\u00fbt et le rendement, sans la complexit\u00e9 des vari\u00e9t\u00e9s plus avanc\u00e9es.<\/p>\n<h3>Questions fr\u00e9quentes sur Sweet Cherry Kush<\/h3>\n<p><strong>Q :<\/strong> Quelle est la p\u00e9riode de floraison id\u00e9ale pour les graines de Sweet Cherry Kush ?<br \/>\n<strong>R :<\/strong> La p\u00e9riode de floraison de Sweet Cherry Kush dure environ 8 \u00e0 9 semaines, ce qui rend cette vari\u00e9t\u00e9 adapt\u00e9e aux cultivateurs souhaitant des r\u00e9sultats rapides, et elle performe mieux avec des cycles de lumi\u00e8re constants pour maximiser le rendement.<\/p>\n<p><strong>Q :<\/strong> Sweet Cherry Kush convient-elle aux d\u00e9butants en culture ?<br \/>\n<strong>R :<\/strong> Oui, ces graines de cannabis sont tr\u00e8s indulgentes et id\u00e9ales pour les d\u00e9butants, gr\u00e2ce \u00e0 leur r\u00e9sistance aux nuisibles et \u00e0 leur mod\u00e8le de croissance simple, mais suivez les directives de base comme un arrosage appropri\u00e9 pour obtenir les meilleurs r\u00e9sultats.<\/p>\n<p><strong>Q :<\/strong> Comment faire germer correctement les graines de Sweet Cherry Kush ?<br \/>\n<strong>R :<\/strong> Commencez avec la m\u00e9thode du papier essuie-tout humide dans un environnement sombre et chaud, et en 2 \u00e0 5 jours, vous verrez la germination ; consultez notre guide pour plus de d\u00e9tails afin d&rsquo;\u00e9viter d&rsquo;endommager les graines pendant le processus.<\/p>\n<p><strong>Q :<\/strong> Quels sont les avantages m\u00e9dicinaux de Sweet Cherry Kush ?<br \/>\n<strong>R :<\/strong> Cette vari\u00e9t\u00e9 aide \u00e0 soulager le stress et \u00e0 r\u00e9duire la douleur gr\u00e2ce \u00e0 ses effets indica, et bien que le taux de CBD soit bas, le THC offre une exp\u00e9rience apaisante, id\u00e9ale pour une utilisation en soir\u00e9e sans effets secondaires \u00e9crasants.<\/p>\n<h3>Pourquoi commander chez nous<\/h3>\n<p>Chez freeseedsonline.com, vous \u00eates assur\u00e9 de recevoir des <em>graines de cannabis<\/em> de premi\u00e8re qualit\u00e9 avec un accent sur la discr\u00e9tion, une livraison rapide et des conseils d&rsquo;experts. Nous proposons non seulement une large gamme, y compris Sweet Cherry Kush, mais aussi l&rsquo;offre exclusive \u00ab\u00a0achetez 4, payez 3\u00a0\u00bb pour rendre votre achat encore plus avantageux. Choisissez-nous comme votre source fiable pour <em>acheter des graines de cannabis<\/em>, avec des clients satisfaits et un engagement envers des produits durables et sans pesticides qui soutiennent votre succ\u00e8s en culture.<\/p>\n","protected":false},"excerpt":{"rendered":"<table class=\"data-table product-attributes\">\n<tbody>\n<tr>\n<th class=\"label\"><span class=\"label-text\">Type<\/span><\/th>\n<td class=\"data\">Vari\u00e9t\u00e9 f\u00e9minis\u00e9e<\/td>\n<\/tr>\n<tr>\n<th class=\"label\"><span class=\"label-text\">Sativa \/ indica<\/span><\/th>\n<td class=\"data\">Hybride Sativa \/ Indica<\/td>\n<\/tr>\n<tr>\n<th class=\"label\"><span class=\"label-text\">Bloeitijd<\/span><\/th>\n<td class=\"data\">Longue p\u00e9riode de floraison<\/td>\n<\/tr>\n<tr>\n<th class=\"label\"><span class=\"label-text\">Hoogte<\/span><\/th>\n<td class=\"data\">Croissance moyenne en hauteur<\/td>\n<\/tr>\n<tr>\n<th class=\"label\"><span class=\"label-text\">Opbrengst<\/span><\/th>\n<td class=\"data\">R\u00e9colte \u00e9norme<\/td>\n<\/tr>\n<tr>\n<th class=\"label\"><span class=\"label-text\">Klimaat zones<\/span><\/th>\n<td class=\"data\">Climat ensoleill\u00e9 \/ m\u00e9diterran\u00e9en<\/td>\n<\/tr>\n<\/tbody>\n<\/table>\n","protected":false},"featured_media":193767,"comment_status":"closed","ping_status":"closed","template":"","meta":[],"product_brand":[],"product_cat":[645,648,653,650,617,681,708,620],"product_tag":[],"class_list":{"0":"post-162904","1":"product","2":"type-product","3":"status-publish","4":"has-post-thumbnail","6":"product_cat-graines-de-cannabis-feminisees","7":"product_cat-graines-de-cannabis-pour-debutants","8":"product_cat-graines-de-cannabis-pour-exterieur","9":"product_cat-graines-de-cannabis-pour-interieur","10":"product_cat-non-classe","11":"product_cat-nouvelles-varietes-de-graines-de-cannabis","12":"product_cat-sensi-seeds-groningen","13":"product_cat-toutes-les-varietes","15":"first","16":"instock","17":"taxable","18":"shipping-taxable","19":"purchasable","20":"product-type-variable"},"_links":{"self":[{"href":"https:\/\/freeseedsonline.com\/fr\/wp-json\/wp\/v2\/product\/162904","targetHints":{"allow":["GET"]}}],"collection":[{"href":"https:\/\/freeseedsonline.com\/fr\/wp-json\/wp\/v2\/product"}],"about":[{"href":"https:\/\/freeseedsonline.com\/fr\/wp-json\/wp\/v2\/types\/product"}],"replies":[{"embeddable":true,"href":"https:\/\/freeseedsonline.com\/fr\/wp-json\/wp\/v2\/comments?post=162904"}],"wp:featuredmedia":[{"embeddable":true,"href":"https:\/\/freeseedsonline.com\/fr\/wp-json\/wp\/v2\/media\/193767"}],"wp:attachment":[{"href":"https:\/\/freeseedsonline.com\/fr\/wp-json\/wp\/v2\/media?parent=162904"}],"wp:term":[{"taxonomy":"product_brand","embeddable":true,"href":"https:\/\/freeseedsonline.com\/fr\/wp-json\/wp\/v2\/product_brand?post=162904"},{"taxonomy":"product_cat","embeddable":true,"href":"https:\/\/freeseedsonline.com\/fr\/wp-json\/wp\/v2\/product_cat?post=162904"},{"taxonomy":"product_tag","embeddable":true,"href":"https:\/\/freeseedsonline.com\/fr\/wp-json\/wp\/v2\/product_tag?post=162904"}],"curies":[{"name":"wp","href":"https:\/\/api.w.org\/{rel}","templated":true}]}}