{"id":162902,"date":"2024-11-07T20:14:35","date_gmt":"2024-11-07T20:14:35","guid":{"rendered":"https:\/\/freeseedsonline.com\/?p=162902"},"modified":"2026-02-13T18:36:40","modified_gmt":"2026-02-13T18:36:40","slug":"sucre-de-mandarine","status":"publish","type":"product","link":"https:\/\/freeseedsonline.com\/fr\/produits\/sucre-de-mandarine\/","title":{"rendered":"Sucre de Mandarine\u00ae"},"content":{"rendered":"<h2>Tangerine Sugar\u00ae<\/h2>\n<p>Plongez dans le monde rafra\u00eechissant des graines de cannabis f\u00e9minis\u00e9es Tangerine Sugar\u00ae, une vari\u00e9t\u00e9 sativa pure de Sensi Seeds Groningen qui enchante les cultivateurs avec son ar\u00f4me d&rsquo;agrumes et son rendement impressionnant. Si vous cherchez \u00e0 <em>acheter des graines de cannabis<\/em> ou \u00e0 <em>commander des graines de cannabis<\/em> faciles \u00e0 g\u00e9rer et offrant une exp\u00e9rience puissante, Tangerine Sugar\u00ae est le choix id\u00e9al pour les d\u00e9butants comme pour les amateurs exp\u00e9riment\u00e9s. Ces graines de <em>cannabis<\/em> de haute qualit\u00e9 allient une culture simple \u00e0 un profil de saveur unique, rendant votre aventure de culture \u00e0 la fois productive et agr\u00e9able.<\/p>\n<h3>Caract\u00e9ristiques et sp\u00e9cifications<\/h3>\n<ul>\n<li><strong>G\u00e9n\u00e9tique<\/strong> : Une vari\u00e9t\u00e9 sativa pure, issue de Sensi Seeds Groningen, f\u00e9minis\u00e9e pour une fiabilit\u00e9 et un rendement maximum. Cela garantit principalement des plantes femelles, r\u00e9duisant ainsi les risques de production de graines.<\/li>\n<li><strong>Teneur en THC et CBD<\/strong> : Avec une teneur \u00e9lev\u00e9e en THC d\u2019environ 18-22 %, Tangerine Sugar\u00ae offre un effet puissant et stimulant, tandis que la teneur en CBD est faible, ce qui la rend plus adapt\u00e9e \u00e0 un usage r\u00e9cr\u00e9atif qu\u2019\u00e0 un usage purement m\u00e9dical.<\/li>\n<li><strong>Taille et croissance<\/strong> : Les plantes peuvent atteindre 120 cm en int\u00e9rieur et jusqu\u2019\u00e0 180 cm en ext\u00e9rieur, selon les conditions. Elles ont une structure compacte, ce qui les rend polyvalentes pour diff\u00e9rents environnements de culture.<\/li>\n<li><strong>P\u00e9riode de floraison<\/strong> : Une p\u00e9riode de floraison relativement courte de 8 \u00e0 9 semaines, plus rapide que de nombreuses autres vari\u00e9t\u00e9s sativa, vous permettant de r\u00e9colter plus t\u00f4t.<\/li>\n<li><strong>Rendement<\/strong> : Attendez-vous \u00e0 un rendement g\u00e9n\u00e9reux de 500 \u00e0 600 grammes par m\u00e8tre carr\u00e9 en int\u00e9rieur, et encore plus en ext\u00e9rieur dans des conditions optimales, gr\u00e2ce \u00e0 une g\u00e9n\u00e9tique robuste.<\/li>\n<li><strong>Difficult\u00e9<\/strong> : Facile \u00e0 cultiver, parfaite pour les d\u00e9butants, avec une croissance indulgente qui pose peu de probl\u00e8mes.<\/li>\n<\/ul>\n<h3>Informations d\u00e9taill\u00e9es sur la culture de Tangerine Sugar\u00ae<\/h3>\n<p>Tangerine Sugar\u00ae est con\u00e7ue comme une sativa conviviale, id\u00e9ale pour la culture en int\u00e9rieur comme en ext\u00e9rieur, avec un accent sur la facilit\u00e9 d\u2019entretien. Pour les d\u00e9butants, nous recommandons de commencer avec un <a href=\"https:\/\/freeseedsonline.com\/fr\/cultiver-du-cannabis-pour-les-dbutants\">guide de base pour cultiver du cannabis<\/a>, o\u00f9 vous apprendrez les \u00e9tapes essentielles comme la germination et la plantation. Ces graines germent facilement avec des m\u00e9thodes comme la technique de la serviette en papier, et une fois germ\u00e9es, vous pouvez les transf\u00e9rer dans un substrat appropri\u00e9 comme un sol l\u00e9ger et bien drain\u00e9 \u2013 plus de conseils sur <a href=\"https:\/\/freeseedsonline.com\/fr\/top-3-des-meilleurs-sols-pour-votre-plante-de-cannabis\">notre guide sur le meilleur sol<\/a>.<\/p>\n<p>Pour la culture en int\u00e9rieur, qui est pr\u00e9f\u00e9r\u00e9e pour un contr\u00f4le optimal, Tangerine Sugar\u00ae prosp\u00e8re mieux dans une tente de culture avec un \u00e9clairage LED pour une r\u00e9partition uniforme de la lumi\u00e8re. Maintenez la temp\u00e9rature entre 20 et 25 \u00b0C et l\u2019humidit\u00e9 autour de 40-50 % pendant la phase de croissance pour \u00e9viter les moisissures \u2013 consultez <a href=\"https:\/\/freeseedsonline.com\/fr\/graines-de-cannabis-acheter\">notre blog sur la pr\u00e9vention des moisissures<\/a> pour plus de conseils. Une taille r\u00e9guli\u00e8re, comme la m\u00e9thode SCROG, peut augmenter le rendement gr\u00e2ce \u00e0 une meilleure p\u00e9n\u00e9tration de la lumi\u00e8re ; apprenez-en plus sur <a href=\"https:\/\/freeseedsonline.com\/fr\/cultiver-du-cannabis-avec-la-mthode-scrog\">notre guide SCROG<\/a>. Pour la culture en ext\u00e9rieur, Tangerine Sugar\u00ae convient \u00e9galement, surtout dans les climats plus chauds, mais prot\u00e9gez les plantes de la pluie et du vent avec un emplacement appropri\u00e9, comme des zones abrit\u00e9es. La difficult\u00e9 est faible, avec une phase v\u00e9g\u00e9tative de 4 \u00e0 6 semaines, et des conseils pour la culture en gu\u00e9rilla sont disponibles sur <a href=\"https:\/\/freeseedsonline.com\/fr\/emplacements-populaires-pour-une-culture-de-gurilla\">notre guide ext\u00e9rieur<\/a>. En g\u00e9n\u00e9ral, cette vari\u00e9t\u00e9 n\u00e9cessite un arrosage et une nutrition constants, avec un accent sur le potassium pendant la phase de floraison pour maximiser les ar\u00f4mes d\u2019agrumes.<\/p>\n<h3>Effets, go\u00fbt et ar\u00f4me<\/h3>\n<p>Les effets de Tangerine Sugar\u00ae sont typiques d\u2019une sativa : un high \u00e9nergique et cr\u00e9atif qui stimule l\u2019esprit et procure une sensation d\u2019euphorie, id\u00e9al pour les activit\u00e9s diurnes ou les occasions sociales. Les utilisateurs rapportent un effet stimulant qui r\u00e9duit le stress et am\u00e9liore l\u2019humeur, avec des applications m\u00e9dicinales possibles pour l\u2019anxi\u00e9t\u00e9 l\u00e9g\u00e8re ou la fatigue \u2013 plus d\u2019informations sur les effets sativa sur <a href=\"https:\/\/freeseedsonline.com\/fr\/cannabis-sativa\">notre explication sur les sativa<\/a>. Le go\u00fbt est une explosion d\u2019agrumes, avec des notes dominantes de mandarine et une touche sucr\u00e9e, tandis que l\u2019ar\u00f4me diffuse une odeur fra\u00eeche et revigorante rappelant un oranger m\u00fbr.<\/p>\n<p>Cela rend Tangerine Sugar\u00ae non seulement agr\u00e9able \u00e0 fumer, mais aussi polyvalente pour les edibles ou les extraits. Pour un usage m\u00e9dical, gr\u00e2ce \u00e0 sa teneur en THC, elle peut aider \u00e0 soulager des sympt\u00f4mes comme la douleur chronique ou les troubles du sommeil, bien qu\u2019elle soit plus adapt\u00e9e \u00e0 une utilisation en journ\u00e9e. Comparez-la aux vari\u00e9t\u00e9s indica sur <a href=\"https:\/\/freeseedsonline.com\/fr\/quelle-est-la-diffrence-entre-indica-et-sativa-\">notre page de comparaison<\/a>, o\u00f9 vous apprendrez que les sativa comme Tangerine Sugar\u00ae offrent davantage un \u2018head high\u2019 qu\u2019un effet relaxant sur le corps.<\/p>\n<h3>Comparaison avec des vari\u00e9t\u00e9s similaires<\/h3>\n<p>Tangerine Sugar\u00ae se distingue des autres sativa par son ar\u00f4me frais d\u2019agrumes et sa floraison rapide, mais comment se compare-t-elle aux alternatives populaires ? Par rapport aux <a href=\"https:\/\/freeseedsonline.com\/fr\/produits\/graines-de-cannabis-cheese-autoflower-pack-de-10\">graines de cannabis Cheese Autoflower<\/a>, qui ont un go\u00fbt de fromage et des influences plus indica, Tangerine Sugar\u00ae offre une exp\u00e9rience plus l\u00e9g\u00e8re et \u00e9nergique avec des rendements plus \u00e9lev\u00e9s dans des climats chauds. Face \u00e0 <a href=\"https:\/\/freeseedsonline.com\/fr\/produits\/ak-47-autofleur-graines-de-cannabis---paquet-de-25\">AK 47 Autoflower<\/a>, connu pour sa puissance, Tangerine Sugar\u00ae est plus facile pour les d\u00e9butants et poss\u00e8de un go\u00fbt plus unique, bien que AK 47 ait une application m\u00e9dicale plus large.<\/p>\n<p>Pour les cultivateurs en ext\u00e9rieur, elle ressemble \u00e0 <a href=\"https:\/\/freeseedsonline.com\/fr\/produits\/french-lowrider-autofleur-10-pack\">Dutch Lowrider Autoflower<\/a>, qui pousse de mani\u00e8re compacte, mais Tangerine Sugar\u00ae offre un meilleur rendement gr\u00e2ce \u00e0 sa g\u00e9n\u00e9tique sativa. Si vous cherchez une option hybride, jetez un \u0153il aux <a href=\"https:\/\/freeseedsonline.com\/fr\/produits\/graines-de-cannabis-big-bud\">graines de cannabis Big Bud<\/a>, qui offrent un rendement plus \u00e9lev\u00e9 mais moins d\u2019ar\u00f4me d\u2019agrumes. En bref, Tangerine Sugar\u00ae est le choix id\u00e9al pour une touche de fra\u00eecheur dans votre routine de culture.<\/p>\n<h3>Questions fr\u00e9quentes sur Tangerine Sugar\u00ae<\/h3>\n<ul>\n<li><strong>Q :<\/strong> Quelle est la p\u00e9riode de floraison id\u00e9ale pour les graines de cannabis Tangerine Sugar\u00ae ? <strong>R :<\/strong> La p\u00e9riode de floraison de Tangerine Sugar\u00ae dure environ 8 \u00e0 9 semaines, ce qui est relativement court pour une sativa, ce qui la rend parfaite pour les cultivateurs souhaitant des r\u00e9sultats rapides. Cela la rend \u00e9galement adapt\u00e9e aux configurations int\u00e9rieures et ext\u00e9rieures, tant que la temp\u00e9rature reste stable.<\/li>\n<li><strong>Q :<\/strong> Tangerine Sugar\u00ae convient-elle aux d\u00e9butants en culture ? <strong>R :<\/strong> Oui, cette vari\u00e9t\u00e9 est tr\u00e8s indulgente et facile \u00e0 cultiver, avec un faible niveau de difficult\u00e9, id\u00e9ale pour les novices qui <em>commandent des graines de cannabis<\/em> pour leur premi\u00e8re tentative. Suivez des conseils simples de notre blog, comme <a href=\"https:\/\/freeseedsonline.com\/fr\/cultiver-du-cannabis-pour-les-dbutants\">cultiver du cannabis pour d\u00e9butants<\/a>, pour tirer le meilleur parti de vos plantes.<\/li>\n<li><strong>Q :<\/strong> Quelle est la teneur en THC et quels sont les effets ? <strong>R :<\/strong> Tangerine Sugar\u00ae a une teneur en THC de 18-22 %, ce qui entra\u00eene un high puissant et stimulant qui booste la cr\u00e9ativit\u00e9, mais elle est moins adapt\u00e9e \u00e0 une utilisation en soir\u00e9e. Pour plus de d\u00e9tails sur le THC et le CBD, visitez <a href=\"https:\/\/freeseedsonline.com\/fr\/cannabis-cbd-et-thc\">notre explication sur les cannabino\u00efdes<\/a>.<\/li>\n<li><strong>Q :<\/strong> Peut-on cultiver Tangerine Sugar\u00ae \u00e0 l\u2019int\u00e9rieur comme \u00e0 l\u2019ext\u00e9rieur ? <strong>R :<\/strong> Absolument, elle est polyvalente pour les deux environnements, mais elle performe mieux en int\u00e9rieur avec un \u00e9clairage contr\u00f4l\u00e9, tandis qu\u2019en ext\u00e9rieur, il faut surveiller les conditions m\u00e9t\u00e9orologiques pour une croissance optimale. Plus de conseils pour l\u2019ext\u00e9rieur sur <a href=\"https:\/\/freeseedsonline.com\/fr\/quelles-sont-les-meilleures-plantes-de-cannabis-dextrieur-pour-les-dbutants-\">notre guide de culture en ext\u00e9rieur<\/a>.<\/li>\n<\/ul>\n<h3>Pourquoi commander chez nous ?<\/h3>\n<p>Chez freeseedsonline.com, nous proposons non seulement des <em>graines de cannabis \u00e0 acheter<\/em> de qualit\u00e9 sup\u00e9rieure comme Tangerine Sugar\u00ae, mais aussi un service fiable avec des conseils d\u2019experts et une livraison rapide. En tant que fournisseur de confiance de <em>graines de cannabis<\/em>, nous visons la qualit\u00e9 et la satisfaction, avec des blogs d\u00e9taill\u00e9s pour vous accompagner \u00e0 chaque \u00e9tape. De plus, profitez de notre offre exclusive : <strong>\u00ab\u00a04 pour le prix de 3\u00a0\u00bb<\/strong>, ce qui vous permet d\u2019obtenir plus de valeur pour votre argent et d\u2019essayer des graines suppl\u00e9mentaires sans frais suppl\u00e9mentaires.<\/p>\n","protected":false},"excerpt":{"rendered":"<p><strong>Marque :<\/strong> Sensi Seeds<\/p>\n<table class=\"data-table product-attributes\">\n<tbody>\n<tr>\n<th class=\"label\"><span class=\"label-text\">Type<\/span><\/th>\n<td class=\"data\">Vari\u00e9t\u00e9 f\u00e9minis\u00e9e<\/td>\n<\/tr>\n<tr>\n<th class=\"label\"><span class=\"label-text\">Sativa \/ indica<\/span><\/th>\n<td class=\"data\">Sativa<\/td>\n<\/tr>\n<tr>\n<th class=\"label\"><span class=\"label-text\">Temps de floraison<\/span><\/th>\n<td class=\"data\">P\u00e9riode de floraison extra longue<\/td>\n<\/tr>\n<tr>\n<th class=\"label\"><span class=\"label-text\">Hauteur<\/span><\/th>\n<td class=\"data\">Croissance moyenne en hauteur<\/td>\n<\/tr>\n<tr>\n<th class=\"label\"><span class=\"label-text\">Rendement<\/span><\/th>\n<td class=\"data\">R\u00e9colte \u00e9norme<\/td>\n<\/tr>\n<tr>\n<th class=\"label\"><span class=\"label-text\">Zones climatiques<\/span><\/th>\n<td class=\"data\">Climat ensoleill\u00e9 \/ m\u00e9diterran\u00e9en<\/td>\n<\/tr>\n<\/tbody>\n<\/table>\n","protected":false},"featured_media":193742,"comment_status":"closed","ping_status":"closed","template":"","meta":[],"product_brand":[],"product_cat":[645,648,653,650,617,681,639,708,620],"product_tag":[750,751],"class_list":{"0":"post-162902","1":"product","2":"type-product","3":"status-publish","4":"has-post-thumbnail","6":"product_cat-graines-de-cannabis-feminisees","7":"product_cat-graines-de-cannabis-pour-debutants","8":"product_cat-graines-de-cannabis-pour-exterieur","9":"product_cat-graines-de-cannabis-pour-interieur","10":"product_cat-non-classe","11":"product_cat-nouvelles-varietes-de-graines-de-cannabis","12":"product_cat-pure-sativa","13":"product_cat-sensi-seeds-groningen","14":"product_cat-toutes-les-varietes","15":"product_tag-mandarine","16":"product_tag-sucre-de-mandarine","18":"first","19":"instock","20":"taxable","21":"shipping-taxable","22":"purchasable","23":"product-type-variable"},"_links":{"self":[{"href":"https:\/\/freeseedsonline.com\/fr\/wp-json\/wp\/v2\/product\/162902","targetHints":{"allow":["GET"]}}],"collection":[{"href":"https:\/\/freeseedsonline.com\/fr\/wp-json\/wp\/v2\/product"}],"about":[{"href":"https:\/\/freeseedsonline.com\/fr\/wp-json\/wp\/v2\/types\/product"}],"replies":[{"embeddable":true,"href":"https:\/\/freeseedsonline.com\/fr\/wp-json\/wp\/v2\/comments?post=162902"}],"wp:featuredmedia":[{"embeddable":true,"href":"https:\/\/freeseedsonline.com\/fr\/wp-json\/wp\/v2\/media\/193742"}],"wp:attachment":[{"href":"https:\/\/freeseedsonline.com\/fr\/wp-json\/wp\/v2\/media?parent=162902"}],"wp:term":[{"taxonomy":"product_brand","embeddable":true,"href":"https:\/\/freeseedsonline.com\/fr\/wp-json\/wp\/v2\/product_brand?post=162902"},{"taxonomy":"product_cat","embeddable":true,"href":"https:\/\/freeseedsonline.com\/fr\/wp-json\/wp\/v2\/product_cat?post=162902"},{"taxonomy":"product_tag","embeddable":true,"href":"https:\/\/freeseedsonline.com\/fr\/wp-json\/wp\/v2\/product_tag?post=162902"}],"curies":[{"name":"wp","href":"https:\/\/api.w.org\/{rel}","templated":true}]}}