{"id":162901,"date":"2024-11-07T20:14:32","date_gmt":"2024-11-07T20:14:32","guid":{"rendered":"https:\/\/freeseedsonline.com\/?p=162901"},"modified":"2026-02-13T18:35:48","modified_gmt":"2026-02-13T18:35:48","slug":"early-skunk","status":"publish","type":"product","link":"https:\/\/freeseedsonline.com\/fr\/produits\/early-skunk\/","title":{"rendered":"Early Skunk \u00ae"},"content":{"rendered":"<h2>Graines de cannabis Early Skunk<\/h2>\n<p>Vous cherchez des graines de cannabis fiables \u00e0 acheter ou \u00e0 commander ? Early Skunk de Sensi Seeds est le choix id\u00e9al pour les cultivateurs \u00e0 la recherche d\u2019une vari\u00e9t\u00e9 robuste et \u00e0 haut rendement, parfaite pour la culture en int\u00e9rieur comme en ext\u00e9rieur. Avec sa g\u00e9n\u00e9tique solide et ses caract\u00e9ristiques de culture faciles, Early Skunk est reconnue comme un favori parmi les amateurs de <em>graines de cannabis \u00e0 acheter<\/em> et de <em>graines de cannabis<\/em>, promettant des r\u00e9sultats exceptionnels sans trop d\u2019efforts.<\/p>\n<h3>Caract\u00e9ristiques et sp\u00e9cifications<\/h3>\n<p>Early Skunk est une vari\u00e9t\u00e9 hybride puissante, issue d\u2019un croisement entre Skunk et Early Pearl, offrant un \u00e9quilibre entre les caract\u00e9ristiques indica et sativa. Cette composition g\u00e9n\u00e9tique en fait une option polyvalente pour divers environnements de culture. Examinons les principales sp\u00e9cifications dans une liste claire :<\/p>\n<ul>\n<li><strong>G\u00e9n\u00e9tique :<\/strong> Un hybride de Skunk #1 et Early Pearl, avec une influence indica dominante pour des plantes robustes et une \u00e9nergie sativa dans les effets.<\/li>\n<li><strong>Teneur en THC et CBD :<\/strong> Avec un niveau de THC d\u2019environ 15-20 %, Early Skunk offre un high puissant, tandis que la teneur en CBD est faible (environ 1-2 %), ce qui la rend particuli\u00e8rement adapt\u00e9e \u00e0 un usage r\u00e9cr\u00e9atif. Pour plus d\u2019infos sur le THC et le CBD, consultez notre blog <a href=\"https:\/\/freeseedsonline.com\/fr\/cannabis-cbd-et-thc\">sur les cannabino\u00efdes<\/a>.<\/li>\n<li><strong>Taille et croissance :<\/strong> Les plantes atteignent une hauteur de 80-120 cm en int\u00e9rieur, et jusqu\u2019\u00e0 150 cm en ext\u00e9rieur, selon les conditions. Elles d\u00e9veloppent des t\u00eates denses et compactes pour un rendement maximal.<\/li>\n<li><strong>P\u00e9riode de floraison :<\/strong> Une p\u00e9riode de floraison relativement courte de 7 \u00e0 9 semaines en int\u00e9rieur, et en ext\u00e9rieur, elle est pr\u00eate autour de septembre, ce qui la rend id\u00e9ale pour les r\u00e9gions avec une saison de croissance plus courte.<\/li>\n<li><strong>Rendement :<\/strong> Des rendements \u00e9lev\u00e9s de 500-600 grammes par m\u00b2 en int\u00e9rieur et jusqu\u2019\u00e0 600 grammes par plante en ext\u00e9rieur, gr\u00e2ce \u00e0 sa r\u00e9sistance naturelle aux moisissures et aux parasites.<\/li>\n<li><strong>Difficult\u00e9 :<\/strong> Convient aux d\u00e9butants, avec une grande tol\u00e9rance aux erreurs, ce qui en fait un choix parfait pour les <em>graines de cannabis pour d\u00e9butants<\/em>.<\/li>\n<\/ul>\n<p>Ces sp\u00e9cifications font d\u2019Early Skunk un choix fiable et constant pour tout cultivateur, avec la qualit\u00e9 que vous attendez de Sensi Seeds.<\/p>\n<h3>Informations d\u00e9taill\u00e9es sur la culture d\u2019Early Skunk<\/h3>\n<p>Early Skunk est con\u00e7ue pour une culture facile, avec un niveau de difficult\u00e9 moyen qui est particuli\u00e8rement attrayant pour les d\u00e9butants. Que vous cultiviez en int\u00e9rieur ou en ext\u00e9rieur, cette vari\u00e9t\u00e9 prosp\u00e8re dans diverses conditions, \u00e0 condition de respecter les bases. Pour les novices, nous recommandons de commencer par la germination des graines, que vous pouvez apprendre gr\u00e2ce \u00e0 notre guide sur <a href=\"https:\/\/freeseedsonline.com\/fr\/germination-des-graines-de-cannabis\">la germination des graines de cannabis<\/a>.<\/p>\n<p><strong>Culture en int\u00e9rieur :<\/strong> Dans un environnement contr\u00f4l\u00e9, comme une tente de culture, Early Skunk excelle avec une temp\u00e9rature de 20-25\u00b0C et une humidit\u00e9 relative de 40-50 % pendant la floraison. Utilisez un bon \u00e9clairage LED pour une croissance optimale et appliquez des techniques comme <a href=\"https:\/\/freeseedsonline.com\/fr\/cultiver-du-cannabis-avec-la-mthode-scrog\">la m\u00e9thode SCROG<\/a> pour maximiser le rendement. Elle est r\u00e9sistante aux probl\u00e8mes courants, comme les moisissures, donc avec une inspection r\u00e9guli\u00e8re des feuilles et un contr\u00f4le biologique, vous resterez sans souci.<\/p>\n<p><strong>Culture en ext\u00e9rieur :<\/strong> Cette vari\u00e9t\u00e9 brille en ext\u00e9rieur, surtout dans les climats ensoleill\u00e9s avec de longs \u00e9t\u00e9s. Elle est parfaite pour une culture de type gu\u00e9rilla, comme discut\u00e9 dans notre blog <a href=\"https:\/\/freeseedsonline.com\/fr\/emplacements-populaires-pour-une-culture-de-gurilla\">sur la culture gu\u00e9rilla<\/a>, et r\u00e9siste bien aux conditions m\u00e9t\u00e9orologiques changeantes gr\u00e2ce \u00e0 son h\u00e9ritage Skunk. Astuce : Plantez dans un sol fertile, comme recommand\u00e9 dans <a href=\"https:\/\/freeseedsonline.com\/fr\/top-3-des-meilleurs-sols-pour-votre-plante-de-cannabis\">notre guide sur le meilleur sol<\/a>, et assurez-vous d\u2019avoir suffisamment d\u2019espace pour la croissance. La difficult\u00e9 est faible, mais attention aux nuisibles ; utilisez des m\u00e9thodes naturelles pour \u00e9viter les limaces.<\/p>\n<p>Conseils g\u00e9n\u00e9raux : Taillez et entra\u00eenez les plantes t\u00f4t dans la phase de croissance, par exemple avec des <a href=\"https:\/\/freeseedsonline.com\/fr\/tailler-les-plantes-de-cannabis\">techniques FIM<\/a>, pour stimuler plus de t\u00eates. Elle n\u00e9cessite une alimentation mod\u00e9r\u00e9e, alors n\u2019abusez pas des engrais pour pr\u00e9server la saveur. Avec cette approche, m\u00eame un d\u00e9butant peut rapidement r\u00e9ussir, et les cultivateurs exp\u00e9riment\u00e9s peuvent exp\u00e9rimenter pour des rendements encore plus \u00e9lev\u00e9s.<\/p>\n<h3>Effets, go\u00fbt et ar\u00f4me<\/h3>\n<p>Early Skunk offre un high puissant et \u00e9quilibr\u00e9 qui touche \u00e0 la fois le corps et l\u2019esprit, avec une relaxation dominante indica combin\u00e9e \u00e0 une \u00e9nergie sativa. Les effets commencent par une mont\u00e9e euphorique, id\u00e9ale pour des sessions cr\u00e9atives, et \u00e9voluent vers une relaxation physique profonde, ce qui la rend populaire pour soulager le stress. Pour un usage m\u00e9dical, elle est efficace contre la douleur et les troubles du sommeil, comme expliqu\u00e9 dans notre blog <a href=\"https:\/\/freeseedsonline.com\/fr\/application-mdicale-et-recettes-articles-recettes-cannabis-mdical\">sur le cannabis m\u00e9dical<\/a>, bien qu\u2019elle ne soit pas particuli\u00e8rement riche en CBD.<\/p>\n<p>En termes de go\u00fbt et d\u2019ar\u00f4me, Early Skunk se distingue par une saveur intense et terreuse avec des notes de skunk et des nuances fruit\u00e9es, offrant une exp\u00e9rience riche et compl\u00e8te \u00e0 chaque bouff\u00e9e. L\u2019ar\u00f4me est fort et reconnaissable, avec des notes musqu\u00e9es qui emplissent l\u2019espace, parfait pour les amateurs d\u2019ar\u00f4mes authentiques de cannabis. Ces caract\u00e9ristiques la rendent non seulement agr\u00e9able \u00e0 fumer, mais aussi polyvalente pour les edibles, comme dans les recettes de <a href=\"https:\/\/freeseedsonline.com\/fr\/cuisiner-de-manire-crative-avec-du-cannabis-recettes-varies-base-de-graines-de-cannabis\">nos recettes de cannabis<\/a>.<\/p>\n<h3>Comparaison avec des vari\u00e9t\u00e9s similaires<\/h3>\n<p>Early Skunk partage des similitudes avec d\u2019autres vari\u00e9t\u00e9s hybrides, mais se distingue par ses excellentes performances en ext\u00e9rieur et sa haute r\u00e9sistance. Comparez-la \u00e0 <a href=\"https:\/\/freeseedsonline.com\/fr\/produits\/graines-de-cannabis-honey-cream-fast-flowering\">Honey Cream (Fast Flowering)<\/a>, qui est \u00e9galement facile \u00e0 cultiver mais a une p\u00e9riode de floraison plus courte, id\u00e9ale pour les cultivateurs press\u00e9s. Par rapport \u00e0 <a href=\"https:\/\/freeseedsonline.com\/fr\/produits\/graines-de-cannabis-white-widow\">White Widow<\/a>, Early Skunk offre un high plus doux et de meilleurs rendements en ext\u00e9rieur, tandis que White Widow est plus orient\u00e9e indica pour une relaxation plus profonde. Pour une variante plus sativa, vous pouvez jeter un \u0153il \u00e0 <a href=\"https:\/\/freeseedsonline.com\/fr\/produits\/graines-de-cannabis-jack-herer\">Jack Herer<\/a>, qui a des effets \u00e9nergisants mais est moins r\u00e9sistante aux parasites. En somme, Early Skunk est un choix fiable et polyvalent.<\/p>\n<h3>Questions fr\u00e9quentes sur Early Skunk<\/h3>\n<p>Vous trouverez ci-dessous les r\u00e9ponses aux questions les plus fr\u00e9quentes sur cette vari\u00e9t\u00e9 populaire, pour vous aider \u00e0 faire un choix \u00e9clair\u00e9 lors de la commande de <em>graines de cannabis<\/em>.<\/p>\n<ul>\n<li><strong>Q :<\/strong> Quelle est la p\u00e9riode de floraison id\u00e9ale pour Early Skunk et convient-elle aux d\u00e9butants ? <strong>R :<\/strong> Early Skunk a une p\u00e9riode de floraison de 7 \u00e0 9 semaines en int\u00e9rieur, ce qui en fait une option rapide, et elle est tr\u00e8s adapt\u00e9e aux d\u00e9butants gr\u00e2ce \u00e0 sa croissance robuste et sa tol\u00e9rance aux erreurs, id\u00e9ale pour votre premi\u00e8re aventure de culture.<\/li>\n<li><strong>Q :<\/strong> En quoi Early Skunk est-elle comparable \u00e0 d\u2019autres vari\u00e9t\u00e9s de Sensi Seeds ? <strong>R :<\/strong> Early Skunk se distingue par ses excellentes performances en ext\u00e9rieur et ses hauts rendements, contrairement \u00e0 des vari\u00e9t\u00e9s comme Special Kush 1, plus orient\u00e9e indica pour la relaxation, mais Early Skunk offre un meilleur \u00e9quilibre pour un usage quotidien.<\/li>\n<li><strong>Q :<\/strong> Peut-on cultiver Early Skunk en ext\u00e9rieur aux Pays-Bas ? <strong>R :<\/strong> Oui, elle est parfaite pour la culture en ext\u00e9rieur aux Pays-Bas gr\u00e2ce \u00e0 sa r\u00e9sistance au temps plus frais et aux moisissures, mais assurez-vous d\u2019avoir un emplacement ensoleill\u00e9 et respectez les lois locales, comme discut\u00e9 dans notre blog sur <a href=\"https:\/\/freeseedsonline.com\/fr\/dispositions-lgales-et-cannabis-peut-on-cultiver-du-cannabis-en-extrieur\">la culture en ext\u00e9rieur<\/a>.<\/li>\n<li><strong>Q :<\/strong> Qu\u2019est-ce qui rend Early Skunk unique en termes d\u2019effets ? <strong>R :<\/strong> Son m\u00e9lange unique d\u2019euphorie et de relaxation la rend polyvalente pour une utilisation de jour comme de nuit, et elle est populaire pour un usage m\u00e9dical contre le stress, sans le high \u00e9crasant des vari\u00e9t\u00e9s purement sativa.<\/li>\n<\/ul>\n<h3>Pourquoi commander chez nous ?<\/h3>\n<p>Chez freeseedsonline.com, vous pouvez compter sur des graines de cannabis de la plus haute qualit\u00e9, avec une livraison rapide et discr\u00e8te directement de Sensi Seeds. Nous proposons toujours l\u2019offre attractive \u00ab 4 pour le prix de 3 \u00bb pour rendre votre aventure de culture encore plus avantageuse, ainsi qu\u2019un large assortiment pour tous les besoins. Choisissez-nous et d\u00e9couvrez l\ufffd\ufffdexpertise qui fait de nous un choix de premier plan pour <em>acheter des graines de cannabis<\/em> aux Pays-Bas.<\/p>\n","protected":false},"excerpt":{"rendered":"<table class=\"data-table product-attributes\">\n<tbody>\n<tr>\n<th class=\"label\"><span class=\"label-text\">Type<\/span><\/th>\n<td class=\"data\">Vari\u00e9t\u00e9 f\u00e9minis\u00e9e<\/td>\n<\/tr>\n<tr>\n<th class=\"label\"><span class=\"label-text\">Cannabis Cup Winnaars<\/span><\/th>\n<td class=\"data\">Gagnants de la Cannabis Cup<\/td>\n<\/tr>\n<tr>\n<th class=\"label\"><span class=\"label-text\">Sativa \/ indica<\/span><\/th>\n<td class=\"data\">Hybride Sativa \/ Indica<\/td>\n<\/tr>\n<tr>\n<th class=\"label\"><span class=\"label-text\">Bloeitijd<\/span><\/th>\n<td class=\"data\">P\u00e9riode de floraison moyenne<\/td>\n<\/tr>\n<tr>\n<th class=\"label\"><span class=\"label-text\">Hoogte<\/span><\/th>\n<td class=\"data\">Plante de grande taille<\/td>\n<\/tr>\n<tr>\n<th class=\"label\"><span class=\"label-text\">Opbrengst<\/span><\/th>\n<td class=\"data\">R\u00e9colte XXL<\/td>\n<\/tr>\n<tr>\n<th class=\"label\"><span class=\"label-text\">Klimaat zones<\/span><\/th>\n<td class=\"data\">Climat frais \/ froid<\/td>\n<\/tr>\n<\/tbody>\n<\/table>\n","protected":false},"featured_media":193722,"comment_status":"closed","ping_status":"closed","template":"","meta":[],"product_brand":[],"product_cat":[689,645,648,653,650,617,681,708,620,637],"product_tag":[749],"class_list":{"0":"post-162901","1":"product","2":"type-product","3":"status-publish","4":"has-post-thumbnail","6":"product_cat-gagnants-de-prix","7":"product_cat-graines-de-cannabis-feminisees","8":"product_cat-graines-de-cannabis-pour-debutants","9":"product_cat-graines-de-cannabis-pour-exterieur","10":"product_cat-graines-de-cannabis-pour-interieur","11":"product_cat-non-classe","12":"product_cat-nouvelles-varietes-de-graines-de-cannabis","13":"product_cat-sensi-seeds-groningen","14":"product_cat-toutes-les-varietes","15":"product_cat-varietes-pour-debutants","16":"product_tag-early-skunk","18":"first","19":"instock","20":"taxable","21":"shipping-taxable","22":"purchasable","23":"product-type-variable"},"_links":{"self":[{"href":"https:\/\/freeseedsonline.com\/fr\/wp-json\/wp\/v2\/product\/162901","targetHints":{"allow":["GET"]}}],"collection":[{"href":"https:\/\/freeseedsonline.com\/fr\/wp-json\/wp\/v2\/product"}],"about":[{"href":"https:\/\/freeseedsonline.com\/fr\/wp-json\/wp\/v2\/types\/product"}],"replies":[{"embeddable":true,"href":"https:\/\/freeseedsonline.com\/fr\/wp-json\/wp\/v2\/comments?post=162901"}],"wp:featuredmedia":[{"embeddable":true,"href":"https:\/\/freeseedsonline.com\/fr\/wp-json\/wp\/v2\/media\/193722"}],"wp:attachment":[{"href":"https:\/\/freeseedsonline.com\/fr\/wp-json\/wp\/v2\/media?parent=162901"}],"wp:term":[{"taxonomy":"product_brand","embeddable":true,"href":"https:\/\/freeseedsonline.com\/fr\/wp-json\/wp\/v2\/product_brand?post=162901"},{"taxonomy":"product_cat","embeddable":true,"href":"https:\/\/freeseedsonline.com\/fr\/wp-json\/wp\/v2\/product_cat?post=162901"},{"taxonomy":"product_tag","embeddable":true,"href":"https:\/\/freeseedsonline.com\/fr\/wp-json\/wp\/v2\/product_tag?post=162901"}],"curies":[{"name":"wp","href":"https:\/\/api.w.org\/{rel}","templated":true}]}}