{"id":162895,"date":"2024-11-07T20:14:28","date_gmt":"2024-11-07T20:14:28","guid":{"rendered":"https:\/\/freeseedsonline.com\/?p=162895"},"modified":"2026-02-13T18:30:51","modified_gmt":"2026-02-13T18:30:51","slug":"banana-frosting","status":"publish","type":"product","link":"https:\/\/freeseedsonline.com\/fr\/produits\/banana-frosting\/","title":{"rendered":"Banana Frosting"},"content":{"rendered":"<h2>Banana Frosting<\/h2>\n<p>D\u00e9couvrez le monde s\u00e9duisant de Banana Frosting, une vari\u00e9t\u00e9 de graines de cannabis hybride premium de Sensi Seeds Groningen qui conquiert le c\u0153ur des amateurs de cannabis. Avec un m\u00e9lange unique de 70 % indica et 30 % sativa, cette variante f\u00e9minis\u00e9e offre un \u00e9quilibre parfait entre relaxation et \u00e9nergie, id\u00e9al pour ceux qui cherchent \u00e0 \u00ab\u00a0acheter des graines de cannabis\u00a0\u00bb ou \u00e0 \u00ab\u00a0commander des graines de cannabis\u00a0\u00bb pour une exp\u00e9rience de culture fiable et de haute qualit\u00e9. Si vous \u00eates int\u00e9ress\u00e9 par des \u00ab\u00a0graines de cannabis\u00a0\u00bb avec une touche fruit\u00e9e, Banana Frosting est le choix id\u00e9al pour les d\u00e9butants comme pour les cultivateurs exp\u00e9riment\u00e9s.<\/p>\n<h3>Caract\u00e9ristiques et sp\u00e9cifications<\/h3>\n<p>Banana Frosting est r\u00e9put\u00e9e pour sa g\u00e9n\u00e9tique robuste et ses propri\u00e9t\u00e9s impressionnantes, ce qui en fait une option polyvalente dans le monde des graines de cannabis. Voici un aper\u00e7u des principales caract\u00e9ristiques, bas\u00e9 sur les d\u00e9tails sp\u00e9cifiques de cette vari\u00e9t\u00e9.<\/p>\n<ul>\n<li><strong>G\u00e9n\u00e9tique :<\/strong> 70 % indica et 30 % sativa, ce qui donne un profil hybride combinant relaxation et une l\u00e9g\u00e8re stimulation.<\/li>\n<li><strong>Taux de THC :<\/strong> \u00c9lev\u00e9, avec des valeurs typiques autour de 18-22 %, offrant des effets puissants sans \u00eatre trop intenses.<\/li>\n<li><strong>Taux de CBD :<\/strong> Faible, environ 0,5-1 %, mais suffisant pour un l\u00e9ger soutien m\u00e9dicinal.<\/li>\n<li><strong>Taille :<\/strong> Hauteur moyenne de 80-120 cm en int\u00e9rieur et jusqu&rsquo;\u00e0 150 cm en ext\u00e9rieur, ce qui la rend adaptable \u00e0 diff\u00e9rents environnements de culture.<\/li>\n<li><strong>P\u00e9riode de floraison :<\/strong> Courte p\u00e9riode de floraison de 8-9 semaines en int\u00e9rieur, et pr\u00eate \u00e0 \u00eatre r\u00e9colt\u00e9e en septembre-octobre pour une culture en ext\u00e9rieur.<\/li>\n<li><strong>Rendement :<\/strong> Jusqu&rsquo;\u00e0 500-700 grammes par m\u00b2 en int\u00e9rieur, et jusqu&rsquo;\u00e0 600 grammes par plante en ext\u00e9rieur dans des conditions optimales.<\/li>\n<li><strong>Pr\u00e9f\u00e9rence climatique :<\/strong> Prosp\u00e8re dans des climats ensoleill\u00e9s et chauds, mais s&rsquo;adapte \u00e9galement aux r\u00e9gions temp\u00e9r\u00e9es avec les soins appropri\u00e9s.<\/li>\n<\/ul>\n<h3>Informations d\u00e9taill\u00e9es sur la culture<\/h3>\n<p>Banana Frosting est l&rsquo;une des vari\u00e9t\u00e9s les plus faciles \u00e0 cultiver, avec un niveau de difficult\u00e9 particuli\u00e8rement adapt\u00e9 aux d\u00e9butants. Ces graines f\u00e9minis\u00e9es germent de mani\u00e8re fiable et poussent rapidement, que ce soit en int\u00e9rieur ou en ext\u00e9rieur, ce qui en fait un choix populaire pour \u00ab\u00a0commander des graines de cannabis\u00a0\u00bb par les novices. Pour des r\u00e9sultats optimaux, commencez par faire germer les graines selon des m\u00e9thodes \u00e9prouv\u00e9es, comme d\u00e9crit dans notre guide sur <a href=\"https:\/\/freeseedsonline.com\/fr\/germination-des-graines-de-cannabis\">la germination des graines de cannabis<\/a>, afin d&rsquo;assurer un bon d\u00e9part.<\/p>\n<p>Pour la culture en int\u00e9rieur, Banana Frosting prosp\u00e8re dans un environnement contr\u00f4l\u00e9 avec un \u00e9clairage LED et une temp\u00e9rature de 20-25\u00b0C. Utilisez une tente de culture bien ventil\u00e9e, comme recommand\u00e9 dans notre article sur <a href=\"https:\/\/freeseedsonline.com\/fr\/cultiver-du-cannabis-en-intrieur\">la culture de cannabis en int\u00e9rieur<\/a>, et appliquez des techniques comme le fimming ou le scrogging pour une croissance maximale \u2013 apprenez-en plus via <a href=\"https:\/\/freeseedsonline.com\/fr\/tailler-les-plantes-de-cannabis\">le fimming des plantes de cannabis<\/a>. Les plantes atteignent une forme compacte, ce qui les rend id\u00e9ales pour les petits espaces, et elles r\u00e9agissent bien aux nutriments organiques pour pr\u00e9venir les moisissures, comme discut\u00e9 dans <a href=\"https:\/\/freeseedsonline.com\/fr\/combattre-les-moisissures-et-les-nuisibles-de-manire-biologique\">la lutte biologique contre les moisissures et les nuisibles<\/a>.<\/p>\n<p>Pour la culture en ext\u00e9rieur, Banana Frosting est parfaite dans un climat ensoleill\u00e9 et m\u00e9diterran\u00e9en, o\u00f9 elle peut produire de hauts rendements avec peu d&rsquo;entretien. Elle est r\u00e9sistante aux parasites courants, mais v\u00e9rifiez r\u00e9guli\u00e8rement la pr\u00e9sence d&rsquo;escargots, comme expliqu\u00e9 dans <a href=\"https:\/\/freeseedsonline.com\/fr\/limaces-sur-la-plante-de-cannabis-que-faire-maintenant-\">les escargots sur les plantes de cannabis<\/a>. Le niveau de difficult\u00e9 est faible, avec des conseils pour les d\u00e9butants via <a href=\"https:\/\/freeseedsonline.com\/fr\/quelles-sont-les-meilleures-plantes-de-cannabis-dextrieur-pour-les-dbutants-\">les meilleures plantes de cannabis d&rsquo;ext\u00e9rieur pour d\u00e9butants<\/a>, et elle n\u00e9cessite un sol bien drain\u00e9 \u2013 consultez <a href=\"https:\/\/freeseedsonline.com\/fr\/top-3-des-meilleurs-sols-pour-votre-plante-de-cannabis\">le meilleur sol pour les plantes de cannabis<\/a> pour des conseils. Avec les soins appropri\u00e9s, comme la taille pendant la phase de croissance, vous pouvez vous attendre \u00e0 une r\u00e9colte abondante.<\/p>\n<h3>Effets, go\u00fbt et ar\u00f4me<\/h3>\n<p>Les effets de Banana Frosting sont un m\u00e9lange harmonieux de relaxation et d&rsquo;euphorie, gr\u00e2ce \u00e0 sa g\u00e9n\u00e9tique indica dominante. Les utilisateurs ressentent un profond effet corporel qui soulage le stress et la douleur, id\u00e9al pour une d\u00e9tente en soir\u00e9e, tandis que l&rsquo;influence sativa procure une l\u00e9g\u00e8re stimulation mentale pour des activit\u00e9s cr\u00e9atives. Cela la rend \u00e9galement pertinente pour un usage m\u00e9dicinal, comme pour l&rsquo;anxi\u00e9t\u00e9 ou les tensions musculaires, comme discut\u00e9 dans <a href=\"https:\/\/freeseedsonline.com\/fr\/cannabis-cbd-et-thc\">cannabis CBD et THC<\/a>, bien que son taux de CBD soit faible.<\/p>\n<p>En termes de go\u00fbt et d&rsquo;ar\u00f4me, Banana Frosting est un r\u00e9gal pour les sens, avec une saveur sucr\u00e9e et fruit\u00e9e rappelant les bananes m\u00fbres, combin\u00e9e \u00e0 des notes subtiles de vanille et de terre. L&rsquo;ar\u00f4me est intense et invitant, parfait pour ceux qui appr\u00e9cient une touche tropicale dans leur exp\u00e9rience de cannabis. Pour des recettes et des applications m\u00e9dicinales, explorez <a href=\"https:\/\/freeseedsonline.com\/fr\/application-mdicale-et-recettes-articles-recettes-cannabis-mdical\">recettes avec du cannabis m\u00e9dicinal<\/a>, o\u00f9 vous apprendrez comment cette vari\u00e9t\u00e9 peut \u00eatre utilis\u00e9e dans des edibles ou des teintures pour un effet th\u00e9rapeutique doux.<\/p>\n<h3>Comparaison avec des vari\u00e9t\u00e9s similaires<\/h3>\n<p>Banana Frosting se distingue des autres hybrides indica par son \u00e9quilibre unique et sa facilit\u00e9 d&rsquo;utilisation, mais il est toujours utile de consid\u00e9rer des alternatives. Par rapport \u00e0 <a href=\"https:\/\/freeseedsonline.com\/fr\/produits\/graines-de-cannabis-bubbelgum-autoflower\">les graines de cannabis Bubbelgum Autoflower<\/a>, Banana Frosting offre un profil plus fruit\u00e9 avec un temps de floraison plus court, tout en ayant un rendement similaire. Compar\u00e9e \u00e0 <a href=\"https:\/\/freeseedsonline.com\/fr\/produits\/do-si-do-gold-autofleurissante\">Do Si Do Gold Autoflower<\/a>, elle a une touche sativa plus douce, ce qui la rend plus adapt\u00e9e aux d\u00e9butants, mais les deux partagent un effet relaxant.<\/p>\n<p>Pour une exp\u00e9rience indica plus classique, jetez un \u0153il \u00e0 <a href=\"https:\/\/freeseedsonline.com\/fr\/produits\/graines-de-cannabis-hindu-kush\">les graines de cannabis Hindu Kush<\/a>, qui est plus orient\u00e9e indica et convient mieux aux climats plus froids, contrairement au besoin de chaleur de Banana Frosting. Si vous recherchez une variante plus sativa, essayez <a href=\"https:\/\/freeseedsonline.com\/fr\/produits\/blue-skunk-\">Blue Skunk<\/a>, qui offre des effets \u00e9nergisants, mais Banana Frosting l&#8217;emporte avec son rendement plus \u00e9lev\u00e9 et son ar\u00f4me fruit\u00e9.<\/p>\n<h3>Questions fr\u00e9quentes sur Banana Frosting<\/h3>\n<p><strong>Q : Quel est le rendement de Banana Frosting ?<\/strong><br \/>\nR : Banana Frosting peut produire un rendement de 500-700 grammes par m\u00b2 en int\u00e9rieur avec un \u00e9clairage et des soins optimaux, tandis qu&rsquo;en ext\u00e9rieur, jusqu&rsquo;\u00e0 600 grammes par plante sont possibles dans un climat ensoleill\u00e9 ; cela en fait un choix fiable pour les cultivateurs souhaitant des r\u00e9sultats maximaux sans trop d&rsquo;efforts.<\/p>\n<p><strong>Q : Puis-je cultiver Banana Frosting en ext\u00e9rieur ?<\/strong><br \/>\nR : Oui, Banana Frosting est parfaitement adapt\u00e9e \u00e0 la culture en ext\u00e9rieur dans des zones chaudes et ensoleill\u00e9es, o\u00f9 elle r\u00e9siste au vent l\u00e9ger et \u00e0 la pluie ; assurez-vous d&rsquo;avoir un sol bien drain\u00e9 et un arrosage r\u00e9gulier pour obtenir les meilleurs r\u00e9sultats, surtout par rapport \u00e0 des vari\u00e9t\u00e9s plus d\u00e9licates.<\/p>\n<p><strong>Q : Quels sont les effets de Banana Frosting ?<\/strong><br \/>\nR : Les effets sont un m\u00e9lange de profonde relaxation et d&rsquo;une l\u00e9g\u00e8re stimulation, id\u00e9al pour soulager le stress ou pour des occasions sociales ; cet hybride offre un high \u00e9quilibr\u00e9 qui affecte \u00e0 la fois le corps et l&rsquo;esprit, sans l&rsquo;intensit\u00e9 \u00e9crasante des vari\u00e9t\u00e9s purement sativa.<\/p>\n<p><strong>Q : Banana Frosting convient-elle aux d\u00e9butants ?<\/strong><br \/>\nR : Absolument, cette vari\u00e9t\u00e9 est facile \u00e0 utiliser avec un temps de floraison court et une grande tol\u00e9rance aux erreurs, ce qui la rend parfaite pour les novices ; suivez des guides de base comme celui sur <a href=\"https:\/\/freeseedsonline.com\/fr\/cultiver-du-cannabis-pour-les-dbutants\">la culture de cannabis pour d\u00e9butants<\/a> pour tirer le meilleur parti de votre culture.<\/p>\n<h3>Pourquoi commander chez nous<\/h3>\n<p>Chez freeseedsonline.com, vous pouvez compter sur des \u00ab\u00a0graines de cannabis\u00a0\u00bb de haute qualit\u00e9 comme Banana Frosting, avec une livraison rapide et un emballage discret pour une exp\u00e9rience sans souci. Nous offrons un soutien complet via nos blogs et guides, et en bonus, vous pouvez profiter de notre offre exclusive : \u00ab\u00a04 pour le prix de 3\u00a0\u00bb, ce qui vous permet d&rsquo;obtenir plus de valeur pour votre achat. Choisissez-nous et commencez votre aventure de culture avec les meilleures graines et le meilleur service aux Pays-Bas.<\/p>\n","protected":false},"excerpt":{"rendered":"<p><strong>Marque :<\/strong> Sensi Seeds<\/p>\n<table class=\"data-table product-attributes\">\n<tbody>\n<tr>\n<th class=\"label\"><span class=\"label-text\">Type<\/span><\/th>\n<td class=\"data\">Vari\u00e9t\u00e9 f\u00e9minis\u00e9e<\/td>\n<\/tr>\n<tr>\n<th class=\"label\"><span class=\"label-text\">Sativa \/ indica<\/span><\/th>\n<td class=\"data\">Indica<\/td>\n<\/tr>\n<tr>\n<th class=\"label\"><span class=\"label-text\">Temps de floraison<\/span><\/th>\n<td class=\"data\">P\u00e9riode de floraison moyenne<\/td>\n<\/tr>\n<tr>\n<th class=\"label\"><span class=\"label-text\">Hauteur<\/span><\/th>\n<td class=\"data\">Plante compacte<\/td>\n<\/tr>\n<tr>\n<th class=\"label\"><span class=\"label-text\">Rendement<\/span><\/th>\n<td class=\"data\">R\u00e9colte \u00e9norme<\/td>\n<\/tr>\n<tr>\n<th class=\"label\"><span class=\"label-text\">Zones climatiques<\/span><\/th>\n<td class=\"data\">Climat ensoleill\u00e9 \/ m\u00e9diterran\u00e9en<\/td>\n<\/tr>\n<\/tbody>\n<\/table>\n","protected":false},"featured_media":193607,"comment_status":"closed","ping_status":"closed","template":"","meta":[],"product_brand":[],"product_cat":[645,656,650,617,708,620],"product_tag":[744],"class_list":{"0":"post-162895","1":"product","2":"type-product","3":"status-publish","4":"has-post-thumbnail","6":"product_cat-graines-de-cannabis-feminisees","7":"product_cat-graines-de-cannabis-indica","8":"product_cat-graines-de-cannabis-pour-interieur","9":"product_cat-non-classe","10":"product_cat-sensi-seeds-groningen","11":"product_cat-toutes-les-varietes","12":"product_tag-glaage-la-banane","14":"first","15":"instock","16":"taxable","17":"shipping-taxable","18":"purchasable","19":"product-type-variable"},"_links":{"self":[{"href":"https:\/\/freeseedsonline.com\/fr\/wp-json\/wp\/v2\/product\/162895","targetHints":{"allow":["GET"]}}],"collection":[{"href":"https:\/\/freeseedsonline.com\/fr\/wp-json\/wp\/v2\/product"}],"about":[{"href":"https:\/\/freeseedsonline.com\/fr\/wp-json\/wp\/v2\/types\/product"}],"replies":[{"embeddable":true,"href":"https:\/\/freeseedsonline.com\/fr\/wp-json\/wp\/v2\/comments?post=162895"}],"wp:featuredmedia":[{"embeddable":true,"href":"https:\/\/freeseedsonline.com\/fr\/wp-json\/wp\/v2\/media\/193607"}],"wp:attachment":[{"href":"https:\/\/freeseedsonline.com\/fr\/wp-json\/wp\/v2\/media?parent=162895"}],"wp:term":[{"taxonomy":"product_brand","embeddable":true,"href":"https:\/\/freeseedsonline.com\/fr\/wp-json\/wp\/v2\/product_brand?post=162895"},{"taxonomy":"product_cat","embeddable":true,"href":"https:\/\/freeseedsonline.com\/fr\/wp-json\/wp\/v2\/product_cat?post=162895"},{"taxonomy":"product_tag","embeddable":true,"href":"https:\/\/freeseedsonline.com\/fr\/wp-json\/wp\/v2\/product_tag?post=162895"}],"curies":[{"name":"wp","href":"https:\/\/api.w.org\/{rel}","templated":true}]}}