{"id":162892,"date":"2024-11-07T20:14:27","date_gmt":"2024-11-07T20:14:27","guid":{"rendered":"https:\/\/freeseedsonline.com\/?p=162892"},"modified":"2026-02-13T18:28:39","modified_gmt":"2026-02-13T18:28:39","slug":"skunk-1-sensi-seeds","status":"publish","type":"product","link":"https:\/\/freeseedsonline.com\/fr\/produits\/skunk-1-sensi-seeds\/","title":{"rendered":"Skunk #1 Sensi Seeds\u00ae"},"content":{"rendered":"<h2>Skunk #1 Sensi Seeds\u00ae<\/h2>\n<p>D\u00e9couvrez la l\u00e9gendaire Skunk #1 Sensi Seeds\u00ae, une ic\u00f4ne dans le monde des graines de cannabis qui inspire les cultivateurs du monde entier depuis des d\u00e9cennies. Si vous cherchez \u00e0 acheter des graines de cannabis de haute qualit\u00e9 ou \u00e0 commander des graines de cannabis offrant un \u00e9quilibre parfait entre rendement, facilit\u00e9 de culture et puissance, ce classique de Sensi Seeds est le choix id\u00e9al. Avec sa g\u00e9n\u00e9tique robuste et ses performances fiables, Skunk #1 reste un favori tant pour les d\u00e9butants que pour les cultivateurs exp\u00e9riment\u00e9s qui font confiance aux graines de cannabis pour des r\u00e9sultats impressionnants.<\/p>\n<h3>Caract\u00e9ristiques et sp\u00e9cifications<\/h3>\n<p>Skunk #1 Sensi Seeds\u00ae est r\u00e9put\u00e9e pour ses caract\u00e9ristiques impressionnantes, ce qui en fait une option polyvalente pour tout espace de culture. Cette vari\u00e9t\u00e9 hybride, principalement domin\u00e9e par l&rsquo;Indica, offre une structure robuste et des rendements \u00e9lev\u00e9s, parfaite pour ceux qui souhaitent commander des graines de cannabis avec une qualit\u00e9 garantie. Voici un aper\u00e7u des principales caract\u00e9ristiques :<\/p>\n<ul>\n<li><strong>G\u00e9n\u00e9tique :<\/strong> Un hybride classique avec des traits Indica dominants, issu d&rsquo;un croisement entre Afghani, Acapulco Gold et Colombian Gold, garantissant une croissance stable et fiable.<\/li>\n<li><strong>Teneur en THC :<\/strong> Environ 15-20 %, contribuant \u00e0 des effets puissants sans \u00eatre \u00e9crasants, id\u00e9al pour un usage r\u00e9cr\u00e9atif comme m\u00e9dicinal.<\/li>\n<li><strong>Teneur en CBD :<\/strong> Faible, environ 0,1-0,5 %, mettant l&rsquo;accent sur les avantages psychoactifs plut\u00f4t que sur la relaxation th\u00e9rapeutique, bien qu&rsquo;elle puisse encore \u00eatre b\u00e9n\u00e9fique.<\/li>\n<li><strong>Taille de la plante :<\/strong> Moyenne, avec des plantes atteignant jusqu&rsquo;\u00e0 1 m\u00e8tre en int\u00e9rieur et facilement 1,5 m\u00e8tre en ext\u00e9rieur, selon les conditions de culture.<\/li>\n<li><strong>Temps de floraison :<\/strong> 7-8 semaines en int\u00e9rieur, ce qui en fait une option rapide pour les cultivateurs souhaitant des r\u00e9sultats rapides ; en ext\u00e9rieur, la r\u00e9colte a g\u00e9n\u00e9ralement lieu en septembre ou octobre.<\/li>\n<li><strong>Rendement :<\/strong> Tr\u00e8s \u00e9lev\u00e9, avec des rendements en int\u00e9rieur allant jusqu&rsquo;\u00e0 500 grammes par m\u00b2 et en ext\u00e9rieur jusqu&rsquo;\u00e0 600 grammes par plante, gr\u00e2ce \u00e0 ses t\u00eates denses et riches en r\u00e9sine.<\/li>\n<li><strong>Difficult\u00e9 :<\/strong> Adapt\u00e9e aux d\u00e9butants, avec une croissance r\u00e9siliente tol\u00e9rant les erreurs, parfaite pour ceux qui commencent \u00e0 acheter des graines de cannabis.<\/li>\n<\/ul>\n<h3>Informations d\u00e9taill\u00e9es sur la culture de Skunk #1 Sensi Seeds\u00ae<\/h3>\n<p>Skunk #1 Sensi Seeds\u00ae est l&rsquo;une des vari\u00e9t\u00e9s les plus indulgentes \u00e0 cultiver, ce qui en fait un excellent choix pour les d\u00e9butants et les cultivateurs avanc\u00e9s \u00e0 la recherche de r\u00e9sultats constants. Cette vari\u00e9t\u00e9 prosp\u00e8re aussi bien en int\u00e9rieur qu&rsquo;en ext\u00e9rieur, avec une pr\u00e9f\u00e9rence pour un environnement stable entre 20-25\u00b0C pendant la phase de croissance. Pour la culture en int\u00e9rieur, comme d\u00e9crit dans notre guide sur <a href=\"https:\/\/freeseedsonline.com\/fr\/cultiver-du-cannabis-en-intrieur\">wiet kweken binnen<\/a>, vous pouvez faire pousser Skunk #1 de mani\u00e8re optimale dans une tente de culture avec un \u00e9clairage LED, o\u00f9 la plante v\u00e9g\u00e8te rapidement et reste compacte.<\/p>\n<p>Pour la culture en ext\u00e9rieur, id\u00e9ale dans un climat temp\u00e9r\u00e9, Skunk #1 r\u00e9siste au vent et au l\u00e9ger gel, comme discut\u00e9 dans <a href=\"https:\/\/freeseedsonline.com\/fr\/quelles-sont-les-meilleures-plantes-de-cannabis-dextrieur-pour-les-dbutants-\">beste buiten wietplanten voor beginners<\/a>. Conseils pour r\u00e9ussir : commencez par faire germer les graines selon nos instructions sur <a href=\"https:\/\/freeseedsonline.com\/fr\/germination-des-graines-de-cannabis\">ontkiemen van wietzaden<\/a>, utilisez un sol bien drainant comme recommand\u00e9 dans <a href=\"https:\/\/freeseedsonline.com\/fr\/top-3-des-meilleurs-sols-pour-votre-plante-de-cannabis\">beste aarde voor wietplanten<\/a>, et appliquez des techniques comme le fimming pour une meilleure ramification, comme expliqu\u00e9 dans <a href=\"https:\/\/freeseedsonline.com\/fr\/tailler-les-plantes-de-cannabis\">fimmen van wietplanten<\/a>. La difficult\u00e9 est faible, avec une phase de croissance de 4-6 semaines avant le d\u00e9but de la floraison, et elle est r\u00e9sistante aux probl\u00e8mes courants comme les moisissures, \u00e0 condition de prendre des mesures pr\u00e9ventives comme indiqu\u00e9 dans <a href=\"https:\/\/freeseedsonline.com\/fr\/moisissures-sur-la-plante-de-cannabis-\">schimmels op wietplanten<\/a>. Pour des r\u00e9sultats optimaux, maintenez le pH entre 6,0 et 7,0 et assurez une bonne ventilation pour g\u00e9rer l&rsquo;odeur caract\u00e9ristique.<\/p>\n<h3>Effets, go\u00fbt et ar\u00f4me de Skunk #1 Sensi Seeds\u00ae<\/h3>\n<p>Les effets de Skunk #1 Sensi Seeds\u00ae sont \u00e9quilibr\u00e9s et polyvalents, avec un high puissant qui commence par une mont\u00e9e c\u00e9r\u00e9brale stimulante avant de se transformer en une profonde relaxation physique, id\u00e9al pour soulager le stress ou stimuler la cr\u00e9ativit\u00e9. Cette vari\u00e9t\u00e9 offre un \u00e9quilibre harmonieux entre Indica et Sativa, comme expliqu\u00e9 plus en d\u00e9tail dans <a href=\"https:\/\/freeseedsonline.com\/fr\/quelle-est-la-diffrence-entre-indica-et-sativa-\">verschil tussen Indica en Sativa<\/a>, ce qui r\u00e9sulte en une exp\u00e9rience durable de 2-4 heures sans s\u00e9dation excessive. Pour un usage m\u00e9dicinal, Skunk #1 peut aider \u00e0 soulager la douleur et l&rsquo;anxi\u00e9t\u00e9 gr\u00e2ce \u00e0 sa teneur en THC, et plus d&rsquo;informations sur le CBD et le THC sont disponibles dans <a href=\"https:\/\/freeseedsonline.com\/fr\/cannabis-cbd-et-thc\">cannabis CBD en THC<\/a>.<\/p>\n<p>En termes de go\u00fbt et d&rsquo;ar\u00f4me, Skunk #1 poss\u00e8de un profil unique avec des notes sucr\u00e9es et terreuses m\u00e9lang\u00e9es \u00e0 une touche fruit\u00e9e et piquante, rappelant des baies trop m\u00fbres avec une finition musqu\u00e9e. L&rsquo;ar\u00f4me est intense et p\u00e9n\u00e9trant, ce qui en fait un favori parmi les amateurs \u00e0 la recherche d&rsquo;une exp\u00e9rience authentique, et il peut \u00eatre amplifi\u00e9 par des techniques de culture appropri\u00e9es. Ces caract\u00e9ristiques en font non seulement un plaisir \u00e0 fumer, mais aussi une option polyvalente pour les edibles, comme les recettes dans <a href=\"https:\/\/freeseedsonline.com\/fr\/cuisiner-de-manire-crative-avec-du-cannabis-recettes-varies-base-de-graines-de-cannabis\">koken met cannabis<\/a>.<\/p>\n<h3>Comparaison avec des vari\u00e9t\u00e9s similaires<\/h3>\n<p>Skunk #1 Sensi Seeds\u00ae se distingue par sa croissance robuste et son rendement \u00e9lev\u00e9, mais il est int\u00e9ressant de la comparer \u00e0 d&rsquo;autres vari\u00e9t\u00e9s populaires comme Blueberry Bubblegum Autoflower, qui a un go\u00fbt plus sucr\u00e9 et une floraison plus rapide \u2013 d\u00e9couvrez-en plus sur <a href=\"https:\/\/freeseedsonline.com\/fr\/produits\/blueberry-bubblegum-autofloraison\">Blueberry Bubblegum Autoflower<\/a>. Par rapport \u00e0 Black Domina, qui a une influence Indica plus marqu\u00e9e pour une relaxation plus profonde, Skunk #1 offre un high plus \u00e9quilibr\u00e9 ; consultez les d\u00e9tails sur <a href=\"https:\/\/freeseedsonline.com\/fr\/produits\/black-domina\">Black Domina<\/a>. Pour les amateurs de Sativa, Sensi Amnesia est une option \u00e9nergisante avec un temps de floraison plus long, disponible via <a href=\"https:\/\/freeseedsonline.com\/fr\/produits\/sensi-amnesia\">Sensi Amnesia<\/a>, tandis que Sensi Purple Kush pr\u00e9sente des teintes plus violettes et un ar\u00f4me plus fruit\u00e9, \u00e0 retrouver sur <a href=\"https:\/\/freeseedsonline.com\/fr\/produits\/sensi-purple-kush\">Sensi Purple Kush<\/a>. En somme, Skunk #1 est id\u00e9ale pour sa polyvalence et sa fiabilit\u00e9.<\/p>\n<h3>Questions fr\u00e9quentes sur Skunk #1 Sensi Seeds\u00ae<\/h3>\n<p><strong>Q : Quel est l&rsquo;environnement de culture id\u00e9al pour Skunk #1 Sensi Seeds\u00ae ?<\/strong><br \/>\nR : Skunk #1 prosp\u00e8re mieux dans un environnement int\u00e9rieur contr\u00f4l\u00e9 avec des temp\u00e9ratures entre 20-25\u00b0C, mais elle convient \u00e9galement \u00e0 la culture en ext\u00e9rieur dans un climat ensoleill\u00e9, o\u00f9 elle r\u00e9siste aux variations ; commencez avec un bon sol pour une croissance optimale, comme recommand\u00e9 dans nos guides.<\/p>\n<p><strong>Q : Combien de temps faut-il pour que Skunk #1 soit pr\u00eate \u00e0 \u00eatre r\u00e9colt\u00e9e ?<\/strong><br \/>\nR : Le temps de floraison en int\u00e9rieur est d&rsquo;environ 7-8 semaines, avec un cycle de culture total de 10-12 semaines ; en ext\u00e9rieur, vous pouvez vous attendre \u00e0 une r\u00e9colte en septembre, selon les conditions m\u00e9t\u00e9orologiques, ce qui en fait un choix efficace pour les cultivateurs souhaitant des r\u00e9sultats rapides.<\/p>\n<p><strong>Q : Skunk #1 convient-elle \u00e0 des fins m\u00e9dicinales ?<\/strong><br \/>\nR : Oui, avec sa teneur en THC, Skunk #1 aide \u00e0 soulager la douleur et \u00e0 r\u00e9duire le stress, bien que son faible taux de CBD la rende moins id\u00e9ale pour des applications purement th\u00e9rapeutiques ; envisagez de la combiner avec d&rsquo;autres vari\u00e9t\u00e9s pour un effet plus large, comme discut\u00e9 dans nos articles sur l&rsquo;usage m\u00e9dicinal.<\/p>\n<p><strong>Q : Qu&rsquo;est-ce qui rend Skunk #1 unique par rapport \u00e0 d&rsquo;autres graines de cannabis ?<\/strong><br \/>\nR : Skunk #1 est connue pour son rendement \u00e9lev\u00e9 et sa facilit\u00e9 de culture, ce qui la rend parfaite pour les d\u00e9butants, tandis que son ar\u00f4me unique et ses effets \u00e9quilibr\u00e9s la distinguent ; c&rsquo;est un classique intemporel qui reste un favori gr\u00e2ce \u00e0 sa fiabilit\u00e9 et sa polyvalence dans diff\u00e9rents sc\u00e9narios de culture.<\/p>\n<h3>Pourquoi commander chez nous ?<\/h3>\n<p>Chez freeseedsonline.com, nous proposons non seulement des graines de cannabis premium comme Skunk #1 Sensi Seeds\u00ae, mais aussi un service s\u00e9curis\u00e9 et discret avec une livraison rapide, afin que vous puissiez acheter des graines de cannabis en toute confiance. Notre expertise en graines de cannabis garantit une g\u00e9n\u00e9tique authentique directement de Sensi Seeds, et nous sommes reconnus pour notre excellent service client. De plus, profitez de notre offre exclusive : \u00ab\u00a04 pour le prix de 3\u00a0\u00bb, qui ajoute une valeur suppl\u00e9mentaire \u00e0 votre achat et vous offre plus de possibilit\u00e9s d&rsquo;exp\u00e9rimenter avec diff\u00e9rentes vari\u00e9t\u00e9s. Choisissez-nous et d\u00e9couvrez pourquoi des milliers de cultivateurs reviennent pour commander leurs graines de cannabis.<\/p>\n","protected":false},"excerpt":{"rendered":"<p><strong>Marque :<\/strong> Sensi Seeds<\/p>\n<table class=\"data-table product-attributes\">\n<tbody>\n<tr>\n<th class=\"label\"><span class=\"label-text\">Type<\/span><\/th>\n<td class=\"data\">Vari\u00e9t\u00e9 f\u00e9minis\u00e9e<\/td>\n<\/tr>\n<tr>\n<th class=\"label\"><span class=\"label-text\">Cannabis Cup Winnaars<\/span><\/th>\n<td class=\"data\">Vainqueurs de la Cannabis Cup<\/td>\n<\/tr>\n<tr>\n<th class=\"label\"><span class=\"label-text\">Sativa \/ indica<\/span><\/th>\n<td class=\"data\">Hybride Sativa \/ Indica<\/td>\n<\/tr>\n<tr>\n<th class=\"label\"><span class=\"label-text\">Bloeitijd<\/span><\/th>\n<td class=\"data\">P\u00e9riode de floraison courte<\/td>\n<\/tr>\n<tr>\n<th class=\"label\"><span class=\"label-text\">Hoogte<\/span><\/th>\n<td class=\"data\">Croissance moyenne en hauteur<\/td>\n<\/tr>\n<tr>\n<th class=\"label\"><span class=\"label-text\">Opbrengst<\/span><\/th>\n<td class=\"data\">R\u00e9colte importante<\/td>\n<\/tr>\n<tr>\n<th class=\"label\"><span class=\"label-text\">Klimaat zones<\/span><\/th>\n<td class=\"data\">Climat temp\u00e9r\u00e9 \/ continental<\/td>\n<\/tr>\n<\/tbody>\n<\/table>\n","protected":false},"featured_media":193567,"comment_status":"closed","ping_status":"closed","template":"","meta":[],"product_brand":[],"product_cat":[645,656,648,653,650,617,681,708,620,637],"product_tag":[],"class_list":{"0":"post-162892","1":"product","2":"type-product","3":"status-publish","4":"has-post-thumbnail","6":"product_cat-graines-de-cannabis-feminisees","7":"product_cat-graines-de-cannabis-indica","8":"product_cat-graines-de-cannabis-pour-debutants","9":"product_cat-graines-de-cannabis-pour-exterieur","10":"product_cat-graines-de-cannabis-pour-interieur","11":"product_cat-non-classe","12":"product_cat-nouvelles-varietes-de-graines-de-cannabis","13":"product_cat-sensi-seeds-groningen","14":"product_cat-toutes-les-varietes","15":"product_cat-varietes-pour-debutants","17":"first","18":"instock","19":"taxable","20":"shipping-taxable","21":"purchasable","22":"product-type-variable"},"_links":{"self":[{"href":"https:\/\/freeseedsonline.com\/fr\/wp-json\/wp\/v2\/product\/162892","targetHints":{"allow":["GET"]}}],"collection":[{"href":"https:\/\/freeseedsonline.com\/fr\/wp-json\/wp\/v2\/product"}],"about":[{"href":"https:\/\/freeseedsonline.com\/fr\/wp-json\/wp\/v2\/types\/product"}],"replies":[{"embeddable":true,"href":"https:\/\/freeseedsonline.com\/fr\/wp-json\/wp\/v2\/comments?post=162892"}],"wp:featuredmedia":[{"embeddable":true,"href":"https:\/\/freeseedsonline.com\/fr\/wp-json\/wp\/v2\/media\/193567"}],"wp:attachment":[{"href":"https:\/\/freeseedsonline.com\/fr\/wp-json\/wp\/v2\/media?parent=162892"}],"wp:term":[{"taxonomy":"product_brand","embeddable":true,"href":"https:\/\/freeseedsonline.com\/fr\/wp-json\/wp\/v2\/product_brand?post=162892"},{"taxonomy":"product_cat","embeddable":true,"href":"https:\/\/freeseedsonline.com\/fr\/wp-json\/wp\/v2\/product_cat?post=162892"},{"taxonomy":"product_tag","embeddable":true,"href":"https:\/\/freeseedsonline.com\/fr\/wp-json\/wp\/v2\/product_tag?post=162892"}],"curies":[{"name":"wp","href":"https:\/\/api.w.org\/{rel}","templated":true}]}}