{"id":162890,"date":"2026-02-13T18:26:57","date_gmt":"2026-02-13T18:26:57","guid":{"rendered":"https:\/\/freeseedsonline.com\/?p=162890"},"modified":"2026-02-13T18:26:57","modified_gmt":"2026-02-13T18:26:57","slug":"graines-de-cannabis-top-44","status":"publish","type":"product","link":"https:\/\/freeseedsonline.com\/fr\/produits\/graines-de-cannabis-top-44\/","title":{"rendered":"Graines de cannabis TOP 44"},"content":{"rendered":"<h2>Graines de cannabis TOP 44<\/h2>\n<p>D\u00e9couvrez la puissance fiable des <strong>graines de cannabis TOP 44<\/strong>, un choix classique pour les cultivateurs d\u00e9butants comme exp\u00e9riment\u00e9s \u00e0 la recherche de haute qualit\u00e9 et de facilit\u00e9 de culture. Ces graines de cannabis polyvalentes, parfaites pour \u00ab\u00a0acheter des graines de cannabis\u00a0\u00bb ou \u00ab\u00a0commander des graines de cannabis\u00a0\u00bb, offrent un \u00e9quilibre impressionnant entre rapidit\u00e9 et rendement, ce qui les rend id\u00e9ales pour les environnements de culture en int\u00e9rieur comme en ext\u00e9rieur. Gr\u00e2ce \u00e0 leur g\u00e9n\u00e9tique robuste et leur cycle de croissance rapide, vous pouvez facilement vous initier au monde de la culture de cannabis tout en profitant d&rsquo;une r\u00e9colte abondante r\u00e9pondant aux normes les plus \u00e9lev\u00e9es.<\/p>\n<h3>Caract\u00e9ristiques et sp\u00e9cifications<\/h3>\n<p>Les graines de cannabis TOP 44 sont r\u00e9put\u00e9es pour leur g\u00e9n\u00e9tique sup\u00e9rieure, qui combine des traits classiques \u00e0 dominance indica pour une croissance stable et pr\u00e9visible. Ces graines ont \u00e9t\u00e9 soigneusement s\u00e9lectionn\u00e9es pour r\u00e9pondre aux besoins des cultivateurs modernes, avec un accent sur des rendements \u00e9lev\u00e9s et une facilit\u00e9 de culture.<\/p>\n<ul>\n<li><strong>G\u00e9n\u00e9tique :<\/strong> Un hybride old-school avec des influences principalement indica, d\u00e9riv\u00e9 de souches classiques, garantissant une structure de plante robuste et r\u00e9sistante.<\/li>\n<li><strong>Teneur en THC :<\/strong> Environ 18-22 %, offrant un effet puissant mais ma\u00eetrisable, id\u00e9al pour la d\u00e9tente sans effets trop intenses.<\/li>\n<li><strong>Teneur en CBD :<\/strong> Faible, environ 0,5-1 %, ce qui les rend moins adapt\u00e9es \u00e0 un usage purement m\u00e9dicinal, mais ajoute une l\u00e9g\u00e8re balance \u00e0 l&rsquo;exp\u00e9rience.<\/li>\n<li><strong>Taille de la plante :<\/strong> Moyenne, avec des plantes atteignant g\u00e9n\u00e9ralement 80-120 cm de hauteur selon les conditions de culture, ce qui les rend flexibles pour diff\u00e9rents espaces.<\/li>\n<li><strong>Temps de floraison :<\/strong> Une p\u00e9riode de floraison rapide de 7 \u00e0 9 semaines, ce qui fait des graines de cannabis TOP 44 un choix parfait pour les cultivateurs souhaitant une r\u00e9colte rapide, notamment dans des saisons plus courtes.<\/li>\n<li><strong>Potentiel de rendement :<\/strong> Rendements \u00e9lev\u00e9s de 400-600 grammes par m\u00e8tre carr\u00e9 en int\u00e9rieur, et jusqu&rsquo;\u00e0 500 grammes par plante en ext\u00e9rieur, gr\u00e2ce \u00e0 leur croissance efficace.<\/li>\n<li><strong>Type de culture :<\/strong> Convient aux cultivateurs en int\u00e9rieur comme en ext\u00e9rieur, avec une pr\u00e9f\u00e9rence pour les climats temp\u00e9r\u00e9s afin d&rsquo;obtenir des r\u00e9sultats optimaux.<\/li>\n<\/ul>\n<h3>Informations d\u00e9taill\u00e9es sur la culture<\/h3>\n<p>Lors de la culture des <strong>graines de cannabis TOP 44<\/strong>, il est essentiel de commencer avec une base solide, comme expliqu\u00e9 dans notre guide sur <a href=\"https:\/\/freeseedsonline.com\/fr\/germination-des-graines-de-cannabis\">la germination des graines de cannabis<\/a>. Ces graines sont particuli\u00e8rement adapt\u00e9es aux d\u00e9butants gr\u00e2ce \u00e0 leur r\u00e9silience et leur mod\u00e8le de croissance simple, avec un niveau de difficult\u00e9 class\u00e9 comme moyen, ce qui en fait un choix id\u00e9al pour les \u00ab\u00a0graines de cannabis pour d\u00e9butants\u00a0\u00bb. Elles prosp\u00e8rent dans divers environnements, mais n\u00e9cessitent une attention aux besoins de base tels que la lumi\u00e8re, l&rsquo;humidit\u00e9 et la nutrition.<\/p>\n<p>Pour la culture en int\u00e9rieur, comme discut\u00e9 dans <a href=\"https:\/\/freeseedsonline.com\/fr\/cultiver-du-cannabis-en-intrieur\">cultiver du cannabis en int\u00e9rieur<\/a>, nous recommandons d&rsquo;utiliser une tente de culture avec un \u00e9clairage LED pour une croissance optimale. Maintenez la temp\u00e9rature entre 20-25\u00b0C pendant la phase v\u00e9g\u00e9tative et assurez un taux d&rsquo;humidit\u00e9 de 40-60 %. La culture en ext\u00e9rieur, que vous pouvez explorer via <a href=\"https:\/\/freeseedsonline.com\/fr\/quelles-sont-les-meilleures-plantes-de-cannabis-dextrieur-pour-les-dbutants-\">les meilleures plantes de cannabis d&rsquo;ext\u00e9rieur pour d\u00e9butants<\/a>, est possible dans des zones ensoleill\u00e9es, o\u00f9 les plantes b\u00e9n\u00e9ficient des cycles de lumi\u00e8re naturelle et peuvent atteindre leur pleine maturit\u00e9 en \u00e9t\u00e9. Conseils pour r\u00e9ussir : Utilisez un sol bien drain\u00e9, comme recommand\u00e9 dans <a href=\"https:\/\/freeseedsonline.com\/fr\/top-3-des-meilleurs-sols-pour-votre-plante-de-cannabis\">le meilleur sol pour les plantes de cannabis<\/a>, et appliquez des techniques d&rsquo;entra\u00eenement des plantes, comme le fimming expliqu\u00e9 dans <a href=\"https:\/\/freeseedsonline.com\/fr\/tailler-les-plantes-de-cannabis\">fimming des plantes de cannabis<\/a>, pour maximiser le rendement. Faites attention \u00e0 la pr\u00e9vention des nuisibles avec des m\u00e9thodes biologiques d\u00e9crites dans <a href=\"https:\/\/freeseedsonline.com\/fr\/combattre-les-moisissures-et-les-nuisibles-de-manire-biologique\">lutter contre les moisissures et les nuisibles de mani\u00e8re biologique<\/a>, et surveillez r\u00e9guli\u00e8rement pour \u00e9viter les moisissures ou autres probl\u00e8mes.<\/p>\n<h3>Effets, go\u00fbt et ar\u00f4me<\/h3>\n<p>Les effets des <strong>graines de cannabis TOP 44<\/strong> sont principalement relaxants et euphoriques, avec un high \u00e0 dominance indica qui commence par une l\u00e9g\u00e8re \u00e9l\u00e9vation c\u00e9r\u00e9brale avant de se transformer en une profonde d\u00e9tente corporelle, parfait pour une utilisation en soir\u00e9e ou pour soulager le stress. Cela en fait un choix populaire pour les amateurs \u00e0 la recherche d&rsquo;un \u00e9quilibre, comme d\u00e9crit dans <a href=\"https:\/\/freeseedsonline.com\/fr\/quelle-est-la-diffrence-entre-indica-et-sativa-\">la diff\u00e9rence entre indica et sativa<\/a>. Bien que la teneur en CBD soit faible, elle peut subtilement contribuer au soulagement de la douleur ou \u00e0 la r\u00e9duction de l&rsquo;anxi\u00e9t\u00e9, surtout en combinaison avec d&rsquo;autres vari\u00e9t\u00e9s, comme dans les recettes de <a href=\"https:\/\/freeseedsonline.com\/fr\/application-mdicale-et-recettes-articles-recettes-cannabis-mdical\">recettes de cannabis m\u00e9dicinal<\/a>.<\/p>\n<p>En termes de go\u00fbt et d&rsquo;ar\u00f4me, TOP 44 offre un profil unique et terreux avec des notes de bois et d&rsquo;agrumes, ce qui donne une saveur riche et cors\u00e9e \u00e0 la consommation. L&rsquo;ar\u00f4me est intense et reconnaissable, avec une touche sucr\u00e9e qui stimule les sens, id\u00e9al pour les connaisseurs qui appr\u00e9cient ce qui est mis en avant dans <a href=\"https:\/\/freeseedsonline.com\/fr\/cannabis-indica\">cannabis indica<\/a>. Ces caract\u00e9ristiques rendent non seulement la culture agr\u00e9able, mais aussi l&rsquo;exp\u00e9rience sous diverses formes, du fumage aux edibles.<\/p>\n<h3>Comparaison avec des vari\u00e9t\u00e9s similaires<\/h3>\n<p>Compar\u00e9es \u00e0 d&rsquo;autres vari\u00e9t\u00e9s populaires, les <strong>graines de cannabis TOP 44<\/strong> se distinguent par leur temps de floraison plus rapide et leur croissance robuste, mais elles partagent des similitudes avec des vari\u00e9t\u00e9s comme <a href=\"https:\/\/freeseedsonline.com\/fr\/produits\/white-moscow-autoflower-pack-de-10\">White Moscow Autoflower<\/a>, qui offrent \u00e9galement des rendements \u00e9lev\u00e9s pour les d\u00e9butants. Alors que les graines de cannabis Super Cheese, visibles sur <a href=\"https:\/\/freeseedsonline.com\/fr\/produits\/graines-de-cannabis-super-cheese\">graines de cannabis Super Cheese<\/a>, ont des ar\u00f4mes plus fromag\u00e9s et une influence sativa plus marqu\u00e9e, TOP 44 est mieux adapt\u00e9 pour une exp\u00e9rience relaxante. Pour une touche haze similaire, vous pouvez jeter un \u0153il \u00e0 <a href=\"https:\/\/freeseedsonline.com\/fr\/produits\/northern-lights-5-x-haze\">Northern Lights #5 x Haze<\/a>, qui a un temps de floraison plus long, ou \u00e0 <a href=\"https:\/\/freeseedsonline.com\/fr\/produits\/graines-de-cannabis-crystal-white\">graines de cannabis Crystal White<\/a>, qui promettent des rendements cristallins mais montrent moins de r\u00e9silience dans des conditions variables. En bref, TOP 44 offre un juste milieu fiable pour les cultivateurs recherchant la qualit\u00e9 sans trop de complexit\u00e9.<\/p>\n<h3>Questions fr\u00e9quentes sur les graines de cannabis TOP 44<\/h3>\n<ul>\n<li><strong>Q : Les graines de cannabis TOP 44 conviennent-elles aux d\u00e9butants ?<\/strong><br \/><strong>R :<\/strong> Oui, ces graines sont id\u00e9ales pour les d\u00e9butants gr\u00e2ce \u00e0 leur g\u00e9n\u00e9tique robuste et leur mod\u00e8le de croissance simple, les rendant moins sensibles aux erreurs comme des cycles de lumi\u00e8re incorrects ou des probl\u00e8mes de nuisibles naissants, tout en offrant des rendements \u00e9lev\u00e9s avec une intervention minimale.<\/li>\n<li><strong>Q : Quel est le rendement moyen des graines de cannabis TOP 44 ?<\/strong><br \/><strong>R :<\/strong> Vous pouvez compter sur 400-600 grammes par m\u00e8tre carr\u00e9 en int\u00e9rieur et jusqu&rsquo;\u00e0 500 grammes par plante en ext\u00e9rieur, selon les conditions de culture, ce qui en fait un choix de premier plan pour les cultivateurs souhaitant une r\u00e9colte constante et impressionnante sans techniques avanc\u00e9es.<\/li>\n<li><strong>Q : Puis-je cultiver les graines de cannabis TOP 44 en int\u00e9rieur et en ext\u00e9rieur ?<\/strong><br \/><strong>R :<\/strong> Absolument, ces graines sont polyvalentes et performent bien dans les deux environnements, mais pour la culture en ext\u00e9rieur, nous recommandons un emplacement ensoleill\u00e9, comme discut\u00e9 dans des guides connexes, pour obtenir les meilleurs r\u00e9sultats et minimiser les risques potentiels.<\/li>\n<li><strong>Q : Comment conserver correctement les graines de cannabis TOP 44 ?<\/strong><br \/><strong>R :<\/strong> Conservez-les dans un endroit frais, sombre et sec, de pr\u00e9f\u00e9rence dans un emballage herm\u00e9tique, pour prolonger leur dur\u00e9e de vie et pr\u00e9server leur pouvoir de germination, afin de les utiliser plus tard pour une culture r\u00e9ussie.<\/li>\n<\/ul>\n<h3>Pourquoi commander chez nous<\/h3>\n<p>Chez freeseedsonline.com, vous pouvez compter sur la plus haute qualit\u00e9 des <strong>graines de cannabis TOP 44<\/strong> pour vos achats de \u00ab\u00a0graines de cannabis\u00a0\u00bb, avec une \u00e9quipe d&rsquo;experts qui garantit des graines fra\u00eeches et soigneusement s\u00e9lectionn\u00e9es. Nous offrons non seulement une livraison rapide et un emballage discret, mais aussi des avantages exclusifs comme notre promotion \u00ab\u00a04 pour le prix de 3\u00a0\u00bb, vous permettant d&rsquo;obtenir plus de valeur pour votre argent. Choisissez-nous et d\u00e9couvrez la fiabilit\u00e9 d&rsquo;une boutique en ligne de confiance, soutenue par des ressources informatives telles que nos blogs sur <a href=\"https:\/\/freeseedsonline.com\/fr\/graines-de-cannabis-ne-germent-pas-que-faire-maintenant-\">la germination des graines de cannabis<\/a>, pour que votre aventure de culture se d\u00e9roule sans encombre.<\/p>\n","protected":false},"excerpt":{"rendered":"<ul>\n<li><strong>Type :<\/strong> 80% <a href=\"https:\/\/freeseedsonline.com\/wat-is-verschil-indica-en-sativa\/\">Indica 20% Sativa<\/a>.<\/li>\n<li><strong>Origine g\u00e9n\u00e9tique :<\/strong> Skunk #1.<\/li>\n<li><strong>Effet :<\/strong> Intense et de longue dur\u00e9e.<\/li>\n<li><strong>Hauteur en culture int\u00e9rieure :<\/strong> 90 \u2013 120 cm.<\/li>\n<li><strong>Hauteur en culture ext\u00e9rieure :<\/strong> 120 \u2013 170 cm.<\/li>\n<li><strong>Temps de floraison :<\/strong> Minimum 44 jours (6-8 semaines).<\/li>\n<li><strong>Rendement en culture int\u00e9rieure :<\/strong> Moyen.<\/li>\n<li><strong>Rendement en culture ext\u00e9rieure :<\/strong> Moyen.<\/li>\n<li><strong>Mois de r\u00e9colte :<\/strong> septembre.<\/li>\n<li><strong>THC :<\/strong> 15%, CBD : Moyen.<\/li>\n<\/ul>\n","protected":false},"featured_media":193557,"comment_status":"closed","ping_status":"closed","template":"","meta":[],"product_brand":[],"product_cat":[645,648,653,650,623,617,681,642,631,620,637],"product_tag":[133,134,135,136],"class_list":{"0":"post-162890","1":"product","2":"type-product","3":"status-publish","4":"has-post-thumbnail","6":"product_cat-graines-de-cannabis-feminisees","7":"product_cat-graines-de-cannabis-pour-debutants","8":"product_cat-graines-de-cannabis-pour-exterieur","9":"product_cat-graines-de-cannabis-pour-interieur","10":"product_cat-graines-fso","11":"product_cat-non-classe","12":"product_cat-nouvelles-varietes-de-graines-de-cannabis","13":"product_cat-recolte-rapide","14":"product_cat-rendement-eleve","15":"product_cat-toutes-les-varietes","16":"product_cat-varietes-pour-debutants","17":"product_tag-top-44","18":"product_tag-top-44-wiet","19":"product_tag-top-44-wietzaadjes","20":"product_tag-top-44-wietzaden","22":"first","23":"instock","24":"taxable","25":"shipping-taxable","26":"purchasable","27":"product-type-simple"},"_links":{"self":[{"href":"https:\/\/freeseedsonline.com\/fr\/wp-json\/wp\/v2\/product\/162890","targetHints":{"allow":["GET"]}}],"collection":[{"href":"https:\/\/freeseedsonline.com\/fr\/wp-json\/wp\/v2\/product"}],"about":[{"href":"https:\/\/freeseedsonline.com\/fr\/wp-json\/wp\/v2\/types\/product"}],"replies":[{"embeddable":true,"href":"https:\/\/freeseedsonline.com\/fr\/wp-json\/wp\/v2\/comments?post=162890"}],"wp:featuredmedia":[{"embeddable":true,"href":"https:\/\/freeseedsonline.com\/fr\/wp-json\/wp\/v2\/media\/193557"}],"wp:attachment":[{"href":"https:\/\/freeseedsonline.com\/fr\/wp-json\/wp\/v2\/media?parent=162890"}],"wp:term":[{"taxonomy":"product_brand","embeddable":true,"href":"https:\/\/freeseedsonline.com\/fr\/wp-json\/wp\/v2\/product_brand?post=162890"},{"taxonomy":"product_cat","embeddable":true,"href":"https:\/\/freeseedsonline.com\/fr\/wp-json\/wp\/v2\/product_cat?post=162890"},{"taxonomy":"product_tag","embeddable":true,"href":"https:\/\/freeseedsonline.com\/fr\/wp-json\/wp\/v2\/product_tag?post=162890"}],"curies":[{"name":"wp","href":"https:\/\/api.w.org\/{rel}","templated":true}]}}