{"id":162880,"date":"2026-02-13T18:15:21","date_gmt":"2026-02-13T18:15:21","guid":{"rendered":"https:\/\/freeseedsonline.com\/?p=162880"},"modified":"2026-02-13T18:15:21","modified_gmt":"2026-02-13T18:15:21","slug":"graines-de-cannabis-purple-haze-25-pack","status":"publish","type":"product","link":"https:\/\/freeseedsonline.com\/fr\/produits\/graines-de-cannabis-purple-haze-25-pack\/","title":{"rendered":"Graines de cannabis Purple Haze 25 PACK"},"content":{"rendered":"<div class=\"wc-tab-inner wd-entry-content\">\n<h2>Graines de cannabis f\u00e9minis\u00e9es Purple Haze<\/h2>\n<p align=\"LEFT\">Les graines de cannabis f\u00e9minis\u00e9es Purple Haze donnent naissance \u00e0 de puissants hybrides qui poss\u00e8dent pleinement les caract\u00e9ristiques typiques de la Haze. Un high Haze intense et ascendant, combin\u00e9 \u00e0 une production abondante de r\u00e9sine typique de l&rsquo;Indica.<\/p>\n<h3 align=\"LEFT\">Taille de la plante de cannabis<\/h3>\n<p align=\"LEFT\">Les plantes de cannabis Purple Haze atteignent une hauteur mod\u00e9r\u00e9e, jusqu&rsquo;\u00e0 environ 120 cm en int\u00e9rieur et 160 cm en ext\u00e9rieur. Elles d\u00e9veloppent des t\u00eates compactes et allong\u00e9es, recouvertes de nombreux trichomes collants.<\/p>\n<p align=\"LEFT\"><a class=\"wpil_keyword_link\" href=\"https:\/\/freeseedsonline.com\/producten\/purple-haze-wietzaden\/\" title=\"Purple Haze wiet\" data-wpil-keyword-link=\"linked\">Purple Haze cannabis<\/a> graines produisent des plantes plus sombres que la plupart des vari\u00e9t\u00e9s Sativa. \u00c0 la fin de la p\u00e9riode de floraison, si les plantes de Purple Haze sont expos\u00e9es \u00e0 des temp\u00e9ratures basses, leurs feuilles et calices peuvent changer de couleur, passant du vert fonc\u00e9 au lavande ou m\u00eame au violet.<br \/> La <a href=\"https:\/\/freeseedsonline.com\/purple-haze-wietzaden\/\">Purple Haze<\/a> d\u00e9gage une odeur douce pendant la p\u00e9riode de croissance, mais cette odeur devient beaucoup plus intense une fois les t\u00eates r\u00e9colt\u00e9es et s\u00e9ch\u00e9es.<\/p>\n<h2><strong>Graines de cannabis Purple Haze<\/strong><\/h2>\n<p>Es-tu un grand fan des graines de cannabis Purple Haze ? Commande alors tes graines chez Free Seeds Online. Tu recevras des graines de cannabis de haute qualit\u00e9 \u00e0 un prix abordable. De plus, chez Free Seeds Online, ta commande est toujours livr\u00e9e \u00e0 domicile en 1 \u00e0 3 jours ouvrables.<\/p>\n<p>&nbsp;<\/p>\n<h3><strong><em>Graines de cannabis Purple Haze : une br\u00e8ve introduction<\/em><\/strong><\/h3>\n<p>Purple Haze est arriv\u00e9e aux Pays-Bas dans les ann\u00e9es 1970 et est imm\u00e9diatement devenue tr\u00e8s populaire. Dans la plupart des coffeeshops, la vari\u00e9t\u00e9 de cannabis Purple Haze est m\u00eame l&rsquo;une des plus vendues de leur assortiment. En commandant des graines de cannabis Purple Haze, tu peux cultiver cette vari\u00e9t\u00e9 toi-m\u00eame. La plante offre g\u00e9n\u00e9ralement un bon rendement, mais elle est un peu plus difficile \u00e0 cultiver que d&rsquo;autres vari\u00e9t\u00e9s de cannabis. Nous te recommandons de commander ces graines si tu as de l&rsquo;exp\u00e9rience en culture, si tu es pr\u00eat \u00e0 y consacrer du temps et si tu peux cultiver cette vari\u00e9t\u00e9 en ext\u00e9rieur.<\/p>\n<p>&nbsp;<\/p>\n<h4><strong><em>Les caract\u00e9ristiques des graines de cannabis Purple Haze<\/em><\/strong><\/h4>\n<p>Pour te donner une id\u00e9e claire de Purple Haze, voici quelques caract\u00e9ristiques importantes des graines de cannabis Purple Haze :<\/p>\n<ul>\n<li>Les graines produisent environ 400 grammes par m\u00e8tre carr\u00e9 en int\u00e9rieur.<\/li>\n<li>Les graines produisent environ 300 grammes par plante en ext\u00e9rieur.<\/li>\n<li>Purple Haze contient un taux \u00e9lev\u00e9 de THC (22 %) et procure un high puissant.<\/li>\n<li>Purple Haze a une odeur agr\u00e9able et forte.<\/li>\n<li>La vari\u00e9t\u00e9 offre un high Sativa intense.<\/li>\n<li>La vari\u00e9t\u00e9 a un go\u00fbt sucr\u00e9, rappelant les baies.<\/li>\n<\/ul>\n<p>&nbsp;<\/p>\n<p>Une vari\u00e9t\u00e9 de haute qualit\u00e9, qui vaut certainement la peine d&rsquo;\u00eatre cultiv\u00e9e soi-m\u00eame.<\/p>\n<p>&nbsp;<\/p>\n<h5><strong><em>Acheter des graines de cannabis Purple Haze<\/em><\/strong><\/h5>\n<p>Free Seeds Online propose des graines de cannabis Purple Haze de haute qualit\u00e9 \u00e0 des prix abordables. En commandant tes graines dans notre boutique en ligne, tu peux payer facilement et rapidement avec le mode de paiement de ton choix. De plus, tu as la garantie de recevoir tes graines de cannabis sous 1 \u00e0 3 jours ouvrables, livr\u00e9es discr\u00e8tement dans une enveloppe neutre.<\/p>\n<p>[ux_products cat=&#8221;35&#8243;]<\/p>\n<\/p><\/div>\n","protected":false},"excerpt":{"rendered":"<p><span style=\"color: #50b848;\"><strong>Quantit\u00e9 :<\/strong><\/span> 25 graines<span style=\"color: #ed1c24;\">(sans graines gratuites incluses)<\/span><\/p>\n<p><strong><span style=\"color: #00a859;\">Genre :<\/span><\/strong> F\u00e9minis\u00e9es<\/p>\n<p><span style=\"color: #00a859;\"><strong>THC :<\/strong><\/span> <strong>19%<\/strong><\/p>\n<p><span style=\"color: #00a859;\"><strong>Type :<\/strong><\/span> 75% <strong>Sativa<\/strong> 25% <strong>Indica<\/strong><\/p>\n<p><span style=\"color: #00a859;\"><strong>Hauteur moyenne en int\u00e9rieur :<\/strong><\/span> 0.80-120 cm<\/p>\n<p><span style=\"color: #00a859;\"><strong>Hauteur moyenne en ext\u00e9rieur :<\/strong> <\/span> 140-160 cm<\/p>\n<p><span style=\"color: #00a859;\"><strong>Rendement moyen en int\u00e9rieur jusqu&rsquo;\u00e0 :<\/strong><\/span> 450 grammes\/m2<\/p>\n<p><strong><span style=\"color: #00a859;\">Rendement moyen en ext\u00e9rieur :<\/span><\/strong> par plante 400 grammes<\/p>\n<p><span style=\"color: #00a859;\"><strong>P\u00e9riode de floraison en int\u00e9rieur :<\/strong><\/span> 8 \u00e0 9 semaines<\/p>\n<p><span style=\"color: #50b848;\"><strong>P\u00e9riode de floraison en ext\u00e9rieur :<\/strong><\/span> septembre\/octobre<\/p>\n<p>&nbsp;<\/p>\n","protected":false},"featured_media":192307,"comment_status":"closed","ping_status":"closed","template":"","meta":[],"product_brand":[],"product_cat":[702,626,645,628,648,653,650,623,639,642,631,634,620,637],"product_tag":[],"class_list":{"0":"post-162880","1":"product","2":"type-product","3":"status-publish","4":"has-post-thumbnail","6":"product_cat-acheter-des-graines-de-cannabis-en-vrac","7":"product_cat-graines-de-cannabis-bon-marche","8":"product_cat-graines-de-cannabis-feminisees","9":"product_cat-graines-de-cannabis-haze","10":"product_cat-graines-de-cannabis-pour-debutants","11":"product_cat-graines-de-cannabis-pour-exterieur","12":"product_cat-graines-de-cannabis-pour-interieur","13":"product_cat-graines-fso","14":"product_cat-pure-sativa","15":"product_cat-recolte-rapide","16":"product_cat-rendement-eleve","17":"product_cat-thc-eleve","18":"product_cat-toutes-les-varietes","19":"product_cat-varietes-pour-debutants","21":"first","22":"instock","23":"taxable","24":"shipping-taxable","25":"purchasable","26":"product-type-simple"},"_links":{"self":[{"href":"https:\/\/freeseedsonline.com\/fr\/wp-json\/wp\/v2\/product\/162880","targetHints":{"allow":["GET"]}}],"collection":[{"href":"https:\/\/freeseedsonline.com\/fr\/wp-json\/wp\/v2\/product"}],"about":[{"href":"https:\/\/freeseedsonline.com\/fr\/wp-json\/wp\/v2\/types\/product"}],"replies":[{"embeddable":true,"href":"https:\/\/freeseedsonline.com\/fr\/wp-json\/wp\/v2\/comments?post=162880"}],"wp:featuredmedia":[{"embeddable":true,"href":"https:\/\/freeseedsonline.com\/fr\/wp-json\/wp\/v2\/media\/192307"}],"wp:attachment":[{"href":"https:\/\/freeseedsonline.com\/fr\/wp-json\/wp\/v2\/media?parent=162880"}],"wp:term":[{"taxonomy":"product_brand","embeddable":true,"href":"https:\/\/freeseedsonline.com\/fr\/wp-json\/wp\/v2\/product_brand?post=162880"},{"taxonomy":"product_cat","embeddable":true,"href":"https:\/\/freeseedsonline.com\/fr\/wp-json\/wp\/v2\/product_cat?post=162880"},{"taxonomy":"product_tag","embeddable":true,"href":"https:\/\/freeseedsonline.com\/fr\/wp-json\/wp\/v2\/product_tag?post=162880"}],"curies":[{"name":"wp","href":"https:\/\/api.w.org\/{rel}","templated":true}]}}