{"id":162875,"date":"2026-02-13T18:12:32","date_gmt":"2026-02-13T18:12:32","guid":{"rendered":"https:\/\/freeseedsonline.com\/?p=162875"},"modified":"2026-02-13T18:12:32","modified_gmt":"2026-02-13T18:12:32","slug":"huile-de-cbd-10-pour-cent","status":"publish","type":"product","link":"https:\/\/freeseedsonline.com\/fr\/produits\/huile-de-cbd-10-pour-cent\/","title":{"rendered":"Huile de CBD 10 pour cent"},"content":{"rendered":"<h2>Huile de CBD 10 pour cent<\/h2>\n<p>D\u00e9couvrez la puissance du soulagement naturel avec notre <strong>Huile de CBD 10 pour cent<\/strong> de haute qualit\u00e9, un produit premium de freeseedsonline.com qui convient parfaitement \u00e0 ceux qui recherchent d\u00e9tente et bien-\u00eatre. Cette huile de CBD, fabriqu\u00e9e \u00e0 partir de plantes de chanvre pures, offre une concentration \u00e9quilibr\u00e9e de 10 % de CBD et est id\u00e9ale pour les d\u00e9butants qui souhaitent <strong>acheter des graines de cannabis<\/strong> ou combiner des <strong>graines de cannabis<\/strong> avec des produits CBD pour une approche holistique. Chez freeseedsonline.com, nous garantissons la qualit\u00e9, afin que vous puissiez profiter en toute s\u00e9curit\u00e9 et efficacit\u00e9 des bienfaits de l&rsquo;huile de CBD, tout en explorant notre large s\u00e9lection pour <strong>commander des graines de cannabis<\/strong>.<\/p>\n<h3>Caract\u00e9ristiques et sp\u00e9cifications<\/h3>\n<p>Notre <strong>Huile de CBD 10 pour cent<\/strong> est soigneusement formul\u00e9e pour offrir un \u00e9quilibre optimal entre puissance et facilit\u00e9 d&rsquo;utilisation. Ce produit est enti\u00e8rement naturel et contient un m\u00e9lange puissant de CBD, de terp\u00e8nes et d&rsquo;autres cannabino\u00efdes, qui contribuent \u00e0 son efficacit\u00e9 globale. Voici un aper\u00e7u des principales caract\u00e9ristiques et sp\u00e9cifications, bas\u00e9es sur des tests rigoureux et un contr\u00f4le qualit\u00e9 :<\/p>\n<ul>\n<li><strong>Concentration :<\/strong> 10 % de CBD, soit environ 1000 mg de CBD par flacon, id\u00e9al pour un usage quotidien sans intensit\u00e9 excessive.<\/li>\n<li><strong>Ingr\u00e9dients :<\/strong> Fabriqu\u00e9e \u00e0 partir de chanvre cultiv\u00e9 biologiquement, enrichie de terp\u00e8nes naturels pour un effet d&rsquo;entourage am\u00e9lior\u00e9, et sans additifs artificiels.<\/li>\n<li><strong>Garantie de qualit\u00e9 :<\/strong> Test\u00e9e pour les contaminants tels que les m\u00e9taux lourds, les pesticides et les d\u00e9chets, ainsi que pour les moisissures et les bact\u00e9ries, afin d&rsquo;assurer la plus grande puret\u00e9.<\/li>\n<li><strong>Valeur de CBD :<\/strong> Des tests en laboratoire ind\u00e9pendants confirment la concentration exacte de CBD, avec des rapports disponibles pour plus de transparence \u2013 consultez-les <a href=\"https:\/\/freeseedsonline.com\/wp-content\/uploads\/2023\/05\/180448_Certificate-2-1.pdf\">ici<\/a> et <a href=\"https:\/\/freeseedsonline.com\/wp-content\/uploads\/2023\/05\/180448_Cannabinoids_Integration-1.pdf\">ici<\/a>.<\/li>\n<li><strong>Teneur en THC :<\/strong> Moins de 0,2 %, conforme \u00e0 la r\u00e9glementation de l&rsquo;UE, rendant le produit l\u00e9gal et non psychoactif.<\/li>\n<li><strong>Emballage :<\/strong> Livr\u00e9e dans un flacon compte-gouttes pratique pour un dosage pr\u00e9cis, avec une dur\u00e9e de conservation d&rsquo;au moins 12 mois si stock\u00e9e correctement.<\/li>\n<\/ul>\n<p>Ces sp\u00e9cifications font de l&rsquo;<strong>Huile de CBD 10 pour cent<\/strong> un choix fiable pour ceux qui s&rsquo;int\u00e9ressent \u00e0 <strong>acheter des graines de cannabis<\/strong> et au monde plus large des produits \u00e0 base de cannabis, comme nos populaires <a href=\"https:\/\/freeseedsonline.com\/fr\/produits\/graines-de-cannabis-gold-gelato\">graines de cannabis Gold Gelato<\/a>.<\/p>\n<h3>Informations d&rsquo;utilisation<\/h3>\n<p>Bien que l&rsquo;<strong>Huile de CBD 10 pour cent<\/strong> ne soit pas des graines de cannabis, elle est facile et s\u00fbre \u00e0 utiliser, m\u00eame pour les d\u00e9butants dans le monde du CBD. Commencez par une faible dose pour \u00e9valuer votre tol\u00e9rance, et ajustez en fonction de vos besoins personnels \u2013 cela en fait un excellent compl\u00e9ment \u00e0 des activit\u00e9s comme la germination de graines de cannabis, comme expliqu\u00e9 dans notre guide sur <a href=\"https:\/\/freeseedsonline.com\/fr\/germination-des-graines-de-cannabis\">la germination des graines de cannabis<\/a>. Le niveau de difficult\u00e9 est faible, adapt\u00e9 aux modes de vie en int\u00e9rieur comme en ext\u00e9rieur, sans n\u00e9cessiter de techniques de culture avanc\u00e9es.<\/p>\n<p>Pour une utilisation optimale, placez 1 \u00e0 2 gouttes sous la langue et laissez agir 1 \u00e0 2 minutes avant d&rsquo;avaler. Commencez par 1 goutte, 2 \u00e0 3 fois par jour, et augmentez progressivement d&rsquo;une goutte par dose apr\u00e8s 7 \u00e0 10 jours, en fonction de votre poids, de votre \u00e2ge et des effets souhait\u00e9s. Conseils pour r\u00e9ussir : Conservez l&rsquo;huile dans un endroit frais et sombre pour \u00e9viter l&rsquo;oxydation, et \u00e9vitez de la consommer avec du caf\u00e9 ou des boissons acides dans les 30 premi\u00e8res minutes pour une meilleure absorption. Si vous \u00eates novice en mati\u00e8re de CBD, consultez notre blog sur <a href=\"https:\/\/freeseedsonline.com\/fr\/cannabis-cbd-et-thc\">CBD et THC<\/a> pour mieux comprendre comment cela s&rsquo;int\u00e8gre dans un r\u00e9gime plus large de cannabis, y compris l&rsquo;int\u00e9gration avec des produits comme les <a href=\"https:\/\/freeseedsonline.com\/fr\/produits\/graines-de-cannabis-northern-lights-autoflower\">graines de cannabis Northern Lights Autoflower<\/a>.<\/p>\n<h3>Effets, go\u00fbt et ar\u00f4me<\/h3>\n<p>Les effets de l&rsquo;<strong>Huile de CBD 10 pour cent<\/strong> sont vari\u00e9s et principalement relaxants, les utilisateurs rapportant une r\u00e9duction des inflammations, de l&rsquo;anxi\u00e9t\u00e9 et de la d\u00e9pression, une am\u00e9lioration de la qualit\u00e9 du sommeil et un sentiment g\u00e9n\u00e9ral de bien-\u00eatre. Ce produit agit de mani\u00e8re m\u00e9dicinale en interagissant avec le syst\u00e8me endocannabino\u00efde, ce qui le rend utile pour le soulagement de la douleur et la r\u00e9duction du stress, sans l&rsquo;euphorie associ\u00e9e au THC. Particuli\u00e8rement pertinent pour les utilisateurs m\u00e9dicinaux, il peut aider \u00e0 traiter des troubles comme la douleur chronique ou les probl\u00e8mes de sommeil, comme discut\u00e9 dans notre article sur les <a href=\"https:\/\/freeseedsonline.com\/fr\/quelles-plantes-de-cannabis-contiennent-un-taux-lev-de-cbd-\">graines de cannabis \u00e0 haute teneur en CBD<\/a>.<\/p>\n<p>En termes de go\u00fbt et d&rsquo;ar\u00f4me, cette huile pr\u00e9sente une note subtile et terreuse avec des touches d&rsquo;herbes et de pin, provenant des terp\u00e8nes du chanvre. Elle est douce et non dominante, ce qui la rend facile \u00e0 prendre \u2013 un contraste bienvenu avec les saveurs plus fortes des vari\u00e9t\u00e9s \u00e0 dominance sativa comme les <a href=\"https:\/\/freeseedsonline.com\/fr\/produits\/graines-de-cannabis-purple-haze\">graines de cannabis Purple Haze<\/a>. Les utilisateurs appr\u00e9cient l&rsquo;ar\u00f4me naturel pour ses propri\u00e9t\u00e9s apaisantes, qui contribuent \u00e0 une meilleure concentration mentale et \u00e0 la d\u00e9tente.<\/p>\n<h3>Comparaison avec des produits similaires<\/h3>\n<p>Compar\u00e9e \u00e0 d&rsquo;autres produits CBD de notre gamme, comme l&rsquo;<a href=\"https:\/\/freeseedsonline.com\/fr\/produits\/huile-de-cbd-20-pour-cent\">Huile de CBD 20 pour cent<\/a>, l&rsquo;<strong>Huile de CBD 10 pour cent<\/strong> est plus douce et id\u00e9ale pour les d\u00e9butants, tandis que la variante \u00e0 20 % convient aux utilisateurs exp\u00e9riment\u00e9s recherchant une plus grande puissance. Contrairement aux graines autoflorissantes comme les <a href=\"https:\/\/freeseedsonline.com\/fr\/produits\/sherbet-queen-gold-autofleurissante\">Sherbet Queen Gold Autoflower<\/a>, qui sont ax\u00e9es sur la culture, cette huile offre un soulagement direct sans investissement dans la culture. Elle se distingue par son prix abordable et sa concentration plus faible, la rendant plus accessible que les options \u00e0 forte teneur en THC, et s&rsquo;int\u00e8gre parfaitement dans une routine avec <strong>commander des graines de cannabis<\/strong> pour une exp\u00e9rience compl\u00e8te du cannabis.<\/p>\n<h3>Questions fr\u00e9quentes sur l&rsquo;Huile de CBD 10 pour cent<\/h3>\n<p><strong>Q : Quelle est la bonne posologie pour l&rsquo;Huile de CBD 10 pour cent ?<\/strong><br \/>\nR : Commencez par 1 goutte, 2 \u00e0 3 fois par jour sous la langue, et augmentez progressivement apr\u00e8s 7 \u00e0 10 jours en fonction de votre r\u00e9action ; cela permet une adaptation s\u00fbre sans effets secondaires, toujours en consultation avec un sp\u00e9cialiste pour des conseils personnalis\u00e9s.<\/p>\n<p><strong>Q : L&rsquo;Huile de CBD 10 pour cent est-elle l\u00e9gale et s\u00fbre ?<\/strong><br \/>\nR : Oui, elle contient moins de 0,2 % de THC, ce qui la rend l\u00e9gale dans l&rsquo;UE, et elle a \u00e9t\u00e9 largement test\u00e9e pour les contaminants ; elle est s\u00fbre pour un usage quotidien, surtout si vous souhaitez en savoir plus sur <strong>acheter des graines de cannabis<\/strong> et les produits associ\u00e9s via notre site.<\/p>\n<p><strong>Q : Puis-je combiner l&rsquo;Huile de CBD 10 pour cent avec des graines de cannabis ?<\/strong><br \/>\nR : Absolument, elle peut compl\u00e9ter la culture de vari\u00e9t\u00e9s riches en CBD ; consultez notre guide sur <a href=\"https:\/\/freeseedsonline.com\/fr\/quest-ce-que-les-graines-de-cannabis-\">que sont les graines de cannabis<\/a> pour des conseils sur l&rsquo;int\u00e9gration, ce qui am\u00e9liore l&rsquo;exp\u00e9rience globale sans augmenter les effets psychoactifs.<\/p>\n<p><strong>Q : Combien de temps faut-il pour ressentir les effets ?<\/strong><br \/>\nR : La plupart des utilisateurs ressentent les effets en 30 \u00e0 60 minutes, mais cela varie ; une utilisation r\u00e9guli\u00e8re sur plusieurs semaines peut maximiser les bienfaits, similaire \u00e0 la patience n\u00e9cessaire pour la germination des graines de cannabis.<\/p>\n<h3>Pourquoi commander chez nous<\/h3>\n<p>Chez freeseedsonline.com, vous \u00eates assur\u00e9 de produits de qualit\u00e9 sup\u00e9rieure et d&rsquo;un service fiable, avec des produits comme l&rsquo;<strong>Huile de CBD 10 pour cent<\/strong> disponibles directement en stock. Nous proposons non seulement une large gamme, y compris <strong>commander des graines de cannabis<\/strong>, mais aussi des avantages exclusifs comme notre promotion \u00ab\u00a04 pour le prix de 3\u00a0\u00bb sur certains articles, vous offrant plus de valeur pour votre argent. Choisissez-nous pour nos tests de laboratoire transparents, notre livraison rapide et notre support expert, afin de faire vos achats en toute confiance pour tous vos besoins en CBD et cannabis.<\/p>\n","protected":false},"excerpt":{"rendered":"<p>contenu :<\/p>\n<p>10ml d&rsquo;huile de CBD fabriqu\u00e9e \u00e0 partir d&rsquo;huile de chanvre.<\/p>\n<p><strong><span style=\"color: #99cc00;\">CBD :<\/span><\/strong> 5,19 % (5,19 mg)<br \/>\n<strong><span style=\"color: #99cc00;\">d8-THC :<\/span><\/strong> N\/D<br \/>\n<span style=\"color: #99cc00;\"><strong>d9-THC :<\/strong><\/span> N\/D<br \/>\n<span style=\"color: #99cc00;\"><strong>CBG :<\/strong><\/span> 0,03 % (0,03 mg)<br \/>\n<span style=\"color: #99cc00;\"><strong>CBN :<\/strong><\/span> 0,05 % (0,05 mg)<br \/>\n<span style=\"color: #99cc00;\"><strong>CBC :<\/strong><\/span> 0,06 % (0,06 mg)<br \/>\n<span style=\"color: #99cc00;\"><strong>CBDV :<\/strong><\/span> N\/D<br \/>\n<span style=\"color: #99cc00;\"><strong>THCV :<\/strong><\/span> N\/D<\/p>\n<p><span style=\"color: #99cc00;\"><strong>Num\u00e9ro de lot : <span style=\"color: #282828;\">2023-001<\/span><\/strong><\/span><\/p>\n","protected":false},"featured_media":193472,"comment_status":"closed","ping_status":"closed","template":"","meta":[],"product_brand":[],"product_cat":[676],"product_tag":[],"class_list":{"0":"post-162875","1":"product","2":"type-product","3":"status-publish","4":"has-post-thumbnail","6":"product_cat-produits-cbd","8":"first","9":"instock","10":"taxable","11":"shipping-taxable","12":"purchasable","13":"product-type-simple"},"_links":{"self":[{"href":"https:\/\/freeseedsonline.com\/fr\/wp-json\/wp\/v2\/product\/162875","targetHints":{"allow":["GET"]}}],"collection":[{"href":"https:\/\/freeseedsonline.com\/fr\/wp-json\/wp\/v2\/product"}],"about":[{"href":"https:\/\/freeseedsonline.com\/fr\/wp-json\/wp\/v2\/types\/product"}],"replies":[{"embeddable":true,"href":"https:\/\/freeseedsonline.com\/fr\/wp-json\/wp\/v2\/comments?post=162875"}],"wp:featuredmedia":[{"embeddable":true,"href":"https:\/\/freeseedsonline.com\/fr\/wp-json\/wp\/v2\/media\/193472"}],"wp:attachment":[{"href":"https:\/\/freeseedsonline.com\/fr\/wp-json\/wp\/v2\/media?parent=162875"}],"wp:term":[{"taxonomy":"product_brand","embeddable":true,"href":"https:\/\/freeseedsonline.com\/fr\/wp-json\/wp\/v2\/product_brand?post=162875"},{"taxonomy":"product_cat","embeddable":true,"href":"https:\/\/freeseedsonline.com\/fr\/wp-json\/wp\/v2\/product_cat?post=162875"},{"taxonomy":"product_tag","embeddable":true,"href":"https:\/\/freeseedsonline.com\/fr\/wp-json\/wp\/v2\/product_tag?post=162875"}],"curies":[{"name":"wp","href":"https:\/\/api.w.org\/{rel}","templated":true}]}}