{"id":162869,"date":"2026-02-13T18:08:23","date_gmt":"2026-02-13T18:08:23","guid":{"rendered":"https:\/\/freeseedsonline.com\/?p=162869"},"modified":"2026-02-13T18:08:23","modified_gmt":"2026-02-13T18:08:23","slug":"wedding-gelato","status":"publish","type":"product","link":"https:\/\/freeseedsonline.com\/fr\/produits\/wedding-gelato\/","title":{"rendered":"Wedding Gelato"},"content":{"rendered":"<h2>Graines de cannabis Wedding Gelato<\/h2>\n<p>D\u00e9couvrez le monde enchanteur des <strong>graines de cannabis Wedding Gelato<\/strong>, une vari\u00e9t\u00e9 premium \u00e0 dominance indica qui gagne rapidement en popularit\u00e9 parmi les cultivateurs \u00e0 la recherche de rendements \u00e9lev\u00e9s et d&rsquo;effets intenses. Si vous envisagez d\u2019<em>acheter des graines de cannabis<\/em> ou de <em>commander des graines de cannabis<\/em>, cette vari\u00e9t\u00e9 de Goldline est un excellent choix pour les d\u00e9butants comme pour les amateurs exp\u00e9riment\u00e9s, gr\u00e2ce \u00e0 sa croissance robuste et son ar\u00f4me d\u00e9licieux. Sur freeseedsonline.com, nous proposons ces <em>graines de cannabis<\/em> pour seulement 13,50 \u20ac, vous permettant de commencer facilement avec une vari\u00e9t\u00e9 qui garantit qualit\u00e9 et satisfaction.<\/p>\n<h3>Caract\u00e9ristiques et sp\u00e9cifications<\/h3>\n<p>Wedding Gelato est r\u00e9put\u00e9e pour ses caract\u00e9ristiques impressionnantes, ce qui en fait un choix de premier plan dans la cat\u00e9gorie des <em>graines de cannabis \u00e0 haute teneur en THC<\/em>. Cette vari\u00e9t\u00e9 est un croisement de lign\u00e9es g\u00e9n\u00e9tiques de haute qualit\u00e9, avec une pr\u00e9dominance indica pour une croissance compacte et des rendements solides. Voici un aper\u00e7u des principales sp\u00e9cifications :<\/p>\n<ul>\n<li><strong>G\u00e9n\u00e9tique<\/strong> : Hybride \u00e0 dominance indica, d\u00e9riv\u00e9 de souches am\u00e9ricaines premium, offrant un \u00e9quilibre entre relaxation et productivit\u00e9.<\/li>\n<li><strong>Teneur en THC<\/strong> : \u00c9lev\u00e9e, g\u00e9n\u00e9ralement autour de 20-25 %, id\u00e9ale pour les utilisateurs recherchant des effets puissants sans psychoactivit\u00e9 excessive.<\/li>\n<li><strong>Teneur en CBD<\/strong> : Faible, environ 1-2 %, ce qui la rend moins adapt\u00e9e \u00e0 des fins purement m\u00e9dicinales mais parfaite pour une d\u00e9tente r\u00e9cr\u00e9ative.<\/li>\n<li><strong>Taille<\/strong> : Plantes compactes, id\u00e9ales pour la culture en int\u00e9rieur, avec une hauteur de 80-120 cm en int\u00e9rieur et jusqu&rsquo;\u00e0 150 cm en ext\u00e9rieur.<\/li>\n<li><strong>P\u00e9riode de floraison<\/strong> : Rapide, avec une dur\u00e9e de floraison de 8-9 semaines en int\u00e9rieur, et une r\u00e9colte en ext\u00e9rieur entre septembre et octobre dans les climats temp\u00e9r\u00e9s.<\/li>\n<li><strong>Rendement<\/strong> : Rendements \u00e9lev\u00e9s, jusqu&rsquo;\u00e0 500-600 grammes par m\u00b2 en int\u00e9rieur et 400-500 grammes par plante en ext\u00e9rieur, gr\u00e2ce \u00e0 des t\u00eates denses et riches en r\u00e9sine.<\/li>\n<li><strong>Difficult\u00e9<\/strong> : Convient aux d\u00e9butants, avec une r\u00e9sistance robuste aux probl\u00e8mes courants comme les moisissures ou les parasites.<\/li>\n<\/ul>\n<p>Ces sp\u00e9cifications font de <strong>Wedding Gelato<\/strong> une option polyvalente pour ceux qui souhaitent <em>commander des graines de cannabis<\/em> pour des projets de culture personnels ou commerciaux. Pour plus de conseils sur la s\u00e9lection des bonnes graines, consultez notre article de blog sur <a href=\"https:\/\/freeseedsonline.com\/fr\/quest-ce-que-les-graines-de-cannabis-\">ce que sont les graines de cannabis<\/a>.<\/p>\n<h3>Informations d\u00e9taill\u00e9es sur la culture<\/h3>\n<p>La culture des <strong>graines de cannabis Wedding Gelato<\/strong> est une exp\u00e9rience simple et gratifiante, surtout pour les d\u00e9butants qui font leurs premiers pas dans le monde des <em>graines de cannabis<\/em>. Cette vari\u00e9t\u00e9 est polyvalente et peut \u00eatre cultiv\u00e9e en int\u00e9rieur comme en ext\u00e9rieur, avec une pr\u00e9f\u00e9rence pour un environnement chaud et ensoleill\u00e9 offrant suffisamment de lumi\u00e8re et de nutriments. Commencez par faire germer les graines en suivant notre guide sur <a href=\"https:\/\/freeseedsonline.com\/fr\/germination-des-graines-de-cannabis\">la germination des graines de cannabis<\/a>, et plantez-les dans un sol bien drain\u00e9 ou un syst\u00e8me hydroponique pour une croissance optimale.<\/p>\n<p>En culture int\u00e9rieure, o\u00f9 <strong>Wedding Gelato<\/strong> excelle, utilisez une tente de culture avec un \u00e9clairage LED pour une floraison uniforme. La difficult\u00e9 est faible, les plantes r\u00e9agissant bien aux techniques d&rsquo;entra\u00eenement comme le fimming ou le scrogging \u2013 apprenez-en plus dans notre article sur <a href=\"https:\/\/freeseedsonline.com\/fr\/tailler-les-plantes-de-cannabis\">le fimming des plantes de cannabis<\/a>. Maintenez une temp\u00e9rature de 20-25\u00b0C et une humidit\u00e9 relative de 40-50 % pendant la phase v\u00e9g\u00e9tative pour \u00e9viter les moisissures, comme expliqu\u00e9 dans <a href=\"https:\/\/freeseedsonline.com\/fr\/moisissures-sur-la-plante-de-cannabis-\">les moisissures sur les plantes de cannabis<\/a>. En ext\u00e9rieur, cette vari\u00e9t\u00e9 prosp\u00e8re dans un climat ensoleill\u00e9, id\u00e9al pour la culture de gu\u00e9rilla, et peut m\u00eame \u00eatre cultiv\u00e9e en pots pour plus de mobilit\u00e9 \u2013 consultez <a href=\"https:\/\/freeseedsonline.com\/fr\/quelles-sont-les-meilleures-plantes-de-cannabis-dextrieur-pour-les-dbutants-\">les meilleures plantes de cannabis d&rsquo;ext\u00e9rieur pour d\u00e9butants<\/a> pour plus de conseils.<\/p>\n<p>Des conseils sp\u00e9cifiques pour <strong>Wedding Gelato<\/strong> incluent une taille r\u00e9guli\u00e8re pour am\u00e9liorer la circulation de l&rsquo;air et un ajustement des nutriments pendant la floraison pour maximiser la production de r\u00e9sine. Elle est r\u00e9sistante \u00e0 de nombreux probl\u00e8mes de parasites, mais v\u00e9rifiez r\u00e9guli\u00e8rement la pr\u00e9sence de limaces comme expliqu\u00e9 dans <a href=\"https:\/\/freeseedsonline.com\/fr\/limaces-sur-la-plante-de-cannabis-que-faire-maintenant-\">les limaces sur les plantes de cannabis<\/a>. Avec une vitesse de croissance moyenne et un rendement \u00e9lev\u00e9, c&rsquo;est un choix id\u00e9al pour ceux qui souhaitent <em>acheter des graines de cannabis<\/em> pour une culture fiable.<\/p>\n<h3>Effets, go\u00fbt et ar\u00f4me<\/h3>\n<p><strong>Wedding Gelato<\/strong> offre une exp\u00e9rience sensorielle qui commence par son ar\u00f4me sucr\u00e9 et fruit\u00e9, avec des notes de baies et d&rsquo;agrumes qui emplissent l&rsquo;espace d\u00e8s que les t\u00eates sont m\u00fbres. Le go\u00fbt est doux et d\u00e9licat, avec une touche cr\u00e9meuse rappelant les desserts, ce qui la rend parfaite pour les edibles ou simplement pour fumer. Les utilisateurs ressentent un puissant effet indica qui apporte relaxation et euphorie, id\u00e9al pour une utilisation en soir\u00e9e ou pour soulager le stress.<\/p>\n<p>Les effets sont principalement physiques, avec une relaxation profonde qui aide \u00e0 soulager les douleurs chroniques ou l&rsquo;anxi\u00e9t\u00e9, bien que la faible teneur en CBD la rende moins adapt\u00e9e \u00e0 des usages purement m\u00e9dicinaux. Pour plus d&rsquo;informations sur le THC et le CBD, lisez notre article sur <a href=\"https:\/\/freeseedsonline.com\/fr\/cannabis-cbd-et-thc\">le cannabis CBD et THC<\/a>. Sur le plan m\u00e9dical, <strong>Wedding Gelato<\/strong> peut contribuer \u00e0 am\u00e9liorer l&rsquo;humeur et favoriser le sommeil, tandis que son ar\u00f4me \u2013 un m\u00e9lange de douceur et de notes terreuses \u2013 rend l&rsquo;espace de culture plus agr\u00e9able. Cela en fait une favorite parmi les amateurs qui <em>commandent des graines de cannabis<\/em> \u00e0 des fins r\u00e9cr\u00e9atives ou th\u00e9rapeutiques.<\/p>\n<h3>Comparaison avec des vari\u00e9t\u00e9s similaires<\/h3>\n<p>Compar\u00e9e \u00e0 d&rsquo;autres vari\u00e9t\u00e9s populaires comme <a href=\"https:\/\/freeseedsonline.com\/fr\/produits\/graines-de-cannabis-dance-world\">les graines de cannabis Dance World<\/a>, qui sont plus orient\u00e9es sativa et offrent un effet \u00e9nergisant, <strong>Wedding Gelato<\/strong> est mieux adapt\u00e9e \u00e0 la relaxation gr\u00e2ce \u00e0 sa dominance indica. Alors que <a href=\"https:\/\/freeseedsonline.com\/fr\/produits\/graines-de-cannabis-ak-47-autoflower\">AK 47 Autoflower<\/a> fleurit plus rapidement et est id\u00e9ale pour les d\u00e9butants press\u00e9s, Wedding Gelato offre des rendements plus \u00e9lev\u00e9s et une saveur plus riche. Pour une exp\u00e9rience fruit\u00e9e similaire, mais avec une option autofloraison, vous pouvez envisager <a href=\"https:\/\/freeseedsonline.com\/fr\/produits\/mimosa-gold-autofleur-25-pack\">Mimosa Gold Autoflower<\/a>, qui a \u00e9galement des niveaux \u00e9lev\u00e9s de THC mais est moins adapt\u00e9e \u00e0 la culture en ext\u00e9rieur dans des climats plus froids.<\/p>\n<p>En somme, <strong>Wedding Gelato<\/strong> se distingue par son \u00e9quilibre et sa polyvalence, en particulier pour les cultivateurs qui recherchent des <em>graines de cannabis<\/em> ax\u00e9es sur la saveur et l&rsquo;efficacit\u00e9, sans la complexit\u00e9 de certains hybrides sativa.<\/p>\n<h3>Questions fr\u00e9quentes sur Wedding Gelato<\/h3>\n<p><strong>Q :<\/strong> Puis-je cultiver des graines de cannabis Wedding Gelato en int\u00e9rieur ?<br \/>\n<strong>R :<\/strong> Oui, Wedding Gelato est parfaitement adapt\u00e9e \u00e0 la culture en int\u00e9rieur gr\u00e2ce \u00e0 sa croissance compacte et sa p\u00e9riode de floraison rapide, et elle r\u00e9agit bien \u00e0 la lumi\u00e8re artificielle et aux environnements contr\u00f4l\u00e9s. Avec la bonne temp\u00e9rature et humidit\u00e9, vous obtiendrez des rendements optimaux, ce qui en fait une vari\u00e9t\u00e9 id\u00e9ale pour les d\u00e9butants dans une tente de culture.<\/p>\n<p><strong>Q :<\/strong> Quels sont les effets de Wedding Gelato ?<br \/>\n<strong>R :<\/strong> Les effets sont principalement relaxants et euphorisants, avec une forte influence indica qui aide \u00e0 soulager le stress et la douleur, tandis que la teneur \u00e9lev\u00e9e en THC offre un effet doux. Cette vari\u00e9t\u00e9 est parfaite pour une utilisation en soir\u00e9e et peut am\u00e9liorer l&rsquo;humeur sans effets psychoactifs \u00e9crasants.<\/p>\n<p><strong>Q :<\/strong> Wedding Gelato convient-elle aux d\u00e9butants ?<br \/>\n<strong>R :<\/strong> Absolument, cette vari\u00e9t\u00e9 est robuste et indulgente, avec un faible niveau de difficult\u00e9 et une haute r\u00e9sistance aux probl\u00e8mes courants, ce qui la rend id\u00e9ale pour les novices. Suivez des conseils de culture simples de notre blog, comme <a href=\"https:\/\/freeseedsonline.com\/fr\/cultiver-du-cannabis-pour-les-dbutants\">cultiver du cannabis pour d\u00e9butants<\/a>, pour obtenir les meilleurs r\u00e9sultats.<\/p>\n<p><strong>Q :<\/strong> Comment comparer Wedding Gelato \u00e0 d&rsquo;autres graines ?<br \/>\n<strong>R :<\/strong> Wedding Gelato offre plus de relaxation que les vari\u00e9t\u00e9s riches en sativa comme Dance World, avec des rendements plus \u00e9lev\u00e9s et un ar\u00f4me plus fruit\u00e9, mais elle est comparable en teneur en THC \u00e0 des options comme AK 47 Autoflower pour une culture rapide. Basez votre achat sur votre pr\u00e9f\u00e9rence pour la culture en int\u00e9rieur ou en ext\u00e9rieur.<\/p>\n<h3>Pourquoi commander chez nous<\/h3>\n<p>Chez freeseedsonline.com, vous pouvez compter sur des <strong>graines de cannabis Wedding Gelato<\/strong> de haute qualit\u00e9 avec une livraison rapide et un emballage discret, pour que vous puissiez <em>acheter des graines de cannabis<\/em> en toute s\u00e9r\u00e9nit\u00e9. Nous proposons une large gamme de <em>graines de cannabis<\/em>, y compris des offres sp\u00e9ciales comme \u00ab\u00a04 pour le prix de 3\u00a0\u00bb, ajoutant une valeur suppl\u00e9mentaire \u00e0 votre achat. Choisissez-nous pour notre expertise et notre garantie de satisfaction, et d\u00e9couvrez pourquoi nous sommes la boutique pr\u00e9f\u00e9r\u00e9e des cultivateurs aux Pays-Bas.<\/p>\n","protected":false},"excerpt":{"rendered":"<p><strong><span style=\"color: #00a859;\">Sexe :<\/span><\/strong> F\u00e9minis\u00e9es<\/p>\n<p><span style=\"color: #00a859;\"><strong>THC :<\/strong><\/span> <strong>25%<\/strong><\/p>\n<p><span style=\"color: #50b848;\"><strong>CBD :<\/strong><\/span> Faible<\/p>\n<p><span style=\"color: #00a859;\"><strong>Type :<\/strong><\/span> 40% <strong>Sativa<\/strong> 60% <strong>Indica<\/strong><\/p>\n<p><span style=\"color: #00a859;\"><strong>Hauteur moyenne en int\u00e9rieur :<\/strong><\/span> 60-100 cm<\/p>\n<p><span style=\"color: #00a859;\"><strong>Hauteur moyenne en ext\u00e9rieur :<\/strong> <\/span> 130-200 cm<\/p>\n<p><span style=\"color: #00a859;\"><strong>Rendement moyen en int\u00e9rieur jusqu&rsquo;\u00e0 :<\/strong><\/span> jusqu&rsquo;\u00e0 500 grammes\/m2<\/p>\n<p><strong><span style=\"color: #00a859;\">Rendement moyen en ext\u00e9rieur : <\/span><\/strong>par plante 350 \u00e0 400 grammes par plante<\/p>\n<p><span style=\"color: #00a859;\"><strong>P\u00e9riode de floraison en int\u00e9rieur :<\/strong><\/span> 8 \u00e0 10 semaines<\/p>\n<p><span style=\"color: #50b848;\"><strong>P\u00e9riode de floraison en ext\u00e9rieur :<\/strong><\/span> septembre\/octobre<\/p>\n<p><span style=\"color: #00a859;\"><span style=\"font-weight: bold; color: #00a859;\">Saveur : <\/span><span style=\"color: #000000;\">Terreux, \u00c9pic\u00e9, Fruit\u00e9, Agrumes<\/span><\/span><\/p>\n<p><span style=\"color: #50b848;\"><strong>Effet :<\/strong><span style=\"color: #50b848;\"> <span style=\"color: #000000;\">Euphorique, Physiquement Relaxant, Apaisant, Stimulant<\/span><\/span><\/span><\/p>\n<p>&nbsp;<\/p>\n","protected":false},"featured_media":193432,"comment_status":"closed","ping_status":"closed","template":"","meta":[],"product_brand":[],"product_cat":[695,699,626,679,645,656,664,648,653,650,623,697,681,631,634,620,637],"product_tag":[123],"class_list":{"0":"post-162869","1":"product","2":"type-product","3":"status-publish","4":"has-post-thumbnail","6":"product_cat-graines-de-cannabis-americaines","7":"product_cat-graines-de-cannabis-autofleurissantes-goldline-xxl","8":"product_cat-graines-de-cannabis-bon-marche","9":"product_cat-graines-de-cannabis-en-promotion","10":"product_cat-graines-de-cannabis-feminisees","11":"product_cat-graines-de-cannabis-indica","12":"product_cat-graines-de-cannabis-les-plus-vendues","13":"product_cat-graines-de-cannabis-pour-debutants","14":"product_cat-graines-de-cannabis-pour-exterieur","15":"product_cat-graines-de-cannabis-pour-interieur","16":"product_cat-graines-fso","17":"product_cat-ligne-dor","18":"product_cat-nouvelles-varietes-de-graines-de-cannabis","19":"product_cat-rendement-eleve","20":"product_cat-thc-eleve","21":"product_cat-toutes-les-varietes","22":"product_cat-varietes-pour-debutants","23":"product_tag-wedding-galato","25":"first","26":"instock","27":"taxable","28":"shipping-taxable","29":"purchasable","30":"product-type-simple"},"_links":{"self":[{"href":"https:\/\/freeseedsonline.com\/fr\/wp-json\/wp\/v2\/product\/162869","targetHints":{"allow":["GET"]}}],"collection":[{"href":"https:\/\/freeseedsonline.com\/fr\/wp-json\/wp\/v2\/product"}],"about":[{"href":"https:\/\/freeseedsonline.com\/fr\/wp-json\/wp\/v2\/types\/product"}],"replies":[{"embeddable":true,"href":"https:\/\/freeseedsonline.com\/fr\/wp-json\/wp\/v2\/comments?post=162869"}],"wp:featuredmedia":[{"embeddable":true,"href":"https:\/\/freeseedsonline.com\/fr\/wp-json\/wp\/v2\/media\/193432"}],"wp:attachment":[{"href":"https:\/\/freeseedsonline.com\/fr\/wp-json\/wp\/v2\/media?parent=162869"}],"wp:term":[{"taxonomy":"product_brand","embeddable":true,"href":"https:\/\/freeseedsonline.com\/fr\/wp-json\/wp\/v2\/product_brand?post=162869"},{"taxonomy":"product_cat","embeddable":true,"href":"https:\/\/freeseedsonline.com\/fr\/wp-json\/wp\/v2\/product_cat?post=162869"},{"taxonomy":"product_tag","embeddable":true,"href":"https:\/\/freeseedsonline.com\/fr\/wp-json\/wp\/v2\/product_tag?post=162869"}],"curies":[{"name":"wp","href":"https:\/\/api.w.org\/{rel}","templated":true}]}}