{"id":162862,"date":"2024-11-07T20:14:22","date_gmt":"2024-11-07T20:14:22","guid":{"rendered":"https:\/\/freeseedsonline.com\/?p=162862"},"modified":"2026-02-19T15:20:13","modified_gmt":"2026-02-19T14:20:13","slug":"choisissez-le-mix-12-euro-normalement-5","status":"publish","type":"product","link":"https:\/\/freeseedsonline.com\/fr\/produits\/choisissez-le-mix-12-euro-normalement-5\/","title":{"rendered":"CHOISISSEZ LE MIX 12 EURO NORMALEMENT 5"},"content":{"rendered":"<h2>Pick the Mix Normal 5 Graines<\/h2>\n<p>Sentez l&rsquo;excitation de l&rsquo;inconnu avec ce Pick the Mix ! Ce sont exactement <strong>5 graines de cannabis f\u00e9minis\u00e9es normales<\/strong> (pas d&rsquo;autoflowers), qui sont tomb\u00e9es \u00e0 c\u00f4t\u00e9 de la machine ou ont \u00e9t\u00e9 mal emball\u00e9es. Nous ne r\u00e9v\u00e9lons rien sur les vari\u00e9t\u00e9s &#8211; c&rsquo;est ce qui rend cela si excitant.<\/p>\n<p>Honn\u00eate et simple : juste ces 5 graines pour une bouch\u00e9e de pain. Id\u00e9al pour exp\u00e9rimenter sans faire mal \u00e0 votre portefeuille.<\/p>\n","protected":false},"excerpt":{"rendered":"<p>Pick the Mix Normal avec exactement 5 graines de cannabis f\u00e9minis\u00e9es, pas d&rsquo;autoflowers. Ces graines sont tomb\u00e9es par accident de la ligne d&#8217;emballage, donc quelles vari\u00e9t\u00e9s ce sont reste un myst\u00e8re. Super option budget pour les cultivateurs aventuriers !<\/p>\n","protected":false},"featured_media":165751,"comment_status":"open","ping_status":"closed","template":"","meta":[],"product_brand":[],"product_cat":[686,704,679,620],"product_tag":[],"class_list":{"0":"post-162862","1":"product","2":"type-product","3":"status-publish","4":"has-post-thumbnail","6":"product_cat-10-paquet","7":"product_cat-choisissez-le-mix","8":"product_cat-graines-de-cannabis-en-promotion","9":"product_cat-toutes-les-varietes","11":"first","12":"instock","13":"taxable","14":"shipping-taxable","15":"purchasable","16":"product-type-simple"},"_links":{"self":[{"href":"https:\/\/freeseedsonline.com\/fr\/wp-json\/wp\/v2\/product\/162862","targetHints":{"allow":["GET"]}}],"collection":[{"href":"https:\/\/freeseedsonline.com\/fr\/wp-json\/wp\/v2\/product"}],"about":[{"href":"https:\/\/freeseedsonline.com\/fr\/wp-json\/wp\/v2\/types\/product"}],"replies":[{"embeddable":true,"href":"https:\/\/freeseedsonline.com\/fr\/wp-json\/wp\/v2\/comments?post=162862"}],"wp:featuredmedia":[{"embeddable":true,"href":"https:\/\/freeseedsonline.com\/fr\/wp-json\/wp\/v2\/media\/165751"}],"wp:attachment":[{"href":"https:\/\/freeseedsonline.com\/fr\/wp-json\/wp\/v2\/media?parent=162862"}],"wp:term":[{"taxonomy":"product_brand","embeddable":true,"href":"https:\/\/freeseedsonline.com\/fr\/wp-json\/wp\/v2\/product_brand?post=162862"},{"taxonomy":"product_cat","embeddable":true,"href":"https:\/\/freeseedsonline.com\/fr\/wp-json\/wp\/v2\/product_cat?post=162862"},{"taxonomy":"product_tag","embeddable":true,"href":"https:\/\/freeseedsonline.com\/fr\/wp-json\/wp\/v2\/product_tag?post=162862"}],"curies":[{"name":"wp","href":"https:\/\/api.w.org\/{rel}","templated":true}]}}