{"id":162854,"date":"2026-02-13T17:58:07","date_gmt":"2026-02-13T17:58:07","guid":{"rendered":"https:\/\/freeseedsonline.com\/?p=162854"},"modified":"2026-02-13T17:58:07","modified_gmt":"2026-02-13T17:58:07","slug":"graines-de-cannabis-watermelon-ice-autoflower","status":"publish","type":"product","link":"https:\/\/freeseedsonline.com\/fr\/produits\/graines-de-cannabis-watermelon-ice-autoflower\/","title":{"rendered":"Graines de cannabis Watermelon ICE Autoflower"},"content":{"rendered":"<h2>Graines de cannabis Watermeloen ICE Autoflower<\/h2>\n<p>Vous cherchez \u00e0 acheter des graines de cannabis de haute qualit\u00e9 avec une exp\u00e9rience rafra\u00eechissante et fruit\u00e9e ? Les graines de cannabis Watermeloen ICE Autoflower de freeseedsonline.com offrent un m\u00e9lange parfait de facilit\u00e9 de culture et de saveurs intenses, id\u00e9al pour les d\u00e9butants comme pour les cultivateurs exp\u00e9riment\u00e9s. Avec une g\u00e9n\u00e9tique \u00e0 dominance indica et un taux de THC de 20 %, cette variante autofleurissante procure un high relaxant qui s\u2019adapte parfaitement \u00e0 un mode de vie charg\u00e9, tout en profitant des ar\u00f4mes tropicaux qui rendent ces graines de cannabis uniques.<\/p>\n<h3>Caract\u00e9ristiques et sp\u00e9cifications<\/h3>\n<p>Les graines de cannabis Watermeloen ICE Autoflower sont reconnues pour leurs performances fiables et leurs caract\u00e9ristiques faciles \u00e0 g\u00e9rer. Ces graines ont \u00e9t\u00e9 sp\u00e9cialement d\u00e9velopp\u00e9es pour une culture simple, avec un accent sur la qualit\u00e9 et le rendement. Voici un aper\u00e7u des principales sp\u00e9cifications qui font de cette vari\u00e9t\u00e9 un choix populaire pour commander des graines de cannabis.<\/p>\n<ul>\n<li><strong>G\u00e9n\u00e9tique :<\/strong> Hybride \u00e0 dominance indica, offrant une exp\u00e9rience relaxante et \u00e9quilibr\u00e9e, d\u00e9riv\u00e9e de robustes graines de cannabis am\u00e9ricaines.<\/li>\n<li><strong>Taux de THC :<\/strong> 20 %, procurant un high puissant mais ma\u00eetrisable, sans effets psychoactifs excessifs.<\/li>\n<li><strong>Taux de CBD :<\/strong> Non sp\u00e9cifi\u00e9, mais les propri\u00e9t\u00e9s relaxantes le rendent adapt\u00e9 \u00e0 des usages m\u00e9dicinaux.<\/li>\n<li><strong>Taille de la plante :<\/strong> Croissance moyenne, id\u00e9ale pour les espaces int\u00e9rieurs limit\u00e9s comme pour les emplacements ext\u00e9rieurs, avec une hauteur d\u2019environ 60-100 cm.<\/li>\n<li><strong>P\u00e9riode de floraison :<\/strong> 8-9 semaines, gr\u00e2ce \u00e0 la caract\u00e9ristique autofleurissante, ce qui signifie que la plante fleurit automatiquement sans d\u00e9pendre des cycles de lumi\u00e8re.<\/li>\n<li><strong>Rendement :<\/strong> Rendement moyen, avec des t\u00eates denses et riches en trichomes qui peuvent produire jusqu\u2019\u00e0 400-500 grammes par m\u00e8tre carr\u00e9, en int\u00e9rieur comme en ext\u00e9rieur, dans des conditions optimales.<\/li>\n<li><strong>Type de graine :<\/strong> Graines autofleurissantes, enti\u00e8rement f\u00e9minis\u00e9es, augmentant les chances de succ\u00e8s de la culture et \u00e9conomisant du temps.<\/li>\n<\/ul>\n<h3>Informations d\u00e9taill\u00e9es sur la culture<\/h3>\n<p>Les graines de cannabis Watermeloen ICE Autoflower sont particuli\u00e8rement adapt\u00e9es aux d\u00e9butants gr\u00e2ce \u00e0 leur faible niveau de difficult\u00e9 et \u00e0 leur croissance robuste. Ces graines prosp\u00e8rent aussi bien en int\u00e9rieur qu\u2019en ext\u00e9rieur, avec une pr\u00e9f\u00e9rence pour des temp\u00e9ratures mod\u00e9r\u00e9es entre 20 et 25 \u00b0C. Pour des r\u00e9sultats optimaux, nous recommandons de commencer avec un m\u00e9lange de terre de qualit\u00e9, comme d\u00e9crit dans notre guide sur <a href=\"https:\/\/freeseedsonline.com\/fr\/top-3-des-meilleurs-sols-pour-votre-plante-de-cannabis\">wat-is-de-beste-aarde-voor-een-wietplant<\/a>, afin de stimuler le d\u00e9veloppement des racines.<\/p>\n<p>Pour la culture en int\u00e9rieur, comme dans une tente de culture, vous pouvez tirer parti de la caract\u00e9ristique autofleurissante en utilisant un cycle de lumi\u00e8re de 18\/6. Assurez-vous d\u2019avoir une ventilation suffisante pour \u00e9viter les moisissures, un probl\u00e8me courant que vous pouvez r\u00e9soudre avec les conseils de <a href=\"https:\/\/freeseedsonline.com\/fr\/moisissures-sur-la-plante-de-cannabis-\">schimmels-op-de-wietplant<\/a>. Commencez par faire germer les graines selon notre guide sur <a href=\"https:\/\/freeseedsonline.com\/fr\/germination-des-graines-de-cannabis\">ontkiemen-van-wietzaden<\/a>, et plantez-les dans des pots de 10 \u00e0 20 litres pour une croissance vigoureuse. La fertilisation est cruciale ; utilisez un engrais organique de haute qualit\u00e9 apr\u00e8s la phase v\u00e9g\u00e9tative pour acc\u00e9l\u00e9rer la floraison.<\/p>\n<p>Pour la culture en ext\u00e9rieur, cette vari\u00e9t\u00e9 est id\u00e9ale dans un climat ensoleill\u00e9, avec une saison de croissance d\u2019avril \u00e0 septembre. Placez les plantes dans un sol bien drain\u00e9 et prot\u00e9gez-les des nuisibles, comme les limaces, avec des m\u00e9thodes biologiques d\u00e9crites sur <a href=\"https:\/\/freeseedsonline.com\/fr\/combattre-les-moisissures-et-les-nuisibles-de-manire-biologique\">biologisch-schimmel-en-ongedierte-bestrijden<\/a>. Le niveau de difficult\u00e9 est faible, mais pour les d\u00e9butants, nous recommandons d\u2019exp\u00e9rimenter des techniques comme le fimming, expliqu\u00e9es dans <a href=\"https:\/\/freeseedsonline.com\/fr\/tailler-les-plantes-de-cannabis\">fimmen-wietplant<\/a>, pour maximiser le rendement. En g\u00e9n\u00e9ral, le cycle complet dure 10 \u00e0 12 semaines avec un entretien minimal, ce qui en fait une excellente option pour les graines de cannabis pour d\u00e9butants.<\/p>\n<h3>Effets, go\u00fbt et ar\u00f4me<\/h3>\n<p>Les graines de cannabis Watermeloen ICE Autoflower offrent une exp\u00e9rience unique qui commence par un ar\u00f4me fruit\u00e9 et tropical rappelant la past\u00e8que fra\u00eeche et les baies, combin\u00e9 \u00e0 une arri\u00e8re-note douce et mielleuse. \u00c0 l\u2019inhalation, vous ressentez une explosion rafra\u00eechissante de notes fruit\u00e9es, suivie d\u2019une subtile touche terreuse, ce qui rend ces graines de cannabis particuli\u00e8rement attrayantes pour les amateurs de vari\u00e9t\u00e9s savoureuses.<\/p>\n<p>Les effets sont principalement relaxants et orient\u00e9s indica, avec une profonde d\u00e9tente corporelle qui r\u00e9duit le stress et les tensions, comme discut\u00e9 dans <a href=\"https:\/\/freeseedsonline.com\/fr\/cannabis-indica\">cannabis-indica<\/a>. Les utilisateurs rapportent une euphorie joyeuse qui am\u00e9liore l\u2019humeur, id\u00e9ale pour les situations sociales ou pour se d\u00e9tendre en fin de journ\u00e9e, souvent accompagn\u00e9e d\u2019une augmentation de l\u2019app\u00e9tit. Sur le plan m\u00e9dical, cette vari\u00e9t\u00e9 est efficace contre les troubles \u00e9motionnels, la douleur, les naus\u00e9es et l\u2019insomnie, gr\u00e2ce \u00e0 ses propri\u00e9t\u00e9s calmantes et \u00e0 son taux de THC de 20 %. Pour des usages m\u00e9dicinaux, comme mentionn\u00e9 dans <a href=\"https:\/\/freeseedsonline.com\/fr\/quelles-plantes-de-cannabis-contiennent-un-taux-lev-de-cbd-\">wietzaden-met-hoog-cbd-gehalte<\/a>, elle peut soulager l\u2019anxi\u00e9t\u00e9 et la d\u00e9pression, bien qu\u2019elle convienne surtout aux utilisateurs ayant une tol\u00e9rance moyenne.<\/p>\n<h3>Comparaison avec des vari\u00e9t\u00e9s similaires<\/h3>\n<p>Compar\u00e9e \u00e0 d\u2019autres variantes autofleurissantes, la Watermeloen ICE se distingue par son profil de saveur fruit\u00e9e, mais elle partage des similitudes avec des vari\u00e9t\u00e9s comme la White Moscow Autoflower, qui offre \u00e9galement un high relaxant mais avec une note plus terreuse \u2013 d\u00e9couvrez-la sur <a href=\"https:\/\/freeseedsonline.com\/fr\/produits\/white-moscow-autofloraison\">white-moscow-autoflower<\/a>. Contrairement aux graines de cannabis Candy Kush Express (Fast Flowering), qui ont une floraison plus rapide mais moins fruit\u00e9e, la Watermeloen ICE est meilleure pour les amateurs de fruits ; plus d\u2019informations sur <a href=\"https:\/\/freeseedsonline.com\/fr\/produits\/graines-de-cannabis-candy-kush-express-floraison-rapide\">candy-kush-express-fast-flowering-wietzaden<\/a>.<\/p>\n<p>Pour les fans d\u2019indica, les graines de cannabis Purple Haze constituent une alternative avec une touche plus l\u00e9g\u00e8re et sativa, disponible via <a href=\"https:\/\/freeseedsonline.com\/fr\/produits\/graines-de-cannabis-purple-haze\">purple-haze-wietzaden<\/a>, tandis que les graines Dance World apportent plus d\u2019\u00e9nergie, contrairement aux effets apaisants de la Watermeloen ICE. Toutes ces options sont disponibles dans notre collection pour commander des graines de cannabis, et vous aident \u00e0 trouver la vari\u00e9t\u00e9 parfaite.<\/p>\n<h3>Questions fr\u00e9quentes sur les graines de cannabis Watermeloen ICE Autoflower<\/h3>\n<p><strong>Q :<\/strong> Comment faire germer les graines de cannabis Watermeloen ICE Autoflower ?<br \/><strong>R :<\/strong> Faites germer ces graines en les pla\u00e7ant dans une serviette en papier humide \u00e0 temp\u00e9rature ambiante, comme d\u00e9crit dans notre guide, et plantez-les dans un substrat adapt\u00e9 dans les 24 \u00e0 48 heures ; cela garantit un d\u00e9marrage rapide et r\u00e9ussi, surtout pour les d\u00e9butants.<\/p>\n<p><strong>Q :<\/strong> Cette vari\u00e9t\u00e9 convient-elle \u00e0 la culture en ext\u00e9rieur aux Pays-Bas ?<br \/><strong>R :<\/strong> Oui, les graines de cannabis Watermeloen ICE Autoflower sont id\u00e9ales pour la culture en ext\u00e9rieur dans des climats temp\u00e9r\u00e9s, avec une p\u00e9riode de floraison courte qui r\u00e9siste aux variations m\u00e9t\u00e9orologiques, mais assurez-vous d\u2019avoir suffisamment de soleil et une protection contre les nuisibles pour de meilleurs r\u00e9sultats.<\/p>\n<p><strong>Q :<\/strong> Quels sont les avantages m\u00e9dicaux de ces graines de cannabis ?<br \/><strong>R :<\/strong> Ces graines offrent une relaxation pour la douleur et le stress, avec un THC de 20 % qui aide contre l\u2019insomnie et l\u2019anxi\u00e9t\u00e9, et peut \u00eatre utilis\u00e9 dans des recettes m\u00e9dicinales ; c\u2019est un choix s\u00fbr pour les utilisateurs \u00e0 faible tol\u00e9rance, comme mentionn\u00e9 dans nos articles sur l\u2019usage m\u00e9dical.<\/p>\n<p><strong>Q :<\/strong> Comment comparer le rendement avec d\u2019autres graines autofleurissantes ?<br \/><strong>R :<\/strong> Watermeloen ICE offre un rendement moyen de 400-500 grammes par m\u00b2, comparable \u00e0 White Moscow Autoflower, mais avec un ar\u00f4me fruit\u00e9 unique ; exp\u00e9rimentez avec des techniques de culture pour optimiser les r\u00e9sultats.<\/p>\n<h3>Pourquoi commander chez nous<\/h3>\n<p>Chez freeseedsonline.com, vous pouvez compter sur des graines de cannabis de la plus haute qualit\u00e9, avec une livraison discr\u00e8te et rapide directement depuis les Pays-Bas. Nous proposons une large gamme, y compris des offres exclusives comme \u00ab 4 pour le prix de 3 \u00bb, vous offrant plus de valeur pour votre argent lorsque vous commandez des graines de cannabis. Faites confiance \u00e0 notre expertise et \u00e0 notre garantie de satisfaction pour commencer votre aventure de culture en toute confiance.<\/p>\n","protected":false},"excerpt":{"rendered":"<p><strong><span style=\"color: #00a859;\">Sexe :<\/span><\/strong> Autofloraison f\u00e9minis\u00e9e<\/p>\n<p><span style=\"color: #00a859;\"><strong>THC :<\/strong><\/span> <strong>20%<\/strong><\/p>\n<p><span style=\"color: #50b848;\"><strong>CBD :<\/strong><\/span> Moyen<\/p>\n<p><span style=\"color: #00a859;\"><strong>Type :<\/strong><\/span> <strong>Sativa<\/strong> 50% <strong>Indica<\/strong> 35% <strong>Ruderalis<\/strong> 10%<\/p>\n<p><span style=\"color: #00a859;\"><strong>Croisement :<\/strong><\/span> Tropicanna Cookies x Lemon OG<\/p>\n<p><span style=\"color: #00a859;\"><strong>Hauteur moyenne en int\u00e9rieur :<\/strong><\/span> 60 &#8211; 110 cm<\/p>\n<p><span style=\"color: #00a859;\"><strong>Hauteur moyenne en ext\u00e9rieur :<\/strong> <\/span>90 &#8211; 1.30 cm<\/p>\n<p><span style=\"color: #00a859;\"><strong>Rendement moyen en int\u00e9rieur jusqu&rsquo;\u00e0 :<\/strong><\/span> 450 grammes\/m2<\/p>\n<p><strong><span style=\"color: #00a859;\">Rendement moyen en ext\u00e9rieur : <\/span><\/strong>50 \u00e0 80 grammes par plante<\/p>\n<p><span style=\"color: #00a859;\"><strong>P\u00e9riode de floraison en int\u00e9rieur :<\/strong><\/span> 6 \u00e0 7 semaines<\/p>\n<p><span style=\"color: #50b848;\"><strong>P\u00e9riode de floraison en ext\u00e9rieur :<\/strong><\/span> 6 \u00e0 7 semaines<\/p>\n<p><span style=\"color: #00a859;\"><span style=\"font-weight: bold; color: #00a859;\">Saveur : <\/span><\/span>Fruit\u00e9, Past\u00e8que<\/p>\n<p><span style=\"color: #50b848;\"><strong>Effet :<\/strong><span style=\"color: #50b848;\"> <span style=\"color: #000000;\">Apaisant<\/span><\/span><\/span><\/p>\n<p>&nbsp;<\/p>\n","protected":false},"featured_media":193257,"comment_status":"closed","ping_status":"closed","template":"","meta":[],"product_brand":[],"product_cat":[661,695,699,679,645,648,653,650,623,681,620,637],"product_tag":[],"class_list":{"0":"post-162854","1":"product","2":"type-product","3":"status-publish","4":"has-post-thumbnail","6":"product_cat-graines-autoflorissantes","7":"product_cat-graines-de-cannabis-americaines","8":"product_cat-graines-de-cannabis-autofleurissantes-goldline-xxl","9":"product_cat-graines-de-cannabis-en-promotion","10":"product_cat-graines-de-cannabis-feminisees","11":"product_cat-graines-de-cannabis-pour-debutants","12":"product_cat-graines-de-cannabis-pour-exterieur","13":"product_cat-graines-de-cannabis-pour-interieur","14":"product_cat-graines-fso","15":"product_cat-nouvelles-varietes-de-graines-de-cannabis","16":"product_cat-toutes-les-varietes","17":"product_cat-varietes-pour-debutants","19":"first","20":"instock","21":"taxable","22":"shipping-taxable","23":"purchasable","24":"product-type-simple"},"_links":{"self":[{"href":"https:\/\/freeseedsonline.com\/fr\/wp-json\/wp\/v2\/product\/162854","targetHints":{"allow":["GET"]}}],"collection":[{"href":"https:\/\/freeseedsonline.com\/fr\/wp-json\/wp\/v2\/product"}],"about":[{"href":"https:\/\/freeseedsonline.com\/fr\/wp-json\/wp\/v2\/types\/product"}],"replies":[{"embeddable":true,"href":"https:\/\/freeseedsonline.com\/fr\/wp-json\/wp\/v2\/comments?post=162854"}],"wp:featuredmedia":[{"embeddable":true,"href":"https:\/\/freeseedsonline.com\/fr\/wp-json\/wp\/v2\/media\/193257"}],"wp:attachment":[{"href":"https:\/\/freeseedsonline.com\/fr\/wp-json\/wp\/v2\/media?parent=162854"}],"wp:term":[{"taxonomy":"product_brand","embeddable":true,"href":"https:\/\/freeseedsonline.com\/fr\/wp-json\/wp\/v2\/product_brand?post=162854"},{"taxonomy":"product_cat","embeddable":true,"href":"https:\/\/freeseedsonline.com\/fr\/wp-json\/wp\/v2\/product_cat?post=162854"},{"taxonomy":"product_tag","embeddable":true,"href":"https:\/\/freeseedsonline.com\/fr\/wp-json\/wp\/v2\/product_tag?post=162854"}],"curies":[{"name":"wp","href":"https:\/\/api.w.org\/{rel}","templated":true}]}}