{"id":162853,"date":"2026-02-13T17:57:21","date_gmt":"2026-02-13T17:57:21","guid":{"rendered":"https:\/\/freeseedsonline.com\/?p=162853"},"modified":"2026-02-13T17:57:21","modified_gmt":"2026-02-13T17:57:21","slug":"graines-de-cannabis-amg-gold-haze","status":"publish","type":"product","link":"https:\/\/freeseedsonline.com\/fr\/produits\/graines-de-cannabis-amg-gold-haze\/","title":{"rendered":"Graines de cannabis AMG GOLD Haze"},"content":{"rendered":"<h2>Graines de cannabis AMG GOLD Haze<\/h2>\n<p>D\u00e9couvrez la puissance des <strong>graines de cannabis AMG GOLD Haze<\/strong>, un hybride \u00e0 dominance sativa de premi\u00e8re qualit\u00e9, parfait pour les amateurs \u00e0 la recherche de rendements \u00e9lev\u00e9s et d&rsquo;une exp\u00e9rience intense. Si vous envisagez d\u2019<strong>acheter des graines de cannabis<\/strong> ou de <strong>commander des graines de cannabis<\/strong>, cette vari\u00e9t\u00e9 est un excellent choix gr\u00e2ce \u00e0 sa g\u00e9n\u00e9tique impressionnante et \u00e0 sa croissance robuste. Chez FreeSeedsOnline.com, nous proposons ces <strong>graines de cannabis<\/strong> de haute qualit\u00e9 \u00e0 un prix abordable, pour que vous puissiez commencer \u00e0 cultiver facilement.<\/p>\n<h3>Caract\u00e9ristiques et sp\u00e9cifications<\/h3>\n<p>Les <strong>graines de cannabis AMG GOLD Haze<\/strong> ont \u00e9t\u00e9 soigneusement d\u00e9velopp\u00e9es pour offrir un \u00e9quilibre entre puissance et productivit\u00e9. Ces graines sont un croisement entre Amnesia et Mexican Haze, ce qui donne un profil majoritairement sativa, tr\u00e8s appr\u00e9ci\u00e9 des cultivateurs exp\u00e9riment\u00e9s. Voici un aper\u00e7u des principales caract\u00e9ristiques :<\/p>\n<ul>\n<li><strong>G\u00e9n\u00e9tique :<\/strong> 80 % sativa et 20 % indica, pour une exp\u00e9rience \u00e9nergique et stimulante.<\/li>\n<li><strong>Teneur en THC :<\/strong> Jusqu\u2019\u00e0 22 %, offrant un effet psychoactif puissant, avec une faible teneur en CBD, ciblant les utilisateurs r\u00e9cr\u00e9atifs.<\/li>\n<li><strong>Taille de la plante :<\/strong> En int\u00e9rieur, la plante atteint 80-120 cm, tandis qu\u2019en ext\u00e9rieur, elle peut facilement atteindre 2 m\u00e8tres, selon les conditions de culture.<\/li>\n<li><strong>Temps de floraison :<\/strong> Environ 70 jours en int\u00e9rieur, avec une p\u00e9riode de r\u00e9colte en octobre pour la culture en ext\u00e9rieur.<\/li>\n<li><strong>Rendement :<\/strong> En int\u00e9rieur, vous pouvez obtenir 450-500 g\/m\u00b2, et en ext\u00e9rieur jusqu\u2019\u00e0 550-600 g\/plante, avec des soins appropri\u00e9s.<\/li>\n<li><strong>Difficult\u00e9 :<\/strong> Convient aux cultivateurs avanc\u00e9s, en raison du besoin de pr\u00e9cision et d\u2019espace.<\/li>\n<\/ul>\n<p>Ces sp\u00e9cifications font des <strong>graines de cannabis AMG GOLD Haze<\/strong> un choix id\u00e9al pour ceux qui cherchent \u00e0 <strong>commander des graines de cannabis<\/strong> avec une forte teneur en THC et une dominance sativa.<\/p>\n<h3>Informations d\u00e9taill\u00e9es sur la culture<\/h3>\n<p>La culture des <strong>graines de cannabis AMG GOLD Haze<\/strong> n\u00e9cessite une certaine exp\u00e9rience, mais avec la bonne approche, elle offre des r\u00e9sultats impressionnants. Cette vari\u00e9t\u00e9 \u00e0 dominance sativa prosp\u00e8re aussi bien en int\u00e9rieur qu\u2019en ext\u00e9rieur, mais demande suffisamment d\u2019espace et de soins pour atteindre son plein potentiel. Pour les d\u00e9butants, nous recommandons de commencer avec <a href=\"https:\/\/freeseedsonline.com\/fr\/cultiver-du-cannabis-pour-les-dbutants\">un guide pour cultiver du cannabis<\/a>, afin de ma\u00eetriser les bases avant de vous lancer dans cette vari\u00e9t\u00e9 exigeante.<\/p>\n<p>La culture en int\u00e9rieur est id\u00e9ale pour <strong>AMG GOLD Haze<\/strong>, o\u00f9 vous pouvez cr\u00e9er un environnement contr\u00f4l\u00e9 \u00e0 l\u2019aide d\u2019une tente de culture. Maintenez la temp\u00e9rature entre 20-25\u00b0C pendant la phase de croissance et assurez un cycle lumineux de 18\/6 heures. Utilisez <a href=\"https:\/\/freeseedsonline.com\/fr\/top-3-des-meilleurs-sols-pour-votre-plante-de-cannabis\">un terreau de qualit\u00e9<\/a> pour \u00e9viter la pourriture des racines et envisagez des techniques comme le treillis pour soutenir les t\u00eates lourdes, ce qui est crucial pour des plantes atteignant jusqu\u2019\u00e0 120 cm de hauteur. Pour la culture en ext\u00e9rieur, choisissez un emplacement ensoleill\u00e9 avec une protection contre le vent et la pluie, et soyez vigilant face aux <a href=\"https:\/\/freeseedsonline.com\/fr\/moisissures-sur-la-plante-de-cannabis-\">moisissures et insectes<\/a>, car cette vari\u00e9t\u00e9 est sensible aux facteurs environnementaux.<\/p>\n<p>Conseils pour r\u00e9ussir : Commencez par faire germer les graines selon <a href=\"https:\/\/freeseedsonline.com\/fr\/germination-des-graines-de-cannabis\">notre guide de germination<\/a>, et appliquez des techniques d\u2019entra\u00eenement comme le <a href=\"https:\/\/freeseedsonline.com\/fr\/tailler-les-plantes-de-cannabis\">fim<\/a> pour optimiser la croissance. Le niveau de difficult\u00e9 est moyen \u00e0 \u00e9lev\u00e9, alors pr\u00e9voyez une phase de croissance de 4 \u00e0 6 semaines avant de passer \u00e0 la floraison. Avec les bons soins, comme une lutte biologique contre les nuisibles, vous pouvez obtenir une r\u00e9colte abondante.<\/p>\n<h3>Effets, go\u00fbt et ar\u00f4me<\/h3>\n<p>Les effets des <strong>graines de cannabis AMG GOLD Haze<\/strong> sont intenses et vari\u00e9s, commen\u00e7ant par un high c\u00e9r\u00e9bral puissant qui vous rend alerte et motiv\u00e9. Cette dominance sativa procure un regain d\u2019\u00e9nergie, id\u00e9al pour les activit\u00e9s cr\u00e9atives, mais \u00e9volue vers un high corporel plus relaxant avec le temps. Pour un usage m\u00e9dical, cette vari\u00e9t\u00e9 peut aider \u00e0 soulager le stress ou la fatigue gr\u00e2ce \u00e0 sa forte teneur en THC, bien qu\u2019elle soit moins adapt\u00e9e aux applications ax\u00e9es sur le CBD ; en savoir plus sur <a href=\"https:\/\/freeseedsonline.com\/fr\/cannabis-cbd-et-thc\">THC et CBD<\/a> pour des informations approfondies.<\/p>\n<p>En termes de go\u00fbt et d\u2019ar\u00f4me, <strong>AMG GOLD Haze<\/strong> offre un m\u00e9lange rafra\u00eechissant d\u2019agrumes avec des notes dominantes de citron et une touche d\u2019orange, cr\u00e9ant une exp\u00e9rience intense et fruit\u00e9e. L\u2019ar\u00f4me est puissant et reconnaissable, avec des nuances terreuses qui soulignent l\u2019essence sativa. Ces caract\u00e9ristiques en font un favori pour les utilisateurs qui appr\u00e9cient une saveur fra\u00eeche et stimulante, et elle peut \u00e9galement \u00eatre utilis\u00e9e dans des <a href=\"https:\/\/freeseedsonline.com\/fr\/cuisiner-de-manire-crative-avec-du-cannabis-recettes-varies-base-de-graines-de-cannabis\">recettes \u00e0 base de cannabis<\/a> pour une touche unique.<\/p>\n<h3>Comparaison avec des vari\u00e9t\u00e9s similaires<\/h3>\n<p>Compar\u00e9es \u00e0 d\u2019autres vari\u00e9t\u00e9s \u00e0 dominance sativa, les <strong>graines de cannabis AMG GOLD Haze<\/strong> se distinguent par leur rendement \u00e9lev\u00e9 et leur g\u00e9n\u00e9tique robuste, mais elles sont plus difficiles \u00e0 cultiver que, par exemple, les <a href=\"https:\/\/freeseedsonline.com\/fr\/produits\/graines-de-cannabis-amnesia-haze\">graines de cannabis Amnesia Haze<\/a>, qui offrent un high similaire mais sont un peu plus faciles \u00e0 g\u00e9rer. Comme alternative, vous pouvez envisager les <a href=\"https:\/\/freeseedsonline.com\/fr\/produits\/pack-de-10-graines-de-cannabis-white-haze-autoflower\">graines de cannabis White Haze Autoflower<\/a>, qui fleurissent automatiquement et demandent moins d\u2019entretien, id\u00e9ales pour les d\u00e9butants. Pour un profil plus orient\u00e9 indica, pensez aux <a href=\"https:\/\/freeseedsonline.com\/fr\/produits\/graines-de-cannabis-hindu-kush\">graines de cannabis Hindu Kush<\/a>, qui sont plus relaxantes et mieux adapt\u00e9es \u00e0 la culture en ext\u00e9rieur. En somme, <strong>AMG GOLD Haze<\/strong> est parfaite pour les cultivateurs avanc\u00e9s \u00e0 la recherche d\u2019une puissance maximale, tandis que ces options rendent l\u2019<strong>achat de graines de cannabis<\/strong> plus flexible.<\/p>\n<h3>Questions fr\u00e9quentes sur les graines de cannabis AMG GOLD Haze<\/h3>\n<p><strong>Q : AMG GOLD Haze est-elle une vari\u00e9t\u00e9 \u00e0 dominance sativa ?<\/strong><br \/>\nR : Oui, AMG GOLD Haze est principalement sativa avec environ 80 % de g\u00e9n\u00e9tique sativa, ce qui procure un high \u00e9nergique et cr\u00e9atif, contrairement aux vari\u00e9t\u00e9s indica qui sont plus relaxantes. Cette composition en fait une vari\u00e9t\u00e9 id\u00e9ale pour les activit\u00e9s diurnes, et c\u2019est un croisement qui combine les meilleures caract\u00e9ristiques d\u2019Amnesia et de Mexican Haze pour une exp\u00e9rience unique.<\/p>\n<p><strong>Q : Est-il facile de cultiver AMG GOLD Haze ?<\/strong><br \/>\nR : Non, AMG GOLD Haze n\u2019est pas la vari\u00e9t\u00e9 la plus facile et est recommand\u00e9e pour les cultivateurs exp\u00e9riment\u00e9s en raison de sa sensibilit\u00e9 aux facteurs environnementaux et du besoin de techniques d\u2019entra\u00eenement. Cependant, avec les bons soins, comme l\u2019utilisation d\u2019une tente de culture et un suivi r\u00e9gulier, vous pouvez obtenir d\u2019excellents r\u00e9sultats, surtout si vous commencez avec <a href=\"https:\/\/freeseedsonline.com\/fr\/quelles-sont-les-meilleures-plantes-de-cannabis-dextrieur-pour-les-dbutants-\">des conseils pour la culture en ext\u00e9rieur<\/a> pour d\u00e9butants.<\/p>\n<p><strong>Q : Quels sont les effets d\u2019AMG GOLD Haze ?<\/strong><br \/>\nR : Les effets d\u2019AMG GOLD Haze incluent un high stimulant et puissant qui \u00e9volue vers une relaxation, avec un accent sur la vigilance mentale et la motivation. Cela la rend adapt\u00e9e \u00e0 un usage r\u00e9cr\u00e9atif et potentiellement m\u00e9dical, comme pour r\u00e9duire le stress, et la distingue des autres vari\u00e9t\u00e9s par son \u00e9quilibre entre \u00e9nergie et calme.<\/p>\n<p><strong>Q : Comment conserver au mieux les graines de cannabis AMG GOLD Haze ?<\/strong><br \/>\nR : Conservez les graines de cannabis AMG GOLD Haze dans un endroit frais, sombre et sec, de pr\u00e9f\u00e9rence dans un emballage herm\u00e9tique pour prolonger leur dur\u00e9e de vie. En les stockant correctement, comme expliqu\u00e9 dans <a href=\"https:\/\/freeseedsonline.com\/fr\/quest-ce-que-les-graines-de-cannabis-\">notre guide sur les graines de cannabis<\/a>, elles restent viables pour la germination jusqu\u2019\u00e0 deux ans, vous assurant ainsi des graines fra\u00eeches pour votre prochaine culture.<\/p>\n<h3>Pourquoi commander chez nous<\/h3>\n<p>Chez FreeSeedsOnline.com, vous pouvez compter sur la meilleure qualit\u00e9 des <strong>graines de cannabis AMG GOLD Haze<\/strong> \u00e0 un prix juste, comme 10,20 \u20ac par paquet. Nous proposons non seulement un large choix d\u2019options pour <strong>acheter des graines de cannabis<\/strong>, mais aussi une offre exclusive \u00ab\u00a04 pour le prix de 3\u00a0\u00bb pour rendre votre aventure de culture encore plus attrayante. Choisissez-nous pour nos conseils d\u2019experts et notre livraison rapide, afin de commencer votre culture en toute confiance.<\/p>\n","protected":false},"excerpt":{"rendered":"<p><strong><span style=\"color: #00a859;\">Sexe :<\/span><\/strong> F\u00e9minis\u00e9es<\/p>\n<p><span style=\"color: #00a859;\"><strong>THC :<\/strong><\/span> <strong>22%<\/strong><\/p>\n<p><span style=\"color: #50b848;\"><strong>CBD :<\/strong><\/span> Faible<\/p>\n<p><span style=\"color: #00a859;\"><strong>Type :<\/strong><\/span> <span style=\"font-weight: 400;\">Sativa dominante 80%<\/span><\/p>\n<p><span style=\"color: #00a859;\"><strong>Croisement : <\/strong><\/span><strong><span style=\"font-weight: 400;\">Amnesia x Mexican Haze<\/span><\/strong><\/p>\n<p><span style=\"color: #00a859;\"><strong>Hauteur moyenne en int\u00e9rieur :<\/strong><\/span> 80 &#8211; 120 cm<\/p>\n<p><span style=\"color: #00a859;\"><strong>Hauteur moyenne en ext\u00e9rieur : <\/strong><\/span>140 &#8211; 200 cm<\/p>\n<p><span style=\"color: #00a859;\"><strong>Rendement moyen en int\u00e9rieur jusqu&rsquo;\u00e0 :<\/strong><\/span> <span style=\"font-weight: 400;\">450-500 g\/m\u00b2 <\/span><\/p>\n<p><strong><span style=\"color: #00a859;\">Rendement moyen en ext\u00e9rieur : <\/span><span style=\"font-weight: 400;\">550\u2013600 g\/m\u00b2 <\/span><\/strong><\/p>\n<p><span style=\"color: #00a859;\"><strong>P\u00e9riode de floraison en int\u00e9rieur :<\/strong><\/span> 10-11 semaines<\/p>\n<p><span style=\"color: #50b848;\"><strong>P\u00e9riode de floraison en ext\u00e9rieur :<\/strong><\/span> Octobre<\/p>\n<p><span style=\"color: #00a859;\"><span style=\"font-weight: bold; color: #00a859;\">Saveur : <\/span><\/span>Terreux, Agrumes<\/p>\n<p><span style=\"color: #50b848;\"><strong>Effet :<\/strong><\/span> \u00c9quilibr\u00e9, Clair, Stone<\/p>\n<p>&nbsp;<\/p>\n","protected":false},"featured_media":193247,"comment_status":"closed","ping_status":"closed","template":"","meta":[],"product_brand":[],"product_cat":[679,645,628,653,650,623,697,681,639,631,634,620],"product_tag":[106,107,108,109,110],"class_list":{"0":"post-162853","1":"product","2":"type-product","3":"status-publish","4":"has-post-thumbnail","6":"product_cat-graines-de-cannabis-en-promotion","7":"product_cat-graines-de-cannabis-feminisees","8":"product_cat-graines-de-cannabis-haze","9":"product_cat-graines-de-cannabis-pour-exterieur","10":"product_cat-graines-de-cannabis-pour-interieur","11":"product_cat-graines-fso","12":"product_cat-ligne-dor","13":"product_cat-nouvelles-varietes-de-graines-de-cannabis","14":"product_cat-pure-sativa","15":"product_cat-rendement-eleve","16":"product_cat-thc-eleve","17":"product_cat-toutes-les-varietes","18":"product_tag-amg","19":"product_tag-amg-gold-wietzaden","20":"product_tag-amg-haze","21":"product_tag-amg-wietzaden","22":"product_tag-amg-zaden","24":"first","25":"instock","26":"taxable","27":"shipping-taxable","28":"purchasable","29":"product-type-simple"},"_links":{"self":[{"href":"https:\/\/freeseedsonline.com\/fr\/wp-json\/wp\/v2\/product\/162853","targetHints":{"allow":["GET"]}}],"collection":[{"href":"https:\/\/freeseedsonline.com\/fr\/wp-json\/wp\/v2\/product"}],"about":[{"href":"https:\/\/freeseedsonline.com\/fr\/wp-json\/wp\/v2\/types\/product"}],"replies":[{"embeddable":true,"href":"https:\/\/freeseedsonline.com\/fr\/wp-json\/wp\/v2\/comments?post=162853"}],"wp:featuredmedia":[{"embeddable":true,"href":"https:\/\/freeseedsonline.com\/fr\/wp-json\/wp\/v2\/media\/193247"}],"wp:attachment":[{"href":"https:\/\/freeseedsonline.com\/fr\/wp-json\/wp\/v2\/media?parent=162853"}],"wp:term":[{"taxonomy":"product_brand","embeddable":true,"href":"https:\/\/freeseedsonline.com\/fr\/wp-json\/wp\/v2\/product_brand?post=162853"},{"taxonomy":"product_cat","embeddable":true,"href":"https:\/\/freeseedsonline.com\/fr\/wp-json\/wp\/v2\/product_cat?post=162853"},{"taxonomy":"product_tag","embeddable":true,"href":"https:\/\/freeseedsonline.com\/fr\/wp-json\/wp\/v2\/product_tag?post=162853"}],"curies":[{"name":"wp","href":"https:\/\/api.w.org\/{rel}","templated":true}]}}