{"id":162850,"date":"2026-02-13T17:54:54","date_gmt":"2026-02-13T17:54:54","guid":{"rendered":"https:\/\/freeseedsonline.com\/?p=162850"},"modified":"2026-02-13T17:54:54","modified_gmt":"2026-02-13T17:54:54","slug":"graines-de-cannabis-big-bud-xxl-autoflower","status":"publish","type":"product","link":"https:\/\/freeseedsonline.com\/fr\/produits\/graines-de-cannabis-big-bud-xxl-autoflower\/","title":{"rendered":"Graines de cannabis Big Bud XXL Autoflower"},"content":{"rendered":"<h2>Graines de cannabis Big Bud XXL Autoflower<\/h2>\n<p>D\u00e9couvrez la puissance et la simplicit\u00e9 des graines de cannabis Big Bud XXL Autoflower, un choix de pr\u00e9dilection pour les cultivateurs d\u00e9butants comme exp\u00e9riment\u00e9s \u00e0 la recherche de rendements \u00e9lev\u00e9s avec un minimum d&rsquo;efforts. Ces graines de cannabis \u00e0 dominance indica, parfaites pour acheter des graines de cannabis ou commander des graines de cannabis, combinent les meilleures caract\u00e9ristiques des souches classiques pour une croissance rapide et robuste. Sur freeseedsonline.com, nous proposons ces graines \u00e0 seulement 9,70 \u20ac, vous permettant de profiter d&rsquo;une exp\u00e9rience de culture fiable et productive sans complications inutiles.<\/p>\n<h3>Caract\u00e9ristiques et sp\u00e9cifications<\/h3>\n<p>Les graines de cannabis Big Bud XXL Autoflower sont r\u00e9put\u00e9es pour leurs propri\u00e9t\u00e9s impressionnantes, ce qui les rend id\u00e9ales pour une large gamme d&rsquo;environnements de culture. Voici un aper\u00e7u des principales caract\u00e9ristiques :<\/p>\n<ul>\n<li><strong>G\u00e9n\u00e9tique :<\/strong> Un hybride puissant de Northern Lights, Skunk #1 et Ruderalis, avec une influence indica dominante pour une structure de plante compacte et robuste.<\/li>\n<li><strong>Teneur en THC :<\/strong> Environ 18 %, offrant un high \u00e9quilibr\u00e9 sans \u00eatre trop \u00e9crasant.<\/li>\n<li><strong>Teneur en CBD :<\/strong> Faible, mais avec un potentiel m\u00e9dicinal pour la d\u00e9tente et le repos.<\/li>\n<li><strong>Taille :<\/strong> En int\u00e9rieur, la plante atteint 80-120 cm, tandis qu&rsquo;en ext\u00e9rieur, elle peut atteindre 100-150 cm, selon les conditions.<\/li>\n<li><strong>Temps de floraison :<\/strong> Rapide et efficace, avec une p\u00e9riode de floraison de 7 \u00e0 8 semaines, id\u00e9al pour les cultivateurs souhaitant une r\u00e9colte rapide.<\/li>\n<li><strong>Rendement :<\/strong> Jusqu&rsquo;\u00e0 600 grammes par m\u00e8tre carr\u00e9 en int\u00e9rieur et 70-130 grammes par plante en ext\u00e9rieur, gr\u00e2ce \u00e0 une g\u00e9n\u00e9tique robuste et une haute productivit\u00e9.<\/li>\n<li><strong>Difficult\u00e9 :<\/strong> Convient aux d\u00e9butants, avec une culture simple n\u00e9cessitant peu d&rsquo;expertise.<\/li>\n<li><strong>Types de culture :<\/strong> Parfait pour la culture en int\u00e9rieur comme en ext\u00e9rieur, et compatible avec des m\u00e9thodes comme SCROG pour des r\u00e9sultats optimaux.<\/li>\n<\/ul>\n<h3>Informations d\u00e9taill\u00e9es sur la culture de Big Bud XXL Autoflower<\/h3>\n<p>Lors de la culture des graines de cannabis Big Bud XXL Autoflower, il est crucial de commencer avec de bonnes bases, comme expliqu\u00e9 dans notre <a href=\"https:\/\/freeseedsonline.com\/fr\/germination-des-graines-de-cannabis\">guide pour la germination des graines de cannabis<\/a>. Cette variante autoflorissante est particuli\u00e8rement facile \u00e0 utiliser, avec un niveau de difficult\u00e9 id\u00e9al pour les d\u00e9butants, comme d\u00e9taill\u00e9 dans l&rsquo;article <a href=\"https:\/\/freeseedsonline.com\/fr\/cultiver-du-cannabis-pour-les-dbutants\">cultiver du cannabis pour les d\u00e9butants<\/a>. Commencez avec un sol de qualit\u00e9, comme recommand\u00e9 dans <a href=\"https:\/\/freeseedsonline.com\/fr\/top-3-des-meilleurs-sols-pour-votre-plante-de-cannabis\">quel est le meilleur sol pour une plante de cannabis<\/a>, et assurez un environnement stable avec un \u00e9clairage et une ventilation ad\u00e9quats.<\/p>\n<p>Pour la culture en int\u00e9rieur, o\u00f9 ces graines excellent, nous recommandons d&rsquo;utiliser la m\u00e9thode SCROG, que nous abordons en d\u00e9tail dans <a href=\"https:\/\/freeseedsonline.com\/fr\/cultiver-du-cannabis-avec-la-mthode-scrog\">cultiver du cannabis avec la m\u00e9thode SCROG<\/a>. Cela permet un couvert v\u00e9g\u00e9tal uniforme et maximise l&rsquo;absorption de la lumi\u00e8re, entra\u00eenant des rendements plus \u00e9lev\u00e9s. Utilisez une tente de culture pour un contr\u00f4le optimal, comme sugg\u00e9r\u00e9 dans <a href=\"https:\/\/freeseedsonline.com\/fr\/tentes-de-culture\">tente de culture<\/a>, et maintenez la temp\u00e9rature entre 20-25\u00b0C pendant la phase de croissance. La culture en ext\u00e9rieur est \u00e9galement possible, notamment de mai \u00e0 ao\u00fbt, mais soyez attentif \u00e0 la l\u00e9gislation locale, comme discut\u00e9 dans <a href=\"https:\/\/freeseedsonline.com\/fr\/dispositions-lgales-et-cannabis-peut-on-cultiver-du-cannabis-en-extrieur\">peut-on cultiver du cannabis en ext\u00e9rieur<\/a>. Les plantes sont r\u00e9sistantes aux probl\u00e8mes courants, mais surveillez les moisissures via <a href=\"https:\/\/freeseedsonline.com\/fr\/moisissures-sur-la-plante-de-cannabis-\">moisissures sur la plante de cannabis<\/a> et utilisez des solutions biologiques si n\u00e9cessaire.<\/p>\n<p>Conseils pour r\u00e9ussir : Taillez et entra\u00eenez les plantes avec des techniques d\u00e9crites dans <a href=\"https:\/\/freeseedsonline.com\/fr\/tailler-les-plantes-de-cannabis\">fimmen une plante de cannabis<\/a> pour optimiser la croissance, et assurez un substrat \u00e9quilibr\u00e9 en pH. Ces graines germent rapidement, souvent en 2 \u00e0 4 jours, et atteignent leur pic en phase v\u00e9g\u00e9tative sans trop d&rsquo;intervention. Pour les d\u00e9butants, c&rsquo;est une excellente option de d\u00e9part, avec un accent sur la simplicit\u00e9 d&rsquo;entretien et des r\u00e9sultats impressionnants.<\/p>\n<h3>Effets, go\u00fbt et ar\u00f4me de Big Bud XXL Autoflower<\/h3>\n<p>Les graines de cannabis Big Bud XXL Autoflower offrent une exp\u00e9rience unique, avec des effets principalement ax\u00e9s sur la d\u00e9tente et une sensation profonde de \u00ab\u00a0couch-lock\u00a0\u00bb, parfaite pour une utilisation en soir\u00e9e. Cette souche \u00e0 dominance indica procure un high corporel apaisant, id\u00e9al pour r\u00e9duire le stress ou soulager les inconforts physiques, et poss\u00e8de un potentiel m\u00e9dicinal pour des troubles comme l&rsquo;insomnie, comme discut\u00e9 dans <a href=\"https:\/\/freeseedsonline.com\/fr\/application-mdicale-et-recettes-articles-recettes-cannabis-mdical\">articles et recettes pour le cannabis m\u00e9dicinal<\/a>. La teneur en THC de 18 % garantit un high \u00e9quilibr\u00e9, pas trop \u00e9crasant, mais durable, ce qui le rend moins adapt\u00e9 aux novices.<\/p>\n<p>En termes de go\u00fbt et d&rsquo;ar\u00f4me, Big Bud XXL se distingue par son profil sucr\u00e9 et fruit\u00e9, avec des notes marqu\u00e9es d&rsquo;ananas et de mangue, combin\u00e9es \u00e0 une touche fra\u00eeche et \u00e9pic\u00e9e. L&rsquo;odeur est invitante et fruit\u00e9e, avec une subtile nuance de skunk qui compl\u00e8te l&rsquo;exp\u00e9rience. Cela en fait un favori parmi les amateurs de graines de cannabis fruit\u00e9es, et l&rsquo;ar\u00f4me peut \u00eatre intense pendant la floraison, donc envisagez un contr\u00f4le des odeurs dans votre espace de culture.<\/p>\n<h3>Comparaison avec des vari\u00e9t\u00e9s similaires<\/h3>\n<p>Compar\u00e9e \u00e0 d&rsquo;autres souches \u00e0 haut rendement comme les <a href=\"https:\/\/freeseedsonline.com\/fr\/produits\/5-pack-white-widow-graines-de-cannabis-rgulires\">5-Pack White Widow graines de cannabis r\u00e9guli\u00e8res<\/a>, la Big Bud XXL Autoflower offre un temps de floraison plus rapide et une floraison automatique, ce qui la rend id\u00e9ale pour les cultivateurs disposant de peu de temps. Contrairement \u00e0 la <a href=\"https:\/\/freeseedsonline.com\/fr\/produits\/graines-de-cannabis-cinderella-99\">Cinderella 99 graines de cannabis<\/a>, plus orient\u00e9e sativa avec un high \u00e9nergique, Big Bud XXL se concentre sur la d\u00e9tente, similaire \u00e0 l&rsquo;accent indica des <a href=\"https:\/\/freeseedsonline.com\/fr\/produits\/graines-de-cannabis-hindu-kush\">Hindu Kush graines de cannabis<\/a>. Pour ceux qui recherchent une orientation CBD, les <a href=\"https:\/\/freeseedsonline.com\/fr\/produits\/graines-de-cannabis-royal-highness-cbd\">Royal Highness CBD graines de cannabis<\/a> sont une bonne alternative, mais Big Bud XXL l&#8217;emporte avec son rendement \u00e9lev\u00e9 et sa facilit\u00e9 d&rsquo;utilisation.<\/p>\n<h3>Questions fr\u00e9quentes sur les graines de cannabis Big Bud XXL Autoflower<\/h3>\n<p><strong>Q : Quelle est la m\u00e9thode de culture id\u00e9ale pour Big Bud XXL Autoflower ?<\/strong><br \/><strong>R :<\/strong> La m\u00e9thode SCROG est recommand\u00e9e pour un rendement maximal, car elle assure une distribution uniforme de la lumi\u00e8re et des t\u00eates plus grosses, et ces graines conviennent \u00e9galement \u00e0 une configuration SOG pour les d\u00e9butants.<\/p>\n<p><strong>Q : Big Bud XXL Autoflower convient-elle \u00e0 des fins m\u00e9dicinales ?<\/strong><br \/><strong>R :<\/strong> Oui, avec ses effets relaxants, elle aide contre l&rsquo;insomnie et le stress gr\u00e2ce \u00e0 sa teneur en THC de 18 %, mais consultez toujours un professionnel pour un usage m\u00e9dical.<\/p>\n<p><strong>Q : Comment comparer le rendement avec d&rsquo;autres graines autoflorissantes ?<\/strong><br \/><strong>R :<\/strong> Big Bud XXL offre des rendements plus \u00e9lev\u00e9s que de nombreuses autoflorissantes standard, jusqu&rsquo;\u00e0 600 g\/m\u00b2 en int\u00e9rieur, ce qui en fait un excellent choix pour les cultivateurs privil\u00e9giant la quantit\u00e9.<\/p>\n<p><strong>Q : Puis-je cultiver Big Bud XXL Autoflower en ext\u00e9rieur ?<\/strong><br \/><strong>R :<\/strong> Absolument, elle est id\u00e9ale pour la culture en ext\u00e9rieur en \u00e9t\u00e9, avec une hauteur de 100-150 cm, mais assurez-vous d&rsquo;avoir un emplacement ensoleill\u00e9 et prot\u00e9gez contre les nuisibles comme d\u00e9crit dans les guides associ\u00e9s.<\/p>\n<h3>Pourquoi commander chez nous ?<\/h3>\n<p>Chez freeseedsonline.com, vous \u00eates assur\u00e9 de recevoir des graines de cannabis de haute qualit\u00e9 et fra\u00eeches comme Big Bud XXL Autoflower, avec un accent sur un service fiable et des conseils d&rsquo;experts. Nous proposons toujours l&rsquo;offre attractive \u00ab\u00a04 pour le prix de 3\u00a0\u00bb pour une valeur ajout\u00e9e, vous permettant de cultiver plus pour moins. Que vous souhaitiez acheter des graines de cannabis pour votre premi\u00e8re culture ou commander des graines de cannabis avec une livraison rapide, notre \u00e9quipe est pr\u00eate \u00e0 vous aider avec des transactions s\u00e9curis\u00e9es et une garantie de satisfaction.<\/p>\n","protected":false},"excerpt":{"rendered":"<p><strong><span style=\"color: #00a859;\">Genre :<\/span><\/strong> Autofloraison f\u00e9minis\u00e9e<\/p>\n<p><span style=\"color: #00a859;\"><strong>THC : <\/strong><\/span><strong><span class=\"feture-value\">18%<\/span><\/strong><\/p>\n<p><span style=\"color: #00a859;\"><strong>Type :<\/strong><\/span> <span class=\"feture-value\"><strong>Sativa<\/strong> 10% <strong>Indica<\/strong> 70% <strong>Ruderalis<\/strong> 20%<\/span><\/p>\n<p><span style=\"color: #00a859;\"><strong>Hauteur moyenne en int\u00e9rieur :<\/strong><\/span> 0.80 &#8211; 120 cm<\/p>\n<p><span style=\"color: #00a859;\"><strong>Hauteur moyenne en ext\u00e9rieur :<\/strong> <\/span> 1.00 &#8211; 140 cm<\/p>\n<p><span style=\"color: #00a859;\"><strong>Rendement moyen en int\u00e9rieur jusqu&rsquo;\u00e0 :<\/strong><\/span> 350 \u00e0 400 grammes\/m2<\/p>\n<p><strong><span style=\"color: #00a859;\">Rendement moyen en ext\u00e9rieur :<\/span><\/strong> 100 \u00e0 150 par plante<\/p>\n<p><span style=\"color: #00a859;\"><strong>P\u00e9riode de floraison en int\u00e9rieur :<\/strong><\/span> 7 \u00e0 8 semaines<\/p>\n<p><span style=\"color: #50b848;\"><strong>P\u00e9riode de floraison en ext\u00e9rieur :<\/strong><\/span> 7 \u00e0 8 semaines<\/p>\n<p>&nbsp;<\/p>\n","protected":false},"featured_media":193232,"comment_status":"closed","ping_status":"closed","template":"","meta":[],"product_brand":[],"product_cat":[668,661,699,645,656,664,648,653,650,623,697,631,634,620],"product_tag":[99,100,101],"class_list":{"0":"post-162850","1":"product","2":"type-product","3":"status-publish","4":"has-post-thumbnail","6":"product_cat-culture-scrog","7":"product_cat-graines-autoflorissantes","8":"product_cat-graines-de-cannabis-autofleurissantes-goldline-xxl","9":"product_cat-graines-de-cannabis-feminisees","10":"product_cat-graines-de-cannabis-indica","11":"product_cat-graines-de-cannabis-les-plus-vendues","12":"product_cat-graines-de-cannabis-pour-debutants","13":"product_cat-graines-de-cannabis-pour-exterieur","14":"product_cat-graines-de-cannabis-pour-interieur","15":"product_cat-graines-fso","16":"product_cat-ligne-dor","17":"product_cat-rendement-eleve","18":"product_cat-thc-eleve","19":"product_cat-toutes-les-varietes","20":"product_tag-big-bud-auto","21":"product_tag-big-bud-xxl","22":"product_tag-big-bud-xxl-autoflower","24":"first","25":"instock","26":"taxable","27":"shipping-taxable","28":"purchasable","29":"product-type-simple"},"_links":{"self":[{"href":"https:\/\/freeseedsonline.com\/fr\/wp-json\/wp\/v2\/product\/162850","targetHints":{"allow":["GET"]}}],"collection":[{"href":"https:\/\/freeseedsonline.com\/fr\/wp-json\/wp\/v2\/product"}],"about":[{"href":"https:\/\/freeseedsonline.com\/fr\/wp-json\/wp\/v2\/types\/product"}],"replies":[{"embeddable":true,"href":"https:\/\/freeseedsonline.com\/fr\/wp-json\/wp\/v2\/comments?post=162850"}],"wp:featuredmedia":[{"embeddable":true,"href":"https:\/\/freeseedsonline.com\/fr\/wp-json\/wp\/v2\/media\/193232"}],"wp:attachment":[{"href":"https:\/\/freeseedsonline.com\/fr\/wp-json\/wp\/v2\/media?parent=162850"}],"wp:term":[{"taxonomy":"product_brand","embeddable":true,"href":"https:\/\/freeseedsonline.com\/fr\/wp-json\/wp\/v2\/product_brand?post=162850"},{"taxonomy":"product_cat","embeddable":true,"href":"https:\/\/freeseedsonline.com\/fr\/wp-json\/wp\/v2\/product_cat?post=162850"},{"taxonomy":"product_tag","embeddable":true,"href":"https:\/\/freeseedsonline.com\/fr\/wp-json\/wp\/v2\/product_tag?post=162850"}],"curies":[{"name":"wp","href":"https:\/\/api.w.org\/{rel}","templated":true}]}}