{"id":162848,"date":"2026-02-13T17:53:46","date_gmt":"2026-02-13T17:53:46","guid":{"rendered":"https:\/\/freeseedsonline.com\/?p=162848"},"modified":"2026-02-13T17:53:46","modified_gmt":"2026-02-13T17:53:46","slug":"25-graines-de-bubble-kush-en-vrac-graines-de-cannabis","status":"publish","type":"product","link":"https:\/\/freeseedsonline.com\/fr\/produits\/25-graines-de-bubble-kush-en-vrac-graines-de-cannabis\/","title":{"rendered":"25 graines de Bubble Kush en vrac graines de cannabis"},"content":{"rendered":"<h2>Bubble Kush<\/h2>\n<p>Bubble Kush de Royal Queen Seeds est disponible en paquet en vrac de 25 graines. Ces graines sont id\u00e9ales pour les cultivateurs \u00e0 la recherche de la meilleure vari\u00e9t\u00e9 de Bubble Kush au meilleur prix. Bubble Kush est une vari\u00e9t\u00e9 de cannabis hybride fortement influenc\u00e9e par des g\u00e8nes indica. Bubble Kush poss\u00e8de une saveur et un ar\u00f4me uniques de bubblegum, ce qui rend cette vari\u00e9t\u00e9 de cannabis tr\u00e8s populaire parmi les amateurs de cannabis. Bubble Kush procure un effet apaisant et relaxant, en faisant une vari\u00e9t\u00e9 parfaite pour une utilisation en fin de journ\u00e9e ou en soir\u00e9e. Les graines en vrac de Bubble Kush sont disponibles pour 130 euros. Les graines Bubble Kush RQS sont \u00e9galement disponibles en paquets individuels de 3 ou 5 graines.<\/p>\n<h1>Graines en vrac de Bubble Kush<\/h1>\n<p>Graines Bubble Kush RQS, graines de cannabis Bubble Kush. Bubble Kush de Royal Queen Seeds est disponible en paquet en vrac de 25 graines. Ces graines sont id\u00e9ales pour les cultivateurs \u00e0 la recherche de la meilleure vari\u00e9t\u00e9 de Bubble Kush au meilleur prix. Bubble Kush est une vari\u00e9t\u00e9 de cannabis hybride fortement influenc\u00e9e par des g\u00e8nes indica. Bubble Kush poss\u00e8de une saveur et un ar\u00f4me uniques de bubblegum, ce qui rend cette vari\u00e9t\u00e9 de cannabis tr\u00e8s populaire parmi les amateurs de cannabis. <a href=\"https:\/\/freeseedsonline.com\/fr\/produits\/graines-de-cannabis-bubble-kush\">Bubble Kush<\/a> procure un effet apaisant et relaxant, en faisant une vari\u00e9t\u00e9 parfaite pour une utilisation en fin de journ\u00e9e ou en soir\u00e9e.<\/p>\n","protected":false},"excerpt":{"rendered":"<p><strong><span style=\"color: #00a859;\">Genre :<\/span><\/strong> F\u00e9minis\u00e9es<\/p>\n<p><span style=\"color: #00a859;\"><strong>THC :<\/strong><\/span> <strong>19%<\/strong><\/p>\n<p><span style=\"color: #50b848;\"><strong>CBD :<\/strong><\/span> Faible<\/p>\n<p><span style=\"color: #00a859;\"><strong>Type :<\/strong><\/span> 20% <strong>Sativa<\/strong> 80% <strong>Indica<\/strong><\/p>\n<p><span class=\"feture-value\"><span style=\"color: #00a859;\"><strong>Croisement : <\/strong><\/span>Bubble Gum x O.G. Kush<\/span><\/p>\n<p><span style=\"color: #00a859;\"><strong>Hauteur moyenne en int\u00e9rieur :<\/strong><\/span> <span class=\"feture-value\">80 &#8211; 140 cm<\/span><\/p>\n<p><span style=\"color: #00a859;\"><strong>Hauteur moyenne en ext\u00e9rieur : <\/strong><\/span><span class=\"feture-value\">160 &#8211; 200 cm<\/span><\/p>\n<p><span style=\"color: #00a859;\"><strong>Rendement moyen en int\u00e9rieur jusqu&rsquo;\u00e0 :<\/strong><\/span> <span class=\"feture-value\">550 &#8211; 600 gr\/m2<\/span><\/p>\n<p><strong><span style=\"color: #00a859;\">Rendement moyen en ext\u00e9rieur : <\/span><\/strong><span class=\"feture-value\">600-650 gr\/plante<\/span><\/p>\n<p><span style=\"color: #00a859;\"><strong>P\u00e9riode de floraison en int\u00e9rieur :<\/strong><\/span> 7 \u00e0 8 semaines<\/p>\n<p><span style=\"color: #50b848;\"><strong>P\u00e9riode de floraison en ext\u00e9rieur :<\/strong><\/span> <span class=\"feture-value\">septembre<\/span><\/p>\n<p><span style=\"color: #00a859;\"><span style=\"font-weight: bold; color: #00a859;\">Saveur : <\/span><\/span><span class=\"feture-value\">Terreux, Sucr\u00e9, Bois\u00e9<\/span><\/p>\n<p><span style=\"color: #50b848;\"><strong>Effet :<\/strong><\/span> <span class=\"feture-value\">Stone, physique et mental<\/span><\/p>\n<p>&nbsp;<\/p>\n<h3>Attention, ceci est un pack de 25 graines de cannabis (aucune graine gratuite n&rsquo;est incluse)<\/h3>\n","protected":false},"featured_media":193012,"comment_status":"closed","ping_status":"closed","template":"","meta":[],"product_brand":[],"product_cat":[702,668,645,671,664,648,653,650,642,631,692,634,620,637],"product_tag":[],"class_list":{"0":"post-162848","1":"product","2":"type-product","3":"status-publish","4":"has-post-thumbnail","6":"product_cat-acheter-des-graines-de-cannabis-en-vrac","7":"product_cat-culture-scrog","8":"product_cat-graines-de-cannabis-feminisees","9":"product_cat-graines-de-cannabis-kush","10":"product_cat-graines-de-cannabis-les-plus-vendues","11":"product_cat-graines-de-cannabis-pour-debutants","12":"product_cat-graines-de-cannabis-pour-exterieur","13":"product_cat-graines-de-cannabis-pour-interieur","14":"product_cat-recolte-rapide","15":"product_cat-rendement-eleve","16":"product_cat-royal-queen-seeds","17":"product_cat-thc-eleve","18":"product_cat-toutes-les-varietes","19":"product_cat-varietes-pour-debutants","21":"first","22":"instock","23":"taxable","24":"shipping-taxable","25":"purchasable","26":"product-type-simple"},"_links":{"self":[{"href":"https:\/\/freeseedsonline.com\/fr\/wp-json\/wp\/v2\/product\/162848","targetHints":{"allow":["GET"]}}],"collection":[{"href":"https:\/\/freeseedsonline.com\/fr\/wp-json\/wp\/v2\/product"}],"about":[{"href":"https:\/\/freeseedsonline.com\/fr\/wp-json\/wp\/v2\/types\/product"}],"replies":[{"embeddable":true,"href":"https:\/\/freeseedsonline.com\/fr\/wp-json\/wp\/v2\/comments?post=162848"}],"wp:featuredmedia":[{"embeddable":true,"href":"https:\/\/freeseedsonline.com\/fr\/wp-json\/wp\/v2\/media\/193012"}],"wp:attachment":[{"href":"https:\/\/freeseedsonline.com\/fr\/wp-json\/wp\/v2\/media?parent=162848"}],"wp:term":[{"taxonomy":"product_brand","embeddable":true,"href":"https:\/\/freeseedsonline.com\/fr\/wp-json\/wp\/v2\/product_brand?post=162848"},{"taxonomy":"product_cat","embeddable":true,"href":"https:\/\/freeseedsonline.com\/fr\/wp-json\/wp\/v2\/product_cat?post=162848"},{"taxonomy":"product_tag","embeddable":true,"href":"https:\/\/freeseedsonline.com\/fr\/wp-json\/wp\/v2\/product_tag?post=162848"}],"curies":[{"name":"wp","href":"https:\/\/api.w.org\/{rel}","templated":true}]}}