{"id":162846,"date":"2026-02-13T17:52:52","date_gmt":"2026-02-13T17:52:52","guid":{"rendered":"https:\/\/freeseedsonline.com\/?p=162846"},"modified":"2026-02-13T17:52:52","modified_gmt":"2026-02-13T17:52:52","slug":"25-graines-de-cannabis-autofloraison-gorilla-gold-en-vrac","status":"publish","type":"product","link":"https:\/\/freeseedsonline.com\/fr\/produits\/25-graines-de-cannabis-autofloraison-gorilla-gold-en-vrac\/","title":{"rendered":"25 Graines de Cannabis Autofloraison Gorilla Gold en Vrac"},"content":{"rendered":"<h2><span style=\"font-weight: 400;\">Gorilla Gold autofleurissante<\/span><\/h2>\n<p><span style=\"font-weight: 400;\">Cette graine autofleurissante vient tout droit de la jungle avec une exp\u00e9rience THC qui vous fera frissonner. En croisant deux poids lourds de la jungle du cannabis, \u00e0 savoir Gorilla Gold et Cookies Gold avec des g\u00e9n\u00e9tiques Ruderalis pour \u00eatre pr\u00e9cis, la Gorilla Gold autofleurissante est n\u00e9e. Il s&rsquo;agit d&rsquo;une nouvelle g\u00e9n\u00e9ration de graines hybrides autofleurissantes qui surpasse la concurrence sur presque tous les fronts. Si vous \u00eates sceptique quant aux r\u00e9sultats d&rsquo;une graine autofleurissante, c&rsquo;est que vous n&rsquo;avez pas encore rencontr\u00e9 la Gorilla Gold autofleurissante.<\/span><\/p>\n<p>&nbsp;<\/p>\n<h2><span style=\"font-weight: 400;\">Cultiver et r\u00e9colter<\/span><\/h2>\n<p><span style=\"font-weight: 400;\">Lorsque vous cultivez les graines de Gorilla Gold autofleurissante en int\u00e9rieur, vous pouvez vous attendre \u00e0 une hauteur comprise entre 60 et 120 centim\u00e8tres. Ce sont des plantes robustes qui produiront des t\u00eates de haute qualit\u00e9. Ces t\u00eates sont allong\u00e9es avec des branches lat\u00e9rales solides qui se d\u00e9veloppent dans des conditions optimales. Vous pouvez obtenir un rendement allant jusqu&rsquo;\u00e0 400 grammes par m\u00e8tre carr\u00e9. Heureusement, la Gorilla Gold autofleurissante est une plante facile \u00e0 entretenir qui ne demande pas beaucoup de temps, ce qui en fait \u00e9galement un candidat id\u00e9al pour la m\u00e9thode SOG (Sea Of Green). Vous pouvez passer de la germination \u00e0 la r\u00e9colte en seulement 8 \u00e0 10 semaines, et ainsi r\u00e9colter des t\u00eates riches en cristaux, denses, avec une odeur de Kush et de Diesel. Si vous cultivez la Gorilla Gold autofleurissante en ext\u00e9rieur, les plantes peuvent atteindre une hauteur de 140 centim\u00e8tres avec un rendement \u00e9lev\u00e9, entre 120 et 170 grammes par plante. Comme ces graines autofleurissantes ne d\u00e9pendent pas de la lumi\u00e8re du soleil, vous pouvez r\u00e9colter plusieurs fois par saison, du printemps \u00e0 l&rsquo;automne. Assurez-vous d&rsquo;utiliser des pots spacieux, de b\u00e9n\u00e9ficier d&rsquo;un bon ensoleillement, d&rsquo;un sol qui draine bien l&rsquo;eau et d&rsquo;un bon \u00e9quilibre en nutriments, et elles pousseront magnifiquement \u00e0 l&rsquo;ext\u00e9rieur.<\/span><\/p>\n<p>&nbsp;<\/p>\n<h2><span style=\"font-weight: 400;\">Effet<\/span><\/h2>\n<p><span style=\"font-weight: 400;\">La Gorilla Gold autofleurissante offre un effet psychoactif puissant avec des taux de THC pouvant atteindre 20 % et une valeur minimale de CBD. Le m\u00e9lange g\u00e9n\u00e9tique de Sativa, Indica et Ruderalis procure un effet physique et une exp\u00e9rience c\u00e9r\u00e9brale. Cette gorilla ressemble davantage \u00e0 King Kong, avec un d\u00e9part euphorique et un buzz c\u00e9r\u00e9bral qui \u00e9volue vers un effet \u00ab\u00a0couch lock\u00a0\u00bb dont vous profiterez intens\u00e9ment. Ce cannabis est riche en saveurs \u00e0 base de Diesel et peut facilement rivaliser avec des graines r\u00e9guli\u00e8res. Si vous voulez d\u00e9couvrir la puissance des graines autofleurissantes, optez sans h\u00e9siter pour la Gorilla Gold autofleurissante.<\/span><\/p>\n","protected":false},"excerpt":{"rendered":"<ul id=\"idTab2\" class=\"bullet product-features-list\">\n<li class=\"feature-wrapper\"><strong><span class=\"feature-name\">THC :<\/span><\/strong> <span class=\"feture-value\">20<\/span><\/li>\n<li class=\"feature-wrapper\"><strong><span class=\"feature-name\">Rendement Int\u00e9rieur :<\/span><\/strong> <span class=\"feture-value\">325 &#8211; 400 gr\/m2<\/span><\/li>\n<li class=\"feature-wrapper\"><strong><span class=\"feature-name\">Rendement Ext\u00e9rieur :<\/span><\/strong> <span class=\"feture-value\">120-170 grammes par plante s\u00e9ch\u00e9e<\/span><\/li>\n<li class=\"feature-wrapper\"><strong><span class=\"feature-name\">Hauteur Int\u00e9rieur :<\/span><\/strong> <span class=\"feture-value\">60-120cm<\/span><\/li>\n<li class=\"feature-wrapper\"><strong><span class=\"feature-name\">Hauteur Ext\u00e9rieur :<\/span><\/strong> <span class=\"feture-value\">60-140cm<\/span><\/li>\n<li class=\"feature-wrapper\"><strong><span class=\"feature-name\">Floraison :<\/span><\/strong> <span class=\"feture-value\">5-7 semaines<\/span><\/li>\n<li class=\"feature-wrapper\"><strong><span class=\"feature-name\">Mois de R\u00e9colte :<\/span><\/strong> <span class=\"feture-value\">11-12 semaines apr\u00e8s germination<\/span><\/li>\n<li class=\"feature-wrapper\"><strong><span class=\"feature-name\">Croisement :<\/span> <\/strong><span class=\"feture-value\">Gorilla gold x Cookies gold x Ruderalis<\/span><\/li>\n<li class=\"feature-wrapper\"><span class=\"feture-value\"><strong>Type :<\/strong> Sativa 30% Indica 50% Ruderalis 20%<\/span><\/li>\n<\/ul>\n<h3>Attention, ceci est un pack de 25 graines de cannabis (aucune graine gratuite n&rsquo;est incluse)<\/h3>\n","protected":false},"featured_media":193152,"comment_status":"closed","ping_status":"closed","template":"","meta":[],"product_brand":[],"product_cat":[702,695,645,648,697,681,631,634,620,637],"product_tag":[],"class_list":{"0":"post-162846","1":"product","2":"type-product","3":"status-publish","4":"has-post-thumbnail","6":"product_cat-acheter-des-graines-de-cannabis-en-vrac","7":"product_cat-graines-de-cannabis-americaines","8":"product_cat-graines-de-cannabis-feminisees","9":"product_cat-graines-de-cannabis-pour-debutants","10":"product_cat-ligne-dor","11":"product_cat-nouvelles-varietes-de-graines-de-cannabis","12":"product_cat-rendement-eleve","13":"product_cat-thc-eleve","14":"product_cat-toutes-les-varietes","15":"product_cat-varietes-pour-debutants","17":"first","18":"instock","19":"taxable","20":"shipping-taxable","21":"purchasable","22":"product-type-simple"},"_links":{"self":[{"href":"https:\/\/freeseedsonline.com\/fr\/wp-json\/wp\/v2\/product\/162846","targetHints":{"allow":["GET"]}}],"collection":[{"href":"https:\/\/freeseedsonline.com\/fr\/wp-json\/wp\/v2\/product"}],"about":[{"href":"https:\/\/freeseedsonline.com\/fr\/wp-json\/wp\/v2\/types\/product"}],"replies":[{"embeddable":true,"href":"https:\/\/freeseedsonline.com\/fr\/wp-json\/wp\/v2\/comments?post=162846"}],"wp:featuredmedia":[{"embeddable":true,"href":"https:\/\/freeseedsonline.com\/fr\/wp-json\/wp\/v2\/media\/193152"}],"wp:attachment":[{"href":"https:\/\/freeseedsonline.com\/fr\/wp-json\/wp\/v2\/media?parent=162846"}],"wp:term":[{"taxonomy":"product_brand","embeddable":true,"href":"https:\/\/freeseedsonline.com\/fr\/wp-json\/wp\/v2\/product_brand?post=162846"},{"taxonomy":"product_cat","embeddable":true,"href":"https:\/\/freeseedsonline.com\/fr\/wp-json\/wp\/v2\/product_cat?post=162846"},{"taxonomy":"product_tag","embeddable":true,"href":"https:\/\/freeseedsonline.com\/fr\/wp-json\/wp\/v2\/product_tag?post=162846"}],"curies":[{"name":"wp","href":"https:\/\/api.w.org\/{rel}","templated":true}]}}