{"id":162839,"date":"2026-02-13T17:47:51","date_gmt":"2026-02-13T17:47:51","guid":{"rendered":"https:\/\/freeseedsonline.com\/?p=162839"},"modified":"2026-02-13T17:47:51","modified_gmt":"2026-02-13T17:47:51","slug":"graines-de-cannabis-royal-medic-cbd","status":"publish","type":"product","link":"https:\/\/freeseedsonline.com\/fr\/produits\/graines-de-cannabis-royal-medic-cbd\/","title":{"rendered":"Graines de cannabis Royal Medic CBD"},"content":{"rendered":"<h2>Graines de cannabis Royal Medic CBD<\/h2>\n<p>Vous cherchez des <strong>graines de cannabis Royal Medic CBD<\/strong> de haute qualit\u00e9 qui offrent un \u00e9quilibre parfait entre d\u00e9tente et bienfaits m\u00e9dicinaux ? Ces graines f\u00e9minis\ufffd\ufffdes de Royal Queen Seeds sont un choix judicieux pour les cultivateurs d\u00e9butants souhaitant <em>acheter des graines de cannabis<\/em> avec une teneur \u00e9lev\u00e9e en CBD, tout en minimisant les effets psychoactifs. D\u00e9couvrez comment ce croisement entre Critical et Juanita la Lagrimosa offre non seulement un rendement riche, mais constitue \u00e9galement une option fiable pour <em>commander des graines de cannabis<\/em> ax\u00e9es sur la sant\u00e9 et le bien-\u00eatre.<\/p>\n<h3>Caract\u00e9ristiques et sp\u00e9cifications<\/h3>\n<p>Les graines de cannabis Royal Medic CBD sont r\u00e9put\u00e9es pour leur composition \u00e9quilibr\u00e9e, ce qui les rend id\u00e9ales pour un usage r\u00e9cr\u00e9atif comme m\u00e9dicinal. Voici un aper\u00e7u des principales caract\u00e9ristiques, bas\u00e9es sur la g\u00e9n\u00e9tique unique de cette vari\u00e9t\u00e9.<\/p>\n<ul>\n<li><strong>G\u00e9n\u00e9tique :<\/strong> Un croisement hybride entre la Critical \u00e0 haut rendement et la Juanita la Lagrimosa aux fortes propri\u00e9t\u00e9s m\u00e9dicinales, donnant une plante \u00e0 dominance Sativa avec une croissance stable et fiable.<\/li>\n<li><strong>Teneur en THC et CBD :<\/strong> Les niveaux de CBD sont presque \u00e9quivalents \u00e0 ceux de THC, ce qui procure un effet psychoactif l\u00e9ger et met l&rsquo;accent sur les bienfaits th\u00e9rapeutiques, id\u00e9al pour les utilisateurs recherchant des <em>graines de cannabis<\/em> \u00e0 forte teneur en CBD.<\/li>\n<li><strong>Taille :<\/strong> Les plantes atteignent une hauteur moyenne de 120 \u00e0 150 cm, ce qui les rend polyvalentes pour la culture en int\u00e9rieur comme en ext\u00e9rieur.<\/li>\n<li><strong>Temps de floraison :<\/strong> Une p\u00e9riode de floraison relativement courte d&rsquo;environ 9 semaines, ce qui les rend rapidement pr\u00eates \u00e0 \u00eatre r\u00e9colt\u00e9es et parfaites pour un emploi du temps charg\u00e9.<\/li>\n<li><strong>Rendement :<\/strong> Attendez-vous \u00e0 un rendement impressionnant de 475 \u00e0 525 grammes par plante, selon les conditions de culture, ce qui en fait l&rsquo;une des options les plus vendues.<\/li>\n<li><strong>Adaptabilit\u00e9 :<\/strong> Id\u00e9al pour les d\u00e9butants, les utilisateurs m\u00e9dicinaux et les cultivateurs travaillant en int\u00e9rieur comme en ext\u00e9rieur, avec une r\u00e9sistance accrue aux probl\u00e8mes courants.<\/li>\n<\/ul>\n<h3>Informations d\u00e9taill\u00e9es sur la culture<\/h3>\n<p>Lors de la culture des <strong>graines de cannabis Royal Medic CBD<\/strong>, il est crucial de commencer avec une base solide, comme une bonne germination des graines. Cette vari\u00e9t\u00e9 est relativement facile \u00e0 cultiver, avec un niveau de difficult\u00e9 adapt\u00e9 aux d\u00e9butants, gr\u00e2ce \u00e0 sa g\u00e9n\u00e9tique robuste qui r\u00e9siste bien aux moisissures et aux parasites. Pour des r\u00e9sultats optimaux, assurez-vous d&rsquo;avoir un environnement stable avec un \u00e9clairage et une ventilation ad\u00e9quats.<\/p>\n<p>Pour la <em>culture en int\u00e9rieur<\/em>, nous recommandons de commencer dans une tente de culture contr\u00f4l\u00e9e, o\u00f9 vous pouvez facilement g\u00e9rer la temp\u00e9rature et l&rsquo;humidit\u00e9. Utilisez par exemple un <a href=\"https:\/\/freeseedsonline.com\/fr\/cultiver-du-cannabis-en-intrieur\">guide pour la culture en int\u00e9rieur<\/a> pour maximiser la croissance. Ces graines prosp\u00e8rent avec un cycle lumineux de 18\/6 heures pendant la phase v\u00e9g\u00e9tative, et vous pouvez appliquer des techniques comme la m\u00e9thode SCROG pour de meilleurs rendements \u2013 apprenez-en plus via <a href=\"https:\/\/freeseedsonline.com\/fr\/cultiver-du-cannabis-avec-la-mthode-scrog\">notre guide SCROG<\/a>. Pour la culture en ext\u00e9rieur, plantez-les dans un endroit ensoleill\u00e9 avec un sol fertile, et envisagez la culture en gu\u00e9rilla pour une discr\u00e9tion accrue, comme expliqu\u00e9 dans <a href=\"https:\/\/freeseedsonline.com\/fr\/emplacements-populaires-pour-une-culture-de-gurilla\">nos conseils pour l&rsquo;ext\u00e9rieur<\/a>.<\/p>\n<p>Conseils sp\u00e9cifiques pour Royal Medic : Maintenez le pH du sol entre 6,0 et 7,0 pour une croissance saine des racines, et utilisez un bon kit de d\u00e9marrage comme le <a href=\"https:\/\/freeseedsonline.com\/fr\/produits\/kit-de-dmarrage-bac-petit\">kit de d\u00e9marrage BAC<\/a> pour commencer. La plante est tol\u00e9rante aux erreurs, mais entra\u00eenez-la avec des techniques comme le fimming pour contr\u00f4ler la hauteur et augmenter le rendement, comme expliqu\u00e9 dans <a href=\"https:\/\/freeseedsonline.com\/fr\/tailler-les-plantes-de-cannabis\">notre guide sur le fimming<\/a>. En culture ext\u00e9rieure, soyez vigilant face aux parasites ; un contr\u00f4le biologique est recommand\u00e9, comme d\u00e9taill\u00e9 dans <a href=\"https:\/\/freeseedsonline.com\/fr\/combattre-les-moisissures-et-les-nuisibles-de-manire-biologique\">cet article<\/a>. En g\u00e9n\u00e9ral, la phase de croissance dure 4 \u00e0 6 semaines, suivie de la floraison, avec un cycle de culture total de 10 \u00e0 12 semaines.<\/p>\n<h3>Effets, go\u00fbt et ar\u00f4me<\/h3>\n<p>Les effets des <strong>graines de cannabis Royal Medic CBD<\/strong> sont principalement ax\u00e9s sur la d\u00e9tente et le soulagement, avec un high c\u00e9r\u00e9bral clair qui n&rsquo;est pas envahissant. Gr\u00e2ce aux niveaux \u00e9quilibr\u00e9s de CBD et de THC, cette vari\u00e9t\u00e9 offre un effet psychoactif r\u00e9duit, ce qui est id\u00e9al pour des applications m\u00e9dicinales comme le soulagement de la douleur, des crampes et des troubles anxieux. Les utilisateurs ressentent une sensation apaisante qui d\u00e9tend le corps sans provoquer de somnolence, ce qui en fait un choix populaire pour un usage quotidien.<\/p>\n<p>En termes de go\u00fbt et d&rsquo;ar\u00f4me, Royal Medic se distingue par un profil fruit\u00e9 avec des notes de haze, combin\u00e9 \u00e0 une arri\u00e8re-saveur douce et semblable \u00e0 du haschisch. L&rsquo;ar\u00f4me est subtil et rafra\u00eechissant, avec des touches d&rsquo;agrumes et de terre, rendant l&rsquo;exp\u00e9rience de consommation compl\u00e8te et satisfaisante. Pour les utilisateurs m\u00e9dicinaux, cela est particuli\u00e8rement pr\u00e9cieux ; les composants CBD peuvent aider \u00e0 soulager des affections comme la douleur chronique ou le stress, comme expliqu\u00e9 plus en d\u00e9tail dans <a href=\"https:\/\/freeseedsonline.com\/fr\/cannabis-cbd-et-thc\">notre guide sur le CBD et le THC<\/a>. Si vous \u00eates int\u00e9ress\u00e9 par des recettes, vous pouvez int\u00e9grer ce cannabis dans des edibles, en vous inspirant de <a href=\"https:\/\/freeseedsonline.com\/fr\/cuisiner-de-manire-crative-avec-du-cannabis-recettes-varies-base-de-graines-de-cannabis\">nos recettes de cannabis<\/a>, pour une approche holistique du bien-\u00eatre.<\/p>\n<h3>Comparaison avec des vari\u00e9t\u00e9s similaires<\/h3>\n<p>Compar\u00e9es \u00e0 d&rsquo;autres vari\u00e9t\u00e9s \u00e0 forte teneur en CBD, comme les <a href=\"https:\/\/freeseedsonline.com\/fr\/produits\/graines-de-cannabis-royal-highness-cbd\">graines de cannabis Royal Highness CBD<\/a>, Royal Medic offre une p\u00e9riode de floraison plus rapide et un rendement plus \u00e9lev\u00e9, tout en conservant une orientation m\u00e9dicinale similaire. Contrairement \u00e0 la <a href=\"https:\/\/freeseedsonline.com\/fr\/produits\/graines-de-cannabis-chocolate-haze\">Chocolate Haze<\/a>, plus orient\u00e9e Sativa et procurant un high \u00e9nergique, Royal Medic est mieux adapt\u00e9e \u00e0 la d\u00e9tente et au soulagement de la douleur. Pour les d\u00e9butants \u00e0 la recherche de simplicit\u00e9, elle ressemble \u00e0 <a href=\"https:\/\/freeseedsonline.com\/fr\/produits\/skunk-1-sensi-seeds\/\">Skunk #1<\/a> en termes de facilit\u00e9 d&rsquo;utilisation, mais avec une emphasis sur le CBD, ce qui en fait une option unique et polyvalente dans notre collection.<\/p>\n<h3>Questions fr\u00e9quentes sur les graines de cannabis Royal Medic CBD<\/h3>\n<p><strong>Q : Quel est le ratio CBD\/THC de ces graines ?<\/strong><br \/>R : Le ratio CBD\/THC des graines de cannabis Royal Medic CBD est d&rsquo;environ 1:1, ce qui signifie que les deux cannabino\u00efdes sont pr\u00e9sents en proportions \u00e9gales, mod\u00e9rant les effets psychoactifs et les rendant id\u00e9ales pour des usages m\u00e9dicinaux comme le soulagement de la douleur. Cet \u00e9quilibre les rend \u00e9galement adapt\u00e9es aux d\u00e9butants qui souhaitent <em>commander des graines de cannabis<\/em> sans ressentir un high trop intense.<\/p>\n<p><strong>Q : Royal Medic CBD est-elle adapt\u00e9e aux d\u00e9butants ?<\/strong><br \/>R : Oui, ces graines sont tr\u00e8s adapt\u00e9es aux d\u00e9butants gr\u00e2ce \u00e0 leur g\u00e9n\u00e9tique robuste et leur tol\u00e9rance aux erreurs de culture, avec un cycle de croissance simple et facile \u00e0 g\u00e9rer. Pour une aide suppl\u00e9mentaire, consultez notre <a href=\"https:\/\/freeseedsonline.com\/fr\/cultiver-du-cannabis-pour-les-dbutants\">guide pour d\u00e9butants<\/a> afin de ma\u00eetriser les bases.<\/p>\n<p><strong>Q : Comment faire germer ces graines de cannabis ?<\/strong><br \/>R : Faites germer les graines de cannabis Royal Medic CBD en les pla\u00e7ant dans un milieu humide comme une serviette en papier ou directement dans la terre, \u00e0 une temp\u00e9rature de 20-25\u00b0C, et elles devraient germer en 2 \u00e0 5 jours. Pour des \u00e9tapes d\u00e9taill\u00e9es, consultez <a href=\"https:\/\/freeseedsonline.com\/fr\/germination-des-graines-de-cannabis\">notre guide de germination<\/a> pour \u00e9viter les probl\u00e8mes courants.<\/p>\n<p><strong>Q : Puis-je cultiver ces graines en int\u00e9rieur et en ext\u00e9rieur ?<\/strong><br \/>R : Absolument, les graines de cannabis Royal Medic CBD sont polyvalentes et performent bien en int\u00e9rieur comme en ext\u00e9rieur, \u00e0 condition de fournir les bonnes conditions telles qu&rsquo;un ensoleillement suffisant \u00e0 l&rsquo;ext\u00e9rieur ou un \u00e9clairage LED \u00e0 l&rsquo;int\u00e9rieur. Pour des conseils sur la culture en ext\u00e9rieur, y compris sur la l\u00e9galit\u00e9, lisez <a href=\"https:\/\/freeseedsonline.com\/fr\/quelles-sont-les-meilleures-plantes-de-cannabis-dextrieur-pour-les-dbutants-\">notre guide pour la culture en ext\u00e9rieur<\/a>.<\/p>\n<h3>Pourquoi commander chez nous ?<\/h3>\n<p>Chez freeseedsonline.com, nous proposons non seulement des <strong>graines de cannabis Royal Medic CBD<\/strong> de qualit\u00e9 sup\u00e9rieure, mais aussi un service fiable avec une livraison rapide et des conseils d&rsquo;experts pour tous vos besoins en <em>achat de graines de cannabis<\/em>. En bonus, profitez de notre offre exclusive : <em>4 pour le prix de 3<\/em>, ce qui vous permet d&rsquo;obtenir plus de valeur pour votre argent. Choisissez-nous et d\u00e9couvrez la qualit\u00e9 et la satisfaction d\u00e9j\u00e0 exp\u00e9riment\u00e9es par des milliers de clients.<\/p>\n","protected":false},"excerpt":{"rendered":"<p><strong><span style=\"color: #00a859;\">Sexe :<\/span><\/strong> F\u00e9minis\u00e9es<\/p>\n<p><span style=\"color: #00a859;\"><strong>THC :<\/strong><\/span> 1<strong>0%<\/strong><\/p>\n<p><span style=\"color: #50b848;\"><strong>CBD :<\/strong><\/span> \u00c9lev\u00e9<\/p>\n<p><span style=\"color: #00a859;\"><strong>Type :<\/strong><\/span> 75% <strong>Sativa<\/strong> 25% <strong>Indica<\/strong><\/p>\n<p><span style=\"color: #00a859;\"><strong>Croisement : <\/strong><\/span><span class=\"feture-value\">Critical x Juanita<\/span><\/p>\n<p><span style=\"color: #00a859;\"><strong>Hauteur moyenne en int\u00e9rieur : <\/strong><\/span><span class=\"feture-value\">80 &#8211; 120 cm<\/span><\/p>\n<p><span style=\"color: #00a859;\"><strong>Hauteur moyenne en ext\u00e9rieur :<\/strong><\/span><span class=\"feture-value\">120 &#8211; 150 cm<\/span><\/p>\n<p><span style=\"color: #00a859;\"><strong>Rendement moyen en int\u00e9rieur jusqu&rsquo;\u00e0 :<\/strong><\/span> <span class=\"feture-value\">425 &#8211; 475 gr\/m2<\/span><\/p>\n<p><strong><span style=\"color: #00a859;\">Rendement moyen en ext\u00e9rieur : <\/span><\/strong><span class=\"feture-value\">475-525 gr\/plante<\/span><\/p>\n<p><span style=\"color: #00a859;\"><strong>P\u00e9riode de floraison en int\u00e9rieur :<\/strong><\/span> <span class=\"feture-value\">9 semaines<\/span><\/p>\n<p><span style=\"color: #50b848;\"><strong>P\u00e9riode de floraison en ext\u00e9rieur :<\/strong><\/span> <span class=\"feture-value\">9 semaines<\/span><\/p>\n<p><span style=\"color: #00a859;\"><span style=\"font-weight: bold; color: #00a859;\">Saveur : <\/span><\/span>Fruit\u00e9e<\/p>\n<p><span style=\"color: #50b848;\"><strong>Effet :<\/strong><\/span> <span class=\"feture-value\">Une mont\u00e9e claire et c\u00e9r\u00e9brale<\/span><\/p>\n<p>&nbsp;<\/p>\n","protected":false},"featured_media":193087,"comment_status":"closed","ping_status":"closed","template":"","meta":[],"product_brand":[],"product_cat":[673,645,664,658,648,653,650,639,642,692,620],"product_tag":[],"class_list":{"0":"post-162839","1":"product","2":"type-product","3":"status-publish","4":"has-post-thumbnail","6":"product_cat-graines-de-cannabis-haute-teneur-en-cbd","7":"product_cat-graines-de-cannabis-feminisees","8":"product_cat-graines-de-cannabis-les-plus-vendues","9":"product_cat-graines-de-cannabis-medicinales","10":"product_cat-graines-de-cannabis-pour-debutants","11":"product_cat-graines-de-cannabis-pour-exterieur","12":"product_cat-graines-de-cannabis-pour-interieur","13":"product_cat-pure-sativa","14":"product_cat-recolte-rapide","15":"product_cat-royal-queen-seeds","16":"product_cat-toutes-les-varietes","18":"first","19":"instock","20":"taxable","21":"shipping-taxable","22":"purchasable","23":"product-type-simple"},"_links":{"self":[{"href":"https:\/\/freeseedsonline.com\/fr\/wp-json\/wp\/v2\/product\/162839","targetHints":{"allow":["GET"]}}],"collection":[{"href":"https:\/\/freeseedsonline.com\/fr\/wp-json\/wp\/v2\/product"}],"about":[{"href":"https:\/\/freeseedsonline.com\/fr\/wp-json\/wp\/v2\/types\/product"}],"replies":[{"embeddable":true,"href":"https:\/\/freeseedsonline.com\/fr\/wp-json\/wp\/v2\/comments?post=162839"}],"wp:featuredmedia":[{"embeddable":true,"href":"https:\/\/freeseedsonline.com\/fr\/wp-json\/wp\/v2\/media\/193087"}],"wp:attachment":[{"href":"https:\/\/freeseedsonline.com\/fr\/wp-json\/wp\/v2\/media?parent=162839"}],"wp:term":[{"taxonomy":"product_brand","embeddable":true,"href":"https:\/\/freeseedsonline.com\/fr\/wp-json\/wp\/v2\/product_brand?post=162839"},{"taxonomy":"product_cat","embeddable":true,"href":"https:\/\/freeseedsonline.com\/fr\/wp-json\/wp\/v2\/product_cat?post=162839"},{"taxonomy":"product_tag","embeddable":true,"href":"https:\/\/freeseedsonline.com\/fr\/wp-json\/wp\/v2\/product_tag?post=162839"}],"curies":[{"name":"wp","href":"https:\/\/api.w.org\/{rel}","templated":true}]}}