{"id":162837,"date":"2026-02-13T17:46:15","date_gmt":"2026-02-13T17:46:15","guid":{"rendered":"https:\/\/freeseedsonline.com\/?p=162837"},"modified":"2026-02-13T17:46:15","modified_gmt":"2026-02-13T17:46:15","slug":"graines-de-cannabis-fast-eddy-automatic-cbd","status":"publish","type":"product","link":"https:\/\/freeseedsonline.com\/fr\/produits\/graines-de-cannabis-fast-eddy-automatic-cbd\/","title":{"rendered":"Graines de cannabis Fast Eddy Automatic CBD"},"content":{"rendered":"<h2>Graines de cannabis Fast Eddy Automatic CBD<\/h2>\n<p>Vous cherchez \u00e0 <strong>acheter des graines de cannabis<\/strong> de haute qualit\u00e9, parfaites pour les d\u00e9butants et \u00e0 des fins m\u00e9dicinales ? Les graines de cannabis Fast Eddy Automatic CBD de Royal Queen Seeds sont un excellent choix, avec un taux de CBD impressionnant et un cycle de culture rapide et sans tracas. Cette variante autofloraison combine les meilleures caract\u00e9ristiques de Ruderalis, Cheese et Juanita la Lagrimosa, vous offrant un effet doux et fonctionnel ainsi qu\u2019une r\u00e9colte en seulement 8 \u00e0 9 semaines \u2013 id\u00e9al pour la culture en int\u00e9rieur comme en ext\u00e9rieur.<\/p>\n<h3>Caract\u00e9ristiques et sp\u00e9cifications<\/h3>\n<p>Les graines de cannabis Fast Eddy Automatic CBD sont reconnues pour leur g\u00e9n\u00e9tique fiable et leurs propri\u00e9t\u00e9s faciles \u00e0 g\u00e9rer, ce qui les rend populaires parmi les cultivateurs qui souhaitent <strong>commander des graines de cannabis<\/strong> \u00e0 des fins m\u00e9dicinales ou r\u00e9cr\u00e9atives. Examinons de plus pr\u00e8s les principales caract\u00e9ristiques et sp\u00e9cifications de cette vari\u00e9t\u00e9, qui en font une option polyvalente dans le monde des <strong>graines de cannabis<\/strong>.<\/p>\n<ul>\n<li><strong>G\u00e9n\u00e9tique<\/strong> : Un croisement entre Ruderalis, Cheese et Juanita la Lagrimosa, r\u00e9sultant en une plante autofloraison robuste avec un taux \u00e9lev\u00e9 de CBD et des caract\u00e9ristiques dominantes indica pour une exp\u00e9rience relaxante.<\/li>\n<li><strong>Niveaux de THC et CBD<\/strong> : Avec un taux de THC d\u2019environ 10-15 % et un taux de CBD pouvant atteindre 15-20 %, cette vari\u00e9t\u00e9 offre un effet \u00e9quilibr\u00e9 et non \u00e9crasant, parfait pour les utilisateurs m\u00e9dicinaux.<\/li>\n<li><strong>Taille<\/strong> : En int\u00e9rieur, la plante atteint une hauteur de 60 \u00e0 100 cm, tandis qu\u2019en ext\u00e9rieur, elle pousse jusqu\u2019\u00e0 80 \u00e0 120 cm, ce qui la rend adapt\u00e9e aux environnements de culture discrets.<\/li>\n<li><strong>Temps de floraison et de r\u00e9colte<\/strong> : En tant que vari\u00e9t\u00e9 autofloraison, le cycle complet, de la germination \u00e0 la r\u00e9colte, ne prend que 8 \u00e0 9 semaines, ce qui en fait l\u2019une des options les plus rapides pour les cultivateurs souhaitant des r\u00e9sultats rapides.<\/li>\n<li><strong>Rendement<\/strong> : En int\u00e9rieur, vous pouvez esp\u00e9rer jusqu\u2019\u00e0 450 grammes par m\u00e8tre carr\u00e9, et en ext\u00e9rieur, de 80 \u00e0 130 grammes par plante, selon les conditions de culture et les soins apport\u00e9s.<\/li>\n<li><strong>Difficult\u00e9<\/strong> : Adapt\u00e9e aux d\u00e9butants, avec un faible besoin d\u2019entretien et une grande tol\u00e9rance aux erreurs, ce qui en fait un choix id\u00e9al pour les premiers projets de culture.<\/li>\n<\/ul>\n<p>Ces sp\u00e9cifications font des graines de cannabis Fast Eddy Automatic CBD un choix fiable pour ceux qui souhaitent <strong>commander des graines de cannabis<\/strong> en mettant l\u2019accent sur la qualit\u00e9 et la facilit\u00e9. Pour plus de conseils sur le d\u00e9marrage de la culture, consultez notre article de blog sur <a href=\"https:\/\/freeseedsonline.com\/fr\/cultiver-du-cannabis-pour-les-dbutants\">la culture de cannabis pour d\u00e9butants<\/a>.<\/p>\n<h3>Informations d\u00e9taill\u00e9es sur la culture<\/h3>\n<p>Les graines de cannabis Fast Eddy Automatic CBD sont con\u00e7ues pour une culture facile, avec un accent sur la stabilit\u00e9 et des rendements \u00e9lev\u00e9s, ce qui les rend parfaites pour la culture en int\u00e9rieur comme en ext\u00e9rieur. En tant que vari\u00e9t\u00e9 autofloraison, vous n\u2019avez pas \u00e0 vous soucier des cycles de lumi\u00e8re, ce qui simplifie la culture pour les d\u00e9butants. La difficult\u00e9 est faible, avec une plante qui s\u2019adapte bien \u00e0 des conditions variables, mais pour des r\u00e9sultats optimaux, nous recommandons de commencer avec un sol de qualit\u00e9 et un environnement stable.<\/p>\n<p>Pour la culture en int\u00e9rieur, comme dans une tente de culture, cette vari\u00e9t\u00e9 prosp\u00e8re mieux \u00e0 des temp\u00e9ratures comprises entre 20 et 25 \u00b0C et une humidit\u00e9 relative de 40 \u00e0 60 %. Utilisez un pot bien drainant, comme d\u00e9crit dans notre article sur <a href=\"https:\/\/freeseedsonline.com\/fr\/pots-de-culture\">l\u2019achat de pots de culture<\/a>, et assurez une ventilation ad\u00e9quate pour \u00e9viter les moisissures \u2013 un probl\u00e8me courant que nous abordons dans <a href=\"https:\/\/freeseedsonline.com\/fr\/moisissures-sur-la-plante-de-cannabis-\">les moisissures sur les plantes de cannabis<\/a>. Pour la culture en ext\u00e9rieur, Fast Eddy Automatic CBD est id\u00e9ale dans des climats temp\u00e9r\u00e9s, o\u00f9 elle b\u00e9n\u00e9ficie d\u2019un plein soleil. Plantez-la dans un sol fertile, de pr\u00e9f\u00e9rence dans un endroit prot\u00e9g\u00e9, et envisagez des techniques de culture gu\u00e9rilla comme expliqu\u00e9 dans <a href=\"https:\/\/freeseedsonline.com\/fr\/emplacements-populaires-pour-une-culture-de-gurilla\">les emplacements populaires pour une culture gu\u00e9rilla<\/a>.<\/p>\n<p>Conseils sp\u00e9cifiques pour ce produit : Commencez par faire germer les graines selon la m\u00e9thode d\u00e9crite dans <a href=\"https:\/\/freeseedsonline.com\/fr\/germination-des-graines-de-cannabis\">la germination des graines de cannabis<\/a>, et utilisez des techniques d\u2019entra\u00eenement comme le fimming pour optimiser la croissance, comme discut\u00e9 dans <a href=\"https:\/\/freeseedsonline.com\/fr\/tailler-les-plantes-de-cannabis\">le fimming d\u2019une plante de cannabis<\/a>. La plante est facile \u00e0 entretenir, mais surveillez la lutte biologique contre les nuisibles, comme expliqu\u00e9 dans <a href=\"https:\/\/freeseedsonline.com\/fr\/combattre-les-moisissures-et-les-nuisibles-de-manire-biologique\">la lutte biologique contre les moisissures et les nuisibles<\/a>. Avec les bons soins, vous pouvez vous attendre \u00e0 une r\u00e9colte abondante, m\u00eame si vous \u00eates novice en culture.<\/p>\n<h3>Effets, go\u00fbt et ar\u00f4me<\/h3>\n<p>Les graines de cannabis Fast Eddy Automatic CBD offrent une exp\u00e9rience unique, avec des effets principalement ax\u00e9s sur la relaxation et la fonctionnalit\u00e9, gr\u00e2ce \u00e0 leur taux \u00e9lev\u00e9 de CBD. L\u2019effet est clair et doux, sans l\u2019euphorie \u00e9crasante des vari\u00e9t\u00e9s \u00e0 forte teneur en THC, ce qui la rend populaire pour un usage quotidien ou des applications m\u00e9dicinales comme le soulagement de la douleur et la r\u00e9duction du stress. Les utilisateurs rapportent un effet apaisant qui d\u00e9tend le corps sans provoquer de somnolence, id\u00e9al pour des activit\u00e9s comme le yoga ou le travail cr\u00e9atif.<\/p>\n<p>En termes de go\u00fbt et d\u2019ar\u00f4me, cette vari\u00e9t\u00e9 pr\u00e9sente un profil riche et terreux avec des notes de fromage issues de la g\u00e9n\u00e9tique Cheese, combin\u00e9es \u00e0 des tonalit\u00e9s sucr\u00e9es et \u00e9pic\u00e9es de Juanita la Lagrimosa. L\u2019ar\u00f4me est subtil et frais, avec une l\u00e9g\u00e8re nuance skunk qui se d\u00e9gage pendant la floraison. Pour les utilisateurs m\u00e9dicinaux, c\u2019est une excellente option ; le taux \u00e9lev\u00e9 de CBD aide \u00e0 traiter des troubles comme l\u2019anxi\u00e9t\u00e9 et les inflammations, comme expliqu\u00e9 plus en d\u00e9tail dans <a href=\"https:\/\/freeseedsonline.com\/fr\/cannabis-cbd-et-thc\">cannabis CBD et THC<\/a>. Que vous recherchiez une vari\u00e9t\u00e9 pour la d\u00e9tente ou des bienfaits th\u00e9rapeutiques, Fast Eddy Automatic CBD offre une exp\u00e9rience \u00e9quilibr\u00e9e et agr\u00e9able.<\/p>\n<h3>Comparaison avec des vari\u00e9t\u00e9s similaires<\/h3>\n<p>Bien que Fast Eddy Automatic CBD excelle en termes de rapidit\u00e9 et de valeur m\u00e9dicinale, il est utile de la comparer \u00e0 d\u2019autres vari\u00e9t\u00e9s populaires pour faire le bon choix lors de l\u2019<strong>achat de graines de cannabis<\/strong>. Par exemple, les <a href=\"https:\/\/freeseedsonline.com\/fr\/produits\/graines-de-cannabis-royal-highness-cbd\">graines de cannabis Royal Highness CBD<\/a> offrent un taux de CBD similairement \u00e9lev\u00e9, mais avec un temps de floraison plus long, ce qui rend Fast Eddy plus adapt\u00e9e aux cultivateurs press\u00e9s. Compar\u00e9e aux <a href=\"https:\/\/freeseedsonline.com\/fr\/produits\/graines-de-cannabis-somango-xl\">graines de cannabis Somango XL<\/a>, qui se concentrent davantage sur un go\u00fbt fruit\u00e9 et des niveaux de THC plus \u00e9lev\u00e9s, Fast Eddy est plus douce et meilleure pour les d\u00e9butants.<\/p>\n<p>Pour une option \u00e0 dominance sativa, vous pouvez envisager les <a href=\"https:\/\/freeseedsonline.com\/fr\/produits\/graines-de-cannabis-kali-dog\">graines de cannabis Kali Dog<\/a>, qui offrent un effet \u00e9nergisant, contrairement aux effets relaxants de Fast Eddy. En r\u00e9sum\u00e9, si votre priorit\u00e9 est une culture rapide et riche en CBD, Fast Eddy l\u2019emporte, mais pour une vari\u00e9t\u00e9 d\u2019effets, ces alternatives sont des options pr\u00e9cieuses dans notre assortiment.<\/p>\n<h3>Questions fr\u00e9quentes sur les graines de cannabis Fast Eddy Automatic CBD<\/h3>\n<p>Vous trouverez ci-dessous des r\u00e9ponses \u00e0 quelques questions fr\u00e9quemment pos\u00e9es sur cette vari\u00e9t\u00e9, bas\u00e9es sur les exp\u00e9riences des cultivateurs et notre expertise en <strong>graines de cannabis<\/strong>.<\/p>\n<p><strong>Q :<\/strong> Quel est l\u2019environnement de culture id\u00e9al pour les graines de cannabis Fast Eddy Automatic CBD ?<br \/>\n<strong>R :<\/strong> Ces graines se portent bien en int\u00e9rieur comme en ext\u00e9rieur, mais pour des r\u00e9sultats optimaux, choisissez une temp\u00e9rature de 20-25 \u00b0C et une bonne ventilation en int\u00e9rieur. En ext\u00e9rieur, elles prosp\u00e8rent dans des endroits ensoleill\u00e9s et prot\u00e9g\u00e9s, ce qui les rend id\u00e9ales pour les d\u00e9butants qui commencent \u00e0 <strong>commander des graines de cannabis<\/strong> pour leur premi\u00e8re culture.<\/p>\n<p><strong>Q :<\/strong> Quel est le taux de CBD par rapport \u00e0 d\u2019autres vari\u00e9t\u00e9s m\u00e9dicinales ?<br \/>\n<strong>R :<\/strong> Avec un taux de CBD de 15-20 %, Fast Eddy Automatic CBD est plus \u00e9lev\u00e9 que de nombreuses vari\u00e9t\u00e9s r\u00e9cr\u00e9atives, mais comparable \u00e0 des options sp\u00e9cialis\u00e9es comme Royal Highness. Cela la rend excellente pour le soulagement de la douleur, tandis que l\u2019effet doux favorise une utilisation quotidienne sans effets secondaires.<\/p>\n<p><strong>Q :<\/strong> Cette vari\u00e9t\u00e9 est-elle adapt\u00e9e aux d\u00e9butants en culture ?<br \/>\n<strong>R :<\/strong> Oui, gr\u00e2ce \u00e0 ses propri\u00e9t\u00e9s autofloraison et \u00e0 son faible besoin d\u2019entretien, Fast Eddy Automatic CBD est parfaite pour les novices. Elle tol\u00e8re bien les erreurs et offre des r\u00e9sultats rapides, comme discut\u00e9 dans notre article sur <a href=\"https:\/\/freeseedsonline.com\/fr\/choix-idal-pour-les-dbutants\">le choix id\u00e9al pour les d\u00e9butants<\/a>, mais assurez-vous de fournir des soins de base comme un arrosage appropri\u00e9.<\/p>\n<p><strong>Q :<\/strong> Quels sont les rendements possibles en culture ext\u00e9rieure ?<br \/>\n<strong>R :<\/strong> En culture ext\u00e9rieure, vous pouvez esp\u00e9rer jusqu\u2019\u00e0 130 grammes par plante, selon l\u2019exposition au soleil et la qualit\u00e9 du sol. C\u2019est plus \u00e9lev\u00e9 que de nombreuses autres autofloraisons, mais combinez cela avec les conseils de <a href=\"https:\/\/freeseedsonline.com\/fr\/quelles-sont-les-meilleures-plantes-de-cannabis-dextrieur-pour-les-dbutants-\">les meilleures plantes de cannabis d\u2019ext\u00e9rieur pour d\u00e9butants<\/a> pour un rendement maximal.<\/p>\n<h3>Pourquoi commander chez nous<\/h3>\n<p>Chez freeseedsonline.com, vous pouvez compter sur un service s\u00e9curis\u00e9 et discret lorsque vous souhaitez <strong>acheter des graines de cannabis<\/strong> ou <strong>commander des graines de cannabis<\/strong>. Nous proposons une large gamme de <strong>graines de cannabis<\/strong>, y compris des offres exclusives comme notre promotion populaire \u00ab 4 pour le prix de 3 \u00bb, vous offrant plus de valeur pour votre argent. Notre \u00e9quipe est pr\u00eate \u00e0 vous fournir des conseils d\u2019experts et une livraison rapide, afin que vous puissiez cultiver en toute confiance et profiter des graines de la meilleure qualit\u00e9. Choisissez-nous et d\u00e9couvrez pourquoi nous sommes la boutique en ligne pr\u00e9f\u00e9r\u00e9e des cultivateurs, avec des clients satisfaits et un engagement envers la qualit\u00e9 et l\u2019innovation.<\/p>\n","protected":false},"excerpt":{"rendered":"<p><strong><span style=\"color: #00a859;\">Genre :<\/span><\/strong> Autofloraison f\u00e9minis\u00e9e<\/p>\n<p><span style=\"color: #00a859;\"><strong>THC :<\/strong><\/span> 9<strong>%<\/strong><\/p>\n<p><span style=\"color: #50b848;\"><strong>CBD :<\/strong><\/span> \u00c9lev\u00e9<\/p>\n<p><span style=\"color: #00a859;\"><strong>Type :<\/strong><\/span><span style=\"font-size: 14.4px;\"> 50% <\/span><strong style=\"font-size: 14.4px;\">Sativa<\/strong><span style=\"font-size: 14.4px;\"> 40% <\/span><strong style=\"font-size: 14.4px;\">Indica <\/strong>10%<strong style=\"font-size: 14.4px;\"> Ruderalis<\/strong><\/p>\n<p><span style=\"color: #00a859;\"><strong>Croisement : <\/strong><\/span><span class=\"feture-value\">Cheese x Juanita la Lagrimosa x Ruderalis\u00a0<\/span><\/p>\n<p><span style=\"color: #00a859;\"><strong>Hauteur moyenne en int\u00e9rieur : <\/strong><\/span><span class=\"feture-value\">60 &#8211; 100 cm<\/span><\/p>\n<p><span style=\"color: #00a859;\"><strong>Hauteur moyenne en ext\u00e9rieur :<\/strong> <\/span><span class=\"feture-value\">80 &#8211; 120 cm<\/span><\/p>\n<p><span style=\"color: #00a859;\"><strong>Rendement moyen en int\u00e9rieur jusqu&rsquo;\u00e0 :<\/strong><\/span> <span class=\"feture-value\">400 &#8211; 450 gr\/m2<\/span><\/p>\n<p><strong><span style=\"color: #00a859;\">Rendement moyen en ext\u00e9rieur : <\/span><\/strong><span class=\"feture-value\">80 &#8211; 130 gr\/plante<\/span><\/p>\n<p><span style=\"color: #00a859;\"><strong>P\u00e9riode de floraison en int\u00e9rieur :<\/strong><\/span> 6 \u00e0 7 semaines<\/p>\n<p><span style=\"color: #50b848;\"><strong>P\u00e9riode de floraison en ext\u00e9rieur :<\/strong><\/span> 6 \u00e0 7 semaines<\/p>\n<p><span style=\"color: #00a859;\"><span style=\"font-weight: bold; color: #00a859;\">Saveur : <\/span><span style=\"color: #000000;\"><span class=\"feture-value\">Agrumes<\/span><\/span><\/span><\/p>\n<p><span style=\"color: #50b848;\"><strong>Effet :<\/strong><span style=\"color: #50b848;\"> <span style=\"color: #000000;\"><span class=\"feture-value\">Clair, Soulagement de la douleur<\/span><\/span><\/span><\/span><\/p>\n<p>&nbsp;<\/p>\n","protected":false},"featured_media":193077,"comment_status":"closed","ping_status":"closed","template":"","meta":[],"product_brand":[],"product_cat":[661,673,645,664,658,648,653,650,642,692,620],"product_tag":[],"class_list":{"0":"post-162837","1":"product","2":"type-product","3":"status-publish","4":"has-post-thumbnail","6":"product_cat-graines-autoflorissantes","7":"product_cat-graines-de-cannabis-haute-teneur-en-cbd","8":"product_cat-graines-de-cannabis-feminisees","9":"product_cat-graines-de-cannabis-les-plus-vendues","10":"product_cat-graines-de-cannabis-medicinales","11":"product_cat-graines-de-cannabis-pour-debutants","12":"product_cat-graines-de-cannabis-pour-exterieur","13":"product_cat-graines-de-cannabis-pour-interieur","14":"product_cat-recolte-rapide","15":"product_cat-royal-queen-seeds","16":"product_cat-toutes-les-varietes","18":"first","19":"instock","20":"taxable","21":"shipping-taxable","22":"purchasable","23":"product-type-simple"},"_links":{"self":[{"href":"https:\/\/freeseedsonline.com\/fr\/wp-json\/wp\/v2\/product\/162837","targetHints":{"allow":["GET"]}}],"collection":[{"href":"https:\/\/freeseedsonline.com\/fr\/wp-json\/wp\/v2\/product"}],"about":[{"href":"https:\/\/freeseedsonline.com\/fr\/wp-json\/wp\/v2\/types\/product"}],"replies":[{"embeddable":true,"href":"https:\/\/freeseedsonline.com\/fr\/wp-json\/wp\/v2\/comments?post=162837"}],"wp:featuredmedia":[{"embeddable":true,"href":"https:\/\/freeseedsonline.com\/fr\/wp-json\/wp\/v2\/media\/193077"}],"wp:attachment":[{"href":"https:\/\/freeseedsonline.com\/fr\/wp-json\/wp\/v2\/media?parent=162837"}],"wp:term":[{"taxonomy":"product_brand","embeddable":true,"href":"https:\/\/freeseedsonline.com\/fr\/wp-json\/wp\/v2\/product_brand?post=162837"},{"taxonomy":"product_cat","embeddable":true,"href":"https:\/\/freeseedsonline.com\/fr\/wp-json\/wp\/v2\/product_cat?post=162837"},{"taxonomy":"product_tag","embeddable":true,"href":"https:\/\/freeseedsonline.com\/fr\/wp-json\/wp\/v2\/product_tag?post=162837"}],"curies":[{"name":"wp","href":"https:\/\/api.w.org\/{rel}","templated":true}]}}