{"id":162828,"date":"2026-02-13T17:37:54","date_gmt":"2026-02-13T17:37:54","guid":{"rendered":"https:\/\/freeseedsonline.com\/?p=162828"},"modified":"2026-02-13T17:37:54","modified_gmt":"2026-02-13T17:37:54","slug":"graines-de-cannabis-royal-ak","status":"publish","type":"product","link":"https:\/\/freeseedsonline.com\/fr\/produits\/graines-de-cannabis-royal-ak\/","title":{"rendered":"Graines de cannabis Royal AK"},"content":{"rendered":"<h2>Graines de cannabis Royal AK<\/h2>\n<p>D\u00e9couvrez les embl\u00e9matiques graines de cannabis Royal AK, un choix privil\u00e9gi\u00e9 parmi les cultivateurs \u00e0 la recherche de graines de cannabis fiables et faciles \u00e0 cultiver. Cet hybride de haute qualit\u00e9, \u00e9galement connu sous le nom d\u2019AK 47, combine les meilleures caract\u00e9ristiques des souches classiques pour une exp\u00e9rience puissante qui s\u00e9duit aussi bien les d\u00e9butants que les utilisateurs exp\u00e9riment\u00e9s. Si vous cherchez \u00e0 <em>acheter des graines de cannabis<\/em> ou \u00e0 <em>commander des graines de cannabis<\/em> pour un \u00e9quilibre entre facilit\u00e9 et puissance, les graines de cannabis Royal AK de Royal Queen Seeds sont le choix id\u00e9al pour votre prochaine aventure de culture.<\/p>\n<h3>Caract\u00e9ristiques et sp\u00e9cifications<\/h3>\n<p>Les graines de cannabis Royal AK sont r\u00e9put\u00e9es pour leur g\u00e9n\u00e9tique robuste et leurs performances impressionnantes, ce qui les rend parfaites pour les environnements de culture en int\u00e9rieur comme en ext\u00e9rieur. Ces graines sont un hybride avec une composition g\u00e9n\u00e9tique de 40 % Indica et 60 % Sativa, d\u00e9riv\u00e9e d\u2019influences afghanes, tha\u00eflandaises, mexicaines et colombiennes, ce qui donne une plante offrant \u00e0 la fois des effets sativa \u00e9nergisants et des forces indica relaxantes.<\/p>\n<ul>\n<li><strong>G\u00e9n\u00e9tique :<\/strong> Hybride (40 % Indica, 60 % Sativa) avec des racines afghanes, tha\u00eflandaises, mexicaines et colombiennes, pour une croissance polyvalente et puissante.<\/li>\n<li><strong>Teneur en THC :<\/strong> 19 %, offrant un high puissant et durable, id\u00e9al pour les utilisateurs exp\u00e9riment\u00e9s.<\/li>\n<li><strong>Teneur en CBD :<\/strong> Peu prononc\u00e9e, mais l\u2019\u00e9quilibre le rend adapt\u00e9 \u00e0 des applications m\u00e9dicinales l\u00e9g\u00e8res.<\/li>\n<li><strong>Taille :<\/strong> Int\u00e9rieur : 80-140 cm ; Ext\u00e9rieur : 130-170 cm, ce qui en fait une option compacte pour les espaces r\u00e9duits.<\/li>\n<li><strong>P\u00e9riode de floraison :<\/strong> 8-9 semaines, avec une p\u00e9riode de r\u00e9colte en ext\u00e9rieur d\u00e9but octobre pour un rendement optimal.<\/li>\n<li><strong>Rendement :<\/strong> Int\u00e9rieur : 525-575 grammes par plante ; Ext\u00e9rieur : 600-650 grammes par plante, gr\u00e2ce \u00e0 une croissance robuste et des t\u00eates denses.<\/li>\n<li><strong>Difficult\u00e9 :<\/strong> Convient aux d\u00e9butants, avec une culture simple n\u00e9cessitant peu d\u2019entretien.<\/li>\n<\/ul>\n<h3>Informations d\u00e9taill\u00e9es sur la culture<\/h3>\n<p>Lors de la culture des graines de cannabis Royal AK, il est essentiel de commencer avec une base solide, comme expliqu\u00e9 dans notre guide sur <a href=\"https:\/\/freeseedsonline.com\/fr\/germination-des-graines-de-cannabis\">la germination des graines de cannabis<\/a>. Ces graines sont particuli\u00e8rement tol\u00e9rantes, ce qui les rend id\u00e9ales pour les d\u00e9butants qui <em>commandent des graines de cannabis<\/em> pour leur premier projet de culture. Commencez par la germination dans un environnement humide \u00e0 temp\u00e9rature ambiante, puis plantez-les dans un sol bien drain\u00e9, comme recommand\u00e9 dans <a href=\"https:\/\/freeseedsonline.com\/fr\/planter-des-graines-aprs-germination\">planter des graines apr\u00e8s germination<\/a>.<\/p>\n<p>Pour la culture en int\u00e9rieur, o\u00f9 Royal AK excelle, maintenez les plantes dans un environnement contr\u00f4l\u00e9 avec une temp\u00e9rature de 20-25\u00b0C et une humidit\u00e9 relative de 40-50 %. Utilisez des techniques comme la m\u00e9thode SCROG, expliqu\u00e9e dans <a href=\"https:\/\/freeseedsonline.com\/fr\/cultiver-du-cannabis-avec-la-mthode-scrog\">cultiver du cannabis avec la m\u00e9thode SCROG<\/a>, pour maximiser la croissance et tirer le meilleur parti de la hauteur compacte de 80-140 cm. Faites attention \u00e0 l\u2019ar\u00f4me puissant \u2013 un m\u00e9lange de diesel et de baies \u2013 et envisagez un filtre \u00e0 charbon pour \u00e9viter les probl\u00e8mes d\u2019odeur. La culture en ext\u00e9rieur est \u00e9galement possible dans un climat ensoleill\u00e9, avec une pr\u00e9f\u00e9rence pour les r\u00e9gions chaudes o\u00f9 les plantes peuvent atteindre 170 cm. R\u00e9coltez d\u00e9but octobre pour de meilleurs r\u00e9sultats et prot\u00e9gez contre les nuisibles avec des m\u00e9thodes biologiques d\u00e9crites dans <a href=\"https:\/\/freeseedsonline.com\/fr\/combattre-les-moisissures-et-les-nuisibles-de-manire-biologique\">lutter biologiquement contre les moisissures et les nuisibles<\/a>.<\/p>\n<p>La difficult\u00e9 est faible, avec des conseils comme un entra\u00eenement r\u00e9gulier par la technique du fimming, comme discut\u00e9 dans <a href=\"https:\/\/freeseedsonline.com\/fr\/tailler-les-plantes-de-cannabis\">fimming des plantes de cannabis<\/a>, pour favoriser une croissance uniforme. Pour les d\u00e9butants, nous recommandons de commencer avec une tente de culture, comme d\u00e9crit dans <a href=\"https:\/\/freeseedsonline.com\/fr\/tentes-de-culture\">tente de culture<\/a>, pour garder le contr\u00f4le de l\u2019environnement. En somme, Royal AK offre un rendement fiable avec des d\u00e9fis minimes, \u00e0 condition de surveiller les besoins de base comme la lumi\u00e8re, l\u2019eau et les nutriments.<\/p>\n<h3>Effets, go\u00fbt et ar\u00f4me<\/h3>\n<p>Les effets des graines de cannabis Royal AK offrent un \u00e9quilibre parfait entre un high sativa euphorique et une d\u00e9tente corporelle indica, r\u00e9sultant en une exp\u00e9rience durable qui peut durer plusieurs heures. Avec une teneur en THC de 19 %, cette vari\u00e9t\u00e9 procure un high puissant qui commence dans la t\u00eate et se propage au corps, id\u00e9al pour soulager le stress ou pour des sessions cr\u00e9atives. Pour un usage m\u00e9dicinal, elle peut aider \u00e0 g\u00e9rer la douleur ou l\u2019anxi\u00e9t\u00e9, comme discut\u00e9 dans <a href=\"https:\/\/freeseedsonline.com\/fr\/cannabis-cbd-et-thc\">cannabis CBD et THC<\/a>, bien que la teneur en CBD soit faible.<\/p>\n<p>En termes de go\u00fbt et d\u2019ar\u00f4me, Royal AK poss\u00e8de un profil unique qui combine des notes de diesel et de p\u00e9trole avec des touches sucr\u00e9es de baies, r\u00e9sultant en une odeur musqu\u00e9e et de pin qui peut \u00eatre envahissante. Le go\u00fbt est distinctement sucr\u00e9 avec des nuances terreuses, ce qui en fait un choix populaire parmi les amateurs de saveurs complexes. Cet ar\u00f4me peut \u00eatre intense pendant la culture, alors assurez-vous d\u2019avoir une bonne ventilation. Globalement, cette vari\u00e9t\u00e9 offre une exp\u00e9rience sensorielle \u00e0 la fois revigorante et apaisante, parfaite pour une d\u00e9tente en soir\u00e9e ou des occasions sociales.<\/p>\n<h3>Comparaison avec des vari\u00e9t\u00e9s similaires<\/h3>\n<p>Les graines de cannabis Royal AK se distinguent des vari\u00e9t\u00e9s similaires par leur \u00e9quilibre entre facilit\u00e9 et puissance, mais il est toujours utile de consid\u00e9rer des alternatives. Comparez-les \u00e0 <a href=\"https:\/\/freeseedsonline.com\/fr\/produits\/afghani-1-\">AFGHANI #1<\/a>, qui est plus orient\u00e9 indica et offre une relaxation plus profonde, id\u00e9al pour les fans d\u2019indica pure. Pour une variante autofloraison, jetez un \u0153il \u00e0 <a href=\"https:\/\/freeseedsonline.com\/fr\/produits\/sherbet-queen-gold-autofleurissante\">Sherbet Queen gold autoflower<\/a>, qui est pr\u00eate \u00e0 \u00eatre r\u00e9colt\u00e9e plus rapidement mais atteint une hauteur moindre. Si vous recherchez une influence sativa plus forte, <a href=\"https:\/\/freeseedsonline.com\/fr\/produits\/graines-de-cannabis-white-sharky\">White Sharky graines de cannabis<\/a> est une bonne option, bien qu\u2019elle ait un high plus intense que le Royal AK plus \u00e9quilibr\u00e9.<\/p>\n<p>Par rapport \u00e0 <a href=\"https:\/\/freeseedsonline.com\/fr\/produits\/5-pack-original-skunk-1-graines-de-cannabis-rgulires\">Original Skunk #1<\/a>, Royal AK offre un rendement plus \u00e9lev\u00e9 et une p\u00e9riode de floraison plus courte, tout en \u00e9tant moins intense en odeur que certaines variantes haze de <a href=\"https:\/\/freeseedsonline.com\/fr\/graines-de-cannabis-haze\">haze cannabis<\/a>. En bref, Royal AK est un choix polyvalent pour ceux qui veulent des <em>graines de cannabis<\/em> performantes et fiables sans trop de complexit\u00e9.<\/p>\n<h3>Questions fr\u00e9quentes sur les graines de cannabis Royal AK<\/h3>\n<p><strong>Q : Les graines de cannabis Royal AK conviennent-elles aux d\u00e9butants ?<\/strong><br \/>R : Oui, ces graines sont id\u00e9ales pour les d\u00e9butants gr\u00e2ce \u00e0 leur culture facile et leur croissance tol\u00e9rante, avec une p\u00e9riode de floraison de seulement 8-9 semaines. Suivez les conseils de <a href=\"https:\/\/freeseedsonline.com\/fr\/cultiver-du-cannabis-pour-les-dbutants\">cultiver du cannabis pour d\u00e9butants<\/a> pour en tirer le meilleur parti et \u00e9viter les erreurs courantes pour une premi\u00e8re r\u00e9colte r\u00e9ussie.<\/p>\n<p><strong>Q : Quelle est la meilleure fa\u00e7on de cultiver Royal AK en ext\u00e9rieur ?<\/strong><br \/>R : Pour la culture en ext\u00e9rieur, plantez Royal AK dans un sol ensoleill\u00e9 et bien drain\u00e9, et r\u00e9coltez d\u00e9but octobre pour un rendement maximal. Envisagez des techniques de culture gu\u00e9rilla d\u00e9crites dans <a href=\"https:\/\/freeseedsonline.com\/fr\/emplacements-populaires-pour-une-culture-de-gurilla\">lieux populaires pour une culture gu\u00e9rilla<\/a> pour rester discret, et prot\u00e9gez contre les nuisibles pour une croissance saine.<\/p>\n<p><strong>Q : Quelle est la puissance de l\u2019effet de Royal AK par rapport \u00e0 d\u2019autres vari\u00e9t\u00e9s ?<\/strong><br \/>R : Avec 19 % de THC, Royal AK offre un high puissant et durable qui agit \u00e0 la fois mentalement et physiquement, mais il est plus doux que les vari\u00e9t\u00e9s sativa pures. Il convient \u00e0 un usage m\u00e9dicinal, comme le soulagement de la douleur, et peut \u00eatre compar\u00e9 aux options indica dans <a href=\"https:\/\/freeseedsonline.com\/fr\/cannabis-indica\">cannabis indica<\/a> pour une relaxation plus profonde.<\/p>\n<p><strong>Q : Puis-je commander des graines de cannabis Royal AK en ligne et quels sont les avantages ?<\/strong><br \/>R : Oui, vous pouvez commander des graines de cannabis Royal AK en toute s\u00e9curit\u00e9 via notre site, avec une exp\u00e9dition discr\u00e8te. C\u2019est un choix populaire pour <em>acheter des graines de cannabis<\/em> en raison de leur haute qualit\u00e9 et de leur rendement, et elles s\u2019int\u00e8grent bien \u00e0 notre s\u00e9lection de <a href=\"https:\/\/freeseedsonline.com\/fr\/graines-de-cannabis-rgulires\">graines de cannabis r\u00e9guli\u00e8res<\/a> pour divers besoins de culture.<\/p>\n<h3>Pourquoi commander chez nous ?<\/h3>\n<p>Chez freeseedsonline.com, nous proposons non seulement des graines de cannabis Royal AK de qualit\u00e9 sup\u00e9rieure, mais aussi un service fiable avec une livraison rapide et des conseils d\u2019experts pour tous vos besoins en <em>graines de cannabis<\/em>. En bonus, profitez de notre offre exclusive : \u00ab\u00a04 pour le prix de 3\u00a0\u00bb, pour un meilleur rapport qualit\u00e9-prix. Choisissez-nous et d\u00e9couvrez la qualit\u00e9 et la satisfaction que des milliers de cultivateurs ont d\u00e9j\u00e0 exp\u00e9riment\u00e9es, avec des paiements s\u00e9curis\u00e9s et une passion pour des produits de cannabis d\u2019excellence.<\/p>\n","protected":false},"excerpt":{"rendered":"<p><strong><span style=\"color: #00a859;\">Sexe :<\/span><\/strong> F\u00e9minis\u00e9es<\/p>\n<p><span style=\"color: #00a859;\"><strong>THC :<\/strong><\/span> <strong><span class=\"feture-value\">19%<\/span><\/strong><\/p>\n<p><span style=\"color: #50b848;\"><strong>CBD :<\/strong><\/span> Faible<\/p>\n<p><span style=\"color: #00a859;\"><strong>Type :<\/strong><\/span> 60% <strong>Sativa<\/strong> 40% <strong>Indica<\/strong><\/p>\n<p><span style=\"color: #00a859;\"><strong>Croisement : <\/strong><\/span><span class=\"feture-value\">Columbian, Mexican, Thai &amp; Afghan<\/span><\/p>\n<p><span style=\"color: #00a859;\"><strong>Hauteur moyenne en int\u00e9rieur :<\/strong><\/span> <span class=\"feture-value\">80 &#8211; 140 cm<\/span><\/p>\n<p><span style=\"color: #00a859;\"><strong>Hauteur moyenne en ext\u00e9rieur :<\/strong><\/span><span class=\"feture-value\">130 &#8211; 170 cm<\/span><\/p>\n<p><span style=\"color: #00a859;\"><strong>Rendement moyen en int\u00e9rieur jusqu&rsquo;\u00e0 :<\/strong><\/span> <span class=\"feture-value\">525 &#8211; 575 gr\/m2<\/span><\/p>\n<p><strong><span style=\"color: #00a859;\">Rendement moyen en ext\u00e9rieur : <\/span><\/strong><span class=\"feture-value\">600-650 gr\/plant<\/span><\/p>\n<p><span style=\"color: #00a859;\"><strong>P\u00e9riode de floraison en int\u00e9rieur :<\/strong><\/span> <span class=\"feture-value\">8 &#8211; 9 semaines<\/span><\/p>\n<p><span style=\"color: #50b848;\"><strong>P\u00e9riode de floraison en ext\u00e9rieur :<\/strong><\/span> <span class=\"feture-value\">Septembre\/Octobre<\/span><\/p>\n<p><span style=\"color: #00a859;\"><span style=\"font-weight: bold; color: #00a859;\">Saveur : <\/span><\/span><span class=\"feture-value\">Woody, Spicy, Earthy<\/span><\/p>\n<p><span style=\"color: #50b848;\"><strong>Effet :<\/strong><\/span> <span class=\"feture-value\">Stoned + high<\/span><\/p>\n","protected":false},"featured_media":193032,"comment_status":"closed","ping_status":"closed","template":"","meta":[],"product_brand":[],"product_cat":[645,648,653,650,666,642,692,620,637],"product_tag":[],"class_list":{"0":"post-162828","1":"product","2":"type-product","3":"status-publish","4":"has-post-thumbnail","6":"product_cat-graines-de-cannabis-feminisees","7":"product_cat-graines-de-cannabis-pour-debutants","8":"product_cat-graines-de-cannabis-pour-exterieur","9":"product_cat-graines-de-cannabis-pour-interieur","10":"product_cat-petites-varietes","11":"product_cat-recolte-rapide","12":"product_cat-royal-queen-seeds","13":"product_cat-toutes-les-varietes","14":"product_cat-varietes-pour-debutants","16":"first","17":"instock","18":"taxable","19":"shipping-taxable","20":"purchasable","21":"product-type-simple"},"_links":{"self":[{"href":"https:\/\/freeseedsonline.com\/fr\/wp-json\/wp\/v2\/product\/162828","targetHints":{"allow":["GET"]}}],"collection":[{"href":"https:\/\/freeseedsonline.com\/fr\/wp-json\/wp\/v2\/product"}],"about":[{"href":"https:\/\/freeseedsonline.com\/fr\/wp-json\/wp\/v2\/types\/product"}],"replies":[{"embeddable":true,"href":"https:\/\/freeseedsonline.com\/fr\/wp-json\/wp\/v2\/comments?post=162828"}],"wp:featuredmedia":[{"embeddable":true,"href":"https:\/\/freeseedsonline.com\/fr\/wp-json\/wp\/v2\/media\/193032"}],"wp:attachment":[{"href":"https:\/\/freeseedsonline.com\/fr\/wp-json\/wp\/v2\/media?parent=162828"}],"wp:term":[{"taxonomy":"product_brand","embeddable":true,"href":"https:\/\/freeseedsonline.com\/fr\/wp-json\/wp\/v2\/product_brand?post=162828"},{"taxonomy":"product_cat","embeddable":true,"href":"https:\/\/freeseedsonline.com\/fr\/wp-json\/wp\/v2\/product_cat?post=162828"},{"taxonomy":"product_tag","embeddable":true,"href":"https:\/\/freeseedsonline.com\/fr\/wp-json\/wp\/v2\/product_tag?post=162828"}],"curies":[{"name":"wp","href":"https:\/\/api.w.org\/{rel}","templated":true}]}}