{"id":162811,"date":"2026-02-13T17:23:22","date_gmt":"2026-02-13T17:23:22","guid":{"rendered":"https:\/\/freeseedsonline.com\/?p=162811"},"modified":"2026-02-13T17:23:22","modified_gmt":"2026-02-13T17:23:22","slug":"graines-de-cannabis-northern-light","status":"publish","type":"product","link":"https:\/\/freeseedsonline.com\/fr\/produits\/graines-de-cannabis-northern-light\/","title":{"rendered":"Graines de cannabis Northern Light"},"content":{"rendered":"<h2>Graines de cannabis Northern Light<\/h2>\n<p>D\u00e9couvrez les l\u00e9gendaires graines de cannabis Northern Light, l&rsquo;une des vari\u00e9t\u00e9s de cannabis les plus embl\u00e9matiques qui conquiert le c\u0153ur des cultivateurs depuis des d\u00e9cennies. Si vous cherchez des options fiables pour <em>acheter des graines de cannabis<\/em> adapt\u00e9es aussi bien aux d\u00e9butants qu&rsquo;aux cultivateurs exp\u00e9riment\u00e9s, cette variante f\u00e9minis\u00e9e de Royal Queen Seeds offre une g\u00e9n\u00e9tique robuste avec des rendements impressionnants. En commandant des graines de cannabis Northern Light, vous pouvez compter sur une souche non seulement facile \u00e0 cultiver, mais qui garantit \u00e9galement des effets puissants et une riche histoire dans le monde du cannabis.<\/p>\n<h3>Caract\u00e9ristiques et sp\u00e9cifications<\/h3>\n<p>Les graines de cannabis Northern Light sont r\u00e9put\u00e9es pour leur g\u00e9n\u00e9tique hybride, principalement enracin\u00e9e dans des souches \u00e0 dominance Indica de la c\u00f4te ouest am\u00e9ricaine. Cette vari\u00e9t\u00e9 combine les propri\u00e9t\u00e9s relaxantes de l&rsquo;Indica avec de subtiles influences Sativa, ce qui donne une plante polyvalente qui excelle aussi bien en int\u00e9rieur qu&rsquo;en ext\u00e9rieur. Voici un aper\u00e7u des principales sp\u00e9cifications, bas\u00e9 sur de vastes exp\u00e9riences de culture.<\/p>\n<ul>\n<li><strong>G\u00e9n\u00e9tique :<\/strong> Souche hybride avec des influences Indica dominantes, d\u00e9riv\u00e9e de onze graines uniques des \u00c9tats-Unis, r\u00e9sultant en un m\u00e9lange stable d&rsquo;Indica et de l\u00e9gers traits Sativa pour une croissance \u00e9quilibr\u00e9e.<\/li>\n<li><strong>Teneur en THC :<\/strong> Environ 18-20 %, offrant des effets puissants et relaxants sans \u00eatre \u00e9crasants, id\u00e9al pour un usage r\u00e9cr\u00e9atif ou potentiellement m\u00e9dicinal.<\/li>\n<li><strong>Teneur en CBD :<\/strong> Faible, autour de 0,5-1 %, mais suffisante pour de l\u00e9gers bienfaits th\u00e9rapeutiques comme la r\u00e9duction du stress.<\/li>\n<li><strong>Taille :<\/strong> Int\u00e9rieur : jusqu&rsquo;\u00e0 120 cm ; Ext\u00e9rieur : peut d\u00e9passer 2 m\u00e8tres avec un espace et une nutrition optimaux.<\/li>\n<li><strong>Temps de floraison :<\/strong> 7-8 semaines, avec les meilleurs r\u00e9sultats apr\u00e8s 8 semaines pour une puissance maximale.<\/li>\n<li><strong>Rendement :<\/strong> Int\u00e9rieur : 50-60 grammes par plante ou jusqu&rsquo;\u00e0 600 grammes par m\u00b2 sous une lampe de 600W ; Ext\u00e9rieur : jusqu&rsquo;\u00e0 625 grammes par plante dans un climat chaud et ensoleill\u00e9.<\/li>\n<li><strong>Type de graines :<\/strong> Graines f\u00e9minis\u00e9es, ce qui signifie que vous obtiendrez presque toujours des plantes femelles, parfait pour les d\u00e9butants qui souhaitent cultiver des <em>graines de cannabis<\/em> sans complications.<\/li>\n<\/ul>\n<h3>Informations d\u00e9taill\u00e9es sur la culture<\/h3>\n<p>Les graines de cannabis Northern Light sont id\u00e9ales pour les cultivateurs de tous niveaux, avec un niveau de difficult\u00e9 relativement faible qui les rend parfaites pour les d\u00e9butants. Cette souche est robuste et r\u00e9sistante, ce qui signifie qu&rsquo;elle tol\u00e8re bien les d\u00e9fis typiques de la culture comme les fluctuations de temp\u00e9rature ou les erreurs de d\u00e9butants. Pour la culture en int\u00e9rieur, o\u00f9 la plante reste compacte, vous pouvez utiliser une tente de culture pour un contr\u00f4le optimal de la lumi\u00e8re et de l&rsquo;humidit\u00e9, tandis que la culture en ext\u00e9rieur b\u00e9n\u00e9ficie d&rsquo;un climat ensoleill\u00e9 et chaud o\u00f9 la plante peut atteindre une hauteur impressionnante.<\/p>\n<p>Lors de la culture des graines de cannabis Northern Light, nous recommandons de commencer par une bonne m\u00e9thode de germination, comme d\u00e9crit dans notre guide sur <a href=\"https:\/\/freeseedsonline.com\/fr\/germination-des-graines-de-cannabis\">germination des graines de cannabis<\/a>. Plantez les graines dans un sol nutritif, de pr\u00e9f\u00e9rence un m\u00e9lange de terre organique comme recommand\u00e9 dans <a href=\"https:\/\/freeseedsonline.com\/fr\/top-3-des-meilleurs-sols-pour-votre-plante-de-cannabis\">quel est le meilleur sol pour une plante de cannabis<\/a>. Pendant la phase de croissance, qui dure environ 4 \u00e0 6 semaines, vous pouvez appliquer des techniques comme le fimming pour une meilleure ramification \u2013 apprenez-en plus via <a href=\"https:\/\/freeseedsonline.com\/fr\/tailler-les-plantes-de-cannabis\">fimming des plantes de cannabis<\/a>. Pour l&rsquo;int\u00e9rieur, la m\u00e9thode SCROG est efficace pour maximiser le rendement ; consultez <a href=\"https:\/\/freeseedsonline.com\/fr\/cultiver-du-cannabis-avec-la-mthode-scrog\">cultiver du cannabis avec la m\u00e9thode SCROG<\/a> pour des conseils.<\/p>\n<p>Conseils pour r\u00e9ussir : Maintenez la temp\u00e9rature entre 20-25\u00b0C et assurez une humidit\u00e9 relative de 40-60 % pendant la floraison. En ext\u00e9rieur, Northern Light prosp\u00e8re dans un emplacement ensoleill\u00e9, mais prot\u00e9gez les plantes contre les moisissures avec des m\u00e9thodes biologiques d\u00e9crites dans <a href=\"https:\/\/freeseedsonline.com\/fr\/combattre-les-moisissures-et-les-nuisibles-de-manire-biologique\">lutter biologiquement contre les moisissures et les nuisibles<\/a>. Le niveau de difficult\u00e9 est faible, avec un score de 3 sur 10, ce qui en fait un excellent choix pour les d\u00e9butants, comme expliqu\u00e9 dans <a href=\"https:\/\/freeseedsonline.com\/fr\/cultiver-du-cannabis-pour-les-dbutants\">cultiver du cannabis pour d\u00e9butants<\/a>. N&rsquo;oubliez pas de fertiliser r\u00e9guli\u00e8rement les plantes pour une croissance optimale, et r\u00e9coltez uniquement lorsque les trichomes deviennent l\u00e9g\u00e8rement bruns pour un r\u00e9sultat optimal.<\/p>\n<h3>Effets, go\u00fbt et ar\u00f4me<\/h3>\n<p>Les effets des graines de cannabis Northern Light sont principalement relaxants et orient\u00e9s sur le corps, gr\u00e2ce \u00e0 la dominance Indica, ce qui entra\u00eene une profonde relaxation physique et un \u00e9tat d&rsquo;esprit apaisant. Les utilisateurs rapportent un fort effet de \u00ab\u00a0couch-lock\u00a0\u00bb, id\u00e9al pour une utilisation en soir\u00e9e ou pour soulager le stress, avec un high euphorique qui \u00e9volue vers une relaxation compl\u00e8te. Cela le rend \u00e9galement pertinent pour un usage m\u00e9dicinal, comme pour le soulagement de la douleur ou les troubles du sommeil, comme discut\u00e9 dans <a href=\"https:\/\/freeseedsonline.com\/fr\/cannabis-cbd-et-thc\">cannabis CBD et THC<\/a>.<\/p>\n<p>En termes de go\u00fbt et d&rsquo;ar\u00f4me, Northern Light offre une note sucr\u00e9e et terreuse avec des touches de pin et de fruit, ce qui donne une exp\u00e9rience de fumage douce et agr\u00e9able. L&rsquo;ar\u00f4me est subtil mais reconnaissable, avec une nuance fra\u00eeche et bois\u00e9e qui se d\u00e9gage pendant la floraison. Pour ceux qui s&rsquo;int\u00e9ressent aux applications culinaires, vous pouvez int\u00e9grer cette souche dans des recettes, comme celles trouv\u00e9es dans <a href=\"https:\/\/freeseedsonline.com\/fr\/cuisiner-de-manire-crative-avec-du-cannabis-recettes-varies-base-de-graines-de-cannabis\">cuisine cr\u00e9ative avec du cannabis<\/a>, pour une touche th\u00e9rapeutique l\u00e9g\u00e8re.<\/p>\n<h3>Comparaison avec des vari\u00e9t\u00e9s similaires<\/h3>\n<p>Compar\u00e9es \u00e0 d&rsquo;autres vari\u00e9t\u00e9s populaires, les graines de cannabis Northern Light se distinguent par leur \u00e9quilibre entre simplicit\u00e9 et puissance. Par exemple, la Runtz Auto, disponible sur <a href=\"https:\/\/freeseedsonline.com\/fr\/produits\/runtz-auto\">Runtz Auto<\/a>, a un go\u00fbt plus sucr\u00e9 et une floraison plus rapide, mais offre moins de relaxation typique de l&rsquo;Indica. Shiva SKUNK, que l&rsquo;on trouve sur <a href=\"https:\/\/freeseedsonline.com\/fr\/produits\/shiva-skunk\">Shiva SKUNK<\/a>, partage la base Indica mais propose un ar\u00f4me skunk plus fort et un rendement plus \u00e9lev\u00e9, id\u00e9al pour les cultivateurs avanc\u00e9s. Par rapport aux graines de cannabis O.G. Kush de <a href=\"https:\/\/freeseedsonline.com\/fr\/produits\/graines-de-cannabis-og-kush\">O.G. Kush graines de cannabis<\/a>, Northern Light est plus douce et meilleure pour les d\u00e9butants, tandis que les graines de cannabis Early Skunk sur <a href=\"https:\/\/freeseedsonline.com\/fr\/produits\/graines-de-cannabis-early-skunk\">Early Skunk graines de cannabis<\/a> sont plus orient\u00e9es vers la culture en ext\u00e9rieur. En somme, Northern Light excelle par sa polyvalence et sa facilit\u00e9 d&rsquo;utilisation.<\/p>\n<h3>Questions fr\u00e9quentes sur les graines de cannabis Northern Light<\/h3>\n<p><strong>Q :<\/strong> Quel est le temps de floraison des graines de cannabis Northern Light ?<br \/>\n<strong>R :<\/strong> Le temps de floraison des graines de cannabis Northern Light est g\u00e9n\u00e9ralement de 7 \u00e0 8 semaines, avec des r\u00e9sultats optimaux apr\u00e8s 8 semaines pour un d\u00e9veloppement maximal des trichomes et une efficacit\u00e9 accrue. Cela en fait une option rapide pour les cultivateurs souhaitant des r\u00e9sultats rapides, surtout dans un environnement int\u00e9rieur contr\u00f4l\u00e9.<\/p>\n<p><strong>Q :<\/strong> Northern Light convient-elle aux d\u00e9butants ?<br \/>\n<strong>R :<\/strong> Oui, Northern Light est parfaitement adapt\u00e9e aux d\u00e9butants en raison de son faible niveau de difficult\u00e9, de sa croissance robuste et de sa nature indulgente face aux erreurs. Elle n\u00e9cessite un minimum de formation et offre des rendements constants, comme d\u00e9taill\u00e9 dans nos guides pour d\u00e9butants.<\/p>\n<p><strong>Q :<\/strong> Quelle est la teneur en THC et comment se compare-t-elle \u00e0 d&rsquo;autres vari\u00e9t\u00e9s ?<br \/>\n<strong>R :<\/strong> La teneur en THC de Northern Light est d&rsquo;environ 18-20 %, offrant un high fort mais g\u00e9rable, id\u00e9al pour la relaxation. Compar\u00e9e \u00e0 des vari\u00e9t\u00e9s comme Runtz Auto, qui ont souvent un THC plus \u00e9lev\u00e9, Northern Light est plus douce et meilleure pour un usage quotidien, sans effets \u00e9crasants.<\/p>\n<p><strong>Q :<\/strong> Puis-je cultiver les graines de cannabis Northern Light en int\u00e9rieur et en ext\u00e9rieur ?<br \/>\n<strong>R :<\/strong> Absolument, les graines de cannabis Northern Light sont polyvalentes et performent bien en int\u00e9rieur comme en ext\u00e9rieur, avec des ajustements pour le climat et l&rsquo;espace. En ext\u00e9rieur, elles atteignent des hauteurs plus importantes dans des zones chaudes, tandis qu&rsquo;en int\u00e9rieur, elles restent compactes et productives avec un \u00e9clairage appropri\u00e9.<\/p>\n<h3>Pourquoi commander chez nous<\/h3>\n<p>Chez freeseedsonline.com, vous pouvez faire confiance \u00e0 une commande de <em>graines de cannabis<\/em> de haute qualit\u00e9 avec un accent sur la qualit\u00e9 et la satisfaction client. Nous proposons une large gamme, y compris les graines de cannabis Northern Light, avec des conseils d&rsquo;experts et une livraison rapide. De plus, profitez de notre offre exclusive : <strong>4 pour le prix de 3<\/strong>, ce qui vous permet d&rsquo;obtenir plus de valeur pour votre argent et d&rsquo;exp\u00e9rimenter diff\u00e9rentes vari\u00e9t\u00e9s comme nos offres en vrac populaires. Choisissez-nous et d\u00e9couvrez un partenaire fiable dans le monde des <em>graines de cannabis<\/em>, avec des clients satisfaits et des transactions s\u00e9curis\u00e9es.<\/p>\n","protected":false},"excerpt":{"rendered":"<ul id=\"idTab2\" class=\"bullet product-features-list\"><\/ul>\n<p><strong><span style=\"color: #00a859;\">Genre :<\/span><\/strong> F\u00e9minis\u00e9es<\/p>\n<p><span style=\"color: #00a859;\"><strong>THC :<\/strong><\/span> 18<strong>%<\/strong><\/p>\n<p><span style=\"color: #50b848;\"><strong>CBD :<\/strong><\/span> Moyen<\/p>\n<p><span style=\"color: #00a859;\"><strong>Type : <\/strong><\/span>100% <strong>Indica<\/strong><\/p>\n<p><span style=\"color: #00a859;\"><strong>Croisement : <\/strong><\/span><span class=\"feture-value\">Northern Light S1<\/span><\/p>\n<p><span style=\"color: #00a859;\"><strong>Hauteur moyenne en int\u00e9rieur :<\/strong><\/span> <span class=\"feture-value\">100 &#8211; 160 cm<\/span><\/p>\n<p><span style=\"color: #00a859;\"><strong>Hauteur moyenne en ext\u00e9rieur : <\/strong><\/span><span class=\"feture-value\">180 &#8211; 220 cm<\/span><\/p>\n<p><span style=\"color: #00a859;\"><strong>Rendement moyen en int\u00e9rieur jusqu&rsquo;\u00e0 :<\/strong><\/span> <span class=\"feture-value\">500 &#8211; 550 gr\/m2<\/span><\/p>\n<p><strong><span style=\"color: #00a859;\">Rendement moyen en ext\u00e9rieur : <\/span><\/strong><span style=\"color: #282828;\"><span class=\"feture-value\">575 &#8211; 625 gr\/plante<\/span><\/span><\/p>\n<p><span style=\"color: #00a859;\"><strong>P\u00e9riode de floraison en int\u00e9rieur :<\/strong><\/span> <span class=\"feture-value\">7 &#8211; 8 semaines<\/span><\/p>\n<p><span style=\"color: #50b848;\"><strong>P\u00e9riode de floraison en ext\u00e9rieur :<\/strong><\/span> <span class=\"feture-value\">7 &#8211; 8 semaines<\/span><\/p>\n<p><span style=\"color: #00a859;\"><span style=\"font-weight: bold; color: #00a859;\">Saveur : <\/span><\/span><span class=\"feture-value\">Sweet, Pungent, Pine<\/span><\/p>\n<p><span style=\"color: #50b848;\"><strong>Effet :<\/strong><\/span> <span class=\"feture-value\">Stoned + high<\/span><\/p>\n<p>&nbsp;<\/p>\n","protected":false},"featured_media":192922,"comment_status":"closed","ping_status":"closed","template":"","meta":[],"product_brand":[],"product_cat":[645,656,653,650,681,692,620,637],"product_tag":[],"class_list":{"0":"post-162811","1":"product","2":"type-product","3":"status-publish","4":"has-post-thumbnail","6":"product_cat-graines-de-cannabis-feminisees","7":"product_cat-graines-de-cannabis-indica","8":"product_cat-graines-de-cannabis-pour-exterieur","9":"product_cat-graines-de-cannabis-pour-interieur","10":"product_cat-nouvelles-varietes-de-graines-de-cannabis","11":"product_cat-royal-queen-seeds","12":"product_cat-toutes-les-varietes","13":"product_cat-varietes-pour-debutants","15":"first","16":"instock","17":"taxable","18":"shipping-taxable","19":"purchasable","20":"product-type-simple"},"_links":{"self":[{"href":"https:\/\/freeseedsonline.com\/fr\/wp-json\/wp\/v2\/product\/162811","targetHints":{"allow":["GET"]}}],"collection":[{"href":"https:\/\/freeseedsonline.com\/fr\/wp-json\/wp\/v2\/product"}],"about":[{"href":"https:\/\/freeseedsonline.com\/fr\/wp-json\/wp\/v2\/types\/product"}],"replies":[{"embeddable":true,"href":"https:\/\/freeseedsonline.com\/fr\/wp-json\/wp\/v2\/comments?post=162811"}],"wp:featuredmedia":[{"embeddable":true,"href":"https:\/\/freeseedsonline.com\/fr\/wp-json\/wp\/v2\/media\/192922"}],"wp:attachment":[{"href":"https:\/\/freeseedsonline.com\/fr\/wp-json\/wp\/v2\/media?parent=162811"}],"wp:term":[{"taxonomy":"product_brand","embeddable":true,"href":"https:\/\/freeseedsonline.com\/fr\/wp-json\/wp\/v2\/product_brand?post=162811"},{"taxonomy":"product_cat","embeddable":true,"href":"https:\/\/freeseedsonline.com\/fr\/wp-json\/wp\/v2\/product_cat?post=162811"},{"taxonomy":"product_tag","embeddable":true,"href":"https:\/\/freeseedsonline.com\/fr\/wp-json\/wp\/v2\/product_tag?post=162811"}],"curies":[{"name":"wp","href":"https:\/\/api.w.org\/{rel}","templated":true}]}}