{"id":162805,"date":"2026-02-13T17:18:08","date_gmt":"2026-02-13T17:18:08","guid":{"rendered":"https:\/\/freeseedsonline.com\/?p=162805"},"modified":"2026-02-13T17:18:08","modified_gmt":"2026-02-13T17:18:08","slug":"graines-de-cannabis-royal-white-widow","status":"publish","type":"product","link":"https:\/\/freeseedsonline.com\/fr\/produits\/graines-de-cannabis-royal-white-widow\/","title":{"rendered":"Graines de cannabis Royal White Widow"},"content":{"rendered":"<h2>Graines de cannabis Royal White Widow<\/h2>\n<p>D\u00e9couvrez les l\u00e9gendaires graines de cannabis Royal White Widow, un choix de pr\u00e9dilection pour les cultivateurs d\u00e9butants comme exp\u00e9riment\u00e9s \u00e0 la recherche de rendements impressionnants et d&rsquo;effets puissants. Ces graines de cannabis de haute qualit\u00e9, issues de Royal Queen Seeds, combinent les meilleures caract\u00e9ristiques d&rsquo;une Sativa br\u00e9silienne et d&rsquo;un hybride Indica, et sont parfaites pour ceux qui envisagent d\u2019<em>acheter des graines de cannabis<\/em> ou de <em>commander des graines de cannabis<\/em>. Avec leur croissance robuste et leur riche histoire, ces graines promettent une exp\u00e9rience de culture fiable et gratifiante, id\u00e9ale pour les jardins int\u00e9rieurs comme ext\u00e9rieurs.<\/p>\n<h3>Caract\u00e9ristiques et sp\u00e9cifications<\/h3>\n<p>Les graines de cannabis Royal White Widow sont r\u00e9put\u00e9es pour leur g\u00e9n\u00e9tique hybride, offrant un \u00e9quilibre entre les influences \u00e9nergiques de la Sativa et les traits relaxants de l&rsquo;Indica. Ces graines sont sp\u00e9cifiquement f\u00e9minis\u00e9es, ce qui signifie qu&rsquo;elles produisent exclusivement des plantes femelles, garantissant une production maximale de fleurs sans avoir \u00e0 \u00e9liminer les plantes m\u00e2les.<\/p>\n<ul>\n<li><strong>G\u00e9n\u00e9tique :<\/strong> Hybride (croisement d&rsquo;une Sativa br\u00e9silienne pure et d&rsquo;un hybride Indica d&rsquo;Inde), avec une structure dominante Sativa pour une croissance \u00e9nergique.<\/li>\n<li><strong>Teneur en THC :<\/strong> \u00c9lev\u00e9e, g\u00e9n\u00e9ralement autour de 18-20 %, contribuant \u00e0 des effets intenses \u2013 parfait pour les amateurs de cannabis puissant.<\/li>\n<li><strong>Teneur en CBD :<\/strong> Faible, environ 0,5-1 %, ce qui rend cette vari\u00e9t\u00e9 moins adapt\u00e9e \u00e0 des fins purement m\u00e9dicinales, mais id\u00e9ale pour un usage r\u00e9cr\u00e9atif.<\/li>\n<li><strong>Taille :<\/strong> Int\u00e9rieur : jusqu&rsquo;\u00e0 environ 1 m\u00e8tre ; ext\u00e9rieur : peut doubler jusqu&rsquo;\u00e0 2 m\u00e8tres, selon le climat.<\/li>\n<li><strong>Temps de floraison :<\/strong> Environ 9 semaines, ce qui en fait l&rsquo;une des options les plus rapides \u00e0 r\u00e9colter dans la cat\u00e9gorie des <em>graines de cannabis pour int\u00e9rieur<\/em> et des <em>graines de cannabis pour ext\u00e9rieur<\/em>.<\/li>\n<li><strong>Rendement :<\/strong> Int\u00e9rieur : 55-65 grammes par plante ou 450-500 grammes par m\u00e8tre carr\u00e9 avec une lampe de 600W ; ext\u00e9rieur : jusqu&rsquo;\u00e0 600 grammes par plante dans des conditions optimales.<\/li>\n<li><strong>Difficult\u00e9 :<\/strong> Adapt\u00e9e aux d\u00e9butants, n\u00e9cessitant peu d&rsquo;entretien, et excellente pour des techniques de culture comme le Sea of Green.<\/li>\n<\/ul>\n<p>Ces sp\u00e9cifications font des graines de cannabis Royal White Widow un choix polyvalent pour ceux qui recherchent des <em>graines de cannabis<\/em> promettant \u00e0 la fois des rendements \u00e9lev\u00e9s et une culture facile. Pour plus de conseils sur le d\u00e9marrage de votre aventure de culture, consultez notre guide sur <a href=\"https:\/\/freeseedsonline.com\/fr\/cultiver-du-cannabis-pour-les-dbutants\">cultiver du cannabis pour d\u00e9butants<\/a>.<\/p>\n<h3>Informations d\u00e9taill\u00e9es sur la culture<\/h3>\n<p>Lors de la culture des graines de cannabis Royal White Widow, il est crucial de commencer avec une base solide, comme le bon substrat et un environnement contr\u00f4l\u00e9, pour exploiter tout le potentiel de cet hybride. Ces graines sont particuli\u00e8rement polyvalentes et prosp\u00e8rent aussi bien en int\u00e9rieur qu&rsquo;en ext\u00e9rieur, mais elles performent au mieux dans des climats plus chauds o\u00f9 elles peuvent absorber davantage de soleil. Pour les d\u00e9butants, c&rsquo;est une vari\u00e9t\u00e9 de d\u00e9part id\u00e9ale gr\u00e2ce \u00e0 ses faibles exigences d&rsquo;entretien et \u00e0 sa r\u00e9silience face aux probl\u00e8mes courants comme les moisissures ou les parasites.<\/p>\n<p>Pour une culture en int\u00e9rieur, comme dans une tente de culture, gardez les plantes compactes en les entra\u00eenant avec des techniques comme le fimming ou le scrogging. Utilisez par exemple une lampe de 600W pour un rendement de 450-500 grammes par m\u00e8tre carr\u00e9 apr\u00e8s 9 semaines de floraison. Maintenez un pH de 6,0-6,5 dans le sol et ventilez r\u00e9guli\u00e8rement pour \u00e9viter les moisissures \u2013 plus d&rsquo;informations \u00e0 ce sujet dans notre article sur <a href=\"https:\/\/freeseedsonline.com\/fr\/moisissures-sur-la-plante-de-cannabis-\">les moisissures sur les plantes de cannabis<\/a>. En ext\u00e9rieur, ces plantes peuvent atteindre 2 m\u00e8tres et produire plus de 600 grammes, \u00e0 condition d&rsquo;\u00eatre plant\u00e9es dans un endroit ensoleill\u00e9 et abrit\u00e9. Pour les cultivateurs en mode gu\u00e9rilla, nous recommandons de choisir des emplacements cach\u00e9s, comme d\u00e9crit dans <a href=\"https:\/\/freeseedsonline.com\/fr\/emplacements-populaires-pour-une-culture-de-gurilla\">emplacements populaires pour une culture gu\u00e9rilla<\/a>, et de v\u00e9rifier la lutte contre les parasites avec des m\u00e9thodes biologiques via <a href=\"https:\/\/freeseedsonline.com\/fr\/combattre-les-moisissures-et-les-nuisibles-de-manire-biologique\">lutte biologique contre les moisissures et les parasites<\/a>.<\/p>\n<p>Germez les graines avec soin gr\u00e2ce \u00e0 nos conseils sur <a href=\"https:\/\/freeseedsonline.com\/fr\/germination-des-graines-de-cannabis\">la germination des graines de cannabis<\/a>, et plantez-les dans les bons pots pour une croissance optimale, comme expliqu\u00e9 sur <a href=\"https:\/\/freeseedsonline.com\/fr\/pots-de-culture\">acheter des pots de culture<\/a>. La difficult\u00e9 est faible, mais surveillez attentivement la p\u00e9riode de croissance pour obtenir les meilleurs r\u00e9sultats, en pr\u00eatant attention aux nutriments pendant la phase v\u00e9g\u00e9tative.<\/p>\n<h3>Effets, go\u00fbt et ar\u00f4me<\/h3>\n<p>Les graines de cannabis Royal White Widow offrent une exp\u00e9rience puissante et polyvalente, avec des effets qui combinent une relaxation profonde \u00e0 un high clair et euphorique. Les influences dominantes de l&rsquo;Indica procurent une sensation de d\u00e9fonce intense qui d\u00e9tend le corps et soulage le stress, tandis que les traits Sativa apportent un boost mental, id\u00e9al pour des sessions cr\u00e9atives ou une d\u00e9tente apr\u00e8s une longue journ\u00e9e. Pour un usage m\u00e9dicinal, cette vari\u00e9t\u00e9 peut aider \u00e0 soulager la douleur ou les troubles du sommeil gr\u00e2ce \u00e0 sa forte teneur en THC \u2013 plus d&rsquo;informations sur le CBD et le THC sur <a href=\"https:\/\/freeseedsonline.com\/fr\/cannabis-cbd-et-thc\">cannabis CBD et THC<\/a>.<\/p>\n<p>En termes de go\u00fbt et d&rsquo;ar\u00f4me, Royal White Widow propose un profil frais et piquant avec des notes d&rsquo;agrumes et de terre, suivi d&rsquo;un arri\u00e8re-go\u00fbt sucr\u00e9 et r\u00e9sineux typique des vari\u00e9t\u00e9s haze. L&rsquo;ar\u00f4me est prononc\u00e9, avec un m\u00e9lange de notes \u00e9pic\u00e9es et fruit\u00e9es qui emplissent l&rsquo;espace pendant la floraison. Ces caract\u00e9ristiques en font un favori parmi les connaisseurs, et pour des recettes, vous pouvez trouver de l&rsquo;inspiration via <a href=\"https:\/\/freeseedsonline.com\/fr\/cuisiner-de-manire-crative-avec-du-cannabis-recettes-varies-base-de-graines-de-cannabis\">cuisiner cr\u00e9ativement avec du cannabis<\/a>.<\/p>\n<h3>Comparaison avec des vari\u00e9t\u00e9s similaires<\/h3>\n<p>Compar\u00e9es \u00e0 d&rsquo;autres vari\u00e9t\u00e9s haze populaires, comme les <a href=\"https:\/\/freeseedsonline.com\/fr\/produits\/graines-de-cannabis-white-haze-autoflower\">graines de cannabis White Haze Autoflower<\/a>, Royal White Widow est l\u00e9g\u00e8rement plus rapide \u00e0 r\u00e9colter et plus robuste pour les d\u00e9butants, bien que les deux offrent un high \u00e9nergique similaire. Contrairement aux <a href=\"https:\/\/freeseedsonline.com\/fr\/produits\/graines-de-cannabis-purple-haze-25-pack\">graines de cannabis Purple Haze 25 Pack<\/a>, qui ont des saveurs plus fruit\u00e9es de baies, Royal White Widow se concentre sur une exp\u00e9rience terreuse et fra\u00eeche avec des rendements plus \u00e9lev\u00e9s. Pour les amateurs de vari\u00e9t\u00e9s \u00e0 dominance indica, les <a href=\"https:\/\/freeseedsonline.com\/fr\/produits\/graines-de-cannabis-critical-kush\">graines de cannabis Critical Kush<\/a> sont une bonne alternative, mais Royal White Widow l&#8217;emporte par sa polyvalence pour la culture en int\u00e9rieur comme en ext\u00e9rieur.<\/p>\n<h3>Questions fr\u00e9quentes sur les graines de cannabis Royal White Widow<\/h3>\n<p><strong>Q : Les graines de cannabis Royal White Widow conviennent-elles aux d\u00e9butants ?<\/strong><br \/>R : Oui, ces graines sont id\u00e9ales pour les d\u00e9butants en raison de leurs faibles besoins d&rsquo;entretien et de leur r\u00e9silience, avec un temps de floraison de seulement 9 semaines et des m\u00e9thodes de culture simples comme d\u00e9crit dans nos guides.<\/p>\n<p><strong>Q : Quel est le rendement moyen des graines de cannabis Royal White Widow ?<\/strong><br \/>R : En int\u00e9rieur, vous pouvez vous attendre \u00e0 450-500 grammes par m\u00e8tre carr\u00e9, tandis qu&rsquo;en ext\u00e9rieur, les rendements peuvent atteindre 600 grammes par plante dans des conditions optimales, selon le climat et les techniques de culture.<\/p>\n<p><strong>Q : Puis-je cultiver les graines de cannabis Royal White Widow en int\u00e9rieur et en ext\u00e9rieur ?<\/strong><br \/>R : Absolument, ces graines sont polyvalentes et performent bien dans les deux environnements, mais elles prosp\u00e8rent mieux dans des climats plus chauds pour la culture en ext\u00e9rieur, avec des conseils disponibles dans nos articles sur l&rsquo;ext\u00e9rieur.<\/p>\n<p><strong>Q : Qu&rsquo;est-ce qui rend les effets de Royal White Widow uniques ?<\/strong><br \/>R : Les effets offrent un \u00e9quilibre entre relaxation et euphorie, avec un go\u00fbt frais et un high puissant, ce qui en fait un choix polyvalent pour un usage r\u00e9cr\u00e9atif et potentiellement m\u00e9dicinal.<\/p>\n<h3>Pourquoi commander chez nous ?<\/h3>\n<p>Chez freeseedsonline.com, nous proposons non seulement des graines de cannabis Royal White Widow de la plus haute qualit\u00e9, mais aussi un service fiable avec une livraison rapide et des conseils d&rsquo;experts pour tous vos besoins de culture. Profitez de notre offre exclusive : <em>4 pour le prix de 3<\/em>, vous offrant plus de valeur pour votre argent lorsque vous <em>commandez des graines de cannabis<\/em>. Choisissez-nous et d\u00e9couvrez la fiabilit\u00e9 d&rsquo;une boutique en ligne n\u00e9erlandaise qui aide les cultivateurs depuis des ann\u00e9es avec des graines de cannabis authentiques.<\/p>\n","protected":false},"excerpt":{"rendered":"<ul id=\"idTab2\" class=\"bullet product-features-list\"><\/ul>\n<p><strong><span style=\"color: #00a859\">Genre :<\/span><\/strong> F\u00e9minis\u00e9es<\/p>\n<p><span style=\"color: #00a859\"><strong>THC :<\/strong><\/span> <strong>19%<\/strong><\/p>\n<p><span style=\"color: #50b848\"><strong>CBD :<\/strong><\/span> Moyen<\/p>\n<p><span style=\"color: #00a859\"><strong>Type :<\/strong><\/span> 50% <strong>Sativa<\/strong> 50% <strong>Indica<\/strong><\/p>\n<p><span style=\"color: #00a859\"><strong>Croisement : <\/strong><\/span><span class=\"feture-value\">White Widow S1<\/span><\/p>\n<p><span style=\"color: #00a859\"><strong>Hauteur moyenne en int\u00e9rieur :<\/strong><\/span> <span class=\"feture-value\">60 &#8211; 100 cm<\/span><\/p>\n<p><span style=\"color: #00a859\"><strong>Hauteur moyenne en ext\u00e9rieur : <\/strong><\/span><span class=\"feture-value\">150 &#8211; 190 cm<\/span><\/p>\n<p><span style=\"color: #00a859\"><strong>Rendement moyen en int\u00e9rieur jusqu&rsquo;\u00e0 :<\/strong><\/span> <span class=\"feture-value\">450 &#8211; 500 gr\/m2<\/span><\/p>\n<p><strong><span style=\"color: #00a859\">Rendement moyen en ext\u00e9rieur : <\/span><\/strong><span class=\"feture-value\">550 &#8211; 600 gr\/plante<\/span><\/p>\n<p><span style=\"color: #00a859\"><strong>P\u00e9riode de floraison en int\u00e9rieur :<\/strong><\/span> <span class=\"feture-value\">8 &#8211; 9 semaines<\/span><\/p>\n<p><span style=\"color: #50b848\"><strong>P\u00e9riode de floraison en ext\u00e9rieur :<\/strong><\/span> <span class=\"feture-value\">8 &#8211; 9 semaines<\/span><\/p>\n<p><span style=\"color: #00a859\"><span style=\"font-weight: bold;color: #00a859\">Saveur : <\/span><\/span><span class=\"feture-value\">Bois\u00e9, Piquant, Terreux<\/span><\/p>\n<p><span style=\"color: #50b848\"><strong>Effet :<\/strong><\/span> <span class=\"feture-value\">Extr\u00eamement stone<\/span><\/p>\n<p>&nbsp;<\/p>\n","protected":false},"featured_media":192872,"comment_status":"closed","ping_status":"closed","template":"","meta":[],"product_brand":[],"product_cat":[645,653,650,642,631,692,620,637],"product_tag":[],"class_list":{"0":"post-162805","1":"product","2":"type-product","3":"status-publish","4":"has-post-thumbnail","6":"product_cat-graines-de-cannabis-feminisees","7":"product_cat-graines-de-cannabis-pour-exterieur","8":"product_cat-graines-de-cannabis-pour-interieur","9":"product_cat-recolte-rapide","10":"product_cat-rendement-eleve","11":"product_cat-royal-queen-seeds","12":"product_cat-toutes-les-varietes","13":"product_cat-varietes-pour-debutants","15":"first","16":"instock","17":"taxable","18":"shipping-taxable","19":"purchasable","20":"product-type-simple"},"_links":{"self":[{"href":"https:\/\/freeseedsonline.com\/fr\/wp-json\/wp\/v2\/product\/162805","targetHints":{"allow":["GET"]}}],"collection":[{"href":"https:\/\/freeseedsonline.com\/fr\/wp-json\/wp\/v2\/product"}],"about":[{"href":"https:\/\/freeseedsonline.com\/fr\/wp-json\/wp\/v2\/types\/product"}],"replies":[{"embeddable":true,"href":"https:\/\/freeseedsonline.com\/fr\/wp-json\/wp\/v2\/comments?post=162805"}],"wp:featuredmedia":[{"embeddable":true,"href":"https:\/\/freeseedsonline.com\/fr\/wp-json\/wp\/v2\/media\/192872"}],"wp:attachment":[{"href":"https:\/\/freeseedsonline.com\/fr\/wp-json\/wp\/v2\/media?parent=162805"}],"wp:term":[{"taxonomy":"product_brand","embeddable":true,"href":"https:\/\/freeseedsonline.com\/fr\/wp-json\/wp\/v2\/product_brand?post=162805"},{"taxonomy":"product_cat","embeddable":true,"href":"https:\/\/freeseedsonline.com\/fr\/wp-json\/wp\/v2\/product_cat?post=162805"},{"taxonomy":"product_tag","embeddable":true,"href":"https:\/\/freeseedsonline.com\/fr\/wp-json\/wp\/v2\/product_tag?post=162805"}],"curies":[{"name":"wp","href":"https:\/\/api.w.org\/{rel}","templated":true}]}}