{"id":162804,"date":"2026-02-13T17:17:16","date_gmt":"2026-02-13T17:17:16","guid":{"rendered":"https:\/\/freeseedsonline.com\/?p=162804"},"modified":"2026-02-13T17:17:16","modified_gmt":"2026-02-13T17:17:16","slug":"graines-de-cannabis-ice","status":"publish","type":"product","link":"https:\/\/freeseedsonline.com\/fr\/produits\/graines-de-cannabis-ice\/","title":{"rendered":"Graines de cannabis ICE"},"content":{"rendered":"<h2>Graines de cannabis ICE<\/h2>\n<p>D\u00e9couvrez la puissance des <strong>graines de cannabis ICE<\/strong>, un choix de pr\u00e9dilection pour les amateurs \u00e0 la recherche de <em>graines de cannabis<\/em> de haute qualit\u00e9 avec des rendements impressionnants. Cette variante f\u00e9minis\u00e9e, issue de Royal Queen Seeds, combine les g\u00e8nes robustes des vari\u00e9t\u00e9s afghanes locales avec Northern Lights et Skunk, r\u00e9sultant en une plante \u00e0 dominance Indica qui excelle dans la production de r\u00e9sine et la formation de cristaux. Si vous envisagez d\u2019<strong>acheter des graines de cannabis<\/strong> ou de <strong>commander des graines de cannabis<\/strong>, les graines ICE offrent une option fiable pour les cultivateurs d\u00e9butants comme exp\u00e9riment\u00e9s, avec un \u00e9quilibre entre facilit\u00e9 de culture et effets puissants.<\/p>\n<h3>Caract\u00e9ristiques et sp\u00e9cifications<\/h3>\n<p>Les graines de cannabis ICE sont r\u00e9put\u00e9es pour leurs propri\u00e9t\u00e9s exceptionnelles, ce qui en fait un favori dans le monde des <em>graines de cannabis<\/em>. Cette vari\u00e9t\u00e9 \u00e0 dominance Indica offre une croissance compacte et une abondance de cristaux, donnant aux t\u00eates un aspect givr\u00e9. Voici un aper\u00e7u des principales caract\u00e9ristiques et sp\u00e9cifications :<\/p>\n<ul>\n<li><strong>G\u00e9n\u00e9tique<\/strong> : Un croisement de vari\u00e9t\u00e9s afghanes pures avec Northern Lights et Skunk, produisant un hybride stable \u00e0 dominance Indica.<\/li>\n<li><strong>Taux de THC<\/strong> : Moyennement \u00e9lev\u00e9, avec des valeurs pouvant atteindre 20 %, id\u00e9al pour une exp\u00e9rience intense.<\/li>\n<li><strong>Taux de CBD<\/strong> : Faible, mais suffisant pour des applications m\u00e9dicinales l\u00e9g\u00e8res, comme la relaxation et le soulagement de la douleur \u2013 plus d\u2019informations dans notre blog sur <a href=\"https:\/\/freeseedsonline.com\/fr\/cannabis-cbd-et-thc\">CBD et THC dans le cannabis<\/a>.<\/li>\n<li><strong>Taille<\/strong> : En int\u00e9rieur, la plante atteint environ 1 \u00e0 2 m\u00e8tres, tandis qu\u2019en ext\u00e9rieur, elle peut atteindre 2 m\u00e8tres, selon le climat.<\/li>\n<li><strong>P\u00e9riode de floraison<\/strong> : Environ 8 semaines en int\u00e9rieur, avec la possibilit\u00e9 de prolonger pour une production de r\u00e9sine accrue.<\/li>\n<li><strong>Rendement<\/strong> : En int\u00e9rieur, jusqu\u2019\u00e0 550-650 grammes par plante ou 400-450 grammes par m\u00b2 ; en ext\u00e9rieur, cela peut augmenter dans des r\u00e9gions plus chaudes comme l\u2019Espagne ou la Californie.<\/li>\n<li><strong>Type de graines<\/strong> : F\u00e9minis\u00e9es, garantissant des plantes femelles et un taux de r\u00e9ussite plus \u00e9lev\u00e9 lors de la culture.<\/li>\n<\/ul>\n<p>Ces sp\u00e9cifications font des graines de cannabis ICE un excellent choix pour les cultivateurs qui souhaitent <strong>commander des graines de cannabis<\/strong> pour des rendements \u00e9lev\u00e9s et une qualit\u00e9 sup\u00e9rieure.<\/p>\n<h3>Informations d\u00e9taill\u00e9es sur la culture<\/h3>\n<p>La culture des <strong>graines de cannabis ICE<\/strong> est relativement simple, avec un niveau de difficult\u00e9 adapt\u00e9 aux d\u00e9butants, bien que quelques connaissances des techniques de base puissent optimiser les r\u00e9sultats. Cette vari\u00e9t\u00e9 prosp\u00e8re aussi bien en int\u00e9rieur qu\u2019en ext\u00e9rieur, mais elle performe mieux dans un environnement contr\u00f4l\u00e9 pour \u00e9viter les moisissures et les nuisibles \u2013 consultez notre guide sur <a href=\"https:\/\/freeseedsonline.com\/fr\/moisissures-sur-la-plante-de-cannabis-\">les moisissures sur les plantes de cannabis<\/a> pour des conseils de pr\u00e9vention.<\/p>\n<p>La culture en int\u00e9rieur est id\u00e9ale avec une tente de culture ou une growbox, o\u00f9 la plante reste compacte et peut produire un rendement de 400-450 grammes par m\u00b2. Utilisez un sol bien drainant, comme recommand\u00e9 dans notre article sur <a href=\"https:\/\/freeseedsonline.com\/fr\/top-3-des-meilleurs-sols-pour-votre-plante-de-cannabis\">le meilleur sol pour les plantes de cannabis<\/a>, et maintenez la temp\u00e9rature entre 20 et 25\u00b0C pendant la phase de croissance. Pour une croissance optimale, vous pouvez appliquer des techniques comme le topping ou le FIM ; apprenez-en plus sur <a href=\"https:\/\/freeseedsonline.com\/fr\/tailler-les-plantes-de-cannabis\">le FIM des plantes de cannabis<\/a> pour \u00e9largir la plante et augmenter le rendement.<\/p>\n<p>La culture en ext\u00e9rieur n\u00e9cessite un climat chaud et ensoleill\u00e9 pour tirer le meilleur parti de la p\u00e9riode de floraison de 8 semaines, avec une r\u00e9colte en fin d\u2019\u00e9t\u00e9 ou d\u00e9but d\u2019automne. La plante est r\u00e9sistante aux vents l\u00e9gers et \u00e0 la pluie, mais prot\u00e9gez-la des nuisibles comme les limaces gr\u00e2ce \u00e0 des m\u00e9thodes biologiques, comme expliqu\u00e9 dans <a href=\"https:\/\/freeseedsonline.com\/fr\/combattre-les-moisissures-et-les-nuisibles-de-manire-biologique\">la lutte biologique contre les nuisibles<\/a>. Pour les d\u00e9butants, nous recommandons de commencer par la germination ; suivez notre guide \u00e9tape par \u00e9tape sur <a href=\"https:\/\/freeseedsonline.com\/fr\/germination-des-graines-de-cannabis\">la germination des graines de cannabis<\/a> pour atteindre un taux de r\u00e9ussite sup\u00e9rieur \u00e0 90 %. En g\u00e9n\u00e9ral, le niveau de difficult\u00e9 est moyen, mais avec les conseils de <a href=\"https:\/\/freeseedsonline.com\/fr\/cultiver-du-cannabis-pour-les-dbutants\">la culture de cannabis pour d\u00e9butants<\/a>, cela devient une exp\u00e9rience gratifiante.<\/p>\n<h3>Effets, go\u00fbt et ar\u00f4me<\/h3>\n<p>Les effets des <strong>graines de cannabis ICE<\/strong> sont principalement orient\u00e9s Indica, ce qui se traduit par un profond high corporel relaxant, parfait pour une utilisation en soir\u00e9e ou pour soulager le stress. Les fumeurs ressentent une forte sensation de d\u00e9fonce qui commence dans le corps et se propage lentement \u00e0 l\u2019esprit, id\u00e9al pour se d\u00e9tendre apr\u00e8s une longue journ\u00e9e ou pour des usages m\u00e9dicinaux comme le soulagement de la douleur \u2013 d\u00e9couvrez-en plus sur l\u2019Indica dans notre blog <a href=\"https:\/\/freeseedsonline.com\/fr\/cannabis-indica\">cannabis Indica<\/a>.<\/p>\n<p>En termes de go\u00fbt et d\u2019ar\u00f4me, ICE offre un m\u00e9lange complexe : une note fra\u00eeche et terreuse avec des touches de skunk et de pin, offrant une exp\u00e9rience rafra\u00eechissante et \u00e9pic\u00e9e \u00e0 l\u2019inhalation. Les t\u00eates riches en r\u00e9sine contribuent \u00e0 un arri\u00e8re-go\u00fbt intense et sucr\u00e9, tandis que l\u2019ar\u00f4me est subtil avec une l\u00e9g\u00e8re odeur de givre. Pour les utilisateurs m\u00e9dicinaux, cette vari\u00e9t\u00e9 est pr\u00e9cieuse pour son potentiel \u00e0 r\u00e9duire l\u2019anxi\u00e9t\u00e9 et \u00e0 d\u00e9tendre les muscles, surtout par rapport aux vari\u00e9t\u00e9s riches en CBD, comme discut\u00e9 dans <a href=\"https:\/\/freeseedsonline.com\/fr\/quelles-plantes-de-cannabis-contiennent-un-taux-lev-de-cbd-\">les graines de cannabis \u00e0 haute teneur en CBD<\/a>. En somme, l\u2019\u00e9quilibre entre effets, go\u00fbt et ar\u00f4me rend les graines de cannabis ICE uniques parmi les <em>graines de cannabis<\/em>.<\/p>\n<h3>Comparaison avec des vari\u00e9t\u00e9s similaires<\/h3>\n<p>Compar\u00e9es \u00e0 d\u2019autres vari\u00e9t\u00e9s \u00e0 dominance Indica, comme les <a href=\"https:\/\/freeseedsonline.com\/fr\/produits\/graines-de-cannabis-chem-dawg\">graines de cannabis Chem Dawg<\/a>, les graines ICE offrent une production de r\u00e9sine similaire mais avec une p\u00e9riode de floraison plus courte, ce qui les rend plus adapt\u00e9es aux cultivateurs press\u00e9s par le temps. Alors que les <a href=\"https:\/\/freeseedsonline.com\/fr\/produits\/graines-de-cannabis-special-queen-1\">graines de cannabis Special Queen 1<\/a> pr\u00e9sentent davantage d\u2019influences sativa pour un high \u00e9nergique, ICE d\u00e9livre une exp\u00e9rience purement relaxante avec des rendements plus \u00e9lev\u00e9s dans des climats chauds. Pour les d\u00e9butants qui cultivent en ext\u00e9rieur, ICE ressemble aux <a href=\"https:\/\/freeseedsonline.com\/fr\/produits\/5-pack-early-durban-graines-de-cannabis-rgulires\">graines de cannabis r\u00e9guli\u00e8res Early Durban<\/a> en termes de robustesse, mais elle les surpasse en formation de cristaux et en intensit\u00e9 de go\u00fbt. En bref, si vous envisagez d\u2019<strong>acheter des graines de cannabis<\/strong>, ICE est une option polyvalente qui excelle en \u00e9quilibre et en fiabilit\u00e9.<\/p>\n<h3>Questions fr\u00e9quentes sur les graines de cannabis ICE<\/h3>\n<ul>\n<li><strong>Q :<\/strong> Quelle est la dur\u00e9e de floraison des graines de cannabis ICE et comment cela influence-t-il la culture ?<br \/><strong>R :<\/strong> La p\u00e9riode de floraison des graines ICE dure environ 8 semaines, mais la prolonger jusqu\u2019\u00e0 10 semaines augmente la production de r\u00e9sine pour de meilleurs rendements. Cela les rend id\u00e9ales pour les cultivateurs en int\u00e9rieur comme en ext\u00e9rieur, surtout dans les r\u00e9gions plus chaudes, et aide les d\u00e9butants \u00e0 r\u00e9ussir leur premi\u00e8re culture.<\/li>\n<li><strong>Q :<\/strong> Les graines de cannabis ICE conviennent-elles aux d\u00e9butants ?<br \/><strong>R :<\/strong> Oui, les graines ICE sont relativement faciles \u00e0 cultiver gr\u00e2ce \u00e0 leur dominance Indica et leur croissance compacte, avec un niveau de difficult\u00e9 moyen. Suivez nos conseils dans <a href=\"https:\/\/freeseedsonline.com\/fr\/cultiver-du-cannabis-pour-les-dbutants\">la culture de cannabis pour d\u00e9butants<\/a> pour \u00e9viter les erreurs courantes et obtenir un rendement \u00e9lev\u00e9.<\/li>\n<li><strong>Q :<\/strong> Quels sont les effets principaux des graines de cannabis ICE ?<br \/><strong>R :<\/strong> Les effets sont principalement relaxants et stone, avec un accent sur le high corporel pour soulager le stress, ce qui les rend populaires pour une utilisation en soir\u00e9e. Elles conviennent \u00e9galement \u00e0 des usages m\u00e9dicinaux comme le soulagement de la douleur, contrairement aux vari\u00e9t\u00e9s plus riches en sativa qui sont plus \u00e9nergisantes.<\/li>\n<li><strong>Q :<\/strong> Comment comparer les graines de cannabis ICE \u00e0 d\u2019autres vari\u00e9t\u00e9s populaires ?<br \/><strong>R :<\/strong> Les graines ICE se distinguent par leur teneur \u00e9lev\u00e9e en r\u00e9sine et leur rendement, par rapport \u00e0 des vari\u00e9t\u00e9s comme les <a href=\"https:\/\/freeseedsonline.com\/fr\/produits\/pack-de-10-graines-de-cannabis-blueberry\">graines de cannabis Blueberry<\/a>, qui ont un go\u00fbt plus sucr\u00e9 mais produisent moins de cristaux. Cela fait d\u2019ICE un meilleur choix pour les amateurs de hasch ou les cultivateurs qui privil\u00e9gient la puissance.<\/li>\n<\/ul>\n<p>Pourquoi commander des <strong>graines de cannabis ICE<\/strong> chez nous ? Chez Freeseedsonline.com, nous proposons non seulement une large gamme d\u2019options pour <em>acheter des graines de cannabis<\/em>, mais aussi l\u2019assurance d\u2019une exp\u00e9dition discr\u00e8te et de conseils d\u2019experts. Avec notre offre exclusive \u00ab 4 pour le prix de 3 \u00bb, vous \u00e9conomisez imm\u00e9diatement sur votre achat tout en profitant de graines de haute qualit\u00e9 de marques fiables comme Royal Queen Seeds. Choisissez-nous et d\u00e9couvrez un partenaire de confiance dans le monde des <em>graines de cannabis<\/em>, avec des clients satisfaits et des processus de commande simplifi\u00e9s.<\/p>\n","protected":false},"excerpt":{"rendered":"<ul id=\"idTab2\" class=\"bullet product-features-list\"><\/ul>\n<p><strong><span style=\"color: #00a859\">Genre :<\/span><\/strong> F\u00e9minis\u00e9es<\/p>\n<p><span style=\"color: #00a859\"><strong>THC :<\/strong><\/span> <strong>18%<\/strong><\/p>\n<p><span style=\"color: #50b848\"><strong>CBD :<\/strong><\/span> Faible<\/p>\n<p><span style=\"color: #00a859\"><strong>Type :<\/strong><\/span> 10% <strong>Sativa<\/strong> 90% <strong>Indica<\/strong><\/p>\n<p><span style=\"color: #00a859\"><strong>Croisement : <\/strong><\/span><span class=\"feture-value\">Afghan x Northern Light x Skunk<\/span><\/p>\n<p><span style=\"color: #00a859\"><strong>Hauteur moyenne en int\u00e9rieur :<\/strong><\/span> <span class=\"feture-value\">80 &#8211; 120 cm<\/span><\/p>\n<p><span style=\"color: #00a859\"><strong>Hauteur moyenne en ext\u00e9rieur : <\/strong><\/span><span class=\"feture-value\">150 &#8211; 200 cm<\/span><\/p>\n<p><span style=\"color: #00a859\"><strong>Rendement moyen en int\u00e9rieur jusqu&rsquo;\u00e0 :<\/strong><\/span> <span class=\"feture-value\">400 &#8211; 450 gr\/m2<\/span><\/p>\n<p><strong><span style=\"color: #00a859\">Rendement moyen en ext\u00e9rieur : <\/span><\/strong><span class=\"feture-value\">500 &#8211; 550 gr\/plante<\/span><\/p>\n<p><span style=\"color: #00a859\"><strong>P\u00e9riode de floraison en int\u00e9rieur :<\/strong><\/span> <span class=\"feture-value\">8 &#8211; 10 semaines<\/span><\/p>\n<p><span style=\"color: #50b848\"><strong>P\u00e9riode de floraison en ext\u00e9rieur :<\/strong><\/span> <span class=\"feture-value\">8 &#8211; 10 semaines<\/span><\/p>\n<p><span style=\"color: #00a859\"><span style=\"font-weight: bold;color: #00a859\">Saveur : <\/span><\/span><span class=\"feture-value\">\u00c9pic\u00e9, Herbeux, Menthe<\/span><\/p>\n<p><span style=\"color: #50b848\"><strong>Effet :<\/strong><\/span> <span class=\"feture-value\">Stone corporel<\/span><\/p>\n<p>&nbsp;<\/p>\n","protected":false},"featured_media":192867,"comment_status":"closed","ping_status":"closed","template":"","meta":[],"product_brand":[],"product_cat":[631,645,656,664,653,650,681,692,620,637],"product_tag":[],"class_list":{"0":"post-162804","1":"product","2":"type-product","3":"status-publish","4":"has-post-thumbnail","6":"product_cat-rendement-eleve","7":"product_cat-graines-de-cannabis-feminisees","8":"product_cat-graines-de-cannabis-indica","9":"product_cat-graines-de-cannabis-les-plus-vendues","10":"product_cat-graines-de-cannabis-pour-exterieur","11":"product_cat-graines-de-cannabis-pour-interieur","12":"product_cat-nouvelles-varietes-de-graines-de-cannabis","13":"product_cat-royal-queen-seeds","14":"product_cat-toutes-les-varietes","15":"product_cat-varietes-pour-debutants","17":"first","18":"instock","19":"taxable","20":"shipping-taxable","21":"purchasable","22":"product-type-simple"},"_links":{"self":[{"href":"https:\/\/freeseedsonline.com\/fr\/wp-json\/wp\/v2\/product\/162804","targetHints":{"allow":["GET"]}}],"collection":[{"href":"https:\/\/freeseedsonline.com\/fr\/wp-json\/wp\/v2\/product"}],"about":[{"href":"https:\/\/freeseedsonline.com\/fr\/wp-json\/wp\/v2\/types\/product"}],"replies":[{"embeddable":true,"href":"https:\/\/freeseedsonline.com\/fr\/wp-json\/wp\/v2\/comments?post=162804"}],"wp:featuredmedia":[{"embeddable":true,"href":"https:\/\/freeseedsonline.com\/fr\/wp-json\/wp\/v2\/media\/192867"}],"wp:attachment":[{"href":"https:\/\/freeseedsonline.com\/fr\/wp-json\/wp\/v2\/media?parent=162804"}],"wp:term":[{"taxonomy":"product_brand","embeddable":true,"href":"https:\/\/freeseedsonline.com\/fr\/wp-json\/wp\/v2\/product_brand?post=162804"},{"taxonomy":"product_cat","embeddable":true,"href":"https:\/\/freeseedsonline.com\/fr\/wp-json\/wp\/v2\/product_cat?post=162804"},{"taxonomy":"product_tag","embeddable":true,"href":"https:\/\/freeseedsonline.com\/fr\/wp-json\/wp\/v2\/product_tag?post=162804"}],"curies":[{"name":"wp","href":"https:\/\/api.w.org\/{rel}","templated":true}]}}