{"id":162798,"date":"2026-02-13T17:12:02","date_gmt":"2026-02-13T17:12:02","guid":{"rendered":"https:\/\/freeseedsonline.com\/?p=162798"},"modified":"2026-02-13T17:12:02","modified_gmt":"2026-02-13T17:12:02","slug":"graines-de-cannabis-blueberry-autoflower-10-pack","status":"publish","type":"product","link":"https:\/\/freeseedsonline.com\/fr\/produits\/graines-de-cannabis-blueberry-autoflower-10-pack\/","title":{"rendered":"Graines de cannabis Blueberry Autoflower 10 PACK"},"content":{"rendered":"<h2>Graines de cannabis Blueberry Autoflower 10 PACK<\/h2>\n<p>&nbsp;<\/p>\n<p>Les graines de cannabis Blueberry 10 pack peuvent \u00eatre command\u00e9es pour seulement 34,95. Les graines sont emball\u00e9es par 10 et ne comptent pas pour les graines gratuites.<\/p>\n<h3>La description compl\u00e8te est disponible via le lien ci-dessous<\/h3>\n<ul>\n<li><a href=\"https:\/\/freeseedsonline.com\/fr\/produits\/graines-de-cannabis-blueberry-autoflower\">Description des graines Blueberry<\/a><\/li>\n<\/ul>\n","protected":false},"excerpt":{"rendered":"<p><strong><span style=\"color: #00a859;\">Genre :<\/span><\/strong> Autofloraison f\u00e9minis\u00e9e<\/p>\n<p><span style=\"color: #00a859;\"><strong>THC :<\/strong><\/span> <strong>14%<\/strong><\/p>\n<p><span style=\"color: #00a859;\"><strong>Type :<\/strong><\/span> <strong>Indica <\/strong>\/ <strong>Ruderalis<\/strong><\/p>\n<p><span style=\"color: #00a859;\"><strong>Hauteur moyenne en int\u00e9rieur :<\/strong><\/span> 0.60-0.80 cm<\/p>\n<p><span style=\"color: #00a859;\"><strong>Hauteur moyenne en ext\u00e9rieur :<\/strong> <\/span> 1.00-1.10 cm<\/p>\n<p><span style=\"color: #00a859;\"><strong>Rendement moyen en int\u00e9rieur jusqu&rsquo;\u00e0 :<\/strong><\/span> 450 grammes\/m2<\/p>\n<p><strong><span style=\"color: #00a859;\">Rendement moyen en ext\u00e9rieur :<\/span><\/strong> 130 \u00e0 180 grammes par plante<\/p>\n<p><span style=\"color: #00a859;\"><strong>P\u00e9riode de floraison en int\u00e9rieur :<\/strong><\/span> 8 \u00e0 9 semaines<\/p>\n<p><span style=\"color: #50b848;\"><strong>P\u00e9riode de floraison en ext\u00e9rieur :<\/strong><\/span> 8 \u00e0 9 semaines<\/p>\n<p>&nbsp;<\/p>\n<p>Attention, aucune graine gratuite n&rsquo;est incluse avec cet achat !<\/p>\n","protected":false},"featured_media":192357,"comment_status":"closed","ping_status":"closed","template":"","meta":[],"product_brand":[],"product_cat":[686,679],"product_tag":[],"class_list":{"0":"post-162798","1":"product","2":"type-product","3":"status-publish","4":"has-post-thumbnail","6":"product_cat-10-paquet","7":"product_cat-graines-de-cannabis-en-promotion","9":"first","10":"instock","11":"taxable","12":"shipping-taxable","13":"purchasable","14":"product-type-simple"},"_links":{"self":[{"href":"https:\/\/freeseedsonline.com\/fr\/wp-json\/wp\/v2\/product\/162798","targetHints":{"allow":["GET"]}}],"collection":[{"href":"https:\/\/freeseedsonline.com\/fr\/wp-json\/wp\/v2\/product"}],"about":[{"href":"https:\/\/freeseedsonline.com\/fr\/wp-json\/wp\/v2\/types\/product"}],"replies":[{"embeddable":true,"href":"https:\/\/freeseedsonline.com\/fr\/wp-json\/wp\/v2\/comments?post=162798"}],"wp:featuredmedia":[{"embeddable":true,"href":"https:\/\/freeseedsonline.com\/fr\/wp-json\/wp\/v2\/media\/192357"}],"wp:attachment":[{"href":"https:\/\/freeseedsonline.com\/fr\/wp-json\/wp\/v2\/media?parent=162798"}],"wp:term":[{"taxonomy":"product_brand","embeddable":true,"href":"https:\/\/freeseedsonline.com\/fr\/wp-json\/wp\/v2\/product_brand?post=162798"},{"taxonomy":"product_cat","embeddable":true,"href":"https:\/\/freeseedsonline.com\/fr\/wp-json\/wp\/v2\/product_cat?post=162798"},{"taxonomy":"product_tag","embeddable":true,"href":"https:\/\/freeseedsonline.com\/fr\/wp-json\/wp\/v2\/product_tag?post=162798"}],"curies":[{"name":"wp","href":"https:\/\/api.w.org\/{rel}","templated":true}]}}