{"id":162794,"date":"2026-02-13T17:10:51","date_gmt":"2026-02-13T17:10:51","guid":{"rendered":"https:\/\/freeseedsonline.com\/?p=162794"},"modified":"2026-02-13T17:10:51","modified_gmt":"2026-02-13T17:10:51","slug":"graines-de-cannabis-hindu-kush-autoflower-pack-de-10","status":"publish","type":"product","link":"https:\/\/freeseedsonline.com\/fr\/produits\/graines-de-cannabis-hindu-kush-autoflower-pack-de-10\/","title":{"rendered":"Graines de cannabis Hindu Kush Autoflower &#8211; Pack de 10"},"content":{"rendered":"<h2>Graines de cannabis Hindu Kush Autoflower 10 PACK<\/h2>\n<p>Les graines de cannabis Hindu Kush Autoflower sont une plante remarquable \u00e0 dominance Indica qui ne prend pas beaucoup de place. Les g\u00e8nes sont un m\u00e9lange de Hindu Kush, Master Kush et Lowryder, ce qui en fait l&rsquo;une des plus petites vari\u00e9t\u00e9s sur le march\u00e9. Malgr\u00e9 sa petite taille, les bourgeons qu&rsquo;elle produit sont denses et elle fait partie des souches les plus riches en r\u00e9sine de FSO. En plus de sa hauteur miniature, l&rsquo;Hindu Kush Automatique ne n\u00e9cessite pas beaucoup d&rsquo;espace pour les racines, par exemple dans 1 m\u00e8tre carr\u00e9.<\/p>\n<h3>Le temps de floraison tr\u00e8s court de l&rsquo;Hindu Kush Autoflower vous surprendra<\/h3>\n<p>Elle peut \u00eatre cultiv\u00e9e dans une vari\u00e9t\u00e9 d&rsquo;endroits, \u00e0 l&rsquo;int\u00e9rieur, \u00e0 l&rsquo;ext\u00e9rieur et dans des serres, avec un temps de floraison de seulement 8 semaines, pr\u00eate \u00e0 \u00eatre r\u00e9colt\u00e9e apr\u00e8s 56 jours \u00e0 partir du d\u00e9but de la floraison. De plus, gr\u00e2ce \u00e0 ses qualit\u00e9s Indica, le produit final est particuli\u00e8rement utile pour de nombreuses conditions m\u00e9dicales telles que l&rsquo;anxi\u00e9t\u00e9 et l&rsquo;insomnie.<\/p>\n","protected":false},"excerpt":{"rendered":"<p><strong><span style=\"color: #00a859;\">Genre :<\/span><\/strong> Autofloraison f\u00e9minis\u00e9e<\/p>\n<p><span style=\"color: #00a859;\"><strong>THC :<\/strong><\/span> <strong>13%<\/strong><\/p>\n<p><span style=\"color: #00a859;\"><strong>Type :<\/strong><\/span> <strong>Sativa<\/strong> \/ <strong>Indica<\/strong><\/p>\n<p><span style=\"color: #00a859;\"><strong>Croisement :<\/strong><\/span> Hindu Kush x Master Kush x Lowryder<\/p>\n<p><span style=\"color: #00a859;\"><strong>Hauteur moyenne en int\u00e9rieur :<\/strong><\/span> 0.80-120 cm<\/p>\n<p><span style=\"color: #00a859;\"><strong>Hauteur moyenne en ext\u00e9rieur :<\/strong> <\/span> 0.80-120 cm<\/p>\n<p><span style=\"color: #00a859;\"><strong>Rendement moyen en int\u00e9rieur jusqu&rsquo;\u00e0 :<\/strong><\/span> 450 grammes\/m2<\/p>\n<p><strong><span style=\"color: #00a859;\">Rendement moyen en ext\u00e9rieur :<\/span><\/strong> 100 \u00e0 160 grammes par plante<\/p>\n<p><span style=\"color: #00a859;\"><strong>P\u00e9riode de floraison en int\u00e9rieur :<\/strong><\/span> 7 \u00e0 8 semaines<\/p>\n<p><span style=\"color: #50b848;\"><strong>P\u00e9riode de floraison en ext\u00e9rieur :<\/strong><\/span> 7 \u00e0 8 semaines<\/p>\n<p>&nbsp;<\/p>\n<p>ATTENTION ! Vous ne recevrez pas de graines de cannabis gratuites avec ceci<\/p>\n","protected":false},"featured_media":192402,"comment_status":"closed","ping_status":"closed","template":"","meta":[],"product_brand":[],"product_cat":[686,679,645,671,648,653,650,620,637],"product_tag":[],"class_list":{"0":"post-162794","1":"product","2":"type-product","3":"status-publish","4":"has-post-thumbnail","6":"product_cat-10-paquet","7":"product_cat-graines-de-cannabis-en-promotion","8":"product_cat-graines-de-cannabis-feminisees","9":"product_cat-graines-de-cannabis-kush","10":"product_cat-graines-de-cannabis-pour-debutants","11":"product_cat-graines-de-cannabis-pour-exterieur","12":"product_cat-graines-de-cannabis-pour-interieur","13":"product_cat-toutes-les-varietes","14":"product_cat-varietes-pour-debutants","16":"first","17":"instock","18":"taxable","19":"shipping-taxable","20":"purchasable","21":"product-type-simple"},"_links":{"self":[{"href":"https:\/\/freeseedsonline.com\/fr\/wp-json\/wp\/v2\/product\/162794","targetHints":{"allow":["GET"]}}],"collection":[{"href":"https:\/\/freeseedsonline.com\/fr\/wp-json\/wp\/v2\/product"}],"about":[{"href":"https:\/\/freeseedsonline.com\/fr\/wp-json\/wp\/v2\/types\/product"}],"replies":[{"embeddable":true,"href":"https:\/\/freeseedsonline.com\/fr\/wp-json\/wp\/v2\/comments?post=162794"}],"wp:featuredmedia":[{"embeddable":true,"href":"https:\/\/freeseedsonline.com\/fr\/wp-json\/wp\/v2\/media\/192402"}],"wp:attachment":[{"href":"https:\/\/freeseedsonline.com\/fr\/wp-json\/wp\/v2\/media?parent=162794"}],"wp:term":[{"taxonomy":"product_brand","embeddable":true,"href":"https:\/\/freeseedsonline.com\/fr\/wp-json\/wp\/v2\/product_brand?post=162794"},{"taxonomy":"product_cat","embeddable":true,"href":"https:\/\/freeseedsonline.com\/fr\/wp-json\/wp\/v2\/product_cat?post=162794"},{"taxonomy":"product_tag","embeddable":true,"href":"https:\/\/freeseedsonline.com\/fr\/wp-json\/wp\/v2\/product_tag?post=162794"}],"curies":[{"name":"wp","href":"https:\/\/api.w.org\/{rel}","templated":true}]}}