{"id":162793,"date":"2026-02-13T17:10:31","date_gmt":"2026-02-13T17:10:31","guid":{"rendered":"https:\/\/freeseedsonline.com\/?p=162793"},"modified":"2026-02-13T17:10:31","modified_gmt":"2026-02-13T17:10:31","slug":"graines-de-cannabis-white-widow-autoflower-pack-de-10","status":"publish","type":"product","link":"https:\/\/freeseedsonline.com\/fr\/produits\/graines-de-cannabis-white-widow-autoflower-pack-de-10\/","title":{"rendered":"Graines de cannabis White Widow Autoflower Pack de 10"},"content":{"rendered":"<h2>Graines de cannabis White Widow Autoflower<\/h2>\n<p lang=\"fr-FR\">Les graines de cannabis White Widow Autoflower se composent de : 60 % Indica. G\u00e9notype : Brazilian Sativa x South Indian x NL Special x Afghan Lowryder. Saveur et odeur aigre-douce, avec une touche de myrtille. De la graine \u00e0 la r\u00e9colte en 10 \u00e0 11 semaines. C\u2019est une plante basse et compacte, couverte de cristaux. Un effet stone corporel puissant et un high actif. Potentiel \u00e9lev\u00e9 en THC.<\/p>\n<p lang=\"fr-FR\">Nous avons crois\u00e9 une Widow Originale avec notre Northern Lights Special et une Afghan Lowryder. Le r\u00e9sultat est une autofleurissante \u00e0 floraison rapide, au go\u00fbt agr\u00e9able et avec un niveau \u00e9lev\u00e9 de THC. Elle pr\u00e9sente une structure de t\u00eates semi-ouverte, elle est de petite taille, offre un rendement cons\u00e9quent et procure un v\u00e9ritable effet stone Indica. Ses feuilles Indica sont de forme ovale. Une t\u00eate principale, accompagn\u00e9e de quelques t\u00eates lat\u00e9rales plus petites, toutes d\u2019un blanc \u00e9clatant. De la graine \u00e0 la r\u00e9colte en 10 \u00e0 11 semaines. Facile \u00e0 cultiver sur tous les supports. Nous recommandons un cycle lumineux de 18-6 pour bien durcir les t\u00eates.<\/p>\n<h3>Particularit\u00e9s de la plante White Widow :<\/h3>\n<p lang=\"fr-FR\">autrefois, cette plante \u00e9tait pr\u00e9sente dans tous les coffeeshops des Pays-Bas<\/p>\n","protected":false},"excerpt":{"rendered":"<p><strong><span style=\"color: #00a859;\">Genre :<\/span><\/strong> Autofloraison f\u00e9minis\u00e9e<\/p>\n<p><span style=\"color: #00a859;\"><strong>THC :<\/strong><\/span> <strong>15-18%<\/strong><\/p>\n<p><span style=\"color: #00a859;\"><strong>Type :<\/strong><\/span><strong> Indica<\/strong> \/ <strong>Sativa<\/strong><\/p>\n<p><span style=\"color: #00a859;\"><strong>Croisement :<\/strong><\/span> Brazilian Sativa x South Indian x NL Special x Afghan Lowryder<\/p>\n<p><span style=\"color: #00a859;\"><strong>Hauteur moyenne en int\u00e9rieur :<\/strong><\/span> 0.80-120 cm<\/p>\n<p><span style=\"color: #00a859;\"><strong>Hauteur moyenne en ext\u00e9rieur :<\/strong> <\/span> 1.40-160 cm<\/p>\n<p><span style=\"color: #00a859;\"><strong>Rendement moyen en int\u00e9rieur jusqu&rsquo;\u00e0 :<\/strong><\/span> jusqu&rsquo;\u00e0 450 grammes\/m2<\/p>\n<p><strong><span style=\"color: #00a859;\">Rendement moyen en ext\u00e9rieur :<\/span><\/strong> 140 \u00e0 240 grammes par plante<\/p>\n<p><span style=\"color: #00a859;\"><strong>P\u00e9riode de floraison en int\u00e9rieur :<\/strong><\/span> 10 \u00e0 11 semaines<\/p>\n<p><span style=\"color: #50b848;\"><strong>P\u00e9riode de floraison en ext\u00e9rieur :<\/strong><\/span> 10 \u00e0 11 semaines<\/p>\n<p>ATTENTION ! Aucun graines de cannabis gratuites ne sont incluses avec ceci<\/p>\n<p>&nbsp;<\/p>\n","protected":false},"featured_media":192642,"comment_status":"closed","ping_status":"closed","template":"","meta":[],"product_brand":[],"product_cat":[686,679,645,648,653,650,620,637],"product_tag":[54],"class_list":{"0":"post-162793","1":"product","2":"type-product","3":"status-publish","4":"has-post-thumbnail","6":"product_cat-10-paquet","7":"product_cat-graines-de-cannabis-en-promotion","8":"product_cat-graines-de-cannabis-feminisees","9":"product_cat-graines-de-cannabis-pour-debutants","10":"product_cat-graines-de-cannabis-pour-exterieur","11":"product_cat-graines-de-cannabis-pour-interieur","12":"product_cat-toutes-les-varietes","13":"product_cat-varietes-pour-debutants","14":"product_tag-white-widow-autoflower-wietzaden","16":"first","17":"instock","18":"taxable","19":"shipping-taxable","20":"purchasable","21":"product-type-simple"},"_links":{"self":[{"href":"https:\/\/freeseedsonline.com\/fr\/wp-json\/wp\/v2\/product\/162793","targetHints":{"allow":["GET"]}}],"collection":[{"href":"https:\/\/freeseedsonline.com\/fr\/wp-json\/wp\/v2\/product"}],"about":[{"href":"https:\/\/freeseedsonline.com\/fr\/wp-json\/wp\/v2\/types\/product"}],"replies":[{"embeddable":true,"href":"https:\/\/freeseedsonline.com\/fr\/wp-json\/wp\/v2\/comments?post=162793"}],"wp:featuredmedia":[{"embeddable":true,"href":"https:\/\/freeseedsonline.com\/fr\/wp-json\/wp\/v2\/media\/192642"}],"wp:attachment":[{"href":"https:\/\/freeseedsonline.com\/fr\/wp-json\/wp\/v2\/media?parent=162793"}],"wp:term":[{"taxonomy":"product_brand","embeddable":true,"href":"https:\/\/freeseedsonline.com\/fr\/wp-json\/wp\/v2\/product_brand?post=162793"},{"taxonomy":"product_cat","embeddable":true,"href":"https:\/\/freeseedsonline.com\/fr\/wp-json\/wp\/v2\/product_cat?post=162793"},{"taxonomy":"product_tag","embeddable":true,"href":"https:\/\/freeseedsonline.com\/fr\/wp-json\/wp\/v2\/product_tag?post=162793"}],"curies":[{"name":"wp","href":"https:\/\/api.w.org\/{rel}","templated":true}]}}