{"id":162789,"date":"2026-02-13T17:09:12","date_gmt":"2026-02-13T17:09:12","guid":{"rendered":"https:\/\/freeseedsonline.com\/?p=162789"},"modified":"2026-02-13T17:09:12","modified_gmt":"2026-02-13T17:09:12","slug":"5-pack-white-widow-graines-de-cannabis-rgulires","status":"publish","type":"product","link":"https:\/\/freeseedsonline.com\/fr\/produits\/5-pack-white-widow-graines-de-cannabis-rgulires\/","title":{"rendered":"5-Pack White Widow graines de cannabis r\u00e9guli\u00e8res"},"content":{"rendered":"<h2>Graines de cannabis White Widow r\u00e9guli\u00e8res<\/h2>\n<p>Les graines de cannabis White Widow r\u00e9guli\u00e8res se vendent comme des petits pains. Et ce n\u2019est pas surprenant, car la White Widow est le classique le plus c\u00e9l\u00e8bre des Pays-Bas. Issue du croisement d\u2019une Indica indienne avec une <a href=\"https:\/\/freeseedsonline.com\/fr\/quelle-est-la-diffrence-entre-indica-et-sativa-\">Sativa<\/a> Landrace du Br\u00e9sil, cette plante offre un r\u00e9sultat impressionnant avec une teneur en r\u00e9sine extr\u00eamement \u00e9lev\u00e9e. Apr\u00e8s avoir fum\u00e9, une sensation de high puissante et tr\u00e8s agr\u00e9able se fait ressentir.<\/p>\n","protected":false},"excerpt":{"rendered":"<h3><strong>Pack de 5<\/strong><\/h3>\n<h3><span style=\"font-size: 75%;\"><strong><span style=\"color: #00a859;\">Genre :<\/span><\/strong> F\u00e9minin et masculin<\/span><\/h3>\n<p><span style=\"color: #00a859;\"><strong>THC :<\/strong><\/span> <strong>18%<\/strong><\/p>\n<p><span style=\"color: #00a859;\"><strong>Type :<\/strong><\/span> <strong>Indica<\/strong><\/p>\n<p><span style=\"color: #00a859;\"><strong>Croisement :<\/strong><\/span> Indica indienne x Sativa br\u00e9silienne Landrace<\/p>\n<p><span style=\"color: #00a859;\"><strong>Hauteur moyenne en int\u00e9rieur :<\/strong><\/span> 80 \u2013 110 cm<\/p>\n<p><span style=\"color: #00a859;\"><strong>Hauteur moyenne en ext\u00e9rieur :<\/strong> <\/span> 120 \u2013 200 cm<\/p>\n<p><span style=\"color: #00a859;\"><strong>Rendement moyen en int\u00e9rieur jusqu&rsquo;\u00e0 :<\/strong><\/span> 550\/600 grammes par plante<\/p>\n<p><strong><span style=\"color: #00a859;\">Rendement moyen en ext\u00e9rieur :<\/span><\/strong> 550\/600 grammes par plante<\/p>\n<p><span style=\"color: #00a859;\"><strong>P\u00e9riode de floraison en int\u00e9rieur :<\/strong><\/span> 8 \u00e0 9 semaines<\/p>\n<p><span style=\"color: #50b848;\"><strong>P\u00e9riode de floraison en ext\u00e9rieur :<\/strong><\/span> octobre<\/p>\n<p>&nbsp;<\/p>\n<p>ATTENTION ! Vous ne recevrez pas de graines de cannabis gratuites avec ceci !<\/p>\n<p>&nbsp;<\/p>\n","protected":false},"featured_media":192832,"comment_status":"closed","ping_status":"closed","template":"","meta":[],"product_brand":[],"product_cat":[690],"product_tag":[],"class_list":{"0":"post-162789","1":"product","2":"type-product","3":"status-publish","4":"has-post-thumbnail","6":"product_cat-graines-de-cannabis-regulieres","8":"first","9":"instock","10":"taxable","11":"shipping-taxable","12":"purchasable","13":"product-type-simple"},"_links":{"self":[{"href":"https:\/\/freeseedsonline.com\/fr\/wp-json\/wp\/v2\/product\/162789","targetHints":{"allow":["GET"]}}],"collection":[{"href":"https:\/\/freeseedsonline.com\/fr\/wp-json\/wp\/v2\/product"}],"about":[{"href":"https:\/\/freeseedsonline.com\/fr\/wp-json\/wp\/v2\/types\/product"}],"replies":[{"embeddable":true,"href":"https:\/\/freeseedsonline.com\/fr\/wp-json\/wp\/v2\/comments?post=162789"}],"wp:featuredmedia":[{"embeddable":true,"href":"https:\/\/freeseedsonline.com\/fr\/wp-json\/wp\/v2\/media\/192832"}],"wp:attachment":[{"href":"https:\/\/freeseedsonline.com\/fr\/wp-json\/wp\/v2\/media?parent=162789"}],"wp:term":[{"taxonomy":"product_brand","embeddable":true,"href":"https:\/\/freeseedsonline.com\/fr\/wp-json\/wp\/v2\/product_brand?post=162789"},{"taxonomy":"product_cat","embeddable":true,"href":"https:\/\/freeseedsonline.com\/fr\/wp-json\/wp\/v2\/product_cat?post=162789"},{"taxonomy":"product_tag","embeddable":true,"href":"https:\/\/freeseedsonline.com\/fr\/wp-json\/wp\/v2\/product_tag?post=162789"}],"curies":[{"name":"wp","href":"https:\/\/api.w.org\/{rel}","templated":true}]}}