{"id":162778,"date":"2026-02-13T17:03:47","date_gmt":"2026-02-13T17:03:47","guid":{"rendered":"https:\/\/freeseedsonline.com\/?p=162778"},"modified":"2026-02-13T17:03:47","modified_gmt":"2026-02-13T17:03:47","slug":"graines-de-cannabis-citrus-super-haze","status":"publish","type":"product","link":"https:\/\/freeseedsonline.com\/fr\/produits\/graines-de-cannabis-citrus-super-haze\/","title":{"rendered":"Graines de cannabis Citrus Super Haze"},"content":{"rendered":"<h2>Graines de cannabis Citrus Super Haze<\/h2>\n<p>Vous cherchez \u00e0 <strong>acheter des graines de cannabis<\/strong> de haute qualit\u00e9 qui apportent une touche rafra\u00eechissante aux classiques favoris ? Les <strong>graines de cannabis Citrus Super Haze<\/strong> sont un excellent choix pour les amateurs d&rsquo;ar\u00f4mes d&rsquo;agrumes, avec un bagage g\u00e9n\u00e9tique combinant les meilleurs \u00e9l\u00e9ments de Lemon Skunk et Silver Haze. Ces <strong>graines de cannabis<\/strong> sont r\u00e9put\u00e9es pour leurs rendements impressionnants et leurs effets puissants, id\u00e9ales pour les cultivateurs d\u00e9butants comme exp\u00e9riment\u00e9s qui souhaitent <strong>commander des graines de cannabis<\/strong> pour un coup de boost \u00e9nerg\u00e9tique dans leur jardin ou espace de culture.<\/p>\n<h3>Caract\u00e9ristiques et sp\u00e9cifications<\/h3>\n<p>Les <strong>graines de cannabis Citrus Super Haze<\/strong> ont \u00e9t\u00e9 soigneusement d\u00e9velopp\u00e9es pour offrir un \u00e9quilibre entre saveur, rendement et puissance. Voici un aper\u00e7u des principales caract\u00e9ristiques, bas\u00e9es sur la g\u00e9n\u00e9tique unique de cette vari\u00e9t\u00e9 :<\/p>\n<ul>\n<li><strong>G\u00e9n\u00e9tique<\/strong> : Un croisement entre Lemon Skunk et Silver Haze, r\u00e9sultant en un hybride \u00e0 dominance sativa qui combine les notes fra\u00eeches d&rsquo;agrumes de Skunk avec les puissantes propri\u00e9t\u00e9s haze.<\/li>\n<li><strong>Teneur en THC<\/strong> : \u00c9lev\u00e9e, variant de 18 % \u00e0 22 %, offrant des effets intenses et stimulants sans valeurs excessives de CBD (faible CBD, moins de 1 %).<\/li>\n<li><strong>Rendement<\/strong> : En int\u00e9rieur, vous pouvez esp\u00e9rer 400 \u00e0 500 grammes par m\u00e8tre carr\u00e9, tandis qu&rsquo;en ext\u00e9rieur, les plantes peuvent produire jusqu&rsquo;\u00e0 550 grammes par plante dans des conditions optimales.<\/li>\n<li><strong>Taille et croissance<\/strong> : Ces plantes peuvent atteindre une grande hauteur, jusqu&rsquo;\u00e0 2-3 m\u00e8tres en ext\u00e9rieur, et conviennent \u00e0 la culture en int\u00e9rieur comme en ext\u00e9rieur. Elles n\u00e9cessitent une longue saison de croissance, avec une p\u00e9riode de floraison d&rsquo;environ 10 \u00e0 12 semaines.<\/li>\n<li><strong>Difficult\u00e9<\/strong> : Convient aux d\u00e9butants, mais b\u00e9n\u00e9ficie d&rsquo;une certaine exp\u00e9rience en raison de la p\u00e9riode de croissance exigeante. Elles prosp\u00e8rent dans des climats plus chauds ou des environnements int\u00e9rieurs contr\u00f4l\u00e9s.<\/li>\n<\/ul>\n<h3>Informations d\u00e9taill\u00e9es sur la culture de Citrus Super Haze<\/h3>\n<p>La culture des <strong>graines de cannabis Citrus Super Haze<\/strong> est une aventure qui r\u00e9compense les cultivateurs en int\u00e9rieur comme en ext\u00e9rieur. Cet hybride \u00e0 dominance sativa n\u00e9cessite une approche structur\u00e9e pour atteindre son plein potentiel, avec une attention particuli\u00e8re \u00e0 un \u00e9clairage et une ventilation suffisants. Pour les d\u00e9butants, il est conseill\u00e9 de commencer avec une configuration simple, comme d\u00e9crit dans notre guide sur <a href=\"https:\/\/freeseedsonline.com\/fr\/cultiver-du-cannabis-pour-les-dbutants\">wiet kweken voor beginners<\/a>, afin de ma\u00eetriser les bases.<\/p>\n<p>En culture int\u00e9rieure, Citrus Super Haze prosp\u00e8re dans une tente de culture avec un \u00e9clairage LED, o\u00f9 vous pouvez contr\u00f4ler la temp\u00e9rature et l&rsquo;humidit\u00e9. Utilisez un sol bien drainant, comme recommand\u00e9 dans <a href=\"https:\/\/freeseedsonline.com\/fr\/top-3-des-meilleurs-sols-pour-votre-plante-de-cannabis\">wat is de beste aarde voor een wietplant<\/a>, et maintenez le pH entre 6,0 et 6,5. Pendant la phase v\u00e9g\u00e9tative, qui dure de 4 \u00e0 6 semaines, entra\u00eenez les plantes avec des techniques comme le fimming \u2013 apprenez-en plus via <a href=\"https:\/\/freeseedsonline.com\/fr\/tailler-les-plantes-de-cannabis\">fimmen van wietplanten<\/a> \u2013 pour favoriser une croissance uniforme et maximiser le rendement. Pour la culture en ext\u00e9rieur aux Pays-Bas, il est essentiel de planter au d\u00e9but du printemps afin que les plantes profitent des longues journ\u00e9es d&rsquo;\u00e9t\u00e9. Elles ont besoin d&rsquo;au moins 12 heures de soleil par jour, et dans les r\u00e9gions plus fra\u00eeches, envisagez de les prot\u00e9ger contre les moisissures avec des conseils de <a href=\"https:\/\/freeseedsonline.com\/fr\/combattre-les-moisissures-et-les-nuisibles-de-manire-biologique\">biologisch schimmel en ongedierte bestrijden<\/a>.<\/p>\n<p>Le niveau de difficult\u00e9 est mod\u00e9r\u00e9 ; cette vari\u00e9t\u00e9 est exigeante en termes d&rsquo;arrosage \u2013 gardez le sol humide mais non satur\u00e9 pour \u00e9viter la pourriture des racines. Pendant la p\u00e9riode de floraison, qui dure de 10 \u00e0 12 semaines, r\u00e9duisez progressivement la quantit\u00e9 d&rsquo;eau. Pour des r\u00e9sultats optimaux, appliquez la m\u00e9thode SCROG, comme expliqu\u00e9 dans <a href=\"https:\/\/freeseedsonline.com\/fr\/cultiver-du-cannabis-avec-la-mthode-scrog\">cannabis kweken met de SCROG-methode<\/a>, afin d&rsquo;am\u00e9liorer la distribution de la lumi\u00e8re et d&rsquo;obtenir des rendements plus \u00e9lev\u00e9s. En somme, Citrus Super Haze est un choix robuste pour les cultivateurs pr\u00eats \u00e0 accorder une attention suppl\u00e9mentaire, r\u00e9sultant en des plantes luxuriantes avec des probl\u00e8mes de parasites minimes si des mesures pr\u00e9ventives sont prises.<\/p>\n<h3>Effets, go\u00fbt et ar\u00f4me<\/h3>\n<p>Les <strong>graines de cannabis Citrus Super Haze<\/strong> offrent une exp\u00e9rience sensorielle qui commence par l&rsquo;ar\u00f4me : un m\u00e9lange revigorant d&rsquo;agrumes frais, avec des notes de citron, de citron vert et de pamplemousse, combin\u00e9es \u00e0 de subtiles nuances \u00e9pic\u00e9es. Cet ar\u00f4me provient du profil terp\u00e9nique et est id\u00e9al pour ceux qui appr\u00e9cient une odeur rafra\u00eechissante dans leur espace de culture. Le go\u00fbt suit ce sch\u00e9ma, avec une note d&rsquo;agrumes claire et acidul\u00e9e accompagn\u00e9e d&rsquo;une l\u00e9g\u00e8re touche \u00e9pic\u00e9e, rendant chaque bouff\u00e9e un v\u00e9ritable plaisir pour les sens.<\/p>\n<p>En ce qui concerne les effets, cette vari\u00e9t\u00e9 procure un high c\u00e9r\u00e9bral puissant, stimulant et \u00e9nergisant, parfait pour une utilisation diurne. Avec une teneur en THC de 18 \u00e0 22 %, elle offre un coup de boost mental qui peut soulager la fatigue et les l\u00e9g\u00e8res d\u00e9pressions, comme discut\u00e9 dans <a href=\"https:\/\/freeseedsonline.com\/fr\/cannabis-cbd-et-thc\">cannabis CBD en THC<\/a>. Bien qu&rsquo;elle ne contienne pas un taux \u00e9lev\u00e9 de CBD, elle est pertinente sur le plan m\u00e9dicinal pour am\u00e9liorer l&rsquo;humeur. Les utilisateurs rapportent un effet augmentant la concentration sans relaxation corporelle \u00e9crasante, ce qui la distingue des vari\u00e9t\u00e9s plus indica \u2013 comparez cela aux propri\u00e9t\u00e9s indica dans <a href=\"https:\/\/freeseedsonline.com\/fr\/cannabis-indica\">cannabis indica<\/a>. En g\u00e9n\u00e9ral, c&rsquo;est une option polyvalente pour des usages r\u00e9cr\u00e9atifs et l\u00e9g\u00e8rement m\u00e9dicinaux.<\/p>\n<h3>Comparaison avec des vari\u00e9t\u00e9s similaires<\/h3>\n<p>Compar\u00e9e \u00e0 d&rsquo;autres variantes haze, comme les <a href=\"https:\/\/freeseedsonline.com\/fr\/produits\/graines-de-cannabis-royal-cheese-fast-flowering\">graines de cannabis Royal Cheese (Fast Flowering)<\/a>, Citrus Super Haze offre une exp\u00e9rience plus fra\u00eeche et ax\u00e9e sur les agrumes, tandis que Royal Cheese pr\u00e9sente des notes plus fromag\u00e9es et une floraison plus rapide. Si vous recherchez un rendement \u00e9lev\u00e9 similaire mais avec un profil diff\u00e9rent, envisagez les <a href=\"https:\/\/freeseedsonline.com\/fr\/produits\/gorilla-glue-gold\">GORILLA GLUE GOLD<\/a>, qui offrent une r\u00e9sine collante et un high corporel plus fort, contrairement \u00e0 la focalisation c\u00e9r\u00e9brale de Citrus Super Haze. Pour des options plus \u00e9conomiques, les <a href=\"https:\/\/freeseedsonline.com\/fr\/produits\/graines-de-cannabis-big-bud\">graines de cannabis Big Bud<\/a> sont une bonne alternative, avec des rendements similaires mais des ar\u00f4mes d&rsquo;agrumes moins prononc\u00e9s. En bref, Citrus Super Haze se distingue par sa saveur unique et son ad\u00e9quation pour une utilisation en journ\u00e9e, tandis que ces alternatives penchent davantage vers l&rsquo;indica.<\/p>\n<h3>Questions fr\u00e9quentes sur les graines de cannabis Citrus Super Haze<\/h3>\n<p><strong>Q :<\/strong> Quelle est la meilleure fa\u00e7on de faire germer les graines de cannabis Citrus Super Haze ?<br \/>\n<strong>R :<\/strong> Pour la germination des graines de cannabis Citrus Super Haze, nous recommandons la m\u00e9thode du papier essuie-tout dans un environnement chaud et sombre, suivie d&rsquo;une plantation directe dans un sol humide. Ce processus, qui prend 2 \u00e0 5 jours, augmente consid\u00e9rablement les chances de germination, et vous pouvez trouver plus de conseils sur <a href=\"https:\/\/freeseedsonline.com\/fr\/germination-des-graines-de-cannabis\">ontkiemen van wietzaden<\/a>.<\/p>\n<p><strong>Q :<\/strong> Citrus Super Haze convient-elle aux d\u00e9butants en culture ?<br \/>\n<strong>R :<\/strong> Oui, cette vari\u00e9t\u00e9 est relativement adapt\u00e9e aux d\u00e9butants en raison de sa croissance robuste, mais elle n\u00e9cessite une attention particuli\u00e8re \u00e0 l&rsquo;\u00e9clairage et \u00e0 la ventilation. Commencez avec une configuration int\u00e9rieure simple comme d\u00e9crit dans <a href=\"https:\/\/freeseedsonline.com\/fr\/cultiver-du-cannabis-pour-les-dbutants\">wiet kweken voor beginners<\/a>, et vous obtiendrez rapidement du succ\u00e8s avec ses rendements \u00e9lev\u00e9s.<\/p>\n<p><strong>Q :<\/strong> Quels sont les avantages m\u00e9dicinaux de Citrus Super Haze ?<br \/>\n<strong>R :<\/strong> Citrus Super Haze aide \u00e0 soulager la fatigue et les l\u00e9g\u00e8res d\u00e9pressions gr\u00e2ce \u00e0 ses effets stimulants, en raison de sa teneur \u00e9lev\u00e9e en THC. Ce n&rsquo;est pas une vari\u00e9t\u00e9 principalement ax\u00e9e sur le CBD, mais elle peut \u00eatre un soutien ; pour plus d&rsquo;informations sur les applications m\u00e9dicinales, consultez <a href=\"https:\/\/freeseedsonline.com\/fr\/application-mdicale-et-recettes-articles-recettes-cannabis-mdical\">artikelen over medicinale wiet<\/a>.<\/p>\n<p><strong>Q :<\/strong> Puis-je cultiver Citrus Super Haze en ext\u00e9rieur aux Pays-Bas ?<br \/>\n<strong>R :<\/strong> Absolument, \u00e0 condition de choisir un emplacement ensoleill\u00e9 avec beaucoup de lumi\u00e8re, mais tenez compte du climat frais ; plantez au printemps et prot\u00e9gez contre les moisissures. Plus de conseils sur la culture en ext\u00e9rieur sont disponibles dans <a href=\"https:\/\/freeseedsonline.com\/fr\/quelles-sont-les-meilleures-plantes-de-cannabis-dextrieur-pour-les-dbutants-\">beste buiten wietplanten voor beginners<\/a>.<\/p>\n<h3>Pourquoi commander chez nous ?<\/h3>\n<p>Chez freeseedsonline.com, nous proposons non seulement des <strong>graines de cannabis Citrus Super Haze<\/strong> de qualit\u00e9 sup\u00e9rieure, mais aussi un service fiable avec une exp\u00e9dition discr\u00e8te et des conseils d&rsquo;experts. Si vous <strong>commandez des graines de cannabis<\/strong> aujourd&rsquo;hui, profitez de notre offre exclusive : <strong>achetez-en 4, payez-en 3<\/strong>, ce qui vous offre plus de valeur pour votre argent. Avec des ann\u00e9es d&rsquo;exp\u00e9rience et un engagement envers la qualit\u00e9, vous \u00eates assur\u00e9 de recevoir des graines fra\u00eeches et une satisfaction garantie, pour commencer votre aventure de culture en toute confiance.<\/p>\n","protected":false},"excerpt":{"rendered":"<p><strong><span style=\"color: #00a859\">Sexe :<\/span><\/strong> F\u00e9minis\u00e9es<\/p>\n<p><span style=\"color: #00a859\"><strong>THC :<\/strong><\/span> <strong>18<\/strong>&#8211;<strong>22%<\/strong><\/p>\n<p><span style=\"color: #00a859\"><strong>Type :<\/strong><\/span>\u00a0<strong>Sativa\/<\/strong><strong>Indica<\/strong><\/p>\n<p><span style=\"color: #00a859\"><strong>Hauteur moyenne en int\u00e9rieur :<\/strong><\/span> 1,20 \u00e0 1,40 cm<\/p>\n<p><span style=\"color: #00a859\"><strong>Hauteur moyenne en ext\u00e9rieur :<\/strong><\/span> 160 cm \u00e0 2,00 cm<\/p>\n<p><span style=\"color: #00a859\"><strong>Rendement moyen en int\u00e9rieur jusqu&rsquo;\u00e0 :<\/strong><\/span> jusqu&rsquo;\u00e0 500 \u00e0 650 grammes\/m\u00b2<\/p>\n<p><strong><span style=\"color: #00a859\">Rendement moyen en ext\u00e9rieur :<\/span><\/strong> 600 grammes par plante<\/p>\n<p><span style=\"color: #00a859\"><strong>P\u00e9riode de floraison en int\u00e9rieur :<\/strong><\/span> 8 <strong>\/<\/strong> 9 semaines<\/p>\n<p><span style=\"color: #50b848\"><strong>P\u00e9riode de floraison en ext\u00e9rieur :<\/strong><\/span> Octobre<\/p>\n","protected":false},"featured_media":192722,"comment_status":"closed","ping_status":"closed","template":"","meta":[],"product_brand":[],"product_cat":[626,679,645,628,664,648,653,650,623,681,631,634,620,637],"product_tag":[69],"class_list":{"0":"post-162778","1":"product","2":"type-product","3":"status-publish","4":"has-post-thumbnail","6":"product_cat-graines-de-cannabis-bon-marche","7":"product_cat-graines-de-cannabis-en-promotion","8":"product_cat-graines-de-cannabis-feminisees","9":"product_cat-graines-de-cannabis-haze","10":"product_cat-graines-de-cannabis-les-plus-vendues","11":"product_cat-graines-de-cannabis-pour-debutants","12":"product_cat-graines-de-cannabis-pour-exterieur","13":"product_cat-graines-de-cannabis-pour-interieur","14":"product_cat-graines-fso","15":"product_cat-nouvelles-varietes-de-graines-de-cannabis","16":"product_cat-rendement-eleve","17":"product_cat-thc-eleve","18":"product_cat-toutes-les-varietes","19":"product_cat-varietes-pour-debutants","20":"product_tag-citrus-super-haze-wietzaden","22":"first","23":"instock","24":"taxable","25":"shipping-taxable","26":"purchasable","27":"product-type-simple"},"_links":{"self":[{"href":"https:\/\/freeseedsonline.com\/fr\/wp-json\/wp\/v2\/product\/162778","targetHints":{"allow":["GET"]}}],"collection":[{"href":"https:\/\/freeseedsonline.com\/fr\/wp-json\/wp\/v2\/product"}],"about":[{"href":"https:\/\/freeseedsonline.com\/fr\/wp-json\/wp\/v2\/types\/product"}],"replies":[{"embeddable":true,"href":"https:\/\/freeseedsonline.com\/fr\/wp-json\/wp\/v2\/comments?post=162778"}],"wp:featuredmedia":[{"embeddable":true,"href":"https:\/\/freeseedsonline.com\/fr\/wp-json\/wp\/v2\/media\/192722"}],"wp:attachment":[{"href":"https:\/\/freeseedsonline.com\/fr\/wp-json\/wp\/v2\/media?parent=162778"}],"wp:term":[{"taxonomy":"product_brand","embeddable":true,"href":"https:\/\/freeseedsonline.com\/fr\/wp-json\/wp\/v2\/product_brand?post=162778"},{"taxonomy":"product_cat","embeddable":true,"href":"https:\/\/freeseedsonline.com\/fr\/wp-json\/wp\/v2\/product_cat?post=162778"},{"taxonomy":"product_tag","embeddable":true,"href":"https:\/\/freeseedsonline.com\/fr\/wp-json\/wp\/v2\/product_tag?post=162778"}],"curies":[{"name":"wp","href":"https:\/\/api.w.org\/{rel}","templated":true}]}}