{"id":162776,"date":"2026-02-13T17:01:56","date_gmt":"2026-02-13T17:01:56","guid":{"rendered":"https:\/\/freeseedsonline.com\/?p=162776"},"modified":"2026-02-13T17:01:56","modified_gmt":"2026-02-13T17:01:56","slug":"graines-de-cannabis-bubbabu-kush","status":"publish","type":"product","link":"https:\/\/freeseedsonline.com\/fr\/produits\/graines-de-cannabis-bubbabu-kush\/","title":{"rendered":"Graines de cannabis Bubbabu Kush"},"content":{"rendered":"<h2>Graines de cannabis Bubbabu Kush : Le choix id\u00e9al pour les d\u00e9butants et les cultivateurs exp\u00e9riment\u00e9s<\/h2>\n<p>D\u00e9couvrez la puissance des <strong>graines de cannabis Bubbabu Kush<\/strong>, un hybride \u00e0 dominance indica impressionnant, parfait pour ceux qui cherchent \u00e0 <em>acheter des graines de cannabis<\/em> ou \u00e0 <em>commander des graines de cannabis<\/em> de haute qualit\u00e9. Ces graines, issues d\u2019un croisement entre la l\u00e9gendaire Pre-98 Bubba Kush et OG Kush, offrent un \u00e9quilibre entre relaxation et excitation, avec un taux \u00e9lev\u00e9 de THC qui garantit des effets puissants. Si vous \u00eates int\u00e9ress\u00e9 par des <em>graines de cannabis<\/em> faciles \u00e0 cultiver et dot\u00e9es d\u2019un riche palmar\u00e8s de r\u00e9compenses, Bubbabu Kush est un incontournable pour tout amateur de cannabis.<\/p>\n<h3>Caract\u00e9ristiques et sp\u00e9cifications<\/h3>\n<p>Les graines de cannabis Bubbabu Kush sont reconnues pour leur g\u00e9n\u00e9tique robuste et leurs performances fiables, ce qui les rend populaires aupr\u00e8s des d\u00e9butants comme des cultivateurs avanc\u00e9s. Ces graines sont un hybride \u00e0 70 % indica et 30 % sativa, ce qui donne des plantes compactes avec un rendement \u00e9lev\u00e9. Voici un aper\u00e7u des principales caract\u00e9ristiques :<\/p>\n<ul>\n<li><strong>G\u00e9n\u00e9tique :<\/strong> Un croisement puissant entre Pre-98 Bubba Kush et OG Kush, cr\u00e9ant une plante \u00e0 dominance indica avec des racines solides dans des souches classiques.<\/li>\n<li><strong>Taux de THC :<\/strong> En moyenne 20-25 %, contribuant \u00e0 des effets intenses, tandis que le taux de CBD reste faible, autour de 1-2 %.<\/li>\n<li><strong>Taille :<\/strong> Les plantes restent relativement compactes, avec une hauteur de 80-120 cm en int\u00e9rieur et jusqu\u2019\u00e0 150 cm en ext\u00e9rieur, id\u00e9al pour les espaces de culture discrets.<\/li>\n<li><strong>P\u00e9riode de floraison :<\/strong> 8 \u00e0 9 semaines en int\u00e9rieur, avec une r\u00e9colte d\u00e9but octobre pour la culture en ext\u00e9rieur, ce qui les rend rapidement pr\u00eates \u00e0 \u00eatre r\u00e9colt\u00e9es.<\/li>\n<li><strong>Rendement :<\/strong> Rendement \u00e9lev\u00e9, jusqu\u2019\u00e0 500-600 grammes par m\u00b2 en int\u00e9rieur et 400-500 grammes par plante en ext\u00e9rieur, parfait pour les cultivateurs cherchant des r\u00e9sultats maximaux.<\/li>\n<li><strong>M\u00e9thodes de culture :<\/strong> Adapt\u00e9es aux techniques SCROG et SOG, et id\u00e9ales pour la culture en int\u00e9rieur comme en ext\u00e9rieur.<\/li>\n<li><strong>Difficult\u00e9 :<\/strong> Tr\u00e8s adapt\u00e9es aux d\u00e9butants gr\u00e2ce \u00e0 leur structure robuste et leur r\u00e9sistance aux probl\u00e8mes courants.<\/li>\n<\/ul>\n<h3>Informations d\u00e9taill\u00e9es sur la culture de Bubbabu Kush<\/h3>\n<p>Les graines de cannabis Bubbabu Kush sont con\u00e7ues pour une culture facile, ce qui en fait un choix de pr\u00e9dilection pour ceux qui souhaitent <em>commander des graines de cannabis<\/em> pour la premi\u00e8re fois. Ces graines prosp\u00e8rent aussi bien en int\u00e9rieur qu\u2019en ext\u00e9rieur, avec une pr\u00e9f\u00e9rence pour un climat chaud et ensoleill\u00e9 qui optimise leur dominance indica. Pour la culture en int\u00e9rieur, nous recommandons de commencer avec une tente de culture pour contr\u00f4ler la temp\u00e9rature et l\u2019humidit\u00e9, comme expliqu\u00e9 dans notre article sur <a href=\"https:\/\/freeseedsonline.com\/fr\/cultiver-du-cannabis-en-intrieur\">cultiver du cannabis en int\u00e9rieur<\/a>.<\/p>\n<p>Lors de la germination des graines, vous pouvez suivre les conseils de notre guide sur <a href=\"https:\/\/freeseedsonline.com\/fr\/germination-des-graines-de-cannabis\">la germination des graines de cannabis<\/a>, en pla\u00e7ant les graines dans un environnement humide pour une germination rapide en 2 \u00e0 5 jours. La p\u00e9riode de croissance dure environ 4 \u00e0 6 semaines, pendant lesquelles les plantes d\u00e9veloppent une structure buissonnante \u2013 parfaite pour des techniques d\u2019entra\u00eenement comme le fimming, comme expliqu\u00e9 dans <a href=\"https:\/\/freeseedsonline.com\/fr\/tailler-les-plantes-de-cannabis\">le fimming des plantes de cannabis<\/a>. Utilisez un sol bien drain\u00e9, comme recommand\u00e9 dans <a href=\"https:\/\/freeseedsonline.com\/fr\/top-3-des-meilleurs-sols-pour-votre-plante-de-cannabis\">le meilleur sol pour les plantes de cannabis<\/a>, et maintenez le pH entre 6,0 et 7,0 pour \u00e9viter les moisissures, un probl\u00e8me courant abord\u00e9 dans <a href=\"https:\/\/freeseedsonline.com\/fr\/moisissures-sur-la-plante-de-cannabis-\">les moisissures sur les plantes de cannabis<\/a>.<\/p>\n<p>Pour la culture en ext\u00e9rieur, Bubbabu Kush est id\u00e9ale dans des climats temp\u00e9r\u00e9s, avec une r\u00e9colte d\u00e9but octobre. La difficult\u00e9 est faible, mais les cultivateurs d\u00e9butants peuvent b\u00e9n\u00e9ficier de m\u00e9thodes de culture gu\u00e9rilla, comme dans <a href=\"https:\/\/freeseedsonline.com\/fr\/emplacements-populaires-pour-une-culture-de-gurilla\">les lieux populaires pour la culture gu\u00e9rilla<\/a>. Astuces : taillez bien les plantes pour une meilleure circulation de l\u2019air et utilisez des pesticides biologiques contre les nuisibles, comme conseill\u00e9 dans <a href=\"https:\/\/freeseedsonline.com\/fr\/combattre-les-moisissures-et-les-nuisibles-de-manire-biologique\">lutter biologiquement contre les moisissures et les nuisibles<\/a>. Avec les bons soins, ce produit offre des r\u00e9coltes constantes et de haute qualit\u00e9, m\u00eame pour les d\u00e9butants, comme discut\u00e9 dans <a href=\"https:\/\/freeseedsonline.com\/fr\/cultiver-du-cannabis-pour-les-dbutants\">cultiver du cannabis pour les d\u00e9butants<\/a>.<\/p>\n<h3>Effets, go\u00fbt et ar\u00f4me de Bubbabu Kush<\/h3>\n<p>Les graines de cannabis Bubbabu Kush offrent un m\u00e9lange unique d\u2019effets \u00e0 la fois relaxants et stimulants, gr\u00e2ce \u00e0 l\u2019\u00e9quilibre indica-sativa. Les effets commencent par un high c\u00e9r\u00e9bral qui stimule la cr\u00e9ativit\u00e9, suivi d\u2019une profonde relaxation corporelle id\u00e9ale pour une utilisation en soir\u00e9e ou pour soulager le stress. Les utilisateurs rapportent un soulagement de la douleur, de l\u2019anxi\u00e9t\u00e9 et de la d\u00e9pression, ce qui en fait une option pr\u00e9cieuse pour un usage m\u00e9dical, comme d\u00e9taill\u00e9 dans <a href=\"https:\/\/freeseedsonline.com\/fr\/cannabis-cbd-et-thc\">cannabis CBD et THC<\/a>.<\/p>\n<p>En termes de go\u00fbt et d\u2019ar\u00f4me, Bubbabu Kush est un r\u00e9gal pour les sens : une base fruit\u00e9e avec des notes de chewing-gum, combin\u00e9e \u00e0 du citron acidul\u00e9 et des nuances terreuses de musc. Lorsque vous ouvrez les buds, une odeur fra\u00eeche et citronn\u00e9e se d\u00e9gage et persiste longtemps. Pour un usage m\u00e9dical, cette vari\u00e9t\u00e9 est efficace contre la douleur chronique et le stress, et peut aider \u00e0 r\u00e9soudre les probl\u00e8mes de sommeil, mais consultez toujours un professionnel, surtout si vous \u00eates int\u00e9ress\u00e9 par des recettes comme dans <a href=\"https:\/\/freeseedsonline.com\/fr\/application-mdicale-et-recettes-articles-recettes-cannabis-mdical\">recettes pour le cannabis m\u00e9dicinal<\/a>.<\/p>\n<h3>Comparaison avec des vari\u00e9t\u00e9s similaires<\/h3>\n<p>Les graines de cannabis Bubbabu Kush se distinguent par leur \u00e9quilibre d\u2019effets indica et leur facilit\u00e9 de culture, mais comparez-les \u00e0 d\u2019autres options populaires. Par rapport \u00e0 <a href=\"https:\/\/freeseedsonline.com\/fr\/produits\/sensi-purple-kush\">Sensi Purple Kush<\/a>, qui se concentre davantage sur des buds violets et une relaxation plus profonde, Bubbabu Kush offre un rendement plus \u00e9lev\u00e9 et une floraison plus rapide. Si vous cherchez une variante autoflorissante, <a href=\"https:\/\/freeseedsonline.com\/fr\/produits\/white-moscow-autoflower-pack-de-10\">White Moscow Autoflower 10 Pack<\/a> est une bonne alternative, bien que moins dominante en indica. Pour un profil de go\u00fbt similaire, vous pouvez envisager <a href=\"https:\/\/freeseedsonline.com\/fr\/produits\/graines-de-cannabis-purple-queen\">les graines de cannabis Purple Queen<\/a>, qui pr\u00e9sentent \u00e9galement des notes fruit\u00e9es mais avec un taux de THC l\u00e9g\u00e8rement inf\u00e9rieur. En somme, Bubbabu Kush l\u2019emporte par sa facilit\u00e9 et sa polyvalence, surtout pour les d\u00e9butants, par rapport \u00e0 ces options d\u2019<em>achat de graines de cannabis<\/em>.<\/p>\n<h3>Questions fr\u00e9quentes sur les graines de cannabis Bubbabu Kush<\/h3>\n<p>Voici les r\u00e9ponses \u00e0 quelques questions fr\u00e9quemment pos\u00e9es sur ces populaires <em>graines de cannabis<\/em>.<\/p>\n<p><strong>Q :<\/strong> Quel est l\u2019arri\u00e8re-plan g\u00e9n\u00e9tique des graines de cannabis Bubbabu Kush ? <strong>R :<\/strong> Bubbabu Kush est un hybride \u00e0 70 % indica, issu d\u2019un croisement entre Pre-98 Bubba Kush et OG Kush, ce qui donne une plante robuste avec de fortes caract\u00e9ristiques de croissance et un taux \u00e9lev\u00e9 de THC, id\u00e9al pour un usage r\u00e9cr\u00e9atif comme m\u00e9dical.<br \/>\n<strong>Q :<\/strong> Bubbabu Kush convient-elle aux d\u00e9butants ? <strong>R :<\/strong> Oui, ces graines sont parfaites pour les d\u00e9butants en raison de leur processus de culture simple, de leur r\u00e9sistance aux probl\u00e8mes courants et de leur floraison rapide, mais il est recommand\u00e9 de commencer avec des guides de base comme ceux de notre site pour obtenir les meilleurs r\u00e9sultats.<br \/>\n<strong>Q :<\/strong> Quels sont les avantages m\u00e9dicaux de Bubbabu Kush ? <strong>R :<\/strong> Cette vari\u00e9t\u00e9 aide \u00e0 soulager la douleur, \u00e0 r\u00e9duire le stress, l\u2019anxi\u00e9t\u00e9 et la d\u00e9pression gr\u00e2ce \u00e0 son taux \u00e9lev\u00e9 de THC et ses effets indica, et peut \u00e9galement am\u00e9liorer le sommeil, bien qu\u2019il soit toujours judicieux de combiner cela avec des conseils d\u2019articles sur les <em>graines de cannabis \u00e0 haute teneur en CBD<\/em> pour un spectre plus large.<br \/>\n<strong>Q :<\/strong> Quel est le rendement de Bubbabu Kush ? <strong>R :<\/strong> Le rendement est \u00e9lev\u00e9, jusqu\u2019\u00e0 600 grammes par m\u00b2 en int\u00e9rieur et 500 grammes par plante en ext\u00e9rieur, selon les conditions de culture, et suit un sch\u00e9ma fiable id\u00e9al pour les cultivateurs cherchant un rendement maximal sans trop d\u2019efforts.<\/p>\n<h3>Pourquoi commander chez nous ?<\/h3>\n<p>Chez freeseedsonline.com, nous proposons une s\u00e9lection fiable d\u2019options pour <em>acheter des graines de cannabis<\/em>, y compris Bubbabu Kush, avec une livraison rapide et des conseils d\u2019experts pour chaque cultivateur. Nos graines sont de la plus haute qualit\u00e9, test\u00e9es pour une croissance optimale, et nous sommes reconnus pour notre excellent service client. De plus, vous b\u00e9n\u00e9ficiez toujours de notre offre attractive \u00ab\u00a04 pour le prix de 3\u00a0\u00bb, ce qui vous permet d\u2019obtenir plus de valeur pour votre argent et d\u2019exp\u00e9rimenter diff\u00e9rentes <em>graines de cannabis<\/em> sans frais suppl\u00e9mentaires.<\/p>\n","protected":false},"excerpt":{"rendered":"<p><strong><span style=\"color: #00a859;\">Genre :<\/span><\/strong> F\u00e9minis\u00e9es<\/p>\n<p><span style=\"color: #00a859;\"><strong>THC :<\/strong><\/span> <strong>18%<\/strong><\/p>\n<p><span style=\"color: #00a859;\"><strong>Type :<\/strong><\/span> 30% <strong>Sativa<\/strong> 70% <strong>Indica<\/strong><\/p>\n<p><span style=\"color: #00a859;\"><strong>Hauteur moyenne en int\u00e9rieur :<\/strong><\/span> 80-120 cm<\/p>\n<p><span style=\"color: #00a859;\"><strong>Hauteur moyenne en ext\u00e9rieur :<\/strong><\/span> 1,10-160 cm<\/p>\n<p><span style=\"color: #00a859;\"><strong>Rendement moyen en int\u00e9rieur jusqu&rsquo;\u00e0 :<\/strong><\/span> 325 \u00e0 450 g\/m\u00b2<\/p>\n<p><strong><span style=\"color: #00a859;\">Rendement moyen en ext\u00e9rieur :<\/span><\/strong> 800 g par plante<\/p>\n<p><span style=\"color: #00a859;\"><strong>P\u00e9riode de floraison en int\u00e9rieur :<\/strong><\/span> 8 \u00e0 9 semaines<\/p>\n<p><span style=\"color: #50b848;\"><strong>P\u00e9riode de floraison en ext\u00e9rieur :<\/strong><\/span> Octobre<\/p>\n<p>&nbsp;<\/p>\n","protected":false},"featured_media":192712,"comment_status":"closed","ping_status":"closed","template":"","meta":[],"product_brand":[],"product_cat":[668,689,626,679,645,671,664,648,653,650,623,681,642,631,620,637],"product_tag":[67,651],"class_list":{"0":"post-162776","1":"product","2":"type-product","3":"status-publish","4":"has-post-thumbnail","6":"product_cat-culture-scrog","7":"product_cat-gagnants-de-prix","8":"product_cat-graines-de-cannabis-bon-marche","9":"product_cat-graines-de-cannabis-en-promotion","10":"product_cat-graines-de-cannabis-feminisees","11":"product_cat-graines-de-cannabis-kush","12":"product_cat-graines-de-cannabis-les-plus-vendues","13":"product_cat-graines-de-cannabis-pour-debutants","14":"product_cat-graines-de-cannabis-pour-exterieur","15":"product_cat-graines-de-cannabis-pour-interieur","16":"product_cat-graines-fso","17":"product_cat-nouvelles-varietes-de-graines-de-cannabis","18":"product_cat-recolte-rapide","19":"product_cat-rendement-eleve","20":"product_cat-toutes-les-varietes","21":"product_cat-varietes-pour-debutants","22":"product_tag-bubba-kush-wietzaden","23":"product_tag-graines-de-cannabis-bubba-kush","25":"first","26":"instock","27":"taxable","28":"shipping-taxable","29":"purchasable","30":"product-type-simple"},"_links":{"self":[{"href":"https:\/\/freeseedsonline.com\/fr\/wp-json\/wp\/v2\/product\/162776","targetHints":{"allow":["GET"]}}],"collection":[{"href":"https:\/\/freeseedsonline.com\/fr\/wp-json\/wp\/v2\/product"}],"about":[{"href":"https:\/\/freeseedsonline.com\/fr\/wp-json\/wp\/v2\/types\/product"}],"replies":[{"embeddable":true,"href":"https:\/\/freeseedsonline.com\/fr\/wp-json\/wp\/v2\/comments?post=162776"}],"wp:featuredmedia":[{"embeddable":true,"href":"https:\/\/freeseedsonline.com\/fr\/wp-json\/wp\/v2\/media\/192712"}],"wp:attachment":[{"href":"https:\/\/freeseedsonline.com\/fr\/wp-json\/wp\/v2\/media?parent=162776"}],"wp:term":[{"taxonomy":"product_brand","embeddable":true,"href":"https:\/\/freeseedsonline.com\/fr\/wp-json\/wp\/v2\/product_brand?post=162776"},{"taxonomy":"product_cat","embeddable":true,"href":"https:\/\/freeseedsonline.com\/fr\/wp-json\/wp\/v2\/product_cat?post=162776"},{"taxonomy":"product_tag","embeddable":true,"href":"https:\/\/freeseedsonline.com\/fr\/wp-json\/wp\/v2\/product_tag?post=162776"}],"curies":[{"name":"wp","href":"https:\/\/api.w.org\/{rel}","templated":true}]}}