{"id":162770,"date":"2026-02-13T16:58:41","date_gmt":"2026-02-13T16:58:41","guid":{"rendered":"https:\/\/freeseedsonline.com\/?p=162770"},"modified":"2026-02-13T16:58:41","modified_gmt":"2026-02-13T16:58:41","slug":"pack-de-10-graines-de-cannabis-o-g-kush","status":"publish","type":"product","link":"https:\/\/freeseedsonline.com\/fr\/produits\/pack-de-10-graines-de-cannabis-o-g-kush\/","title":{"rendered":"Pack de 10 graines de cannabis O G Kush"},"content":{"rendered":"<h2><strong><span lang=\"fr-FR\">10 graines f\u00e9minis\u00e9es de O G Kush<\/span><\/strong><\/h2>\n<p lang=\"fr-FR\">La g\u00e9n\u00e9tique originale des graines de cannabis O G Kush s\u2019est perdue dans l\u2019oubli. On dit souvent que O G Kush est un m\u00e9lange de ChemDawg, Pakistani Kush et Lemon Thai. Le terme \u00ab O G \u00bb reste \u00e9galement flou ; certains pr\u00e9tendent qu\u2019il signifie \u00ab Original Gangster \u00bb, mais il est plus probable qu\u2019il fasse r\u00e9f\u00e9rence \u00e0 son origine, \u00e0 savoir \u00ab Ocean Grown \u00bb.<br \/>\nO G Kush est une vari\u00e9t\u00e9 de cannabis tr\u00e8s populaire aux \u00c9tats-Unis. De c\u00e9l\u00e8bres rappeurs, acteurs et la majorit\u00e9 des utilisateurs de marijuana m\u00e9dicale optent pour O G Kush. Une caract\u00e9ristique dominante de O G Kush est son odeur forte et humide d\u2019agrumes, qui rappelle un peu l\u2019odeur de l\u2019essence. O G Kush est riche en saveurs et ses effets durent longtemps. Elle procure un high moyen et une relaxation corporelle mod\u00e9r\u00e9e. Le high de O G Kush est typique des Sativa, bien que ses g\u00e8nes soient principalement Indica. Gr\u00e2ce \u00e0 ses g\u00e8nes robustes, elle est agr\u00e9able \u00e0 cultiver. Sa p\u00e9riode de floraison est de 8 semaines et son rendement moyen atteint jusqu\u2019\u00e0 500 g par m\u00b2. Il est connu que O G Kush s\u2019\u00e9tire un peu pendant sa croissance, mais elle devient \u00e9galement bien dense pendant la floraison. En moyenne, elle atteint une hauteur de 110 \u00e0 135 cm. Ses bourgeons sont \u00e9pais et gros : vert citron avec une fine couche de r\u00e9sine sur les t\u00eates. O G Kush est extr\u00eamement populaire aux \u00c9tats-Unis.<\/p>\n","protected":false},"excerpt":{"rendered":"<p><span style=\"font-size: 115%;\"><strong>Pack de 10<\/strong><\/span><\/p>\n<p><strong><span style=\"color: #00a859;\">Genre :<\/span><\/strong> F\u00e9minis\u00e9es<\/p>\n<p><span style=\"color: #00a859;\"><strong>THC :<\/strong><\/span> <strong>19%<\/strong><\/p>\n<p><span style=\"color: #00a859;\"><strong>Type :<\/strong><\/span> 25% <strong>Sativa<\/strong> 75% <strong>Indica<\/strong><\/p>\n<p><span style=\"color: #00a859;\"><strong>Croisement :<\/strong><\/span> ChemDawg x Pakistani Kush x Lemon Thai<\/p>\n<p><span style=\"color: #00a859;\"><strong>Hauteur moyenne en int\u00e9rieur :<\/strong><\/span> 0.80-120 cm<\/p>\n<p><span style=\"color: #00a859;\"><strong>Hauteur moyenne en ext\u00e9rieur :<\/strong> <\/span> 1.10-130 cm<\/p>\n<p><span style=\"color: #00a859;\"><strong>Rendement moyen en int\u00e9rieur jusqu&rsquo;\u00e0 :<\/strong><\/span> jusqu&rsquo;\u00e0 500 grammes\/m2<\/p>\n<p><strong><span style=\"color: #00a859;\">Rendement moyen en ext\u00e9rieur :<\/span><\/strong> par plante 300 grammes<\/p>\n<p><span style=\"color: #00a859;\"><strong>P\u00e9riode de floraison en int\u00e9rieur :<\/strong><\/span> 8 \u00e0 9 semaines<\/p>\n<p><span style=\"color: #50b848;\"><strong>P\u00e9riode de floraison en ext\u00e9rieur :<\/strong><\/span> septembre\/octobre<\/p>\n<p>&nbsp;<\/p>\n<p>ATTENTION ! Pas de graines gratuites suppl\u00e9mentaires incluses !<\/p>\n","protected":false},"featured_media":192682,"comment_status":"closed","ping_status":"closed","template":"","meta":[],"product_brand":[],"product_cat":[686,679,645,671,620,637],"product_tag":[],"class_list":{"0":"post-162770","1":"product","2":"type-product","3":"status-publish","4":"has-post-thumbnail","6":"product_cat-10-paquet","7":"product_cat-graines-de-cannabis-en-promotion","8":"product_cat-graines-de-cannabis-feminisees","9":"product_cat-graines-de-cannabis-kush","10":"product_cat-toutes-les-varietes","11":"product_cat-varietes-pour-debutants","13":"first","14":"instock","15":"taxable","16":"shipping-taxable","17":"purchasable","18":"product-type-simple"},"_links":{"self":[{"href":"https:\/\/freeseedsonline.com\/fr\/wp-json\/wp\/v2\/product\/162770","targetHints":{"allow":["GET"]}}],"collection":[{"href":"https:\/\/freeseedsonline.com\/fr\/wp-json\/wp\/v2\/product"}],"about":[{"href":"https:\/\/freeseedsonline.com\/fr\/wp-json\/wp\/v2\/types\/product"}],"replies":[{"embeddable":true,"href":"https:\/\/freeseedsonline.com\/fr\/wp-json\/wp\/v2\/comments?post=162770"}],"wp:featuredmedia":[{"embeddable":true,"href":"https:\/\/freeseedsonline.com\/fr\/wp-json\/wp\/v2\/media\/192682"}],"wp:attachment":[{"href":"https:\/\/freeseedsonline.com\/fr\/wp-json\/wp\/v2\/media?parent=162770"}],"wp:term":[{"taxonomy":"product_brand","embeddable":true,"href":"https:\/\/freeseedsonline.com\/fr\/wp-json\/wp\/v2\/product_brand?post=162770"},{"taxonomy":"product_cat","embeddable":true,"href":"https:\/\/freeseedsonline.com\/fr\/wp-json\/wp\/v2\/product_cat?post=162770"},{"taxonomy":"product_tag","embeddable":true,"href":"https:\/\/freeseedsonline.com\/fr\/wp-json\/wp\/v2\/product_tag?post=162770"}],"curies":[{"name":"wp","href":"https:\/\/api.w.org\/{rel}","templated":true}]}}