{"id":162759,"date":"2026-02-13T16:50:22","date_gmt":"2026-02-13T16:50:22","guid":{"rendered":"https:\/\/freeseedsonline.com\/?p=162759"},"modified":"2026-02-13T16:50:22","modified_gmt":"2026-02-13T16:50:22","slug":"graines-de-cannabis-super-skunk","status":"publish","type":"product","link":"https:\/\/freeseedsonline.com\/fr\/produits\/graines-de-cannabis-super-skunk\/","title":{"rendered":"Graines de cannabis Super Skunk"},"content":{"rendered":"<h2>Graines de cannabis Super Skunk<\/h2>\n<p>Vous cherchez \u00e0 acheter des graines de cannabis fiables, parfaites pour les d\u00e9butants ? Les graines de cannabis Super Skunk de freeseedsonline.com sont un choix classique, avec leur g\u00e9n\u00e9tique robuste et leur m\u00e9thode de culture simple qui garantit des r\u00e9sultats impressionnants. Ces graines de cannabis f\u00e9minis\u00e9es combinent les meilleures caract\u00e9ristiques des souches Afghane et Skunk, ce qui les rend id\u00e9ales pour la culture en int\u00e9rieur comme en ext\u00e9rieur, tout en offrant un \u00e9quilibre entre effets euphoriques et bienfaits m\u00e9dicinaux.<\/p>\n<h3>Caract\u00e9ristiques et sp\u00e9cifications<\/h3>\n<p>Les graines de cannabis Super Skunk sont r\u00e9put\u00e9es pour leur g\u00e9n\u00e9tique solide et leurs performances constantes, ce qui en fait un favori parmi les cultivateurs \u00e0 la recherche de graines de cannabis \u00e0 commander. Examinons les principales caract\u00e9ristiques et sp\u00e9cifications dans une liste claire :<\/p>\n<ul>\n<li><strong>G\u00e9n\u00e9tique :<\/strong> Un polyhybride \u00e0 dominance Sativa de 65 %, d\u00e9riv\u00e9 de (Afghan n\u00b01 x Skunk n\u00b01) crois\u00e9 avec Afghani, garantissant une croissance robuste et homog\u00e8ne.<\/li>\n<li><strong>Teneur en THC :<\/strong> Moyenne \u00e0 \u00e9lev\u00e9e, contribuant \u00e0 des effets puissants, id\u00e9ale pour les utilisateurs exp\u00e9riment\u00e9s et les applications m\u00e9dicinales.<\/li>\n<li><strong>Teneur en CBD :<\/strong> Faible, mais l\u2019\u00e9quilibre avec le THC la rend adapt\u00e9e \u00e0 la relaxation et au soulagement de la douleur.<\/li>\n<li><strong>Taille de la plante :<\/strong> Moyenne, avec une hauteur adapt\u00e9e aux environnements int\u00e9rieurs et ext\u00e9rieurs, sans prendre trop de place.<\/li>\n<li><strong>P\u00e9riode de floraison :<\/strong> Courte et efficace, environ 45 jours en int\u00e9rieur, et pr\u00eate \u00e0 \u00eatre r\u00e9colt\u00e9e fin septembre en ext\u00e9rieur.<\/li>\n<li><strong>Rendement :<\/strong> Rendements \u00e9lev\u00e9s, tant en int\u00e9rieur qu\u2019en ext\u00e9rieur, avec de longs et massifs bourgeons offrant un excellent rapport fleur-feuille.<\/li>\n<li><strong>R\u00e9sistance :<\/strong> Excellente r\u00e9sistance aux moisissures et aux maladies, ce qui en fait une option <em>\u00e0 l\u2019\u00e9preuve des erreurs<\/em> pour les d\u00e9butants.<\/li>\n<li><strong>Difficult\u00e9 :<\/strong> Facile \u00e0 cultiver, parfaite pour les novices dans le monde des graines de cannabis.<\/li>\n<\/ul>\n<h3>Informations d\u00e9taill\u00e9es sur la culture<\/h3>\n<p>Lors de la culture des graines de cannabis Super Skunk, il est essentiel de savoir que cette vari\u00e9t\u00e9 est con\u00e7ue pour une simplicit\u00e9 et un succ\u00e8s maximum, surtout pour les d\u00e9butants. Avec leur germination rapide \u2013 souvent en un jour \u2013 ces graines sont un excellent point de d\u00e9part pour ceux qui d\u00e9butent avec <a href=\"https:\/\/freeseedsonline.com\/fr\/cultiver-du-cannabis-pour-les-dbutants\">la culture de cannabis pour d\u00e9butants<\/a>. Commencez par faire germer les graines dans un environnement humide, comme expliqu\u00e9 dans notre guide sur <a href=\"https:\/\/freeseedsonline.com\/fr\/germination-des-graines-de-cannabis\">la germination des graines de cannabis<\/a>, puis plantez-les dans un sol bien drain\u00e9.<\/p>\n<p>Pour la culture en int\u00e9rieur, Super Skunk est id\u00e9ale dans une tente de culture, o\u00f9 vous pouvez contr\u00f4ler la temp\u00e9rature et l\u2019humidit\u00e9 pour une croissance optimale. Utilisez un substrat recommand\u00e9 dans <a href=\"https:\/\/freeseedsonline.com\/fr\/top-3-des-meilleurs-sols-pour-votre-plante-de-cannabis\">le meilleur terreau pour plantes de cannabis<\/a>, et envisagez des techniques comme le <a href=\"https:\/\/freeseedsonline.com\/fr\/tailler-les-plantes-de-cannabis\">fimming<\/a> pour entra\u00eener la plante \u00e0 obtenir de meilleurs rendements. La p\u00e9riode de floraison d\u2019environ 45 jours en fait une option rapide, avec des rendements \u00e9lev\u00e9s pouvant atteindre 500 grammes par m\u00e8tre carr\u00e9 dans des conditions id\u00e9ales.<\/p>\n<p>En ext\u00e9rieur, Super Skunk prosp\u00e8re dans un endroit ensoleill\u00e9 et bien ventil\u00e9, et r\u00e9siste aux nuisibles typiques comme les moisissures \u2013 consultez <a href=\"https:\/\/freeseedsonline.com\/fr\/combattre-les-moisissures-et-les-nuisibles-de-manire-biologique\">nos conseils pour la lutte biologique<\/a> pour la pr\u00e9vention. Le niveau de difficult\u00e9 est faible, mais pour les d\u00e9butants, nous recommandons de commencer avec une petite installation. Astuces : Maintenez le pH du sol entre 6,0 et 7,0, et assurez une bonne ventilation pour g\u00e9rer l\u2019odeur forte. Que vous cultiviez en int\u00e9rieur ou en ext\u00e9rieur, ces graines offrent des r\u00e9sultats constants avec une intervention minimale.<\/p>\n<h3>Effets, go\u00fbt et ar\u00f4me<\/h3>\n<p>Les graines de cannabis Super Skunk offrent une exp\u00e9rience unique en termes d\u2019effets, de go\u00fbt et d\u2019ar\u00f4me, ce qui les rend populaires aupr\u00e8s des utilisateurs r\u00e9cr\u00e9atifs et m\u00e9dicinaux. L\u2019effet est imm\u00e9diat et puissant, avec un high c\u00e9r\u00e9bral euphorique qui \u00e9volue vers une d\u00e9tente corporelle relaxante, id\u00e9al pour soulager le stress et stimuler la cr\u00e9ativit\u00e9. Cette hybride \u00e0 dominance Sativa procure un effet durable et pierreux qui \u00e9l\u00e8ve l\u2019esprit tout en apaisant le corps, ce qui la rend adapt\u00e9e pour des journ\u00e9es interminables ou une d\u00e9tente en soir\u00e9e.<\/p>\n<p>En termes de go\u00fbt et d\u2019ar\u00f4me, Super Skunk est inimitable, avec une odeur musqu\u00e9e et skunky contenant des notes de citron et de fruits \u2013 un vrai r\u00e9gal pour les amateurs de saveurs terreuses. Le go\u00fbt est doux et skunky, avec une touche de haschisch qui persiste. \u00c0 des fins m\u00e9dicinales, cette vari\u00e9t\u00e9 est efficace contre la douleur, l\u2019insomnie et le stress, comme expliqu\u00e9 dans <a href=\"https:\/\/freeseedsonline.com\/fr\/cannabis-cbd-et-thc\">notre explication sur le CBD et le THC<\/a>, et est souvent utilis\u00e9e par nos clients pour des troubles comme l\u2019anxi\u00e9t\u00e9, les naus\u00e9es et les douleurs musculaires. Il n\u2019est pas surprenant que Super Skunk figure en t\u00eate des listes de <a href=\"https:\/\/freeseedsonline.com\/fr\/quelles-plantes-de-cannabis-contiennent-un-taux-lev-de-cbd-\">graines de cannabis \u00e0 haute teneur en CBD<\/a> pour la relaxation.<\/p>\n<h3>Comparaison avec des vari\u00e9t\u00e9s similaires<\/h3>\n<p>Bien que les graines de cannabis Super Skunk excellent en termes de facilit\u00e9 et de rendement, il est utile de les comparer \u00e0 des options similaires pour faire le meilleur choix lors de la commande de graines de cannabis. Par exemple, compar\u00e9es aux <a href=\"https:\/\/freeseedsonline.com\/fr\/produits\/graines-de-cannabis-royal-ak\">graines de cannabis Royal AK<\/a>, qui ont \u00e9galement une dominance Sativa, Super Skunk offre une p\u00e9riode de floraison plus rapide et une meilleure r\u00e9sistance aux maladies, mais Royal AK procure souvent un high plus \u00e9nergique. D\u2019un autre c\u00f4t\u00e9, Super Skunk est similaire \u00e0 <a href=\"https:\/\/freeseedsonline.com\/fr\/produits\/sweet-skunk-automatique\">Sweet Skunk Automatic<\/a>, toutes deux ayant un go\u00fbt skunky, mais Super Skunk a une p\u00e9riode de floraison plus courte et des rendements plus \u00e9lev\u00e9s, tandis que Sweet Skunk fleurit automatiquement pour encore plus de facilit\u00e9.<\/p>\n<p>Pour les d\u00e9butants \u00e0 la recherche d\u2019une alternative similaire, envisagez le <a href=\"https:\/\/freeseedsonline.com\/fr\/produits\/5-pack-sugar-haze-graines-de-cannabis-rgulires\">pack de 5 graines de cannabis r\u00e9guli\u00e8res Sugar Haze<\/a>, qui ont un ar\u00f4me plus fruit\u00e9 mais sont moins r\u00e9sistantes aux moisissures. En r\u00e9sum\u00e9, Super Skunk l\u2019emporte en termes de fiabilit\u00e9, tandis que ces alternatives varient en effets et en style de culture, comme expliqu\u00e9 dans <a href=\"https:\/\/freeseedsonline.com\/fr\/quelle-est-la-diffrence-entre-indica-et-sativa-\">la diff\u00e9rence entre Indica et Sativa<\/a>.<\/p>\n<h3>Questions fr\u00e9quentes sur les graines de cannabis Super Skunk<\/h3>\n<ul>\n<li><strong>Q :<\/strong> Super Skunk est-elle facile \u00e0 cultiver pour les d\u00e9butants ? <strong>R :<\/strong> Oui, Super Skunk est l\u2019une des graines de cannabis les plus faciles \u00e0 cultiver, gr\u00e2ce \u00e0 sa r\u00e9sistance naturelle aux moisissures et aux maladies, et \u00e0 sa croissance rapide qui fleurit en 45 jours. Elle est id\u00e9ale pour les d\u00e9butants, car elle offre des rendements constants avec un minimum de soins, comme d\u00e9crit dans nos guides.<\/li>\n<li><strong>Q :<\/strong> Quelle est la teneur en THC de Super Skunk et quels sont ses effets ? <strong>R :<\/strong> Super Skunk a une teneur en THC moyenne \u00e0 \u00e9lev\u00e9e, ce qui entra\u00eene un high euphorique puissant et durable, efficace contre la douleur et le stress. Cela la rend populaire pour un usage r\u00e9cr\u00e9atif et m\u00e9dicinal, avec un \u00e9quilibre moins \u00e9crasant que les vari\u00e9t\u00e9s purement Sativa.<\/li>\n<li><strong>Q :<\/strong> Super Skunk peut-elle \u00eatre cultiv\u00e9e en int\u00e9rieur et en ext\u00e9rieur ? <strong>R :<\/strong> Absolument, Super Skunk est polyvalente et performe remarquablement bien en int\u00e9rieur comme en ext\u00e9rieur, avec une p\u00e9riode de floraison de 45 jours en int\u00e9rieur et une r\u00e9colte fin septembre en ext\u00e9rieur. Elle est particuli\u00e8rement adapt\u00e9e aux d\u00e9butants en ext\u00e9rieur, \u00e0 condition d\u2019avoir suffisamment de soleil et de ventilation pour \u00e9viter les nuisibles.<\/li>\n<li><strong>Q :<\/strong> Quels sont les bienfaits m\u00e9dicinaux de Super Skunk ? <strong>R :<\/strong> Super Skunk est souvent utilis\u00e9e pour soulager le stress, l\u2019anxi\u00e9t\u00e9, les naus\u00e9es et les douleurs musculaires, gr\u00e2ce \u00e0 ses effets relaxants et \u00e0 ses niveaux de THC. Nos clients appr\u00e9cient ces propri\u00e9t\u00e9s, mais consultez toujours un professionnel pour des conseils personnalis\u00e9s.<\/li>\n<\/ul>\n<h3>Pourquoi commander chez nous<\/h3>\n<p>Chez freeseedsonline.com, vous \u00eates assur\u00e9 de recevoir des graines de cannabis Super Skunk de haute qualit\u00e9 \u00e0 un prix attractif de seulement 5,80 \u20ac, avec une livraison rapide et discr\u00e8te. Nous offrons un soutien complet via nos blogs, comme <a href=\"https:\/\/freeseedsonline.com\/fr\/quest-ce-que-les-graines-de-cannabis-\">ce que sont les graines de cannabis<\/a>, pour rendre votre aventure de culture plus agr\u00e9able. De plus, vous b\u00e9n\u00e9ficiez toujours de notre offre exclusive : <strong>achetez 4, payez 3<\/strong>, ce qui vous permet d\u2019obtenir plus de valeur pour votre argent et d\u2019exp\u00e9rimenter diff\u00e9rentes graines de cannabis sans frais suppl\u00e9mentaires.<\/p>\n","protected":false},"excerpt":{"rendered":"<p><span style=\"color: #00a859;\"><strong>THC :<\/strong><\/span> <strong>19%<\/strong><\/p>\n<p><span style=\"color: #00a859;\"><strong>Type :<\/strong><\/span> 65% <strong>Sativa <\/strong>35% <strong>Indica<\/strong><\/p>\n<p><span style=\"color: #00a859;\"><strong>Hauteur moyenne en int\u00e9rieur :<\/strong><\/span> 90-1.20 cm<\/p>\n<p><span style=\"color: #00a859;\"><strong>Hauteur moyenne en ext\u00e9rieur :<\/strong><\/span> 1.40-1.80 cm<\/p>\n<p><span style=\"color: #00a859;\"><strong>Rendement moyen en int\u00e9rieur jusqu&rsquo;\u00e0 :<\/strong><\/span> jusqu&rsquo;\u00e0 550 grammes\/m2<\/p>\n<p><strong><span style=\"color: #00a859;\">Rendement moyen en ext\u00e9rieur : <\/span><\/strong>par plante 400 grammes<\/p>\n<p><span style=\"color: #00a859;\"><strong>P\u00e9riode de floraison en int\u00e9rieur :<\/strong><\/span> 7 \u00e0 8 semaines<\/p>\n<p><span style=\"color: #50b848;\"><strong>P\u00e9riode de floraison en ext\u00e9rieur :<\/strong><\/span> septembre\/octobre<\/p>\n<p>&nbsp;<\/p>\n","protected":false},"featured_media":192617,"comment_status":"closed","ping_status":"closed","template":"","meta":[],"product_brand":[],"product_cat":[626,645,658,648,653,650,623,642,631,620,637],"product_tag":[],"class_list":{"0":"post-162759","1":"product","2":"type-product","3":"status-publish","4":"has-post-thumbnail","6":"product_cat-graines-de-cannabis-bon-marche","7":"product_cat-graines-de-cannabis-feminisees","8":"product_cat-graines-de-cannabis-medicinales","9":"product_cat-graines-de-cannabis-pour-debutants","10":"product_cat-graines-de-cannabis-pour-exterieur","11":"product_cat-graines-de-cannabis-pour-interieur","12":"product_cat-graines-fso","13":"product_cat-recolte-rapide","14":"product_cat-rendement-eleve","15":"product_cat-toutes-les-varietes","16":"product_cat-varietes-pour-debutants","18":"first","19":"instock","20":"taxable","21":"shipping-taxable","22":"purchasable","23":"product-type-simple"},"_links":{"self":[{"href":"https:\/\/freeseedsonline.com\/fr\/wp-json\/wp\/v2\/product\/162759","targetHints":{"allow":["GET"]}}],"collection":[{"href":"https:\/\/freeseedsonline.com\/fr\/wp-json\/wp\/v2\/product"}],"about":[{"href":"https:\/\/freeseedsonline.com\/fr\/wp-json\/wp\/v2\/types\/product"}],"replies":[{"embeddable":true,"href":"https:\/\/freeseedsonline.com\/fr\/wp-json\/wp\/v2\/comments?post=162759"}],"wp:featuredmedia":[{"embeddable":true,"href":"https:\/\/freeseedsonline.com\/fr\/wp-json\/wp\/v2\/media\/192617"}],"wp:attachment":[{"href":"https:\/\/freeseedsonline.com\/fr\/wp-json\/wp\/v2\/media?parent=162759"}],"wp:term":[{"taxonomy":"product_brand","embeddable":true,"href":"https:\/\/freeseedsonline.com\/fr\/wp-json\/wp\/v2\/product_brand?post=162759"},{"taxonomy":"product_cat","embeddable":true,"href":"https:\/\/freeseedsonline.com\/fr\/wp-json\/wp\/v2\/product_cat?post=162759"},{"taxonomy":"product_tag","embeddable":true,"href":"https:\/\/freeseedsonline.com\/fr\/wp-json\/wp\/v2\/product_tag?post=162759"}],"curies":[{"name":"wp","href":"https:\/\/api.w.org\/{rel}","templated":true}]}}