{"id":162742,"date":"2026-02-13T16:46:13","date_gmt":"2026-02-13T16:46:13","guid":{"rendered":"https:\/\/freeseedsonline.com\/?p=162742"},"modified":"2026-02-13T16:46:13","modified_gmt":"2026-02-13T16:46:13","slug":"graines-de-cannabis-power-plant","status":"publish","type":"product","link":"https:\/\/freeseedsonline.com\/fr\/produits\/graines-de-cannabis-power-plant\/","title":{"rendered":"Graines de cannabis Power Plant"},"content":{"rendered":"<h2>Graines de Cannabis Power Plant<\/h2>\n<p>D\u00e9couvrez la puissance des <strong>graines de cannabis Power Plant<\/strong>, l&rsquo;une des vari\u00e9t\u00e9s \u00e0 dominance sativa les plus appr\u00e9ci\u00e9es par les cultivateurs d\u00e9butants comme exp\u00e9riment\u00e9s. Si vous cherchez \u00e0 <em>acheter des graines de cannabis<\/em> ou \u00e0 <em>commander des graines de cannabis<\/em> avec un rendement impressionnant et des effets \u00e9nergisants, ce classique sud-africain est parfait pour vous. Chez freeseedsonline.com, nous proposons ces <em>graines de cannabis<\/em> de haute qualit\u00e9, qui sont depuis des ann\u00e9es un favori parmi les amateurs souhaitant cultiver de gros bourgeons riches en r\u00e9sine.<\/p>\n<h3>Caract\u00e9ristiques et sp\u00e9cifications<\/h3>\n<p>Les graines de cannabis Power Plant sont r\u00e9put\u00e9es pour leur g\u00e9n\u00e9tique robuste et leurs performances impressionnantes, tant en int\u00e9rieur qu&rsquo;en ext\u00e9rieur. Voici un aper\u00e7u des principales caract\u00e9ristiques, bas\u00e9 sur une vaste exp\u00e9rience de culture.<\/p>\n<ul>\n<li><strong>G\u00e9n\u00e9tique :<\/strong> 85 % Sativa et 15 % Indica, issue d&rsquo;une lign\u00e9e sud-africaine IBL (Inbred Line), garantissant une croissance puissante et \u00e9nergique.<\/li>\n<li><strong>Teneur en THC :<\/strong> Environ 18 %, contribuant \u00e0 un effet stimulant et \u00e9nergisant, avec une faible teneur en CBD, ce qui la rend principalement adapt\u00e9e \u00e0 un usage r\u00e9cr\u00e9atif.<\/li>\n<li><strong>Taille de la plante :<\/strong> Peut atteindre 1,5 m\u00e8tre en int\u00e9rieur et jusqu&rsquo;\u00e0 2 m\u00e8tres en ext\u00e9rieur, avec des feuilles longues et \u00e9troites typiques des vari\u00e9t\u00e9s \u00e0 dominance sativa.<\/li>\n<li><strong>Temps de floraison :<\/strong> Rapide et efficace, avec une p\u00e9riode de floraison de 8 \u00e0 9 semaines, id\u00e9al pour les cultivateurs souhaitant des r\u00e9sultats rapides.<\/li>\n<li><strong>Rendement :<\/strong> Jusqu&rsquo;\u00e0 600 grammes par m\u00b2 en int\u00e9rieur et 500 grammes par plante en ext\u00e9rieur, gr\u00e2ce \u00e0 de gros bourgeons denses avec relativement peu de feuilles, facilitant la taille.<\/li>\n<li><strong>Type de graines :<\/strong> Graines f\u00e9minis\u00e9es, ce qui signifie que vous pouvez commencer la culture directement sans avoir \u00e0 \u00e9liminer les plantes m\u00e2les.<\/li>\n<\/ul>\n<p>Ces sp\u00e9cifications font des graines de cannabis Power Plant un choix fiable pour ceux qui souhaitent <em>commander des graines de cannabis<\/em> en mettant l&rsquo;accent sur une productivit\u00e9 \u00e9lev\u00e9e et une culture facile.<\/p>\n<h3>Informations d\u00e9taill\u00e9es sur la culture<\/h3>\n<p>Les graines de cannabis Power Plant conviennent particuli\u00e8rement aux cultivateurs de tous niveaux, avec une difficult\u00e9 moyenne qui les rend id\u00e9ales pour les d\u00e9butants. Cette vari\u00e9t\u00e9 prosp\u00e8re aussi bien en int\u00e9rieur qu&rsquo;en ext\u00e9rieur, mais n\u00e9cessite une certaine attention durant les premi\u00e8res phases de croissance en raison de son influence sativa, qui peut produire des pousses longues et fragiles. Pour la culture en int\u00e9rieur, nous recommandons de commencer dans un environnement contr\u00f4l\u00e9, comme une tente de culture, o\u00f9 vous pouvez r\u00e9guler la temp\u00e9rature et l&rsquo;humidit\u00e9 pour \u00e9viter les moisissures \u2013 consultez notre article sur <a href=\"https:\/\/freeseedsonline.com\/fr\/cultiver-du-cannabis-en-intrieur\">cultiver du cannabis en int\u00e9rieur<\/a> pour plus de conseils.<\/p>\n<p>Lors de la germination des graines, vous pouvez utiliser la m\u00e9thode des serviettes en papier, comme d\u00e9crit dans notre blog sur <a href=\"https:\/\/freeseedsonline.com\/fr\/germination-des-graines-de-cannabis\">la germination des graines de cannabis<\/a>. Plantez les graines dans un sol bien drain\u00e9, comme un m\u00e9lange de terreau et de perlite, pour une croissance optimale des racines \u2013 apprenez-en plus dans <a href=\"https:\/\/freeseedsonline.com\/fr\/top-3-des-meilleurs-sols-pour-votre-plante-de-cannabis\">quel est le meilleur sol pour une plante de cannabis<\/a>. Pendant la phase v\u00e9g\u00e9tative, qui dure environ 4 \u00e0 6 semaines, vous pouvez appliquer des techniques comme le pincement ou le fimming pour stimuler plusieurs bourgeons ; notre guide sur <a href=\"https:\/\/freeseedsonline.com\/fr\/tailler-les-plantes-de-cannabis\">le fimming des plantes de cannabis<\/a> propose des instructions utiles.<\/p>\n<p>Pour la culture en ext\u00e9rieur, Power Plant excelle dans un climat ensoleill\u00e9, avec une pr\u00e9f\u00e9rence pour des conditions chaudes et s\u00e8ches afin d&rsquo;\u00e9viter les dommages caus\u00e9s par le gel. La difficult\u00e9 est mod\u00e9r\u00e9e, mais les d\u00e9butants peuvent b\u00e9n\u00e9ficier de la m\u00e9thode SCROG pour une meilleure r\u00e9partition de la lumi\u00e8re \u2013 voir <a href=\"https:\/\/freeseedsonline.com\/fr\/cultiver-du-cannabis-avec-la-mthode-scrog\">cultiver du cannabis avec la m\u00e9thode SCROG<\/a>. Prenez en compte la lutte contre les nuisibles, comme les limaces ou les moisissures, et utilisez des m\u00e9thodes biologiques d\u00e9crites dans notre article sur <a href=\"https:\/\/freeseedsonline.com\/fr\/combattre-les-moisissures-et-les-nuisibles-de-manire-biologique\">lutter biologiquement contre les moisissures et les nuisibles<\/a>. Avec les bons soins, cette vari\u00e9t\u00e9 offre des rendements constants, m\u00eame dans une configuration de culture gu\u00e9rilla.<\/p>\n<h3>Effets, go\u00fbt et ar\u00f4me<\/h3>\n<p>Les effets des graines de cannabis Power Plant sont principalement \u00e9nergisants et stimulants, gr\u00e2ce \u00e0 la g\u00e9n\u00e9tique sativa dominante, ce qui entra\u00eene un high puissant qui stimule la cr\u00e9ativit\u00e9 et la concentration. Les utilisateurs ressentent souvent un buzz euphorique qui commence dans la t\u00eate et se propage progressivement au corps, id\u00e9al pour les activit\u00e9s diurnes ou les occasions sociales. Bien qu&rsquo;elle n&rsquo;ait pas un profil m\u00e9dicinal primaire, elle peut aider \u00e0 r\u00e9duire le stress ou les douleurs l\u00e9g\u00e8res, notamment gr\u00e2ce \u00e0 sa teneur en THC \u2013 pour plus d&rsquo;informations sur le THC et le CBD, visitez <a href=\"https:\/\/freeseedsonline.com\/fr\/cannabis-cbd-et-thc\">cannabis CBD et THC<\/a>.<\/p>\n<p>En termes de go\u00fbt et d&rsquo;ar\u00f4me, Power Plant offre une note de citron vert aigre-douce, avec une touche fra\u00eeche et citronn\u00e9e m\u00eal\u00e9e \u00e0 de subtiles nuances \u00e9pic\u00e9es. Les bourgeons riches en r\u00e9sine d\u00e9gagent un parfum intense et sucr\u00e9 pendant la floraison, rendant la culture encore plus attrayante. Ces caract\u00e9ristiques en font un choix polyvalent pour les amateurs \u00e0 la recherche d&rsquo;une exp\u00e9rience sensorielle unique, et elle peut \u00e9galement \u00eatre utilis\u00e9e dans des recettes, comme d\u00e9crit dans <a href=\"https:\/\/freeseedsonline.com\/fr\/cuisiner-de-manire-crative-avec-du-cannabis-recettes-varies-base-de-graines-de-cannabis\">cuisiner cr\u00e9ativement avec du cannabis<\/a>.<\/p>\n<h3>Comparaison avec des vari\u00e9t\u00e9s similaires<\/h3>\n<p>Compar\u00e9e \u00e0 d&rsquo;autres vari\u00e9t\u00e9s populaires \u00e0 dominance sativa, Power Plant se distingue par son rendement \u00e9lev\u00e9 et son temps de floraison rapide, mais elle partage des similitudes avec des vari\u00e9t\u00e9s comme Big Bud, qui produit \u00e9galement de gros bourgeons mais avec une influence indica l\u00e9g\u00e8rement plus marqu\u00e9e. Pour un high \u00e9nergisant similaire, jetez un \u0153il \u00e0 <a href=\"https:\/\/freeseedsonline.com\/fr\/produits\/graines-de-cannabis-big-bud\">les graines de cannabis Big Bud<\/a>, qui offrent un rendement encore plus \u00e9lev\u00e9 pour les cultivateurs commerciaux. Si vous pr\u00e9f\u00e9rez un go\u00fbt plus fruit\u00e9, envisagez <a href=\"https:\/\/freeseedsonline.com\/fr\/produits\/pack-de-10-graines-de-cannabis-blueberry\">le pack de 10 graines de cannabis Blueberry<\/a>, qui procure une exp\u00e9rience plus relaxante. Les graines de cannabis Northern Light, disponibles via <a href=\"https:\/\/freeseedsonline.com\/fr\/produits\/graines-de-cannabis-northern-light\">Northern Light graines de cannabis<\/a>, sont une bonne alternative pour les d\u00e9butants, avec un temps de floraison plus court et une croissance plus robuste. En somme, Power Plant est id\u00e9al pour ceux qui recherchent un \u00e9quilibre entre rendement et efficacit\u00e9.<\/p>\n<h3>Questions fr\u00e9quentes sur les graines de cannabis Power Plant<\/h3>\n<p>Voici les r\u00e9ponses \u00e0 quelques questions fr\u00e9quemment pos\u00e9es sur ce produit, pour vous aider \u00e0 faire un choix \u00e9clair\u00e9.<\/p>\n<p><strong>Q :<\/strong> Quelle est la m\u00e9thode de culture id\u00e9ale pour les graines de cannabis Power Plant ? <strong>R :<\/strong> Les graines de cannabis Power Plant se portent tr\u00e8s bien en int\u00e9rieur comme en ext\u00e9rieur, mais pour les d\u00e9butants, nous recommandons la culture en int\u00e9rieur dans une tente de culture pour contr\u00f4ler la croissance ; assurez un cycle de floraison de 12-12 et une bonne ventilation pour \u00e9viter les moisissures, ce qui garantit des rendements optimaux en 8 semaines.<\/p>\n<p><strong>Q :<\/strong> Power Plant convient-elle \u00e0 des fins m\u00e9dicinales ? <strong>R :<\/strong> Cette vari\u00e9t\u00e9 est principalement r\u00e9cr\u00e9ative en raison de sa forte teneur en THC, mais elle peut aider en cas de stress ou de manque d&rsquo;\u00e9nergie ; elle est moins ax\u00e9e sur le soulagement de la douleur que les vari\u00e9t\u00e9s riches en CBD, donc combinez-la avec d&rsquo;autres graines pour un effet m\u00e9dicinal plus large, comme d\u00e9crit dans nos blogs sur le cannabis m\u00e9dicinal.<\/p>\n<p><strong>Q :<\/strong> Comment comparer le rendement de Power Plant avec d&rsquo;autres graines ? <strong>R :<\/strong> Power Plant offre jusqu&rsquo;\u00e0 600 grammes par m\u00b2 en int\u00e9rieur, ce qui est sup\u00e9rieur \u00e0 de nombreuses vari\u00e9t\u00e9s pour d\u00e9butants, mais comparable \u00e0 Big Bud ; c&rsquo;est un choix fiable pour des volumes \u00e9lev\u00e9s, surtout si vous appliquez des techniques de pincement ou d&rsquo;entra\u00eenement pour une croissance maximale.<\/p>\n<p><strong>Q :<\/strong> Puis-je cultiver les graines de cannabis Power Plant en ext\u00e9rieur aux Pays-Bas ? <strong>R :<\/strong> Oui, ces graines sont bien adapt\u00e9es \u00e0 la culture en ext\u00e9rieur dans un climat chaud, mais prot\u00e9gez-les du gel et des pluies excessives ; suivez notre guide sur <em>cultiver du cannabis en ext\u00e9rieur<\/em> pour des conseils sur une culture discr\u00e8te et r\u00e9ussie dans des conditions n\u00e9erlandaises.<\/p>\n<h3>Pourquoi commander chez nous ?<\/h3>\n<p>Chez freeseedsonline.com, vous pouvez compter sur la meilleure qualit\u00e9 pour <em>acheter des graines de cannabis<\/em>, avec des stocks frais et une exp\u00e9dition discr\u00e8te. Nous proposons toujours l&rsquo;offre attractive \u00ab\u00a04 pour le prix de 3\u00a0\u00bb pour une valeur ajout\u00e9e, afin que vous puissiez exp\u00e9rimenter davantage sans frais suppl\u00e9mentaires. Notre \u00e9quipe d&rsquo;experts est pr\u00eate \u00e0 vous conseiller, et avec notre exp\u00e9rience \u00e9prouv\u00e9e, vous \u00eates assur\u00e9 de satisfaction et d&rsquo;une livraison rapide. Choisissez-nous et rendez votre aventure de culture inoubliable !<\/p>\n","protected":false},"excerpt":{"rendered":"<p><strong><span style=\"color: #00a859;\">Sexe :<\/span><\/strong> F\u00e9minis\u00e9es<\/p>\n<p><span style=\"color: #00a859;\"><strong>THC :<\/strong><\/span> <strong>18%<\/strong><\/p>\n<p><span style=\"color: #50b848;\"><strong>CBD :<\/strong><\/span> Faible<\/p>\n<p><span style=\"color: #00a859;\"><strong>Type :<\/strong><\/span> 85% <strong>Sativa<\/strong> 15% <strong>Indica<\/strong><\/p>\n<p><span style=\"color: #00a859;\"><strong>Hauteur moyenne en int\u00e9rieur :<\/strong><\/span> 100 \u00e0 130 cm<\/p>\n<p><span style=\"color: #00a859;\"><strong>Hauteur moyenne en ext\u00e9rieur :<\/strong><\/span> 150 \u00e0 200 cm<\/p>\n<p><span style=\"color: #00a859;\"><strong>Rendement moyen en int\u00e9rieur jusqu&rsquo;\u00e0 :<\/strong><\/span> 500 grammes par plante<\/p>\n<p><strong><span style=\"color: #00a859;\">Rendement moyen en ext\u00e9rieur :<\/span><\/strong> 600 grammes par m\u00b2<\/p>\n<p><span style=\"color: #00a859;\"><strong>P\u00e9riode de floraison en int\u00e9rieur :<\/strong><\/span> 8 \u00e0 9 semaines<\/p>\n<p><span style=\"color: #50b848;\"><strong>P\u00e9riode de floraison en ext\u00e9rieur :<\/strong><\/span> Septembre\/Octobre<\/p>\n<p>&nbsp;<\/p>\n","protected":false},"featured_media":192442,"comment_status":"closed","ping_status":"closed","template":"","meta":[],"product_brand":[],"product_cat":[645,648,653,650,623,620,637],"product_tag":[49],"class_list":{"0":"post-162742","1":"product","2":"type-product","3":"status-publish","4":"has-post-thumbnail","6":"product_cat-graines-de-cannabis-feminisees","7":"product_cat-graines-de-cannabis-pour-debutants","8":"product_cat-graines-de-cannabis-pour-exterieur","9":"product_cat-graines-de-cannabis-pour-interieur","10":"product_cat-graines-fso","11":"product_cat-toutes-les-varietes","12":"product_cat-varietes-pour-debutants","13":"product_tag-power-plant-wietzaden","15":"first","16":"instock","17":"taxable","18":"shipping-taxable","19":"purchasable","20":"product-type-simple"},"_links":{"self":[{"href":"https:\/\/freeseedsonline.com\/fr\/wp-json\/wp\/v2\/product\/162742","targetHints":{"allow":["GET"]}}],"collection":[{"href":"https:\/\/freeseedsonline.com\/fr\/wp-json\/wp\/v2\/product"}],"about":[{"href":"https:\/\/freeseedsonline.com\/fr\/wp-json\/wp\/v2\/types\/product"}],"replies":[{"embeddable":true,"href":"https:\/\/freeseedsonline.com\/fr\/wp-json\/wp\/v2\/comments?post=162742"}],"wp:featuredmedia":[{"embeddable":true,"href":"https:\/\/freeseedsonline.com\/fr\/wp-json\/wp\/v2\/media\/192442"}],"wp:attachment":[{"href":"https:\/\/freeseedsonline.com\/fr\/wp-json\/wp\/v2\/media?parent=162742"}],"wp:term":[{"taxonomy":"product_brand","embeddable":true,"href":"https:\/\/freeseedsonline.com\/fr\/wp-json\/wp\/v2\/product_brand?post=162742"},{"taxonomy":"product_cat","embeddable":true,"href":"https:\/\/freeseedsonline.com\/fr\/wp-json\/wp\/v2\/product_cat?post=162742"},{"taxonomy":"product_tag","embeddable":true,"href":"https:\/\/freeseedsonline.com\/fr\/wp-json\/wp\/v2\/product_tag?post=162742"}],"curies":[{"name":"wp","href":"https:\/\/api.w.org\/{rel}","templated":true}]}}