{"id":162738,"date":"2026-02-13T16:45:25","date_gmt":"2026-02-13T16:45:25","guid":{"rendered":"https:\/\/freeseedsonline.com\/?p=162738"},"modified":"2026-02-13T16:45:25","modified_gmt":"2026-02-13T16:45:25","slug":"graines-de-cannabis-og-kush","status":"publish","type":"product","link":"https:\/\/freeseedsonline.com\/fr\/produits\/graines-de-cannabis-og-kush\/","title":{"rendered":"Graines de cannabis OG Kush"},"content":{"rendered":"<h2>Graines de cannabis OG Kush<\/h2>\n<p>D\u00e9couvrez les graines de cannabis OG Kush, un choix embl\u00e9matique parmi les amateurs de cannabis \u00e0 la recherche d&rsquo;une vari\u00e9t\u00e9 puissante et fiable. Cette hybride \u00e0 dominance indica est r\u00e9put\u00e9e pour ses effets impressionnants et son rendement \u00e9lev\u00e9, ce qui la rend parfaite pour les cultivateurs d\u00e9butants comme exp\u00e9riment\u00e9s. Si vous cherchez \u00e0 <em>acheter des graines de cannabis<\/em> ou \u00e0 <em>commander des graines de cannabis<\/em> avec un \u00e9quilibre entre puissance et saveur, les graines OG Kush de freeseedsonline.com sont le choix id\u00e9al pour votre prochaine aventure de culture.<\/p>\n<h3>Caract\u00e9ristiques et sp\u00e9cifications<\/h3>\n<p>Les graines de cannabis OG Kush offrent une combinaison impressionnante de g\u00e9n\u00e9tique et de performance, ce qui les distingue dans les jardins int\u00e9rieurs comme ext\u00e9rieurs. Ces graines sont f\u00e9minis\u00e9es, ce qui signifie qu&rsquo;elles produisent exclusivement des plantes femelles, et elles appartiennent \u00e0 la cat\u00e9gorie des vari\u00e9t\u00e9s \u00e0 forte teneur en THC avec un excellent rendement. Voici un aper\u00e7u des principales caract\u00e9ristiques et sp\u00e9cifications :<\/p>\n<ul>\n<li><strong>G\u00e9n\u00e9tique :<\/strong> Hybride \u00e0 dominance indica, probablement un croisement entre Hindu Kush et une vari\u00e9t\u00e9 indica inconnue, r\u00e9sultant en une plante robuste et r\u00e9sistante.<\/li>\n<li><strong>Teneur en THC :<\/strong> Jusqu&rsquo;\u00e0 19 %, contribuant \u00e0 des effets puissants, id\u00e9al pour les utilisateurs recherchant une exp\u00e9rience relaxante intense.<\/li>\n<li><strong>Teneur en CBD :<\/strong> Faible, mais suffisante pour des applications m\u00e9dicinales l\u00e9g\u00e8res, comme le soulagement du stress.<\/li>\n<li><strong>Taille :<\/strong> Plantes compactes atteignant 1 m\u00e8tre en int\u00e9rieur et jusqu&rsquo;\u00e0 1,5 m\u00e8tre en ext\u00e9rieur, ce qui les rend polyvalentes pour diff\u00e9rents environnements de culture.<\/li>\n<li><strong>Temps de floraison :<\/strong> Pr\u00eate \u00e0 \u00eatre r\u00e9colt\u00e9e rapidement avec une p\u00e9riode de floraison de 8 \u00e0 9 semaines, parfaite pour les cultivateurs souhaitant des r\u00e9sultats rapides.<\/li>\n<li><strong>Rendement :<\/strong> Rendement \u00e9lev\u00e9 allant jusqu&rsquo;\u00e0 600 grammes par m\u00e8tre carr\u00e9 en int\u00e9rieur, et jusqu&rsquo;\u00e0 700 grammes par plante en ext\u00e9rieur, gr\u00e2ce \u00e0 des t\u00eates denses et riches en r\u00e9sine.<\/li>\n<li><strong>Difficult\u00e9 :<\/strong> Convient aux d\u00e9butants, avec une croissance r\u00e9sistante tol\u00e9rant les petites erreurs, comme expliqu\u00e9 dans notre guide sur <a href=\"https:\/\/freeseedsonline.com\/fr\/cultiver-du-cannabis-pour-les-dbutants\">la culture de cannabis pour d\u00e9butants<\/a>.<\/li>\n<\/ul>\n<h3>Informations d\u00e9taill\u00e9es sur la culture<\/h3>\n<p>Lors de la culture des graines de cannabis OG Kush, il est essentiel de se concentrer sur un environnement stable, car cette vari\u00e9t\u00e9 prosp\u00e8re aussi bien en int\u00e9rieur qu&rsquo;en ext\u00e9rieur. Avec sa dominance indica, OG Kush est relativement indulgente, ce qui en fait un choix de pr\u00e9dilection pour les cultivateurs novices souhaitant explorer les <em>graines de cannabis<\/em>. Assurez-vous d&rsquo;avoir un espace bien ventil\u00e9 pour \u00e9viter les moisissures et envisagez des techniques comme le SCROG pour un rendement maximal.<\/p>\n<p>Pour la culture en int\u00e9rieur, nous recommandons de commencer avec une tente de culture, comme discut\u00e9 dans notre article sur <a href=\"https:\/\/freeseedsonline.com\/fr\/tentes-de-culture\">les tentes de culture<\/a>, o\u00f9 OG Kush performe de mani\u00e8re optimale sous des lampes LED avec un cycle lumineux de 18\/6 heures pendant la phase de croissance. Les plantes atteignent leur plein potentiel dans un sol \u00e0 pH neutre, comme recommand\u00e9 dans <a href=\"https:\/\/freeseedsonline.com\/fr\/top-3-des-meilleurs-sols-pour-votre-plante-de-cannabis\">le meilleur sol pour les plantes de cannabis<\/a>, et n\u00e9cessitent une taille r\u00e9guli\u00e8re pour maintenir la circulation de l&rsquo;air. En ext\u00e9rieur, OG Kush prosp\u00e8re dans un climat ensoleill\u00e9, avec une pr\u00e9f\u00e9rence pour des conditions chaudes et m\u00e9diterran\u00e9ennes, et convient \u00e0 la culture de gu\u00e9rilla, comme expliqu\u00e9 dans <a href=\"https:\/\/freeseedsonline.com\/fr\/emplacements-populaires-pour-une-culture-de-gurilla\">les emplacements populaires pour la culture de gu\u00e9rilla<\/a>.<\/p>\n<p>La phase de croissance dure environ 4 \u00e0 6 semaines, suivie d&rsquo;une p\u00e9riode de floraison de 8 \u00e0 9 semaines. Prenez en compte une hauteur moyenne de croissance de 1 m\u00e8tre, ce qui est peu encombrant, mais entra\u00eenez les plantes avec des techniques comme le fimming pour une meilleure distribution de la lumi\u00e8re \u2013 apprenez-en plus dans <a href=\"https:\/\/freeseedsonline.com\/fr\/tailler-les-plantes-de-cannabis\">notre article sur le fimming<\/a>. La difficult\u00e9 est faible \u00e0 moyenne ; les d\u00e9butants peuvent profiter de sa r\u00e9sistance aux probl\u00e8mes courants comme les moisissures, \u00e0 condition de prendre des mesures pr\u00e9ventives comme dans <a href=\"https:\/\/freeseedsonline.com\/fr\/combattre-les-moisissures-et-les-nuisibles-de-manire-biologique\">la lutte biologique contre les moisissures et les nuisibles<\/a>. Astuce : Faites germer les graines avec soin en utilisant les m\u00e9thodes de <a href=\"https:\/\/freeseedsonline.com\/fr\/germination-des-graines-de-cannabis\">notre guide de germination<\/a> pour un d\u00e9marrage r\u00e9ussi, et utilisez des pots de culture d&rsquo;au moins 10 litres pour un d\u00e9veloppement optimal des racines.<\/p>\n<h3>Effets, go\u00fbt et ar\u00f4me<\/h3>\n<p>Les graines de cannabis OG Kush offrent une exp\u00e9rience unique gr\u00e2ce \u00e0 leurs effets puissants, qui commencent par un high euphorique et c\u00e9r\u00e9bral avant de se transformer en une relaxation profonde. Avec une teneur en THC allant jusqu&rsquo;\u00e0 19 %, cette vari\u00e9t\u00e9 est id\u00e9ale pour soulager le stress et r\u00e9duire l&rsquo;anxi\u00e9t\u00e9, et elle a \u00e9galement des applications m\u00e9dicinales, comme le soulagement de la douleur ou les troubles du sommeil, comme discut\u00e9 dans <a href=\"https:\/\/freeseedsonline.com\/fr\/cannabis-cbd-et-thc\">notre guide sur le CBD et le THC<\/a>. Les effets sont stimulants et cr\u00e9atifs au d\u00e9but, mais m\u00e8nent \u00e0 un high corporel apaisant, parfait pour une utilisation en soir\u00e9e.<\/p>\n<p>En ce qui concerne le go\u00fbt et l&rsquo;ar\u00f4me, OG Kush offre un profil riche avec des notes dominantes de citron, de pin et une subtile nuance de diesel, ce qui la distingue des autres vari\u00e9t\u00e9s. L&rsquo;ar\u00f4me est intense et r\u00e9sineux, avec une odeur fra\u00eeche et terreuse qui se d\u00e9gage pendant la floraison. Pour les utilisateurs m\u00e9dicinaux, cette vari\u00e9t\u00e9 est pr\u00e9cieuse pour sa capacit\u00e9 \u00e0 att\u00e9nuer les sympt\u00f4mes de douleur chronique ou de stress, et elle s&rsquo;int\u00e8gre bien dans des recettes comme celles de <a href=\"https:\/\/freeseedsonline.com\/fr\/application-mdicale-et-recettes-articles-recettes-cannabis-mdical\">nos recettes de cannabis m\u00e9dicinal<\/a>, o\u00f9 les propri\u00e9t\u00e9s indica renforcent les bienfaits relaxants.<\/p>\n<h3>Comparaison avec des vari\u00e9t\u00e9s similaires<\/h3>\n<p>Compar\u00e9e \u00e0 d&rsquo;autres vari\u00e9t\u00e9s populaires comme les graines de cannabis Early Skunk, OG Kush se distingue par sa teneur en THC plus \u00e9lev\u00e9e et son temps de floraison plus rapide, bien que Early Skunk offre une saveur l\u00e9g\u00e8rement plus douce \u2013 consultez <a href=\"https:\/\/freeseedsonline.com\/fr\/produits\/graines-de-cannabis-early-skunk\">les graines Early Skunk<\/a> pour une option comparable. Par rapport aux graines Northern Lights Haze, qui ont plus d&rsquo;influences sativa et n\u00e9cessitent une p\u00e9riode de floraison plus longue, OG Kush est mieux adapt\u00e9e aux d\u00e9butants gr\u00e2ce \u00e0 sa robustesse, comme expliqu\u00e9 dans <a href=\"https:\/\/freeseedsonline.com\/fr\/quelle-est-la-diffrence-entre-indica-et-sativa-\">la diff\u00e9rence entre indica et sativa<\/a>. Pour une variante kush similaire, vous pouvez envisager Skunk Kush, qui offre un rendement comparable mais une saveur plus sucr\u00e9e \u2013 voir <a href=\"https:\/\/freeseedsonline.com\/fr\/produits\/skunk-kush\">Skunk Kush<\/a> pour plus de d\u00e9tails. En somme, les graines de cannabis OG Kush sont le choix pr\u00e9f\u00e9r\u00e9 pour ceux qui recherchent un \u00e9quilibre entre puissance et facilit\u00e9 d&rsquo;utilisation.<\/p>\n<h3>Questions fr\u00e9quentes sur les graines de cannabis OG Kush<\/h3>\n<p><strong>Q : Quelle est la g\u00e9n\u00e9tique des graines de cannabis OG Kush ?<\/strong><br \/>\n<strong>R :<\/strong> OG Kush est une vari\u00e9t\u00e9 hybride \u00e0 dominance indica, probablement issue d&rsquo;un croisement entre Hindu Kush et une indica inconnue, ce qui lui conf\u00e8re une croissance robuste et des effets puissants. Cette g\u00e9n\u00e9tique la rend id\u00e9ale pour la culture en int\u00e9rieur comme en ext\u00e9rieur, avec un accent sur un rendement \u00e9lev\u00e9 et une r\u00e9sistance au stress.<\/p>\n<p><strong>Q : Les graines de cannabis OG Kush conviennent-elles aux d\u00e9butants ?<\/strong><br \/>\n<strong>R :<\/strong> Oui, OG Kush est excellente pour les d\u00e9butants gr\u00e2ce \u00e0 sa croissance indulgente et son temps de floraison rapide, ce qui minimise le risque d&rsquo;erreurs. Elle n\u00e9cessite des soins de base comme une bonne ventilation et un \u00e9clairage ad\u00e9quat, et avec les conseils de <a href=\"https:\/\/freeseedsonline.com\/fr\/cultiver-du-cannabis-pour-les-dbutants\">notre guide pour d\u00e9butants<\/a>, vous pouvez r\u00e9ussir facilement votre culture.<\/p>\n<p><strong>Q : Quels sont les bienfaits m\u00e9dicinaux d&rsquo;OG Kush ?<\/strong><br \/>\n<strong>R :<\/strong> OG Kush aide \u00e0 soulager le stress, l&rsquo;anxi\u00e9t\u00e9 et la douleur gr\u00e2ce \u00e0 sa forte teneur en THC et ses effets relaxants, et peut \u00e9galement favoriser un meilleur sommeil. Pour des applications m\u00e9dicinales, comme dans les edibles, combinez cela avec les informations de <a href=\"https:\/\/freeseedsonline.com\/fr\/quelles-plantes-de-cannabis-contiennent-un-taux-lev-de-cbd-\">nos articles sur le CBD<\/a>, bien que son niveau de CBD soit plus faible.<\/p>\n<p><strong>Q : Comment faire germer les graines de cannabis OG Kush ?<\/strong><br \/>\n<strong>R :<\/strong> Faites germer les graines OG Kush en les pla\u00e7ant dans une serviette en papier humide \u00e0 temp\u00e9rature ambiante, comme d\u00e9taill\u00e9 dans <a href=\"https:\/\/freeseedsonline.com\/fr\/germination-des-graines-de-cannabis\">notre guide de germination<\/a>, puis plantez-les dans un bon sol. Ce processus prend 2 \u00e0 5 jours et conduit \u00e0 des semis robustes, \u00e0 condition de maintenir un \u00e9quilibre entre humidit\u00e9 et chaleur.<\/p>\n<h3>Pourquoi commander chez nous<\/h3>\n<p>Chez freeseedsonline.com, vous pouvez compter sur des graines de cannabis OG Kush de haute qualit\u00e9 \u00e0 un prix comp\u00e9titif de seulement 5,80 \u20ac par graine, avec un accent sur une livraison discr\u00e8te et rapide. Nous offrons des avantages exclusifs comme notre promotion \u00ab\u00a04 pour le prix de 3\u00a0\u00bb, vous permettant d&rsquo;obtenir plus de valeur pour votre argent lorsque vous <em>commandez des graines de cannabis<\/em>. Choisissez-nous pour notre expertise, nos paiements s\u00e9curis\u00e9s et une large gamme de produits, y compris des produits connexes comme les graines de cannabis Special Queen 1, pour une exp\u00e9rience de culture compl\u00e8te.<\/p>\n","protected":false},"excerpt":{"rendered":"<p><strong><span style=\"color: #00a859;\">Genre :<\/span><\/strong> F\u00e9minis\u00e9es<\/p>\n<p><span style=\"color: #00a859;\"><strong>THC :<\/strong><\/span> <strong>19%<\/strong><\/p>\n<p><span style=\"color: #00a859;\"><strong>Type :<\/strong><\/span> 25% <strong>Sativa <\/strong>75% <strong>Indica<\/strong><\/p>\n<p><span style=\"color: #00a859;\"><strong>Hauteur moyenne en int\u00e9rieur :<\/strong><\/span> 80-120 cm<\/p>\n<p><span style=\"color: #00a859;\"><strong>Hauteur moyenne en ext\u00e9rieur :<\/strong><\/span> 1,10-130 cm<\/p>\n<p><span style=\"color: #00a859;\"><strong>Rendement moyen en int\u00e9rieur jusqu&rsquo;\u00e0 :<\/strong><\/span> jusqu&rsquo;\u00e0 500 grammes\/m\u00b2<\/p>\n<p><strong><span style=\"color: #00a859;\">Rendement moyen en ext\u00e9rieur :<\/span><\/strong> par plante 300 grammes<\/p>\n<p><span style=\"color: #00a859;\"><strong>P\u00e9riode de floraison en int\u00e9rieur :<\/strong><\/span> 8 semaines<\/p>\n<p><span style=\"color: #50b848;\"><strong>P\u00e9riode de floraison en ext\u00e9rieur :<\/strong><\/span> septembre\/octobre<\/p>\n<p>&nbsp;<\/p>\n","protected":false},"featured_media":192432,"comment_status":"closed","ping_status":"closed","template":"","meta":[],"product_brand":[],"product_cat":[626,645,671,648,653,650,623,642,631,634,620,637],"product_tag":[],"class_list":{"0":"post-162738","1":"product","2":"type-product","3":"status-publish","4":"has-post-thumbnail","6":"product_cat-graines-de-cannabis-bon-marche","7":"product_cat-graines-de-cannabis-feminisees","8":"product_cat-graines-de-cannabis-kush","9":"product_cat-graines-de-cannabis-pour-debutants","10":"product_cat-graines-de-cannabis-pour-exterieur","11":"product_cat-graines-de-cannabis-pour-interieur","12":"product_cat-graines-fso","13":"product_cat-recolte-rapide","14":"product_cat-rendement-eleve","15":"product_cat-thc-eleve","16":"product_cat-toutes-les-varietes","17":"product_cat-varietes-pour-debutants","19":"first","20":"instock","21":"taxable","22":"shipping-taxable","23":"purchasable","24":"product-type-simple"},"_links":{"self":[{"href":"https:\/\/freeseedsonline.com\/fr\/wp-json\/wp\/v2\/product\/162738","targetHints":{"allow":["GET"]}}],"collection":[{"href":"https:\/\/freeseedsonline.com\/fr\/wp-json\/wp\/v2\/product"}],"about":[{"href":"https:\/\/freeseedsonline.com\/fr\/wp-json\/wp\/v2\/types\/product"}],"replies":[{"embeddable":true,"href":"https:\/\/freeseedsonline.com\/fr\/wp-json\/wp\/v2\/comments?post=162738"}],"wp:featuredmedia":[{"embeddable":true,"href":"https:\/\/freeseedsonline.com\/fr\/wp-json\/wp\/v2\/media\/192432"}],"wp:attachment":[{"href":"https:\/\/freeseedsonline.com\/fr\/wp-json\/wp\/v2\/media?parent=162738"}],"wp:term":[{"taxonomy":"product_brand","embeddable":true,"href":"https:\/\/freeseedsonline.com\/fr\/wp-json\/wp\/v2\/product_brand?post=162738"},{"taxonomy":"product_cat","embeddable":true,"href":"https:\/\/freeseedsonline.com\/fr\/wp-json\/wp\/v2\/product_cat?post=162738"},{"taxonomy":"product_tag","embeddable":true,"href":"https:\/\/freeseedsonline.com\/fr\/wp-json\/wp\/v2\/product_tag?post=162738"}],"curies":[{"name":"wp","href":"https:\/\/api.w.org\/{rel}","templated":true}]}}