{"id":162727,"date":"2026-02-13T16:42:46","date_gmt":"2026-02-13T16:42:46","guid":{"rendered":"https:\/\/freeseedsonline.com\/?p=162727"},"modified":"2026-02-13T16:42:46","modified_gmt":"2026-02-13T16:42:46","slug":"graines-de-cannabis-northern-lights-autoflower","status":"publish","type":"product","link":"https:\/\/freeseedsonline.com\/fr\/produits\/graines-de-cannabis-northern-lights-autoflower\/","title":{"rendered":"Graines de cannabis Northern Lights Autoflower"},"content":{"rendered":"<h2>Graines de cannabis Northern Lights Autoflower<\/h2>\n<p>D\u00e9couvrez les embl\u00e9matiques <strong>graines de cannabis Northern Lights Autoflower<\/strong>, un favori parmi les cultivateurs \u00e0 la recherche de graines de cannabis fiables et faciles \u00e0 cultiver. Gr\u00e2ce \u00e0 leur g\u00e9n\u00e9tique robuste et \u00e0 leurs propri\u00e9t\u00e9s autoflorissantes, ces graines sont parfaites pour les d\u00e9butants et les cultivateurs exp\u00e9riment\u00e9s qui souhaitent des r\u00e9sultats rapides, notamment lors de l\u2019<a href=\"https:\/\/freeseedsonline.com\/fr\/cultiver-du-cannabis-extrieur-pour-dbutants\">achat de graines de cannabis<\/a> ou de la <a href=\"https:\/\/freeseedsonline.com\/fr\/commander-des-graines-de-cannabis\">commande de graines de cannabis<\/a>. Que vous cultiviez en int\u00e9rieur ou en ext\u00e9rieur, ces graines offrent un \u00e9quilibre entre simplicit\u00e9 et haute qualit\u00e9, ce qui en fait un choix judicieux pour votre prochaine aventure de culture de cannabis.<\/p>\n<h3>Caract\u00e9ristiques et sp\u00e9cifications<\/h3>\n<p>Les <strong>graines de cannabis Northern Lights Autoflower<\/strong> sont r\u00e9put\u00e9es pour leurs caract\u00e9ristiques impressionnantes, ce qui en fait une option polyvalente pour tout cultivateur. Voici un aper\u00e7u des principales sp\u00e9cifications, bas\u00e9es sur leur g\u00e9n\u00e9tique unique et leur mod\u00e8le de croissance :<\/p>\n<ul>\n<li><strong>G\u00e9n\u00e9tique<\/strong> : Un m\u00e9lange puissant de 60 % Indica, 35 % Ruderalis, d\u00e9riv\u00e9 de (Afghan n\u00b01 x Thai x Hindu Kush) x O.G. Kush x Ruderalis, garantissant une structure v\u00e9g\u00e9tale robuste et homog\u00e8ne.<\/li>\n<li><strong>Taille<\/strong> : Plantes compactes atteignant g\u00e9n\u00e9ralement 60 \u00e0 100 cm de hauteur, id\u00e9ales pour les configurations en int\u00e9rieur comme en ext\u00e9rieur sans prendre beaucoup de place.<\/li>\n<li><strong>P\u00e9riode de floraison<\/strong> : Rapide et efficace, avec un cycle de croissance total d\u2019environ 7 \u00e0 8 semaines de la graine \u00e0 la r\u00e9colte, gr\u00e2ce \u00e0 la propri\u00e9t\u00e9 autoflorissante ind\u00e9pendante des cycles de lumi\u00e8re.<\/li>\n<li><strong>Rendement<\/strong> : Attendez-vous \u00e0 un rendement moyen de 100 \u00e0 200 grammes par plante, selon les conditions de culture, avec des t\u00eates denses et solides parfaites pour un usage r\u00e9cr\u00e9atif ou m\u00e9dicinal.<\/li>\n<li><strong>Teneur en THC et CBD<\/strong> : Bien que les valeurs exactes varient, cette vari\u00e9t\u00e9 contient g\u00e9n\u00e9ralement un niveau \u00e9lev\u00e9 de THC pour un effet puissant, combin\u00e9 \u00e0 un taux mod\u00e9r\u00e9 de CBD, ce qui la rend adapt\u00e9e \u00e0 des usages relaxants et th\u00e9rapeutiques \u2013 plus d\u2019informations dans notre article sur <a href=\"https:\/\/freeseedsonline.com\/fr\/cannabis-cbd-et-thc\">le CBD et le THC dans le cannabis<\/a>.<\/li>\n<li><strong>Difficult\u00e9<\/strong> : Tr\u00e8s adapt\u00e9e aux d\u00e9butants, avec une croissance homog\u00e8ne et peu d\u2019entretien requis, ce qui en fait un choix de pr\u00e9dilection parmi les <a href=\"https:\/\/freeseedsonline.com\/fr\/categorie-produit\/graines-de-cannabis-pour-debutants\">graines de cannabis pour d\u00e9butants<\/a>.<\/li>\n<\/ul>\n<h3>Informations d\u00e9taill\u00e9es sur la culture<\/h3>\n<p>Lors de la culture des <strong>graines de cannabis Northern Lights Autoflower<\/strong>, il est essentiel de comprendre que cette vari\u00e9t\u00e9 est con\u00e7ue pour la simplicit\u00e9 et la polyvalence, avec un accent sur la culture en int\u00e9rieur comme en ext\u00e9rieur. Cette variante autoflorissante ne n\u00e9cessite pas de changements sp\u00e9cifiques de cycle lumineux, ce qui en fait une excellente option pour les cultivateurs ayant peu d\u2019exp\u00e9rience ou d\u2019espace. Commencez par faire germer les graines selon notre guide sur <a href=\"https:\/\/freeseedsonline.com\/fr\/germination-des-graines-de-cannabis\">la germination des graines de cannabis<\/a>, et plantez-les dans un sol bien drain\u00e9 pour garantir une croissance optimale.<\/p>\n<p>Pour la culture en int\u00e9rieur, o\u00f9 ces graines excellent, nous recommandons d\u2019utiliser une tente de culture comme d\u00e9crit dans <a href=\"https:\/\/freeseedsonline.com\/fr\/tentes-de-culture\">notre guide sur les tentes de culture<\/a>. Maintenez la temp\u00e9rature entre 20 et 25 \u00b0C et assurez un taux d\u2019humidit\u00e9 de 40 \u00e0 60 % pendant la phase de croissance. Utilisez la m\u00e9thode S.O.G. (Sea of Green) pour un rendement maximal, en pla\u00e7ant plusieurs plantes proches les unes des autres pour optimiser l\u2019utilisation de la lumi\u00e8re. Astuces pour r\u00e9ussir : taillez l\u00e9g\u00e8rement les plantes avec des techniques d\u00e9crites dans <a href=\"https:\/\/freeseedsonline.com\/fr\/tailler-les-plantes-de-cannabis\">le fimming des plantes de cannabis<\/a> pour stimuler la croissance, et choisissez un substrat recommand\u00e9 dans <a href=\"https:\/\/freeseedsonline.com\/fr\/top-3-des-meilleurs-sols-pour-votre-plante-de-cannabis\">le meilleur sol pour les plantes de cannabis<\/a>.<\/p>\n<p>Pour la culture en ext\u00e9rieur, ces graines prosp\u00e8rent dans un emplacement ensoleill\u00e9 et abrit\u00e9 avec beaucoup de lumi\u00e8re directe, id\u00e9al pour les r\u00e9gions au climat doux. Elles sont r\u00e9sistantes aux probl\u00e8mes courants comme les moisissures, comme discut\u00e9 dans <a href=\"https:\/\/freeseedsonline.com\/fr\/moisissures-sur-la-plante-de-cannabis-\">les moisissures sur les plantes de cannabis<\/a>, mais surveillez les nuisibles avec des m\u00e9thodes biologiques d\u00e9crites dans <a href=\"https:\/\/freeseedsonline.com\/fr\/combattre-les-moisissures-et-les-nuisibles-de-manire-biologique\">la lutte biologique<\/a>. La difficult\u00e9 est faible, avec une phase de croissance de 4 \u00e0 6 semaines avant le d\u00e9but de la floraison, et un temps total de r\u00e9colte de 7 \u00e0 8 semaines. Pour les d\u00e9butants, c\u2019est une vari\u00e9t\u00e9 de d\u00e9part id\u00e9ale, comme expliqu\u00e9 dans <a href=\"https:\/\/freeseedsonline.com\/fr\/quelles-sont-les-meilleures-plantes-de-cannabis-dextrieur-pour-les-dbutants-\">les meilleures plantes de cannabis d\u2019ext\u00e9rieur pour d\u00e9butants<\/a>, avec des conseils pour envisager la culture en gu\u00e9rilla pour une culture discr\u00e8te.<\/p>\n<h3>Effets, go\u00fbt et ar\u00f4me<\/h3>\n<p>Les <strong>graines de cannabis Northern Lights Autoflower<\/strong> offrent une exp\u00e9rience riche en termes d\u2019effets, de go\u00fbt et d\u2019ar\u00f4me, ce qui les rend populaires aupr\u00e8s des utilisateurs r\u00e9cr\u00e9atifs et m\u00e9dicinaux. L\u2019influence dominante Indica procure une relaxation profonde, avec un effet corporel qui soulage le stress, la douleur et les tensions musculaires, id\u00e9al pour une utilisation en soir\u00e9e. Les utilisateurs rapportent une sensation d\u2019euphorie qui \u00e9volue vers un sommeil apaisant, ce qui le rend efficace contre l\u2019insomnie, l\u2019anxi\u00e9t\u00e9 et la d\u00e9pression, comme explor\u00e9 dans <a href=\"https:\/\/freeseedsonline.com\/fr\/application-mdicale-et-recettes-articles-recettes-cannabis-mdical\">les recettes de cannabis m\u00e9dicinal<\/a>.<\/p>\n<p>En termes de go\u00fbt et d\u2019ar\u00f4me, attendez-vous \u00e0 une base terreuse de Kush avec une subtile note de diesel r\u00e9gliss\u00e9e et une finale douce et terreuse, qui stimule les sens sans \u00eatre envahissante. Les t\u00eates sont blanches, allong\u00e9es et en forme de bougie, avec une odeur intense qui doit \u00eatre contenue discr\u00e8tement. Pour ceux int\u00e9ress\u00e9s par des variantes \u00e0 haute teneur en CBD, cette vari\u00e9t\u00e9 combine des effets relaxants avec un potentiel soulagement de la douleur, similaire \u00e0 ce que nous abordons dans <a href=\"https:\/\/freeseedsonline.com\/fr\/quelles-plantes-de-cannabis-contiennent-un-taux-lev-de-cbd-\">les graines de cannabis \u00e0 haute teneur en CBD<\/a>, ce qui en fait un choix polyvalent pour un usage m\u00e9dicinal.<\/p>\n<h3>Comparaison avec des vari\u00e9t\u00e9s similaires<\/h3>\n<p>Bien que les <strong>graines de cannabis Northern Lights Autoflower<\/strong> excellent en simplicit\u00e9 et en rendement, il est utile de les comparer \u00e0 des vari\u00e9t\u00e9s similaires pour faire le meilleur choix. Par exemple, les <a href=\"https:\/\/freeseedsonline.com\/fr\/produits\/pack-de-10-graines-de-cannabis-blueberry\">graines de cannabis Blueberry en pack de 10<\/a> offrent une saveur plus sucr\u00e9e de baies et un effet plus fruit\u00e9, mais n\u00e9cessitent un peu plus de soin que les robustes Northern Lights. Compar\u00e9es aux <a href=\"https:\/\/freeseedsonline.com\/fr\/produits\/graines-de-cannabis-speedy-chile-floraison-rapide\">graines de cannabis Speedy Chile (Fast Flowering)<\/a>, qui m\u00fbrissent \u00e9galement rapidement, Northern Lights a une influence Indica plus marqu\u00e9e pour une relaxation plus profonde, tandis que Speedy Chile offre plus d\u2019\u00e9nergie sativa.<\/p>\n<p>Pour une option classique, envisagez les <a href=\"https:\/\/freeseedsonline.com\/fr\/produits\/graines-de-cannabis-northern-light\">graines de cannabis Northern Light r\u00e9guli\u00e8res<\/a>, qui ne sont pas autoflorissantes et offrent donc plus de contr\u00f4le sur la floraison, mais sont moins adapt\u00e9es aux d\u00e9butants. Enfin, compar\u00e9es \u00e0 <a href=\"https:\/\/freeseedsonline.com\/fr\/produits\/sensi-skunk-\">Sensi Skunk<\/a>, Northern Lights a une odeur plus douce et est plus facile \u00e0 cultiver en ext\u00e9rieur, bien que Skunk puisse offrir un rendement plus \u00e9lev\u00e9 dans des conditions id\u00e9ales. Cette comparaison vous aide \u00e0 d\u00e9cider en fonction de vos pr\u00e9f\u00e9rences lors de l\u2019<a href=\"https:\/\/freeseedsonline.com\/fr\/graines-de-cannabis-acheter\">achat de graines de cannabis<\/a>.<\/p>\n<h3>Questions fr\u00e9quentes sur les graines de cannabis Northern Lights Autoflower<\/h3>\n<p><strong>Q : Quel est le rendement id\u00e9al pour les graines de cannabis Northern Lights Autoflower ?<\/strong><br \/>R : Le rendement moyen se situe entre 100 et 200 grammes par plante, selon l\u2019environnement de culture, mais avec des soins optimaux comme un \u00e9clairage et une nutrition suffisants, vous pouvez m\u00eame atteindre des rendements plus \u00e9lev\u00e9s en ext\u00e9rieur.<\/p>\n<p><strong>Q : Combien de temps dure le cycle de croissance complet de ces graines ?<\/strong><br \/>R : De la graine \u00e0 la r\u00e9colte, cela prend environ 7 \u00e0 8 semaines, ce qui rend cette variante autoflorissante id\u00e9ale pour des cycles de culture rapides, notamment pour les d\u00e9butants qui souhaitent voir des r\u00e9sultats rapidement.<\/p>\n<p><strong>Q : Les graines de cannabis Northern Lights Autoflower sont-elles adapt\u00e9es \u00e0 des fins m\u00e9dicinales ?<\/strong><br \/>R : Oui, ces graines sont populaires pour le soulagement de la douleur et la r\u00e9duction du stress gr\u00e2ce \u00e0 leur dominance Indica, et elles peuvent aider pour des troubles comme l\u2019anxi\u00e9t\u00e9, mais consultez toujours un expert pour des conseils personnalis\u00e9s.<\/p>\n<p><strong>Q : Qu\u2019est-ce qui rend ces graines adapt\u00e9es aux d\u00e9butants ?<\/strong><br \/>R : Leur faible besoin d\u2019entretien, leur propri\u00e9t\u00e9 autoflorissante et leur r\u00e9sistance aux probl\u00e8mes courants en font un choix parfait pour les novices, comme d\u00e9taill\u00e9 dans notre guide sur <a href=\"https:\/\/freeseedsonline.com\/fr\/choix-idal-pour-les-dbutants\">le choix id\u00e9al pour les d\u00e9butants<\/a>.<\/p>\n<h3>Pourquoi commander chez nous<\/h3>\n<p>Chez freeseedsonline.com, vous \u00eates assur\u00e9 de recevoir des <strong>graines de cannabis Northern Lights Autoflower<\/strong> de haute qualit\u00e9, avec un accent sur la qualit\u00e9 et la satisfaction client. Nous proposons non seulement une large gamme de <a href=\"https:\/\/freeseedsonline.com\/fr\/graines-de-cannabis-acheter\">graines de cannabis<\/a>, mais aussi des conseils d\u2019experts via nos blogs, comme <a href=\"https:\/\/freeseedsonline.com\/fr\/quest-ce-que-les-graines-de-cannabis-\">qu\u2019est-ce que les graines de cannabis<\/a>. De plus, vous b\u00e9n\u00e9ficiez toujours de notre offre exclusive : \u00ab\u00a04 pour le prix de 3\u00a0\u00bb, ce qui vous offre plus de valeur pour votre argent lors de la <a href=\"https:\/\/freeseedsonline.com\/fr\/commander-des-graines-de-cannabis\">commande de graines de cannabis<\/a>. Choisissez-nous pour une livraison rapide, un emballage discret et l\u2019assurance de graines authentiques \u2013 votre aventure de culture commence ici !<\/p>\n","protected":false},"excerpt":{"rendered":"<p><strong><span style=\"color: #00a859;\">Genre :<\/span><\/strong> Autofloraison f\u00e9minis\u00e9e<\/p>\n<p><span style=\"color: #00a859;\"><strong>THC :<\/strong><\/span> <strong>14%<\/strong><\/p>\n<p><span style=\"color: #00a859;\"><strong>Type :<\/strong><\/span> 65% <strong>Indica<\/strong> 35% <strong>Ruderalis<\/strong><\/p>\n<p><span style=\"color: #00a859;\"><strong>Croisement : <\/strong><\/span>Afghan n\u00b01 x Thai x Hindu Kush) x O.G. Kush x Ruderalis<\/p>\n<p><span style=\"color: #00a859;\"><strong>Hauteur moyenne en int\u00e9rieur :<\/strong><\/span> 80-120 cm<\/p>\n<p><span style=\"color: #00a859;\"><strong>Hauteur moyenne en ext\u00e9rieur : <\/strong><\/span>1,40-160 cm<\/p>\n<p><span style=\"color: #00a859;\"><strong>Rendement moyen en int\u00e9rieur jusqu&rsquo;\u00e0 :<\/strong><\/span> 550 grammes\/m2<\/p>\n<p><strong><span style=\"color: #00a859;\">Rendement moyen en ext\u00e9rieur : <\/span><\/strong>100 grammes \u00e0 210 grammes<\/p>\n<p><span style=\"color: #00a859;\"><strong>P\u00e9riode de floraison en int\u00e9rieur :<\/strong><\/span> 7 \u00e0 8 semaines<\/p>\n<p><span style=\"color: #50b848;\"><strong>P\u00e9riode de floraison en ext\u00e9rieur :<\/strong><\/span> 7 \u00e0 8 semaines<\/p>\n<p>&nbsp;<\/p>\n","protected":false},"featured_media":192417,"comment_status":"closed","ping_status":"closed","template":"","meta":[],"product_brand":[],"product_cat":[661,645,658,648,653,650,623,642,620,637],"product_tag":[],"class_list":{"0":"post-162727","1":"product","2":"type-product","3":"status-publish","4":"has-post-thumbnail","6":"product_cat-graines-autoflorissantes","7":"product_cat-graines-de-cannabis-feminisees","8":"product_cat-graines-de-cannabis-medicinales","9":"product_cat-graines-de-cannabis-pour-debutants","10":"product_cat-graines-de-cannabis-pour-exterieur","11":"product_cat-graines-de-cannabis-pour-interieur","12":"product_cat-graines-fso","13":"product_cat-recolte-rapide","14":"product_cat-toutes-les-varietes","15":"product_cat-varietes-pour-debutants","17":"first","18":"instock","19":"taxable","20":"shipping-taxable","21":"purchasable","22":"product-type-simple"},"_links":{"self":[{"href":"https:\/\/freeseedsonline.com\/fr\/wp-json\/wp\/v2\/product\/162727","targetHints":{"allow":["GET"]}}],"collection":[{"href":"https:\/\/freeseedsonline.com\/fr\/wp-json\/wp\/v2\/product"}],"about":[{"href":"https:\/\/freeseedsonline.com\/fr\/wp-json\/wp\/v2\/types\/product"}],"replies":[{"embeddable":true,"href":"https:\/\/freeseedsonline.com\/fr\/wp-json\/wp\/v2\/comments?post=162727"}],"wp:featuredmedia":[{"embeddable":true,"href":"https:\/\/freeseedsonline.com\/fr\/wp-json\/wp\/v2\/media\/192417"}],"wp:attachment":[{"href":"https:\/\/freeseedsonline.com\/fr\/wp-json\/wp\/v2\/media?parent=162727"}],"wp:term":[{"taxonomy":"product_brand","embeddable":true,"href":"https:\/\/freeseedsonline.com\/fr\/wp-json\/wp\/v2\/product_brand?post=162727"},{"taxonomy":"product_cat","embeddable":true,"href":"https:\/\/freeseedsonline.com\/fr\/wp-json\/wp\/v2\/product_cat?post=162727"},{"taxonomy":"product_tag","embeddable":true,"href":"https:\/\/freeseedsonline.com\/fr\/wp-json\/wp\/v2\/product_tag?post=162727"}],"curies":[{"name":"wp","href":"https:\/\/api.w.org\/{rel}","templated":true}]}}