{"id":162718,"date":"2026-02-13T16:39:27","date_gmt":"2026-02-13T16:39:27","guid":{"rendered":"https:\/\/freeseedsonline.com\/?p=162718"},"modified":"2026-02-13T16:39:27","modified_gmt":"2026-02-13T16:39:27","slug":"graines-de-cannabis-early-skunk","status":"publish","type":"product","link":"https:\/\/freeseedsonline.com\/fr\/produits\/graines-de-cannabis-early-skunk\/","title":{"rendered":"Graines de cannabis Early Skunk"},"content":{"rendered":"<h2>Graines de cannabis f\u00e9minis\u00e9es Early Skunk<\/h2>\n<p>D\u00e9couvrez les graines de cannabis Early Skunk, robustes et polyvalentes, un choix id\u00e9al pour les cultivateurs d\u00e9butants comme exp\u00e9riment\u00e9s \u00e0 la recherche de graines fiables pour <a href=\"https:\/\/freeseedsonline.com\/fr\/graines-de-cannabis-acheter\">acheter des graines de cannabis<\/a> ou <a href=\"https:\/\/freeseedsonline.com\/fr\/commander-des-graines-de-cannabis\">commander des graines de cannabis<\/a>. Ces graines f\u00e9minis\u00e9es combinent la puissance de Skunk avec la rusticit\u00e9 d\u2019Early Pearl, ce qui les rend parfaites pour divers climats, y compris le climat n\u00e9erlandais. Avec leur floraison pr\u00e9coce et leur rendement \u00e9lev\u00e9, les graines de cannabis Early Skunk offrent un moyen simple de profiter de graines de cannabis premium, id\u00e9ales pour ceux qui recherchent une exp\u00e9rience forte et r\u00e9chauffante sans trop de complications.<\/p>\n<h3>Caract\u00e9ristiques et sp\u00e9cifications<\/h3>\n<p>Les graines de cannabis Early Skunk sont r\u00e9put\u00e9es pour leur g\u00e9n\u00e9tique \u00e9quilibr\u00e9e et leurs propri\u00e9t\u00e9s robustes, ce qui en fait un favori parmi les cultivateurs. Voici un aper\u00e7u des principales caract\u00e9ristiques :<\/p>\n<ul>\n<li><strong>G\u00e9n\u00e9tique :<\/strong> 55 % Indica et 45 % Sativa, un croisement entre Skunk et Early Pearl, garantissant une plante forte et r\u00e9sistante.<\/li>\n<li><strong>Teneur en THC :<\/strong> Moyenne de 13-15 %, offrant un effet doux \u00e0 mod\u00e9r\u00e9, adapt\u00e9 \u00e0 un usage r\u00e9cr\u00e9atif comme potentiellement m\u00e9dicinal.<\/li>\n<li><strong>Teneur en CBD :<\/strong> Faible, mais la dominance Indica contribue \u00e0 des effets relaxants, id\u00e9aux pour r\u00e9duire le stress.<\/li>\n<li><strong>Taille et structure :<\/strong> Plantes \u00e9lanc\u00e9es avec de gros bourgeons denses, pouvant atteindre 1 m\u00e8tre en int\u00e9rieur et encore plus en ext\u00e9rieur.<\/li>\n<li><strong>Temps de floraison :<\/strong> Environ 8 semaines, ce qui en fait une vari\u00e9t\u00e9 \u00e0 floraison pr\u00e9coce, parfaite pour les r\u00e9gions aux \u00e9t\u00e9s courts.<\/li>\n<li><strong>Rendement :<\/strong> Jusqu\u2019\u00e0 400-500 grammes par plante, selon les conditions de culture, avec une excellente r\u00e9sistance aux acariens et aux moisissures.<\/li>\n<li><strong>Adaptation au climat :<\/strong> Parfaitement adapt\u00e9es \u00e0 la culture en int\u00e9rieur comme en ext\u00e9rieur, avec une pr\u00e9f\u00e9rence pour les emplacements ensoleill\u00e9s et une tol\u00e9rance aux temp\u00e9ratures plus fra\u00eeches.<\/li>\n<\/ul>\n<p>Ces sp\u00e9cifications font des graines de cannabis Early Skunk une option fiable pour ceux qui recherchent des <a href=\"https:\/\/freeseedsonline.com\/fr\/quest-ce-que-les-graines-de-cannabis-\">graines de cannabis<\/a> performantes dans diverses conditions.<\/p>\n<h3>Informations d\u00e9taill\u00e9es sur la culture<\/h3>\n<p>Les graines de cannabis Early Skunk sont particuli\u00e8rement faciles \u00e0 cultiver, avec un niveau de difficult\u00e9 id\u00e9al pour les d\u00e9butants, tout en s\u00e9duisant \u00e9galement les cultivateurs exp\u00e9riment\u00e9s. Cette vari\u00e9t\u00e9 a \u00e9t\u00e9 d\u00e9velopp\u00e9e pour prosp\u00e9rer dans les climats nordiques, comme aux Pays-Bas, o\u00f9 les \u00e9t\u00e9s courts peuvent poser un d\u00e9fi. Gr\u00e2ce \u00e0 leur h\u00e9ritage g\u00e9n\u00e9tique Skunk et Early Pearl, elles sont non seulement \u00e0 croissance rapide, mais aussi exceptionnellement r\u00e9sistantes aux probl\u00e8mes courants tels que les moisissures et les parasites.<\/p>\n<p>Pour la culture en int\u00e9rieur, o\u00f9 le contr\u00f4le est maximal, nous recommandons de commencer avec une tente de culture pour une gestion optimale de la lumi\u00e8re et de la temp\u00e9rature. Utilisez un cycle de lumi\u00e8re de 18 heures de lumi\u00e8re et 6 heures d\u2019obscurit\u00e9 pendant la phase de croissance pour permettre un d\u00e9veloppement rapide de la plante. Early Skunk r\u00e9pond bien aux techniques d\u2019entra\u00eenement comme le <a href=\"https:\/\/freeseedsonline.com\/fr\/tailler-les-plantes-de-cannabis\">fim<\/a>, qui aide \u00e0 r\u00e9partir la croissance et \u00e0 obtenir un rendement plus \u00e9lev\u00e9. Pour le substrat, choisissez un sol bien drain\u00e9, comme d\u00e9crit dans <a href=\"https:\/\/freeseedsonline.com\/fr\/top-3-des-meilleurs-sols-pour-votre-plante-de-cannabis\">notre guide sur le meilleur sol<\/a>, et maintenez un pH entre 6,0 et 7,0 pour une absorption optimale des nutriments.<\/p>\n<p>La culture en ext\u00e9rieur est \u00e9galement simple ; ces plantes peuvent \u00eatre plac\u00e9es en pleine terre ou en pots et r\u00e9sistent bien au vent et \u00e0 la pluie. Elles fleurissent automatiquement lorsque les jours raccourcissent, g\u00e9n\u00e9ralement fin septembre ou d\u00e9but octobre aux Pays-Bas. Pour les d\u00e9butants, il est judicieux de commencer avec des <a href=\"https:\/\/freeseedsonline.com\/fr\/cultiver-du-cannabis-pour-les-dbutants\">conseils pour cultiver du cannabis pour d\u00e9butants<\/a>, comme la germination des graines avec la m\u00e9thode du papier absorbant d\u00e9crite dans <a href=\"https:\/\/freeseedsonline.com\/fr\/germination-des-graines-de-cannabis\">notre guide de germination<\/a>. Prenez en compte la pr\u00e9vention des parasites, comme expliqu\u00e9 dans <a href=\"https:\/\/freeseedsonline.com\/fr\/combattre-les-moisissures-et-les-nuisibles-de-manire-biologique\">la lutte biologique<\/a>, pour maintenir la plante en bonne sant\u00e9. En g\u00e9n\u00e9ral, la dur\u00e9e de culture est courte et le rendement \u00e9lev\u00e9, \u00e0 condition de surveiller les besoins de base comme l\u2019eau et les nutriments.<\/p>\n<h3>Effets, go\u00fbt et ar\u00f4me<\/h3>\n<p>Les graines de cannabis Early Skunk offrent une exp\u00e9rience unique qui commence par une odeur \u00e9pic\u00e9e et sucr\u00e9e rappelant la famille classique Skunk, avec des notes de terre et de fruits. Le go\u00fbt est robuste et authentique, mettant en avant des tonalit\u00e9s skunk qui combinent \u00e9pices et douceur, id\u00e9al pour les amateurs d\u2019ar\u00f4mes traditionnels de cannabis. Cette vari\u00e9t\u00e9 procure un effet r\u00e9chauffant qui d\u00e9tend le corps et l\u2019esprit, gr\u00e2ce \u00e0 ses g\u00e8nes Indica dominants.<\/p>\n<p>Les effets sont principalement relaxants et euphoriques, avec une l\u00e9g\u00e8re mont\u00e9e d\u2019\u00e9nergie due aux influences Sativa, ce qui en fait un choix polyvalent pour une utilisation de jour ou de soir. Les utilisateurs rapportent une sensation de chaleur et de calme, parfaite pour soulager le stress ou att\u00e9nuer de l\u00e9g\u00e8res douleurs. Pour un usage m\u00e9dicinal, comme mentionn\u00e9 dans les <a href=\"https:\/\/freeseedsonline.com\/fr\/cannabis-cbd-et-thc\">articles sur le CBD et le THC<\/a>, Early Skunk peut aider \u00e0 r\u00e9duire l\u2019anxi\u00e9t\u00e9 ou les tensions musculaires, bien que sa teneur en THC ne soit pas extr\u00eamement \u00e9lev\u00e9e, ce qui la rend adapt\u00e9e aux utilisateurs mod\u00e9r\u00e9s.<\/p>\n<h3>Comparaison avec des vari\u00e9t\u00e9s similaires<\/h3>\n<p>Compar\u00e9e \u00e0 d\u2019autres vari\u00e9t\u00e9s populaires, Early Skunk se distingue par sa floraison pr\u00e9coce et sa r\u00e9sistance aux moisissures, mais elle partage des similitudes avec des vari\u00e9t\u00e9s comme les <a href=\"https:\/\/freeseedsonline.com\/fr\/produits\/graines-de-cannabis-citrus-super-haze\">graines de cannabis Citrus Super Haze<\/a>, qui offrent \u00e9galement une \u00e9nergie de type Sativa mais avec une touche citronn\u00e9e au lieu du go\u00fbt skunk. Contrairement aux <a href=\"https:\/\/freeseedsonline.com\/fr\/produits\/graines-de-cannabis-purple-queen\">graines de cannabis Purple Queen<\/a>, plus ax\u00e9es sur des couleurs violettes et un ar\u00f4me plus doux de baies, Early Skunk est plus robuste pour la culture en ext\u00e9rieur et pr\u00eate \u00e0 \u00eatre r\u00e9colt\u00e9e plus rapidement.<\/p>\n<p>Pour les options autoflorissantes, comme les <a href=\"https:\/\/freeseedsonline.com\/fr\/produits\/sticky-orange-xxl-autoflower\">Sticky Orange XXL Autoflower<\/a>, Early Skunk propose une croissance photop\u00e9riodique plus traditionnelle, offrant davantage de contr\u00f4le au cultivateur. En somme, Early Skunk est un compromis fiable pour ceux qui veulent la puissance de Skunk sans la complexit\u00e9 des vari\u00e9t\u00e9s \u00e0 dominance Sativa pure.<\/p>\n<h3>Questions fr\u00e9quentes sur les graines de cannabis Early Skunk<\/h3>\n<p>Voici les r\u00e9ponses \u00e0 quelques questions fr\u00e9quemment pos\u00e9es sur cette vari\u00e9t\u00e9 populaire :<\/p>\n<ul>\n<li><strong>Q : Les graines de cannabis Early Skunk conviennent-elles aux d\u00e9butants ?<\/strong> <strong>R :<\/strong> Oui, ces graines sont id\u00e9ales pour les d\u00e9butants en raison de leurs exigences de culture simples et de leur r\u00e9sistance aux probl\u00e8mes courants, r\u00e9duisant ainsi les risques d\u2019erreurs. Elles poussent rapidement et offrent un bon rendement, m\u00eame dans des conditions moins id\u00e9ales comme le climat n\u00e9erlandais.<\/li>\n<li><strong>Q : Quel est le pourcentage de THC d\u2019Early Skunk ?<\/strong> <strong>R :<\/strong> Early Skunk a une teneur en THC d\u2019environ 13-15 %, ce qui procure un effet doux qui n\u2019est pas trop intense pour les nouveaux utilisateurs. Cela rend cette vari\u00e9t\u00e9 adapt\u00e9e \u00e0 la fois au plaisir r\u00e9cr\u00e9atif et \u00e0 des fins m\ufffd\ufffddicinales l\u00e9g\u00e8res, comme la r\u00e9duction du stress.<\/li>\n<li><strong>Q : Puis-je cultiver Early Skunk en ext\u00e9rieur aux Pays-Bas ?<\/strong> <strong>R :<\/strong> Absolument, Early Skunk est sp\u00e9cialement con\u00e7ue pour les climats nordiques et fleurit t\u00f4t, ce qui permet de r\u00e9colter avant l\u2019arriv\u00e9e du froid automnal. Assurez-vous de choisir un emplacement ensoleill\u00e9 et suivez les conseils de <a href=\"https:\/\/freeseedsonline.com\/fr\/quelles-sont-les-meilleures-plantes-de-cannabis-dextrieur-pour-les-dbutants-\">notre guide pour la culture en ext\u00e9rieur<\/a> pour obtenir les meilleurs r\u00e9sultats.<\/li>\n<li><strong>Q : Comment faire germer les graines de cannabis Early Skunk ?<\/strong> <strong>R :<\/strong> Faites germer les graines Early Skunk en les pla\u00e7ant dans un environnement humide, comme avec la m\u00e9thode du papier absorbant, et maintenez-les au chaud \u00e0 environ 22-25\u00b0C. Apr\u00e8s 2 \u00e0 5 jours, elles devraient germer, apr\u00e8s quoi vous pouvez les planter dans un bon sol, comme expliqu\u00e9 dans <a href=\"https:\/\/freeseedsonline.com\/fr\/planter-des-graines-aprs-germination\">notre guide de plantation<\/a>.<\/li>\n<\/ul>\n<h3>Pourquoi commander chez nous ?<\/h3>\n<p>Chez freeseedsonline.com, nous proposons non seulement des graines de cannabis Early Skunk de haute qualit\u00e9, mais aussi une exp\u00e9rience d\u2019achat s\u00e9curis\u00e9e et discr\u00e8te pour tous vos besoins en <a href=\"https:\/\/freeseedsonline.com\/fr\/graines-de-cannabis-rgulires\">achat de graines de cannabis<\/a>. Notre \u00e9quipe est reconnue pour ses conseils fiables et sa livraison rapide, afin que vous puissiez cultiver en toute confiance. De plus, profitez de notre offre exclusive : \u00ab\u00a04 pour le prix de 3\u00a0\u00bb, qui ajoute une valeur suppl\u00e9mentaire \u00e0 votre achat et vous donne plus d\u2019opportunit\u00e9s d\u2019essayer diff\u00e9rentes vari\u00e9t\u00e9s. Choisissez-nous et d\u00e9couvrez pourquoi nous sommes la source de confiance pour les graines de cannabis aux Pays-Bas.<\/p>\n","protected":false},"excerpt":{"rendered":"<p><strong><span style=\"color: #00a859;\">Sexe :<\/span><\/strong> F\u00e9minis\u00e9es<\/p>\n<p><span style=\"color: #00a859;\"><strong>THC :<\/strong><\/span> <strong>13-15%<\/strong><\/p>\n<p><span style=\"color: #00a859;\"><strong>Type :<\/strong><\/span> 45% <strong>Indica<\/strong> 55% <strong>Sativa<\/strong><\/p>\n<p><span style=\"color: #00a859;\"><strong>Hauteur moyenne en int\u00e9rieur :<\/strong><\/span> 100-140 cm<\/p>\n<p><span style=\"color: #00a859;\"><strong>Hauteur moyenne en ext\u00e9rieur :<\/strong><\/span> 140 \u00e0 200 cm<\/p>\n<p><span style=\"color: #00a859;\"><strong>Rendement moyen en int\u00e9rieur jusqu&rsquo;\u00e0 :<\/strong><\/span> jusqu&rsquo;\u00e0 450 grammes\/m\u00b2<\/p>\n<p><strong><span style=\"color: #00a859;\">Rendement moyen en ext\u00e9rieur :<\/span><\/strong> 450 grammes par plante<\/p>\n<p><span style=\"color: #00a859;\"><strong>P\u00e9riode de floraison en int\u00e9rieur :<\/strong><\/span> 8 \u00e0 9 semaines<\/p>\n<p><span style=\"color: #50b848;\"><strong>P\u00e9riode de floraison en ext\u00e9rieur :<\/strong><\/span> septembre<\/p>\n<p>&nbsp;<\/p>\n","protected":false},"featured_media":192397,"comment_status":"closed","ping_status":"closed","template":"","meta":[],"product_brand":[],"product_cat":[626,645,648,653,623,642,620,637],"product_tag":[],"class_list":{"0":"post-162718","1":"product","2":"type-product","3":"status-publish","4":"has-post-thumbnail","6":"product_cat-graines-de-cannabis-bon-marche","7":"product_cat-graines-de-cannabis-feminisees","8":"product_cat-graines-de-cannabis-pour-debutants","9":"product_cat-graines-de-cannabis-pour-exterieur","10":"product_cat-graines-fso","11":"product_cat-recolte-rapide","12":"product_cat-toutes-les-varietes","13":"product_cat-varietes-pour-debutants","15":"first","16":"instock","17":"taxable","18":"shipping-taxable","19":"purchasable","20":"product-type-simple"},"_links":{"self":[{"href":"https:\/\/freeseedsonline.com\/fr\/wp-json\/wp\/v2\/product\/162718","targetHints":{"allow":["GET"]}}],"collection":[{"href":"https:\/\/freeseedsonline.com\/fr\/wp-json\/wp\/v2\/product"}],"about":[{"href":"https:\/\/freeseedsonline.com\/fr\/wp-json\/wp\/v2\/types\/product"}],"replies":[{"embeddable":true,"href":"https:\/\/freeseedsonline.com\/fr\/wp-json\/wp\/v2\/comments?post=162718"}],"wp:featuredmedia":[{"embeddable":true,"href":"https:\/\/freeseedsonline.com\/fr\/wp-json\/wp\/v2\/media\/192397"}],"wp:attachment":[{"href":"https:\/\/freeseedsonline.com\/fr\/wp-json\/wp\/v2\/media?parent=162718"}],"wp:term":[{"taxonomy":"product_brand","embeddable":true,"href":"https:\/\/freeseedsonline.com\/fr\/wp-json\/wp\/v2\/product_brand?post=162718"},{"taxonomy":"product_cat","embeddable":true,"href":"https:\/\/freeseedsonline.com\/fr\/wp-json\/wp\/v2\/product_cat?post=162718"},{"taxonomy":"product_tag","embeddable":true,"href":"https:\/\/freeseedsonline.com\/fr\/wp-json\/wp\/v2\/product_tag?post=162718"}],"curies":[{"name":"wp","href":"https:\/\/api.w.org\/{rel}","templated":true}]}}