{"id":162709,"date":"2026-02-13T16:31:50","date_gmt":"2026-02-13T16:31:50","guid":{"rendered":"https:\/\/freeseedsonline.com\/?p=162709"},"modified":"2026-02-13T16:31:50","modified_gmt":"2026-02-13T16:31:50","slug":"blue-cbd-kush-mdicinal","status":"publish","type":"product","link":"https:\/\/freeseedsonline.com\/fr\/produits\/blue-cbd-kush-mdicinal\/","title":{"rendered":"Blue CBD Kush m\u00e9dicinal"},"content":{"rendered":"<h2>Blue m\u00e9dicinale CBD Kush<\/h2>\n<p>D\u00e9couvrez la Blue m\u00e9dicinale CBD Kush, un choix de pr\u00e9dilection pour les amateurs de graines de cannabis de haute qualit\u00e9 offrant \u00e0 la fois d\u00e9tente et bienfaits th\u00e9rapeutiques. Ces graines de cannabis f\u00e9minis\u00e9es sont r\u00e9put\u00e9es pour leur \u00e9quilibre impressionnant entre THC et CBD, id\u00e9al pour les d\u00e9butants comme pour les cultivateurs exp\u00e9riment\u00e9s \u00e0 la recherche de \u00ab\u00a0graines de cannabis \u00e0 acheter\u00a0\u00bb ou de \u00ab\u00a0graines de cannabis \u00e0 commander\u00a0\u00bb avec un accent sur les propri\u00e9t\u00e9s m\u00e9dicinales. Gr\u00e2ce \u00e0 sa composition g\u00e9n\u00e9tique unique, cette vari\u00e9t\u00e9 offre non seulement une r\u00e9colte abondante, mais aussi une exp\u00e9rience apaisante parfaitement adapt\u00e9e \u00e0 un mode de vie sain.<\/p>\n<h3>Caract\u00e9ristiques et sp\u00e9cifications<\/h3>\n<p>La Blue m\u00e9dicinale CBD Kush est con\u00e7ue pour des performances optimales, avec un bagage g\u00e9n\u00e9tique garantissant fiabilit\u00e9 et qualit\u00e9. Voici un aper\u00e7u des principales caract\u00e9ristiques qui font de ces graines un favori parmi les \u00ab\u00a0graines de cannabis\u00a0\u00bb sur le march\u00e9.<\/p>\n<ul>\n<li><strong>G\u00e9n\u00e9tique :<\/strong> Dominance Indica \u00e0 75 %, issue d\u2019un croisement entre Blue Medi Kush, Amnesiac et Sour (90 % sativa ; sativa mexicaine x chemo), r\u00e9sultant en une plante robuste avec des caract\u00e9ristiques indica pour une relaxation profonde.<\/li>\n<li><strong>Teneur en THC et CBD :<\/strong> Niveau de THC potentiellement \u00e9lev\u00e9 combin\u00e9 \u00e0 une teneur en CBD d\u2019environ 9 %, rendant cette vari\u00e9t\u00e9 adapt\u00e9e aux usages m\u00e9dicinaux sans effets psychoactifs \u00e9crasants.<\/li>\n<li><strong>Taille et croissance :<\/strong> Les plantes atteignent une hauteur moyenne de 80-120 cm en int\u00e9rieur, et jusqu\u2019\u00e0 150 cm en ext\u00e9rieur, avec des t\u00eates denses et compactes d\u00e9veloppant des teintes violettes et bleues \u00e9clatantes.<\/li>\n<li><strong>Temps de floraison :<\/strong> 8-10 semaines, ce qui fait de ces graines une option efficace pour les cultivateurs souhaitant des r\u00e9sultats rapides.<\/li>\n<li><strong>Rendement :<\/strong> Potentiel de rendement \u00e9lev\u00e9, jusqu\u2019\u00e0 500 grammes par m\u00e8tre carr\u00e9 en int\u00e9rieur et encore plus en ext\u00e9rieur, gr\u00e2ce \u00e0 une g\u00e9n\u00e9tique solide optimis\u00e9e pour la culture commerciale et domestique.<\/li>\n<li><strong>Adaptabilit\u00e9 :<\/strong> Id\u00e9al pour la culture en int\u00e9rieur et en ext\u00e9rieur, avec une pr\u00e9f\u00e9rence pour les climats temp\u00e9r\u00e9s, et parfait pour des techniques comme le SCROG, comme expliqu\u00e9 dans notre guide sur <a href=\"https:\/\/freeseedsonline.com\/fr\/cultiver-du-cannabis-avec-la-mthode-scrog\">cannabis kweken met de SCROG-methode<\/a>.<\/li>\n<\/ul>\n<h3>Informations d\u00e9taill\u00e9es sur la culture<\/h3>\n<p>Lors de la culture de la Blue m\u00e9dicinale CBD Kush, il est essentiel de partir sur de bonnes bases, comme d\u00e9crit dans notre article sur <a href=\"https:\/\/freeseedsonline.com\/fr\/germination-des-graines-de-cannabis\">ontkiemen van wietzaden<\/a>. Cette vari\u00e9t\u00e9 est relativement facile \u00e0 cultiver, avec un niveau de difficult\u00e9 adapt\u00e9 aux d\u00e9butants, surtout si vous suivez les conseils de notre guide <a href=\"https:\/\/freeseedsonline.com\/fr\/cultiver-du-cannabis-pour-les-dbutants\">wiet kweken voor beginners<\/a>. Les plantes prosp\u00e8rent dans un environnement contr\u00f4l\u00e9, comme une tente de culture, o\u00f9 vous pouvez maintenir une temp\u00e9rature entre 20-25\u00b0C et une humidit\u00e9 relative de 40-50 % pendant la phase de croissance.<\/p>\n<p>Pour la culture en int\u00e9rieur, nous recommandons de commencer avec des pots de qualit\u00e9 et un substrat adapt\u00e9, comme expliqu\u00e9 dans <a href=\"https:\/\/freeseedsonline.com\/fr\/top-3-des-meilleurs-sols-pour-votre-plante-de-cannabis\">wat is de beste aarde voor een wietplant<\/a>, pour \u00e9viter la pourriture des racines. La phase v\u00e9g\u00e9tative dure environ 3-4 semaines, apr\u00e8s quoi la floraison commence. Utilisez des techniques d\u2019entra\u00eenement comme le fimming, d\u00e9taill\u00e9 dans <a href=\"https:\/\/freeseedsonline.com\/fr\/tailler-les-plantes-de-cannabis\">fimmen van een wietplant<\/a>, pour maximiser le rendement et favoriser une croissance uniforme. En ext\u00e9rieur, cette vari\u00e9t\u00e9 excelle dans les zones ensoleill\u00e9es, avec une pr\u00e9f\u00e9rence pour un sol bien drain\u00e9 pour \u00e9viter les moisissures \u2013 consultez <a href=\"https:\/\/freeseedsonline.com\/fr\/moisissures-sur-la-plante-de-cannabis-\">schimmels op de wietplant<\/a> pour des conseils de pr\u00e9vention. Le niveau de difficult\u00e9 est faible \u00e0 moyen, ce qui en fait un choix id\u00e9al pour les d\u00e9butants, avec une p\u00e9riode de r\u00e9colte en automne pour la culture en ext\u00e9rieur. Assurez un contr\u00f4le biologique des nuisibles, comme recommand\u00e9 dans <a href=\"https:\/\/freeseedsonline.com\/fr\/combattre-les-moisissures-et-les-nuisibles-de-manire-biologique\">biologisch schimmel en ongedierte bestrijden<\/a>, pour maintenir la plante en bonne sant\u00e9.<\/p>\n<h3>Effets, go\u00fbt et ar\u00f4me<\/h3>\n<p>La Blue m\u00e9dicinale CBD Kush offre un m\u00e9lange harmonieux d\u2019effets particuli\u00e8rement appr\u00e9ci\u00e9s pour leur potentiel m\u00e9dicinal. Les utilisateurs ressentent une relaxation profonde et un effet apaisant qui aide \u00e0 soulager l\u2019anxi\u00e9t\u00e9, la douleur et l\u2019insomnie, gr\u00e2ce \u00e0 la dominance indica expliqu\u00e9e dans <a href=\"https:\/\/freeseedsonline.com\/fr\/cannabis-indica\">cannabis indica<\/a>. Cela en fait une excellente option pour les utilisateurs m\u00e9dicinaux, avec des avantages potentiels comme la stimulation de l\u2019app\u00e9tit et le soulagement du stress, comme discut\u00e9 dans <a href=\"https:\/\/freeseedsonline.com\/fr\/quelles-plantes-de-cannabis-contiennent-un-taux-lev-de-cbd-\">wietzaden met hoog CBD-gehalte<\/a>.<\/p>\n<p>En termes de go\u00fbt et d\u2019ar\u00f4me, cette vari\u00e9t\u00e9 surprend avec un parfum floral et menthol\u00e9 \u00e9voquant le Black Hashish, combin\u00e9 \u00e0 des notes fruit\u00e9es de raisin et de menthe. Le go\u00fbt est rafra\u00eechissant et terreux, avec une touche de douceur parfaite pour la pr\u00e9paration d\u2019edibles ou de concentr\u00e9s. Ces propri\u00e9t\u00e9s sensorielles font de la Blue m\u00e9dicinale CBD Kush non seulement une vari\u00e9t\u00e9 th\u00e9rapeutique, mais aussi un plaisir pour les sens, id\u00e9al pour ceux qui recherchent une exp\u00e9rience holistique.<\/p>\n<h3>Comparaison avec des vari\u00e9t\u00e9s similaires<\/h3>\n<p>Compar\u00e9e \u00e0 d\u2019autres vari\u00e9t\u00e9s populaires, la Blue m\u00e9dicinale CBD Kush se distingue par son \u00e9quilibre entre THC et CBD, la rendant plus adapt\u00e9e aux usages m\u00e9dicinaux que, par exemple, la Sensi Skunk, qui est davantage orient\u00e9e vers un usage r\u00e9cr\u00e9atif \u2013 d\u00e9couvrez <a href=\"https:\/\/freeseedsonline.com\/fr\/produits\/sensi-skunk-\">Sensi Skunk wietzaden<\/a> pour une comparaison. Alors que la Do Si Do Gold Autoflower offre un temps de floraison plus rapide, la Blue m\u00e9dicinale CBD Kush propose des effets relaxants sup\u00e9rieurs, id\u00e9aux pour les d\u00e9butants ; voir <a href=\"https:\/\/freeseedsonline.com\/fr\/produits\/do-si-do-gold-autofleur-25-pack\">Do Si Do Gold Autoflower 25 Pack<\/a>. Par rapport \u00e0 la Bubble Kush, qui a un go\u00fbt plus sucr\u00e9, cette vari\u00e9t\u00e9 est meilleure pour le soulagement de la douleur \u2013 plus d\u2019infos sur <a href=\"https:\/\/freeseedsonline.com\/fr\/produits\/25-graines-de-bubble-kush-en-vrac-graines-de-cannabis\">25 Bubble Kush wietzaden<\/a>. En somme, si vous cherchez \u00e0 \u00ab\u00a0commander des graines de cannabis\u00a0\u00bb avec un focus sur la sant\u00e9, la Blue m\u00e9dicinale CBD Kush est un choix fiable par rapport \u00e0 la Cheese Autoflower, plus orient\u00e9e sativa ; d\u00e9couvrez-en plus via <a href=\"https:\/\/freeseedsonline.com\/fr\/produits\/graines-de-cannabis-cheese-autoflower\">Cheese Autoflower wietzaden<\/a>.<\/p>\n<h3>Questions fr\u00e9quentes sur la Blue m\u00e9dicinale CBD Kush<\/h3>\n<ul>\n<li><strong>Q :<\/strong> La Blue m\u00e9dicinale CBD Kush est-elle adapt\u00e9e aux d\u00e9butants ? <strong>R :<\/strong> Oui, cette vari\u00e9t\u00e9 est id\u00e9ale pour les d\u00e9butants gr\u00e2ce \u00e0 son faible niveau de difficult\u00e9 et \u00e0 sa g\u00e9n\u00e9tique robuste, r\u00e9sistante aux probl\u00e8mes courants, et elle offre un temps de floraison rapide de 8-10 semaines pour des r\u00e9sultats rapides.<\/li>\n<li><strong>Q :<\/strong> Quels sont les bienfaits m\u00e9dicinaux de ces graines ? <strong>R :<\/strong> La Blue m\u00e9dicinale CBD Kush aide \u00e0 soulager l\u2019anxi\u00e9t\u00e9, la douleur et l\u2019insomnie gr\u00e2ce \u00e0 sa teneur \u00e9lev\u00e9e en CBD et ses effets relaxants, en faisant un choix populaire pour un usage th\u00e9rapeutique, et elle stimule \u00e9galement l\u2019app\u00e9tit sans effet planant \u00e9crasant.<\/li>\n<li><strong>Q :<\/strong> Puis-je cultiver ces graines en int\u00e9rieur et en ext\u00e9rieur ? <strong>R :<\/strong> Absolument, elles sont polyvalentes et performent bien dans les deux environnements, avec des ajustements pour le climat et le sol expliqu\u00e9s dans nos guides, ce qui les rend flexibles pour diff\u00e9rentes configurations de culture.<\/li>\n<li><strong>Q :<\/strong> Comment comparer le rendement avec d\u2019autres vari\u00e9t\u00e9s ? <strong>R :<\/strong> Ces graines offrent un rendement \u00e9lev\u00e9 allant jusqu\u2019\u00e0 500 grammes par m\u00b2 en int\u00e9rieur, ce qui est sup\u00e9rieur \u00e0 de nombreuses vari\u00e9t\u00e9s similaires, et avec les bonnes techniques d\u2019entra\u00eenement, vous pouvez r\u00e9colter encore plus par rapport aux hybrides indica standards.<\/li>\n<\/ul>\n<h3>Pourquoi commander chez nous<\/h3>\n<p>Chez freeseedsonline.com, nous proposons non seulement des options premium pour \u00ab\u00a0acheter des graines de cannabis\u00a0\u00bb comme la Blue m\u00e9dicinale CBD Kush, mais aussi un service fiable avec une exp\u00e9dition discr\u00e8te et des conseils d\u2019experts tir\u00e9s de notre vaste collection de blogs. En tant que fournisseur de confiance de \u00ab\u00a0graines de cannabis\u00a0\u00bb, vous b\u00e9n\u00e9ficiez de notre exp\u00e9rience de longue date et de clients satisfaits, ainsi que de l\u2019offre exclusive \u00ab\u00a04 pour le prix de 3\u00a0\u00bb qui ajoute une valeur suppl\u00e9mentaire \u00e0 votre achat. Choisissez-nous et d\u00e9couvrez la qualit\u00e9 et la commodit\u00e9 que vous m\u00e9ritez, avec une livraison rapide et des paiements s\u00e9curis\u00e9s pour une exp\u00e9rience d\u2019achat sans souci.<\/p>\n","protected":false},"excerpt":{"rendered":"<p><strong><span style=\"color: #00a859;\">Genre :<\/span><\/strong> F\u00e9minis\u00e9es<\/p>\n<p><span style=\"color: #00a859;\"><strong>THC :<\/strong><\/span> <strong>15%<\/strong><\/p>\n<p><span style=\"color: #00a859;\"><strong>Type :<\/strong><\/span> 75% <strong>Indica<\/strong><\/p>\n<p><span style=\"color: #00a859;\"><strong>Croisement :<\/strong><\/span> Blue Medi Kush x Amnesiac x Sour<\/p>\n<p><span style=\"color: #00a859;\"><strong>Hauteur moyenne en int\u00e9rieur :<\/strong><\/span> 0.80-120 cm<\/p>\n<p><span style=\"color: #00a859;\"><strong>Hauteur moyenne en ext\u00e9rieur :<\/strong> <\/span> 1.20-1.50 cm<\/p>\n<p><span style=\"color: #00a859;\"><strong>Rendement moyen en int\u00e9rieur jusqu&rsquo;\u00e0 :<\/strong><\/span> 350-450 grammes\/m2<\/p>\n<p><strong><span style=\"color: #00a859;\">Rendement moyen en ext\u00e9rieur :<\/span><\/strong> par plante 350 grammes<\/p>\n<p><span style=\"color: #00a859;\"><strong>P\u00e9riode de floraison en int\u00e9rieur :<\/strong><\/span> 8 \u00e0 9 semaines<\/p>\n<p><span style=\"color: #50b848;\"><strong>P\u00e9riode de floraison en ext\u00e9rieur :<\/strong><\/span> septembre\/octobre<\/p>\n<p>&nbsp;<\/p>\n","protected":false},"featured_media":192352,"comment_status":"closed","ping_status":"closed","template":"","meta":[],"product_brand":[],"product_cat":[668,673,626,645,671,658,648,653,650,623,631,634,620,637],"product_tag":[],"class_list":{"0":"post-162709","1":"product","2":"type-product","3":"status-publish","4":"has-post-thumbnail","6":"product_cat-culture-scrog","7":"product_cat-graines-de-cannabis-haute-teneur-en-cbd","8":"product_cat-graines-de-cannabis-bon-marche","9":"product_cat-graines-de-cannabis-feminisees","10":"product_cat-graines-de-cannabis-kush","11":"product_cat-graines-de-cannabis-medicinales","12":"product_cat-graines-de-cannabis-pour-debutants","13":"product_cat-graines-de-cannabis-pour-exterieur","14":"product_cat-graines-de-cannabis-pour-interieur","15":"product_cat-graines-fso","16":"product_cat-rendement-eleve","17":"product_cat-thc-eleve","18":"product_cat-toutes-les-varietes","19":"product_cat-varietes-pour-debutants","21":"first","22":"instock","23":"taxable","24":"shipping-taxable","25":"purchasable","26":"product-type-simple"},"_links":{"self":[{"href":"https:\/\/freeseedsonline.com\/fr\/wp-json\/wp\/v2\/product\/162709","targetHints":{"allow":["GET"]}}],"collection":[{"href":"https:\/\/freeseedsonline.com\/fr\/wp-json\/wp\/v2\/product"}],"about":[{"href":"https:\/\/freeseedsonline.com\/fr\/wp-json\/wp\/v2\/types\/product"}],"replies":[{"embeddable":true,"href":"https:\/\/freeseedsonline.com\/fr\/wp-json\/wp\/v2\/comments?post=162709"}],"wp:featuredmedia":[{"embeddable":true,"href":"https:\/\/freeseedsonline.com\/fr\/wp-json\/wp\/v2\/media\/192352"}],"wp:attachment":[{"href":"https:\/\/freeseedsonline.com\/fr\/wp-json\/wp\/v2\/media?parent=162709"}],"wp:term":[{"taxonomy":"product_brand","embeddable":true,"href":"https:\/\/freeseedsonline.com\/fr\/wp-json\/wp\/v2\/product_brand?post=162709"},{"taxonomy":"product_cat","embeddable":true,"href":"https:\/\/freeseedsonline.com\/fr\/wp-json\/wp\/v2\/product_cat?post=162709"},{"taxonomy":"product_tag","embeddable":true,"href":"https:\/\/freeseedsonline.com\/fr\/wp-json\/wp\/v2\/product_tag?post=162709"}],"curies":[{"name":"wp","href":"https:\/\/api.w.org\/{rel}","templated":true}]}}