{"id":163399,"date":"2026-02-13T21:17:47","date_gmt":"2026-02-13T21:17:47","guid":{"rendered":"https:\/\/freeseedsonline.com\/?p=163399"},"modified":"2026-02-13T21:17:47","modified_gmt":"2026-02-13T21:17:47","slug":"semillas-de-amnesia-white-25-pack","status":"publish","type":"product","link":"https:\/\/freeseedsonline.com\/es\/productos\/semillas-de-amnesia-white-25-pack\/","title":{"rendered":"Semillas de Amnesia White 25 PACK"},"content":{"rendered":"<div class=\"wc-tab-inner wd-entry-content\">\n<h2>Amnesia White<\/h2>\n<p><em><strong>Semillas de marihuana Amnesia White<\/strong><\/em> tienen una larga e interesante historia. Son el resultado de a\u00f1os de cultivo y cruce de diferentes variedades de cannabis. El resultado es una variedad con un contenido de THC incre\u00edblemente alto, lo que la convierte en una de las cepas m\u00e1s potentes disponibles actualmente en el mercado.<\/p>\n<p><strong>Semillas de Amnesia White<\/strong> son perfectas para aquellos que desean cultivar sus propias plantas potentes. Son f\u00e1ciles de cultivar y producen cogollos de alta calidad. El contenido de THC en estas semillas es muy alto, lo que las hace ideales para quienes buscan sacar el m\u00e1ximo provecho de su experiencia con el cannabis.<\/p>\n<p>Si est\u00e1s buscando una variedad con un alto contenido de THC, entonces las semillas de Amnesia White son la elecci\u00f3n perfecta para ti. Estas semillas producir\u00e1n plantas incre\u00edblemente potentes que te proporcionar\u00e1n un coloc\u00f3n fuerte que no olvidar\u00e1s f\u00e1cilmente.<\/p>\n<p>&nbsp;<\/p>\n<h2><strong><em>Las caracter\u00edsticas de Amnesia White<\/em><\/strong><\/h2>\n<p>Las principales caracter\u00edsticas de Amnesia White son las siguientes:<\/p>\n<ul>\n<li>La planta tiene un per\u00edodo de cultivo largo y requiere m\u00e1s atenci\u00f3n que otras plantas.<\/li>\n<li>La planta ofrece un alto rendimiento.<\/li>\n<li>La variedad tiene un alto contenido de THC y un sabor intenso.<\/li>\n<li>El efecto de Amnesia White es muy potente.<\/li>\n<li>Puedes cultivar Amnesia White tanto en interiores como en exteriores.<\/li>\n<\/ul>\n<p>&nbsp;<\/p>\n<h5><strong><em>Comprar semillas de marihuana Amnesia White online<\/em><\/strong><\/h5>\n<p>Free Seeds Online tiene las mejores semillas de marihuana Amnesia White en su cat\u00e1logo. T\u00fa eliges el m\u00e9todo de pago seguro con el que deseas pagar las semillas y, tras realizar un pedido, recibir\u00e1s tus semillas de marihuana en 1 o 2 d\u00edas laborables. Siempre enviamos en sobres discretos, para que nadie pueda ver lo que has pedido. \u00bfQuieres saber m\u00e1s sobre nuestras <a href=\"https:\/\/freeseedsonline.com\/producten\/10-pack-amnesia-white-wietzaden\/\">semillas de marihuana Amnesia White<\/a>? Entonces, cont\u00e1ctanos por tel\u00e9fono o inicia un chat en vivo en nuestro sitio web para hacer tus preguntas.<\/p>\n<p>&nbsp;<\/p>\n<h3><strong><em>Semillas de marihuana Amnesia White: una breve introducci\u00f3n<\/em><\/strong><\/h3>\n<p>Las semillas de marihuana Amnesia White son m\u00e1s fuertes que muchas otras semillas de marihuana. Esta variedad es la nueva variante del <a href=\"https:\/\/freeseedsonline.com\/top-5-haze-soorten\/\" target=\"_blank\" rel=\"noopener noreferrer\">H\u00edbrido Haze<\/a> y es definitivamente una de las favoritas tanto de cultivadores principiantes como experimentados. Adem\u00e1s, la variedad tiene un alto contenido de THC y un sabor intenso. Debido al alto contenido de THC, esta variedad te coloca bastante y a muchas personas les gusta esto de la <a href=\"https:\/\/freeseedsonline.com\/amnesia-white-wietzaadjes\/\">Amnesia<\/a> White.<\/p>\n<p>&nbsp;<\/p>\n<h6><span style=\"font-size: 150%;\"><em><strong>\u00bfQu\u00e9 otras variedades de Haze existen?<\/strong><\/em><\/span><\/h6>\n<ul>\n<li><a href=\"https:\/\/freeseedsonline.com\/producten\/lemon-shining-silver-haze-wietzaden\/\">Semillas de marihuana Lemon Shining Silver Haze<\/a><\/li>\n<li><a href=\"https:\/\/freeseedsonline.com\/haze-wiet\/\">Semillas de marihuana Haze<\/a><\/li>\n<li><a href=\"https:\/\/freeseedsonline.com\/producten\/amnesia-haze-wietzaden\/\">Semillas de marihuana Amnesia Haze<\/a><\/li>\n<li><a href=\"https:\/\/freeseedsonline.com\/producten\/chocolate-haze-wietzaden\/\">Semillas de marihuana Chocolate Haze<\/a><\/li>\n<\/ul>\n<p>&nbsp;<\/p>\n<p><span style=\"font-size: 150%;\"><a class=\"wpil_keyword_link\" href=\"https:\/\/freeseedsonline.com\/amnesia-haze-wietzaden\/\" title=\"Amnesia haze\" data-wpil-keyword-link=\"linked\">Amnesia Haze<\/a> planta de marihuana<\/span><\/p>\n<p>La planta requiere m\u00e1s cuidados que muchas otras plantas, pero ofrece un buen rendimiento. Adem\u00e1s, la planta germina r\u00e1pidamente, lo que muchos cultivadores consideran una gran ventaja de Amnesia White. El per\u00edodo de cultivo es algo m\u00e1s largo y la planta necesita m\u00e1s atenci\u00f3n que otras, pero al final vale la pena. Con Amnesia White cultivas una variedad de marihuana popular y fuerte, que te coloca de manera notable.<\/p>\n<h3>\u00bfC\u00f3mo luce la marihuana Amnesia White?<\/h3>\n<p>Amnesia White es una planta hermosa que puede crecer muy alta. La planta tiene hojas largas y delgadas de color verde claro. Los cogollos de Amnesia White son grandes y densos, con una bonita capa de tricomas. El contenido de THC de Amnesia White es alto, lo que hace que la variedad sea muy potente.<\/p>\n<p>\u00bfCu\u00e1l es el cruce de Amnesia White?<\/p>\n<p>Amnesia White es un cruce entre el H\u00edbrido Haze y la <a href=\"https:\/\/freeseedsonline.com\/producten\/white-widow-wietzaden\/\">White Widow<\/a>. Esto hace que la variedad sea muy potente y le otorga un alto contenido de THC.<\/p>\n<p>\u00bfC\u00f3mo cultivo Amnesia White?<\/p>\n<p>Las semillas de marihuana Amnesia White se cultivan mejor en interiores, pero tambi\u00e9n en exteriores. La planta prefiere un clima c\u00e1lido y h\u00famedo y requiere mucha atenci\u00f3n. En <a href=\"https:\/\/freeseedsonline.com\/binnen-kweken\/\">cultivo de interior<\/a>, la planta puede alcanzar una altura m\u00e1xima de 1,40 metros. En exteriores, la planta puede llegar a medir hasta 2 metros de altura.<\/p>\n<p>[ux_products ids=&#8221;94478,31754,31761,31642,31543,31541,25198,22993,22923&#8243;]<\/p>\n<\/p><\/div>\n","protected":false},"excerpt":{"rendered":"<p><span style=\"color: #50b848;\"><strong>Cantidad:<\/strong><\/span> 25 semillas<span style=\"color: #ed1c24;\">(sin semillas gratis incluidas)<\/span><\/p>\n<p><strong><span style=\"color: #00a859;\">G\u00e9nero:<\/span><\/strong> Feminizadas<\/p>\n<p><span style=\"color: #00a859;\"><strong>THC:<\/strong><\/span> <strong>19%<\/strong><\/p>\n<p><span style=\"color: #00a859;\"><strong>Tipo:<\/strong><\/span> 85% <strong>Sativa<\/strong> 15% <strong>Indica<\/strong><\/p>\n<p><span style=\"color: #00a859;\"><strong>Cruce:<\/strong><\/span> Haze Hybrid x Whitewidow<\/p>\n<p><span style=\"color: #00a859;\"><strong>Altura promedio interior:<\/strong><\/span> 1.10-1.50 cm<\/p>\n<p><span style=\"color: #00a859;\"><strong>Altura promedio exterior:<\/strong> <\/span> 1.40-1.80 cm<\/p>\n<p><span style=\"color: #00a859;\"><strong>Rendimiento promedio interior hasta:<\/strong><\/span> 500 gramos\/m2<\/p>\n<p><strong><span style=\"color: #00a859;\">Rendimiento promedio exterior:<\/span><\/strong> 350 gramos por planta<\/p>\n<p><span style=\"color: #00a859;\"><strong>Per\u00edodo de floraci\u00f3n interior:<\/strong><\/span> 10 a 11 semanas<\/p>\n<p><span style=\"color: #50b848;\"><strong>Per\u00edodo de floraci\u00f3n exterior:<\/strong><\/span> septiembre\/octubre<\/p>\n","protected":false},"featured_media":192338,"comment_status":"closed","ping_status":"closed","template":"","meta":[],"product_brand":[],"product_cat":[774,779,895,793,766,815,770,795,808,802,800,762,757,783],"product_tag":[],"class_list":{"0":"post-163399","1":"product","2":"type-product","3":"status-publish","4":"has-post-thumbnail","6":"product_cat-alto-rendimiento","7":"product_cat-alto-thc","8":"product_cat-comprar-semillas-de-cannabis-a-granel","9":"product_cat-listo-para-cosechar-rapido","10":"product_cat-semillas-de-cannabis-baratas","11":"product_cat-semillas-de-cannabis-mas-vendidas","12":"product_cat-semillas-de-haze","13":"product_cat-semillas-de-marihuana-feminizadas","14":"product_cat-semillas-de-marihuana-medicinal","15":"product_cat-semillas-de-marihuana-para-exterior","16":"product_cat-semillas-de-marihuana-para-interior","17":"product_cat-semillas-fso","18":"product_cat-todas-las-variedades","19":"product_cat-variedades-para-principiantes","21":"first","22":"instock","23":"taxable","24":"shipping-taxable","25":"purchasable","26":"product-type-simple"},"_links":{"self":[{"href":"https:\/\/freeseedsonline.com\/es\/wp-json\/wp\/v2\/product\/163399","targetHints":{"allow":["GET"]}}],"collection":[{"href":"https:\/\/freeseedsonline.com\/es\/wp-json\/wp\/v2\/product"}],"about":[{"href":"https:\/\/freeseedsonline.com\/es\/wp-json\/wp\/v2\/types\/product"}],"replies":[{"embeddable":true,"href":"https:\/\/freeseedsonline.com\/es\/wp-json\/wp\/v2\/comments?post=163399"}],"wp:featuredmedia":[{"embeddable":true,"href":"https:\/\/freeseedsonline.com\/es\/wp-json\/wp\/v2\/media\/192338"}],"wp:attachment":[{"href":"https:\/\/freeseedsonline.com\/es\/wp-json\/wp\/v2\/media?parent=163399"}],"wp:term":[{"taxonomy":"product_brand","embeddable":true,"href":"https:\/\/freeseedsonline.com\/es\/wp-json\/wp\/v2\/product_brand?post=163399"},{"taxonomy":"product_cat","embeddable":true,"href":"https:\/\/freeseedsonline.com\/es\/wp-json\/wp\/v2\/product_cat?post=163399"},{"taxonomy":"product_tag","embeddable":true,"href":"https:\/\/freeseedsonline.com\/es\/wp-json\/wp\/v2\/product_tag?post=163399"}],"curies":[{"name":"wp","href":"https:\/\/api.w.org\/{rel}","templated":true}]}}