{"id":163348,"date":"2024-11-07T20:14:22","date_gmt":"2024-11-07T20:14:22","guid":{"rendered":"https:\/\/freeseedsonline.com\/?p=163348"},"modified":"2026-02-19T15:20:13","modified_gmt":"2026-02-19T14:20:13","slug":"elige-el-mix-12-euro-normalmente-5","status":"publish","type":"product","link":"https:\/\/freeseedsonline.com\/es\/productos\/elige-el-mix-12-euro-normalmente-5\/","title":{"rendered":"ELIGE EL MIX 12 EURO NORMALMENTE 5"},"content":{"rendered":"<h2>Pick the Mix Normal 5 Semillas<\/h2>\n<p>Siente la emoci\u00f3n de lo desconocido con este Pick the Mix! Son exactamente <strong>5 semillas de cannabis feminizadas normales<\/strong> (no autoflowers), que han ca\u00eddo junto a la m\u00e1quina o han sido empaquetadas incorrectamente. No revelamos nada sobre las variedades &#8211; eso es lo que lo hace tan emocionante.<\/p>\n<p>Honesto y simple: solo estas 5 semillas por una ganga. Ideal para experimentar sin da\u00f1ar tu cartera.<\/p>\n","protected":false},"excerpt":{"rendered":"<p>Pick the Mix Normal con exactamente 5 semillas de cannabis feminizadas, sin autoflowers. Estas semillas cayeron accidentalmente de la l\u00ednea de envasado, as\u00ed que qu\u00e9 variedades son sigue siendo un misterio. \u00a1Una divertida opci\u00f3n econ\u00f3mica para cultivadores aventureros!<\/p>\n","protected":false},"featured_media":165752,"comment_status":"open","ping_status":"closed","template":"","meta":[],"product_brand":[],"product_cat":[861,898,846,757],"product_tag":[],"class_list":{"0":"post-163348","1":"product","2":"type-product","3":"status-publish","4":"has-post-thumbnail","6":"product_cat-10-paquete","7":"product_cat-elige-la-mezcla","8":"product_cat-semillas-de-cannabis-en-oferta","9":"product_cat-todas-las-variedades","11":"first","12":"instock","13":"taxable","14":"shipping-taxable","15":"purchasable","16":"product-type-simple"},"_links":{"self":[{"href":"https:\/\/freeseedsonline.com\/es\/wp-json\/wp\/v2\/product\/163348","targetHints":{"allow":["GET"]}}],"collection":[{"href":"https:\/\/freeseedsonline.com\/es\/wp-json\/wp\/v2\/product"}],"about":[{"href":"https:\/\/freeseedsonline.com\/es\/wp-json\/wp\/v2\/types\/product"}],"replies":[{"embeddable":true,"href":"https:\/\/freeseedsonline.com\/es\/wp-json\/wp\/v2\/comments?post=163348"}],"wp:featuredmedia":[{"embeddable":true,"href":"https:\/\/freeseedsonline.com\/es\/wp-json\/wp\/v2\/media\/165752"}],"wp:attachment":[{"href":"https:\/\/freeseedsonline.com\/es\/wp-json\/wp\/v2\/media?parent=163348"}],"wp:term":[{"taxonomy":"product_brand","embeddable":true,"href":"https:\/\/freeseedsonline.com\/es\/wp-json\/wp\/v2\/product_brand?post=163348"},{"taxonomy":"product_cat","embeddable":true,"href":"https:\/\/freeseedsonline.com\/es\/wp-json\/wp\/v2\/product_cat?post=163348"},{"taxonomy":"product_tag","embeddable":true,"href":"https:\/\/freeseedsonline.com\/es\/wp-json\/wp\/v2\/product_tag?post=163348"}],"curies":[{"name":"wp","href":"https:\/\/api.w.org\/{rel}","templated":true}]}}